{"id":11363,"date":"2020-11-19T10:57:29","date_gmt":"2020-11-19T09:57:29","guid":{"rendered":"https:\/\/mimolive.com\/?page_id=11363"},"modified":"2023-01-04T15:55:19","modified_gmt":"2023-01-04T14:55:19","slug":"unterdrittel","status":"publish","type":"page","link":"https:\/\/mimolive.com\/de\/technology\/lower-thirds\/","title":{"rendered":"Untere Drittel"},"content":{"rendered":"<div data-elementor-type=\"wp-page\" data-elementor-id=\"11363\" class=\"elementor elementor-11363\" data-elementor-post-type=\"page\">\n\t\t\t\t<div class=\"elementor-element elementor-element-69c6c98 e-flex e-con-boxed e-con e-parent\" data-id=\"69c6c98\" data-element_type=\"container\" data-e-type=\"container\">\n\t\t\t\t\t<div class=\"e-con-inner\">\n\t\t<div class=\"elementor-element elementor-element-e9c4ca4 e-con-full e-flex e-con e-parent\" data-id=\"e9c4ca4\" data-element_type=\"container\" data-e-type=\"container\">\n\t\t\t\t<div class=\"elementor-element elementor-element-2ddee35 elementor-widget elementor-widget-image\" data-id=\"2ddee35\" data-element_type=\"widget\" data-e-type=\"widget\" data-widget_type=\"image.default\">\n\t\t\t\t<div class=\"elementor-widget-container\">\n\t\t\t\t\t\t\t\t\t\t\t\t<figure class=\"wp-caption\">\n\t\t\t\t\t\t\t\t\t\t<img fetchpriority=\"high\" decoding=\"async\" width=\"800\" height=\"480\" src=\"https:\/\/mimolive.com\/wp-content\/uploads\/2022\/02\/Screenshot-2022-02-16-at-16.54.51-1024x615.png\" class=\"attachment-large size-large wp-image-25244\" alt=\"unteres Drittel mit mimoLive\u00ae hergestellt\" srcset=\"https:\/\/mimolive.com\/wp-content\/uploads\/2022\/02\/Screenshot-2022-02-16-at-16.54.51-1024x615.png 1024w,  https:\/\/mimolive.com\/wp-content\/uploads\/2022\/02\/Screenshot-2022-02-16-at-16.54.51-300x180.png 300w,  https:\/\/mimolive.com\/wp-content\/uploads\/2022\/02\/Screenshot-2022-02-16-at-16.54.51-768x461.png 768w,  https:\/\/mimolive.com\/wp-content\/uploads\/2022\/02\/Screenshot-2022-02-16-at-16.54.51-1536x922.png 1536w,  https:\/\/mimolive.com\/wp-content\/uploads\/2022\/02\/Screenshot-2022-02-16-at-16.54.51-2048x1230.png 2048w\" sizes=\"(max-width: 800px) 100vw, 800px\" \/>\t\t\t\t\t\t\t\t\t\t\t<figcaption class=\"widget-image-caption wp-caption-text\">Lower Third erstellt mit mimoLive\u00ae f\u00fcr Mac\u00ae<\/figcaption>\n\t\t\t\t\t\t\t\t\t\t<\/figure>\n\t\t\t\t\t\t\t\t\t<\/div>\n\t\t\t\t<\/div>\n\t\t\t\t<\/div>\n\t\t\t\t\t<\/div>\n\t\t\t\t<\/div>\n\t\t<div class=\"elementor-element elementor-element-cfe10a2 e-flex e-con-boxed e-con e-parent\" data-id=\"cfe10a2\" data-element_type=\"container\" data-e-type=\"container\">\n\t\t\t\t\t<div class=\"e-con-inner\">\n\t\t\t\t<div class=\"elementor-element elementor-element-f1a7ebc elementor-widget elementor-widget-heading\" data-id=\"f1a7ebc\" data-element_type=\"widget\" data-e-type=\"widget\" data-widget_type=\"heading.default\">\n\t\t\t\t<div class=\"elementor-widget-container\">\n\t\t\t\t\t<h2 class=\"elementor-heading-title elementor-size-default\">Untere Drittel<\/h2>\t\t\t\t<\/div>\n\t\t\t\t<\/div>\n\t\t\t\t<div class=\"elementor-element elementor-element-769cee0 elementor-widget elementor-widget-text-editor\" data-id=\"769cee0\" data-element_type=\"widget\" data-e-type=\"widget\" data-widget_type=\"text-editor.default\">\n\t\t\t\t<div class=\"elementor-widget-container\">\n\t\t\t\t\t\t\t\t\t<p>Ein unteres Drittel ist ein grafisches Element, das im unteren Teil des Bildschirms w\u00e4hrend eines Video- oder Fernsehprogramms erscheint. Im unteren Drittel werden normalerweise Informationen \u00fcber die sprechende Person oder den auf dem Bildschirm gezeigten Inhalt angezeigt. Sie k\u00f6nnen den Namen und Titel des Sprechers, eine kurze Beschreibung des Gesprochenen oder andere relevante Informationen enthalten. Untere Drittel werden oft verwendet, um den Zuschauern zu helfen, den Inhalt eines Videos oder Programms zu verstehen und ihm zu folgen. Sie werden h\u00e4ufig in Nachrichten, Talkshows und anderen Sendungen verwendet, in denen es wichtig ist, Informationen \u00fcber die Personen und Themen zu liefern, die diskutiert werden.<\/p>\t\t\t\t\t\t\t\t<\/div>\n\t\t\t\t<\/div>\n\t\t\t\t\t<\/div>\n\t\t\t\t<\/div>\n\t\t<div class=\"elementor-element elementor-element-9d1cdf8 e-flex e-con-boxed e-con e-parent\" data-id=\"9d1cdf8\" data-element_type=\"container\" data-e-type=\"container\">\n\t\t\t\t\t<div class=\"e-con-inner\">\n\t\t<div class=\"elementor-element elementor-element-3276990 e-con-full e-flex e-con e-parent\" data-id=\"3276990\" data-element_type=\"container\" data-e-type=\"container\">\n\t\t\t\t<div class=\"elementor-element elementor-element-0be93d4 elementor-widget elementor-widget-heading\" data-id=\"0be93d4\" data-element_type=\"widget\" data-e-type=\"widget\" data-widget_type=\"heading.default\">\n\t\t\t\t<div class=\"elementor-widget-container\">\n\t\t\t\t\t<h3 class=\"elementor-heading-title elementor-size-default\">DEFINITION DES UNTEREN DRITTELS\n<\/h3>\t\t\t\t<\/div>\n\t\t\t\t<\/div>\n\t\t\t\t<div class=\"elementor-element elementor-element-a1799b3 elementor-grid-2 elementor-grid-tablet-2 elementor-grid-mobile-1 elementor-widget elementor-widget-uael-faq\" data-id=\"a1799b3\" data-element_type=\"widget\" data-e-type=\"widget\" data-widget_type=\"uael-faq.default\">\n\t\t\t\t<div class=\"elementor-widget-container\">\n\t\t\t\t\t\n\t\t\t<div id='uael-faq-wrapper-169' class=\"uael-faq-wrapper\">\n\t\t\t\t<div class=\"uael-faq-container uael-faq-layout-grid elementor-grid\" >\n\t\t\t\t\t\t\t\t\t\t\t\t<div id=\"uael-accordion-5f33626\" class=\"uael-faq-accordion elementor-grid-item\" role=\"tablist\">\n\t\t\t\t\t\t\t\t<div class= \"uael-accordion-title\" aria-expanded=\"false\" role=\"tab\">\n\t\t\t\t\t\t\t\t\t<span class=\"uael-accordion-icon uael-accordion-icon-\">\n\t\t\t\t\t\t\t\t\t\t<span class=\"uael-accordion-icon-closed\"><\/span>\n\t\t\t\t\t\t\t\t\t\t<span class=\"uael-accordion-icon-opened\"><\/span>\n\t\t\t\t\t\t\t\t\t<\/span>\n\t\t\t\t\t\t\t\t\t<h4 class=\"uael-question-5f33626 uael-question-span\" tabindex=\"0\" id=\"uael-faq-1-69ec20bab9c83\">Was ist ein Lower Third?<\/h4>\n\t\t\t\t\t\t\t\t<\/div>\n\t\t\t\t\t\t\t\t<div class=\"uael-accordion-content\" role=\"tabpanel\">\n\t\t\t\t\t\t\t\t\t<span>\n\t\t\t\t\t\t\t\t\t<span><p>In der\u00a0<a title=\"Fernsehen\" href=\"https:\/\/en.wikipedia.org\/wiki\/Television\" target=\"_blank\" rel=\"noopener\">Fernsehen<\/a>\u00a0Industrie, eine\u00a0<b>unteres Drittel<\/b>\u00a0ist ein grafisches Overlay, das in der\u00a0<a class=\"mw-redirect\" title=\"Titel sicher\" href=\"https:\/\/en.wikipedia.org\/wiki\/Title_safe\" target=\"_blank\" rel=\"noopener\">titelsicher<\/a>\u00a0unteren Bereich des\u00a0<a title=\"Anzeigeger\u00e4t\" href=\"https:\/\/en.wikipedia.org\/wiki\/Display_device\" target=\"_blank\" rel=\"noopener\">Bildschirm<\/a>Allerdings nicht unbedingt das gesamte untere Drittel, wie der Name vermuten l\u00e4sst.<sup id=\"cite_ref-Broad_1-0\" class=\"reference\"><\/sup><\/p><p>In seiner einfachsten Form kann ein unteres Drittel nur aus Text bestehen, der das Video \u00fcberlagert. H\u00e4ufig ist dieser Text wei\u00df mit einem\u00a0<a title=\"Schlagschatten\" href=\"https:\/\/en.wikipedia.org\/wiki\/Drop_shadow\" target=\"_blank\" rel=\"noopener\">Schlagschatten<\/a>\u00a0um die Lesbarkeit der W\u00f6rter zu verbessern. Ein unteres Drittel kann auch grafische Elemente wie K\u00e4sten, Bilder oder Schattierungen enthalten. Einige untere Drittel haben\u00a0<a title=\"Animation\" href=\"https:\/\/en.wikipedia.org\/wiki\/Animation\" target=\"_blank\" rel=\"noopener\">animierte<\/a>\u00a0Hintergr\u00fcnde und Text.<\/p><\/span>\t\t\t\t\t\t\t\t\t<\/span>\n\t\t\t\t\t\t\t\t<\/div>\n\t\t\t\t\t\t\t<\/div>\n\t\t\t\t\t\t\t\t\t\t\t<\/div>\n\t\t\t<\/div>\n\t\t\t\t\t\t\t<\/div>\n\t\t\t\t<\/div>\n\t\t\t\t<\/div>\n\t\t\t\t\t<\/div>\n\t\t\t\t<\/div>\n\t\t\t\t<\/div>","protected":false},"excerpt":{"rendered":"<p>Lower Third created with mimoLive\u00ae for Mac\u00ae Lower Thirds A lower third is a graphic element that appears in the lower portion of the screen during a video or television program. Lower thirds typically display information about the person speaking or the content being shown on screen. They can include the name and title of [&hellip;]<\/p>","protected":false},"author":1,"featured_media":0,"parent":11351,"menu_order":4,"comment_status":"closed","ping_status":"closed","template":"elementor_header_footer","meta":{"_acf_changed":false,"_angie_page":false,"_lmt_disableupdate":"","_lmt_disable":"","footnotes":""},"class_list":["post-11363","page","type-page","status-publish","hentry"],"acf":[],"_links":{"self":[{"href":"https:\/\/mimolive.com\/de\/wp-json\/wp\/v2\/pages\/11363","targetHints":{"allow":["GET"]}}],"collection":[{"href":"https:\/\/mimolive.com\/de\/wp-json\/wp\/v2\/pages"}],"about":[{"href":"https:\/\/mimolive.com\/de\/wp-json\/wp\/v2\/types\/page"}],"author":[{"embeddable":true,"href":"https:\/\/mimolive.com\/de\/wp-json\/wp\/v2\/users\/1"}],"replies":[{"embeddable":true,"href":"https:\/\/mimolive.com\/de\/wp-json\/wp\/v2\/comments?post=11363"}],"version-history":[{"count":0,"href":"https:\/\/mimolive.com\/de\/wp-json\/wp\/v2\/pages\/11363\/revisions"}],"up":[{"embeddable":true,"href":"https:\/\/mimolive.com\/de\/wp-json\/wp\/v2\/pages\/11351"}],"wp:attachment":[{"href":"https:\/\/mimolive.com\/de\/wp-json\/wp\/v2\/media?parent=11363"}],"curies":[{"name":"wp","href":"https:\/\/api.w.org\/{rel}","templated":true}]}}