{"id":12221,"date":"2020-12-02T15:38:24","date_gmt":"2020-12-02T14:38:24","guid":{"rendered":"https:\/\/mimolive.com\/?page_id=12221"},"modified":"2024-03-21T19:11:20","modified_gmt":"2024-03-21T18:11:20","slug":"streaming-von-konzerten-und-veranstaltungen-auf-der-buhne","status":"publish","type":"page","link":"https:\/\/mimolive.com\/de\/solutions\/stream-concerts-and-on-stage-events\/","title":{"rendered":"Streaming-Software f\u00fcr Konzerte und On Stage-Veranstaltungen"},"content":{"rendered":"<div data-elementor-type=\"wp-page\" data-elementor-id=\"12221\" class=\"elementor elementor-12221\" data-elementor-post-type=\"page\">\n\t\t\t\t<div class=\"elementor-element elementor-element-849343b no-lazy-load e-flex e-con-boxed e-con e-parent\" data-id=\"849343b\" data-element_type=\"container\" data-e-type=\"container\" data-settings=\"{&quot;background_background&quot;:&quot;video&quot;,&quot;background_video_link&quot;:&quot;https:\\\/\\\/mimolive.com\\\/wp-content\\\/uploads\\\/2021\\\/03\\\/klan-silent-background-mimolive.mp4&quot;,&quot;background_play_on_mobile&quot;:&quot;yes&quot;}\">\n\t\t\t\t\t<div class=\"e-con-inner\">\n\t\t<div class=\"elementor-background-video-container\">\n\t\t\t\t\t\t\t<video class=\"elementor-background-video-hosted\" role=\"presentation\" autoplay muted playsinline loop><\/video>\n\t\t\t\t\t<\/div>\t\t<div class=\"elementor-element elementor-element-f942ec5 elementor-align-center cta-free-trial elementor-widget-mobile__width-inherit elementor-widget elementor-widget-global elementor-global-27288 elementor-widget-button\" data-id=\"f942ec5\" data-element_type=\"widget\" data-e-type=\"widget\" data-widget_type=\"button.default\">\n\t\t\t\t<div class=\"elementor-widget-container\">\n\t\t\t\t\t\t\t\t\t<div class=\"elementor-button-wrapper\">\n\t\t\t\t\t<a class=\"elementor-button elementor-button-link elementor-size-md\" href=\"https:\/\/mimolive.com\/de\/herunterladen\/kostenloser-test\/\">\n\t\t\t\t\t\t<span class=\"elementor-button-content-wrapper\">\n\t\t\t\t\t\t\t\t\t<span class=\"elementor-button-text\">   Kostenlose Testversion starten<\/span>\n\t\t\t\t\t<\/span>\n\t\t\t\t\t<\/a>\n\t\t\t\t<\/div>\n\t\t\t\t\t\t\t\t<\/div>\n\t\t\t\t<\/div>\n\t\t\t\t\t<\/div>\n\t\t\t\t<\/div>\n\t\t<div class=\"elementor-element elementor-element-992ebae e-flex e-con-boxed e-con e-parent\" data-id=\"992ebae\" data-element_type=\"container\" data-e-type=\"container\">\n\t\t\t\t\t<div class=\"e-con-inner\">\n\t\t<div class=\"elementor-element elementor-element-b6c617a e-con-full e-flex e-con e-child\" data-id=\"b6c617a\" data-element_type=\"container\" data-e-type=\"container\">\n\t\t\t\t<div class=\"elementor-element elementor-element-870f475 elementor-widget elementor-widget-heading\" data-id=\"870f475\" data-element_type=\"widget\" data-e-type=\"widget\" data-widget_type=\"heading.default\">\n\t\t\t\t<div class=\"elementor-widget-container\">\n\t\t\t\t\t<h2 class=\"elementor-heading-title elementor-size-default\">Veranstaltungen und Konzerte einfach \u00fcbertragen<\/h2>\t\t\t\t<\/div>\n\t\t\t\t<\/div>\n\t\t\t\t<div class=\"elementor-element elementor-element-0205226 elementor-widget elementor-widget-text-editor\" data-id=\"0205226\" data-element_type=\"widget\" data-e-type=\"widget\" data-widget_type=\"text-editor.default\">\n\t\t\t\t<div class=\"elementor-widget-container\">\n\t\t\t\t\t\t\t\t\t<h4>Der perfekte Partner f\u00fcr jede Veranstaltung<\/h4><p>Willkommen bei der ultimativen Konzert-Streaming-L\u00f6sung - mimoLive\u00ae. Ob Musikkonzert, Stand-up-Comedy-Show, Unternehmensank\u00fcndigung oder Online-Produktvorstellung, mimoLive\u2122 ist der perfekte Broadcasting-Partner f\u00fcr jede Art von B\u00fchnenevent.<\/p><h4>Einfache Produktion von Live-Shows in TV-Qualit\u00e4t<\/h4><p><span style=\"font-family: -apple-system, BlinkMacSystemFont, 'Segoe UI', Roboto, 'Helvetica Neue', Arial, 'Noto Sans', sans-serif, 'Apple Color Emoji', 'Segoe UI Emoji', 'Segoe UI Symbol', 'Noto Color Emoji'; letter-spacing: 0px;\">Mit einer einfachen Einrichtung und einem kleinen Team k\u00f6nnen Sie problemlos Live-Sendungen in TV-Qualit\u00e4t produzieren, aufzeichnen und von \u00fcberall auf der Welt ausstrahlen. Und dank direkter Kodierung k\u00f6nnen Ihre Zuschauer von \u00fcberall auf der Welt ein au\u00dfergew\u00f6hnliches Seherlebnis genie\u00dfen.<\/span><\/p><h4>Professionelle TV-Standardqualit\u00e4t<\/h4><p>mimoLive\u2122 folgt den TV-Standards, was garantiert, dass Ihre Live-Konzert-Streams professionell und von h\u00f6chster Qualit\u00e4t sein werden. Schauen Sie sich unsere Kundenberichte an, um zu sehen, wie mimoLive\u2122 ihnen geholfen hat, erstaunliche Live-Videos f\u00fcr ihr Publikum zu produzieren.<\/p><h4>Broadcasting leicht gemacht - \u00fcberall und jederzeit<\/h4><p>Mit unserer benutzerfreundlichen Plattform k\u00f6nnen Sie visuell beeindruckende Live-Konzert-Streams erstellen und Ihre Zuschauer wie nie zuvor fesseln und ansprechen.<\/p><p>Ob Sie nun eine Sendung <a href=\"https:\/\/mimolive.com\/de\/livestreaming-von-entfernten-standorten\/\">Schlittenhunderennen aus Alaska<\/a> oder das Streaming eines Live-Konzerts f\u00fcr eine Newcomer-Band, mimoLive hat alles, was Sie brauchen.<\/p><p>\u00a0<\/p><p>Sind Sie bereit, mit Ihrer eigenen Live-Stream-Produktion zu beginnen? Sehen Sie sich unsere Tour hinter die Kulissen an und lesen Sie weitere Details \u00fcber unseren Produktionsprozess auf unserer <a href=\"https:\/\/mimolive.com\/de\/akademie\/live-stream-geschichten\/\">Blog<\/a>.<\/p><p><span style=\"font-family: -apple-system, BlinkMacSystemFont, 'Segoe UI', Roboto, 'Helvetica Neue', Arial, 'Noto Sans', sans-serif, 'Apple Color Emoji', 'Segoe UI Emoji', 'Segoe UI Symbol', 'Noto Color Emoji'; letter-spacing: 0px;\">\u00a0<\/span><\/p>\t\t\t\t\t\t\t\t<\/div>\n\t\t\t\t<\/div>\n\t\t\t\t<div class=\"elementor-element elementor-element-c13d401 elementor-icon-list--layout-traditional elementor-list-item-link-full_width elementor-widget elementor-widget-icon-list\" data-id=\"c13d401\" data-element_type=\"widget\" data-e-type=\"widget\" data-widget_type=\"icon-list.default\">\n\t\t\t\t<div class=\"elementor-widget-container\">\n\t\t\t\t\t\t\t<ul class=\"elementor-icon-list-items\">\n\t\t\t\t\t\t\t<li class=\"elementor-icon-list-item\">\n\t\t\t\t\t\t\t\t\t\t\t<span class=\"elementor-icon-list-icon\">\n\t\t\t\t\t\t\t<svg aria-hidden=\"true\" class=\"e-font-icon-svg e-fas-plus-circle\" viewbox=\"0 0 512 512\" xmlns=\"http:\/\/www.w3.org\/2000\/svg\"><path d=\"M256 8C119 8 8 119 8 256s111 248 248 248 248-111 248-248S393 8 256 8zm144 276c0 6.6-5.4 12-12 12h-92v92c0 6.6-5.4 12-12 12h-56c-6.6 0-12-5.4-12-12v-92h-92c-6.6 0-12-5.4-12-12v-56c0-6.6 5.4-12 12-12h92v-92c0-6.6 5.4-12 12-12h56c6.6 0 12 5.4 12 12v92h92c6.6 0 12 5.4 12 12v56z\"><\/path><\/svg>\t\t\t\t\t\t<\/span>\n\t\t\t\t\t\t\t\t\t\t<span class=\"elementor-icon-list-text\">On Stage Veranstaltungen<\/span>\n\t\t\t\t\t\t\t\t\t<\/li>\n\t\t\t\t\t\t\t\t<li class=\"elementor-icon-list-item\">\n\t\t\t\t\t\t\t\t\t\t\t<span class=\"elementor-icon-list-icon\">\n\t\t\t\t\t\t\t<svg aria-hidden=\"true\" class=\"e-font-icon-svg e-fas-plus-circle\" viewbox=\"0 0 512 512\" xmlns=\"http:\/\/www.w3.org\/2000\/svg\"><path d=\"M256 8C119 8 8 119 8 256s111 248 248 248 248-111 248-248S393 8 256 8zm144 276c0 6.6-5.4 12-12 12h-92v92c0 6.6-5.4 12-12 12h-56c-6.6 0-12-5.4-12-12v-92h-92c-6.6 0-12-5.4-12-12v-56c0-6.6 5.4-12 12-12h92v-92c0-6.6 5.4-12 12-12h56c6.6 0 12 5.4 12 12v92h92c6.6 0 12 5.4 12 12v56z\"><\/path><\/svg>\t\t\t\t\t\t<\/span>\n\t\t\t\t\t\t\t\t\t\t<span class=\"elementor-icon-list-text\">Musik, Konzerte, Stand-up-Comedy <\/span>\n\t\t\t\t\t\t\t\t\t<\/li>\n\t\t\t\t\t\t\t\t<li class=\"elementor-icon-list-item\">\n\t\t\t\t\t\t\t\t\t\t\t<span class=\"elementor-icon-list-icon\">\n\t\t\t\t\t\t\t<svg aria-hidden=\"true\" class=\"e-font-icon-svg e-fas-plus-circle\" viewbox=\"0 0 512 512\" xmlns=\"http:\/\/www.w3.org\/2000\/svg\"><path d=\"M256 8C119 8 8 119 8 256s111 248 248 248 248-111 248-248S393 8 256 8zm144 276c0 6.6-5.4 12-12 12h-92v92c0 6.6-5.4 12-12 12h-56c-6.6 0-12-5.4-12-12v-92h-92c-6.6 0-12-5.4-12-12v-56c0-6.6 5.4-12 12-12h92v-92c0-6.6 5.4-12 12-12h56c6.6 0 12 5.4 12 12v92h92c6.6 0 12 5.4 12 12v56z\"><\/path><\/svg>\t\t\t\t\t\t<\/span>\n\t\t\t\t\t\t\t\t\t\t<span class=\"elementor-icon-list-text\">Ank\u00fcndigungen des Unternehmens<\/span>\n\t\t\t\t\t\t\t\t\t<\/li>\n\t\t\t\t\t\t\t\t<li class=\"elementor-icon-list-item\">\n\t\t\t\t\t\t\t\t\t\t\t<span class=\"elementor-icon-list-icon\">\n\t\t\t\t\t\t\t<svg aria-hidden=\"true\" class=\"e-font-icon-svg e-fas-plus-circle\" viewbox=\"0 0 512 512\" xmlns=\"http:\/\/www.w3.org\/2000\/svg\"><path d=\"M256 8C119 8 8 119 8 256s111 248 248 248 248-111 248-248S393 8 256 8zm144 276c0 6.6-5.4 12-12 12h-92v92c0 6.6-5.4 12-12 12h-56c-6.6 0-12-5.4-12-12v-92h-92c-6.6 0-12-5.4-12-12v-56c0-6.6 5.4-12 12-12h92v-92c0-6.6 5.4-12 12-12h56c6.6 0 12 5.4 12 12v92h92c6.6 0 12 5.4 12 12v56z\"><\/path><\/svg>\t\t\t\t\t\t<\/span>\n\t\t\t\t\t\t\t\t\t\t<span class=\"elementor-icon-list-text\">Online Produkteinf\u00fchrungen<\/span>\n\t\t\t\t\t\t\t\t\t<\/li>\n\t\t\t\t\t\t\t\t<li class=\"elementor-icon-list-item\">\n\t\t\t\t\t\t\t\t\t\t\t<span class=\"elementor-icon-list-icon\">\n\t\t\t\t\t\t\t<svg aria-hidden=\"true\" class=\"e-font-icon-svg e-fas-plus-circle\" viewbox=\"0 0 512 512\" xmlns=\"http:\/\/www.w3.org\/2000\/svg\"><path d=\"M256 8C119 8 8 119 8 256s111 248 248 248 248-111 248-248S393 8 256 8zm144 276c0 6.6-5.4 12-12 12h-92v92c0 6.6-5.4 12-12 12h-56c-6.6 0-12-5.4-12-12v-92h-92c-6.6 0-12-5.4-12-12v-56c0-6.6 5.4-12 12-12h92v-92c0-6.6 5.4-12 12-12h56c6.6 0 12 5.4 12 12v92h92c6.6 0 12 5.4 12 12v56z\"><\/path><\/svg>\t\t\t\t\t\t<\/span>\n\t\t\t\t\t\t\t\t\t\t<span class=\"elementor-icon-list-text\">TV-Standards folgen<\/span>\n\t\t\t\t\t\t\t\t\t<\/li>\n\t\t\t\t\t\t<\/ul>\n\t\t\t\t\t\t<\/div>\n\t\t\t\t<\/div>\n\t\t\t\t<div class=\"elementor-element elementor-element-06bbf9f elementor-widget elementor-widget-heading\" data-id=\"06bbf9f\" data-element_type=\"widget\" data-e-type=\"widget\" data-widget_type=\"heading.default\">\n\t\t\t\t<div class=\"elementor-widget-container\">\n\t\t\t\t\t<h3 class=\"elementor-heading-title elementor-size-default\">Geschichten von unseren Kunden\n\n<\/h3>\t\t\t\t<\/div>\n\t\t\t\t<\/div>\n\t\t\t\t<div class=\"elementor-element elementor-element-0d9a7fe elementor-widget elementor-widget-text-editor\" data-id=\"0d9a7fe\" data-element_type=\"widget\" data-e-type=\"widget\" data-widget_type=\"text-editor.default\">\n\t\t\t\t<div class=\"elementor-widget-container\">\n\t\t\t\t\t\t\t\t\t<ul><li><a href=\"https:\/\/mimolive.com\/de\/live-streaming-a-concert-with-mimolive\/\">Wie kann man ein Konzert live \u00fcbertragen?<\/a><\/li><li><a href=\"https:\/\/mimolive.com\/de\/livestreaming-von-entfernten-standorten\/\">\u00dcbertragung eines Schlittenhunderennens im Winter aus Alaska, US<\/a><\/li><\/ul>\t\t\t\t\t\t\t\t<\/div>\n\t\t\t\t<\/div>\n\t\t\t\t<\/div>\n\t\t\t\t\t<\/div>\n\t\t\t\t<\/div>\n\t\t<div class=\"elementor-element elementor-element-80bad6a e-flex e-con-boxed e-con e-parent\" data-id=\"80bad6a\" data-element_type=\"container\" data-e-type=\"container\">\n\t\t\t\t\t<div class=\"e-con-inner\">\n\t\t<div class=\"elementor-element elementor-element-d9d1a5c e-con-full e-flex e-con e-child\" data-id=\"d9d1a5c\" data-element_type=\"container\" data-e-type=\"container\">\n\t\t\t\t<div class=\"elementor-element elementor-element-b764dbd elementor-widget elementor-widget-heading\" data-id=\"b764dbd\" data-element_type=\"widget\" data-e-type=\"widget\" data-widget_type=\"heading.default\">\n\t\t\t\t<div class=\"elementor-widget-container\">\n\t\t\t\t\t<h3 class=\"elementor-heading-title elementor-size-default\">Blick hinter die Kulissen einer Live-Stream-Produktion<\/h3>\t\t\t\t<\/div>\n\t\t\t\t<\/div>\n\t\t\t\t<div class=\"elementor-element elementor-element-dd0f7b6 elementor-widget elementor-widget-text-editor\" data-id=\"dd0f7b6\" data-element_type=\"widget\" data-e-type=\"widget\" data-widget_type=\"text-editor.default\">\n\t\t\t\t<div class=\"elementor-widget-container\">\n\t\t\t\t\t\t\t\t\t<p>Ben Hammer, vom K\u00f6lner K\u00fcnstlerkollektiv Chips &amp; Champagner, hat sich mit unserem\u00a0<span style=\"color: var( --e-global-color-text ); letter-spacing: 0px; background-color: var( --e-global-color-87ac5fd );\">Leiter Marketing, Steffen Skopp,<\/span><span style=\"color: var( --e-global-color-text ); letter-spacing: 0px; background-color: var( --e-global-color-87ac5fd );\">\u00a0<\/span><span style=\"color: var( --e-global-color-text ); letter-spacing: 0px; background-color: var( --e-global-color-87ac5fd );\">einen Live-Stream f\u00fcr eine deutsche Musikband zu erstellen\u00a0<\/span><a style=\"letter-spacing: normal;\" href=\"https:\/\/klanmusik.de\/\" target=\"_blank\" rel=\"noopener\">KLAN<\/a><span style=\"background-color: var( --e-global-color-87ac5fd ); color: var( --e-global-color-text ); letter-spacing: 0px;\">. Die Idee war, einen professionellen Live-Konzert-Stream w\u00e4hrend eines kleinen Konzerts in einem Club zu erstellen. <\/span><span style=\"background-color: var( --e-global-color-87ac5fd ); color: var( --e-global-color-text ); letter-spacing: 0px;\">Das Konzert sollte w\u00e4hrend der K\u00f6lner Messe stattfinden. <a href=\"https:\/\/c-o-pop.de\/festival\/\" target=\"_blank\" rel=\"noopener\">Co\/Pop-Festival<\/a>.<\/span><\/p><p>Sehen Sie sich unsere Tour hinter die Kulissen einer Livestream-Produktion an und lesen Sie weitere Details \u00fcber die Produktion in Ihrem Blog.\u00a0<\/p><p>Wenn Sie ein KLAN FAN sind - sehen Sie sich bitte den gesamten\u00a0<a href=\"https:\/\/youtu.be\/BxHihYTyLoM?t=1010\" target=\"_blank\" rel=\"noopener\">Live-Stream auf der Youtube-Seite von KLAN<\/a>.<\/p>\t\t\t\t\t\t\t\t<\/div>\n\t\t\t\t<\/div>\n\t\t\t\t<div class=\"elementor-element elementor-element-258e629 elementor-widget elementor-widget-image\" data-id=\"258e629\" data-element_type=\"widget\" data-e-type=\"widget\" data-widget_type=\"image.default\">\n\t\t\t\t<div class=\"elementor-widget-container\">\n\t\t\t\t\t\t\t\t\t\t\t\t\t\t\t\t<a href=\"https:\/\/mimolive.com\/de\/live-streaming-a-concert-with-mimolive\/\">\n\t\t\t\t\t\t\t<img fetchpriority=\"high\" decoding=\"async\" width=\"768\" height=\"433\" src=\"https:\/\/mimolive.com\/wp-content\/uploads\/2021\/07\/luis-morera-stage-768x433.jpg\" class=\"attachment-medium_large size-medium_large wp-image-22793\" alt=\"Kameramann Studio\" srcset=\"https:\/\/mimolive.com\/wp-content\/uploads\/2021\/07\/luis-morera-stage-768x433.jpg 768w,  https:\/\/mimolive.com\/wp-content\/uploads\/2021\/07\/luis-morera-stage-300x169.jpg 300w,  https:\/\/mimolive.com\/wp-content\/uploads\/2021\/07\/luis-morera-stage-1024x577.jpg 1024w,  https:\/\/mimolive.com\/wp-content\/uploads\/2021\/07\/luis-morera-stage-1536x866.jpg 1536w,  https:\/\/mimolive.com\/wp-content\/uploads\/2021\/07\/luis-morera-stage.jpg 1600w\" sizes=\"(max-width: 768px) 100vw, 768px\" \/>\t\t\t\t\t\t\t\t<\/a>\n\t\t\t\t\t\t\t\t\t\t\t\t\t\t\t<\/div>\n\t\t\t\t<\/div>\n\t\t\t\t<\/div>\n\t\t\t\t\t<\/div>\n\t\t\t\t<\/div>\n\t\t<div class=\"elementor-element elementor-element-b018009 e-flex e-con-boxed e-con e-parent\" data-id=\"b018009\" data-element_type=\"container\" data-e-type=\"container\">\n\t\t\t\t\t<div class=\"e-con-inner\">\n\t\t<div class=\"elementor-element elementor-element-d620408 e-con-full e-flex e-con e-child\" data-id=\"d620408\" data-element_type=\"container\" data-e-type=\"container\">\n\t\t\t\t<div class=\"elementor-element elementor-element-ab26399 elementor-widget elementor-widget-heading\" data-id=\"ab26399\" data-element_type=\"widget\" data-e-type=\"widget\" data-widget_type=\"heading.default\">\n\t\t\t\t<div class=\"elementor-widget-container\">\n\t\t\t\t\t<h3 class=\"elementor-heading-title elementor-size-default\">Beispiel einer Ausr\u00fcstungsliste f\u00fcr eine Live-Produktion:<\/h3>\t\t\t\t<\/div>\n\t\t\t\t<\/div>\n\t\t\t\t<div class=\"elementor-element elementor-element-cc10cf6 elementor-widget elementor-widget-text-editor\" data-id=\"cc10cf6\" data-element_type=\"widget\" data-e-type=\"widget\" data-widget_type=\"text-editor.default\">\n\t\t\t\t<div class=\"elementor-widget-container\">\n\t\t\t\t\t\t\t\t\t<ul style=\"list-style-type: circle;\">\n \t<li>Apple iMac Pro 10 Kerne, 3 GHz, 64 GB RAM, Radeon Pro Vega 64<\/li>\n \t<li>mimoLive\u2122, YouTube Live, Facebook Live<\/li>\n \t<li>Apple iPad als Fernsteuerung f\u00fcr mimoLive<\/li>\n \t<li>Blackmagic Design DeckLink Duo 2 SDI-Karte<\/li>\n \t<li>Sonnet Echo Express SE1 TB3 PCIe Erweiterungsbox<\/li>\n \t<li>2x Apple iPhone 8+ mimoCall\u2122 \u00fcber WiFi<\/li>\n \t<li>2x Lumens VC-A50PN NDI-Kamera (PTZ-Kameras auf der B\u00fchne)<\/li>\n \t<li>2x Sony PXW-X70 Kamera (Schulterkameras vor der B\u00fchne)<\/li>\n \t<li>TeraDek Bolt Pro500 - SDI-Funksender<\/li>\n \t<li>Blackmagic Micro Studio Kamera (Hauptaufnahme von hinten)<\/li>\n \t<li><span style=\"color: var( --e-global-color-text );\">Zoom H5 Rekorder<\/span><\/li>\n \t<li>Ubiquiti Networks 8-Port UniFi Switch<\/li>\n \t<li>FRITZ!Box 7530 ac WiFi-Router<\/li>\n<\/ul>\t\t\t\t\t\t\t\t<\/div>\n\t\t\t\t<\/div>\n\t\t\t\t<\/div>\n\t\t<div class=\"elementor-element elementor-element-0e6e4ad e-con-full e-flex e-con e-child\" data-id=\"0e6e4ad\" data-element_type=\"container\" data-e-type=\"container\">\n\t\t\t\t<div class=\"elementor-element elementor-element-0dfcc99 elementor-widget elementor-widget-image\" data-id=\"0dfcc99\" data-element_type=\"widget\" data-e-type=\"widget\" data-widget_type=\"image.default\">\n\t\t\t\t<div class=\"elementor-widget-container\">\n\t\t\t\t\t\t\t\t\t\t\t\t\t\t\t<img decoding=\"async\" width=\"768\" height=\"432\" src=\"https:\/\/mimolive.com\/wp-content\/uploads\/2021\/01\/music-klan-4-768x432.jpg\" class=\"attachment-medium_large size-medium_large wp-image-14809\" alt=\"\" srcset=\"https:\/\/mimolive.com\/wp-content\/uploads\/2021\/01\/music-klan-4-768x432.jpg 768w,  https:\/\/mimolive.com\/wp-content\/uploads\/2021\/01\/music-klan-4-300x169.jpg 300w,  https:\/\/mimolive.com\/wp-content\/uploads\/2021\/01\/music-klan-4-1024x576.jpg 1024w,  https:\/\/mimolive.com\/wp-content\/uploads\/2021\/01\/music-klan-4.jpg 1200w\" sizes=\"(max-width: 768px) 100vw, 768px\">\t\t\t\t\t\t\t\t\t\t\t\t\t\t\t<\/div>\n\t\t\t\t<\/div>\n\t\t\t\t<div class=\"elementor-element elementor-element-601a18c elementor-widget elementor-widget-image\" data-id=\"601a18c\" data-element_type=\"widget\" data-e-type=\"widget\" data-widget_type=\"image.default\">\n\t\t\t\t<div class=\"elementor-widget-container\">\n\t\t\t\t\t\t\t\t\t\t\t\t\t\t\t<img decoding=\"async\" width=\"768\" height=\"432\" src=\"https:\/\/mimolive.com\/wp-content\/uploads\/2021\/01\/music-klan-768x432.jpg\" class=\"attachment-medium_large size-medium_large wp-image-14812\" alt=\"\" srcset=\"https:\/\/mimolive.com\/wp-content\/uploads\/2021\/01\/music-klan-768x432.jpg 768w,  https:\/\/mimolive.com\/wp-content\/uploads\/2021\/01\/music-klan-300x169.jpg 300w,  https:\/\/mimolive.com\/wp-content\/uploads\/2021\/01\/music-klan-1024x576.jpg 1024w,  https:\/\/mimolive.com\/wp-content\/uploads\/2021\/01\/music-klan.jpg 1200w\" sizes=\"(max-width: 768px) 100vw, 768px\">\t\t\t\t\t\t\t\t\t\t\t\t\t\t\t<\/div>\n\t\t\t\t<\/div>\n\t\t\t\t<\/div>\n\t\t\t\t\t<\/div>\n\t\t\t\t<\/div>\n\t\t<div class=\"elementor-element elementor-element-359aa99 e-flex e-con-boxed e-con e-parent\" data-id=\"359aa99\" data-element_type=\"container\" data-e-type=\"container\">\n\t\t\t\t\t<div class=\"e-con-inner\">\n\t\t<div class=\"elementor-element elementor-element-f175efd e-con-full e-flex e-con e-child\" data-id=\"f175efd\" data-element_type=\"container\" data-e-type=\"container\">\n\t\t\t\t<div class=\"elementor-element elementor-element-8c7bd76 elementor-widget elementor-widget-image\" data-id=\"8c7bd76\" data-element_type=\"widget\" data-e-type=\"widget\" data-widget_type=\"image.default\">\n\t\t\t\t<div class=\"elementor-widget-container\">\n\t\t\t\t\t\t\t\t\t\t\t\t\t\t\t<img loading=\"lazy\" decoding=\"async\" width=\"768\" height=\"432\" src=\"https:\/\/mimolive.com\/wp-content\/uploads\/2021\/01\/music-klan-3-768x432.jpg\" class=\"attachment-medium_large size-medium_large wp-image-14810\" alt=\"Streaming von Konzerten und Veranstaltungen auf der B\u00fchne\" srcset=\"https:\/\/mimolive.com\/wp-content\/uploads\/2021\/01\/music-klan-3-768x432.jpg 768w,  https:\/\/mimolive.com\/wp-content\/uploads\/2021\/01\/music-klan-3-300x169.jpg 300w,  https:\/\/mimolive.com\/wp-content\/uploads\/2021\/01\/music-klan-3-1024x576.jpg 1024w,  https:\/\/mimolive.com\/wp-content\/uploads\/2021\/01\/music-klan-3.jpg 1200w\" sizes=\"(max-width: 768px) 100vw, 768px\" \/>\t\t\t\t\t\t\t\t\t\t\t\t\t\t\t<\/div>\n\t\t\t\t<\/div>\n\t\t\t\t<div class=\"elementor-element elementor-element-043f527 elementor-widget elementor-widget-image\" data-id=\"043f527\" data-element_type=\"widget\" data-e-type=\"widget\" data-widget_type=\"image.default\">\n\t\t\t\t<div class=\"elementor-widget-container\">\n\t\t\t\t\t\t\t\t\t\t\t\t\t\t\t<img loading=\"lazy\" decoding=\"async\" width=\"768\" height=\"281\" src=\"https:\/\/mimolive.com\/wp-content\/uploads\/2020\/10\/in-out.svg\" class=\"attachment-medium_large size-medium_large wp-image-256\" alt=\"\">\t\t\t\t\t\t\t\t\t\t\t\t\t\t\t<\/div>\n\t\t\t\t<\/div>\n\t\t\t\t<\/div>\n\t\t<div class=\"elementor-element elementor-element-cbcd841 e-con-full e-flex e-con e-child\" data-id=\"cbcd841\" data-element_type=\"container\" data-e-type=\"container\">\n\t\t\t\t<div class=\"elementor-element elementor-element-f35e942 elementor-widget elementor-widget-heading\" data-id=\"f35e942\" data-element_type=\"widget\" data-e-type=\"widget\" data-widget_type=\"heading.default\">\n\t\t\t\t<div class=\"elementor-widget-container\">\n\t\t\t\t\t<h3 class=\"elementor-heading-title elementor-size-default\">mimoLive - f\u00fcr das Streaming von Konzerten und Veranstaltungen auf der B\u00fchne<\/h3>\t\t\t\t<\/div>\n\t\t\t\t<\/div>\n\t\t\t\t<div class=\"elementor-element elementor-element-9433486 elementor-widget elementor-widget-text-editor\" data-id=\"9433486\" data-element_type=\"widget\" data-e-type=\"widget\" data-widget_type=\"text-editor.default\">\n\t\t\t\t<div class=\"elementor-widget-container\">\n\t\t\t\t\t\t\t\t\t<p><span style=\"color: var( --e-global-color-text ); letter-spacing: 0px; background-color: var( --e-global-color-87ac5fd );\">Wir bef\u00e4higen Videoproduzenten, umfassende Live-Shows mit kleinen Teams zu steuern.<\/span><span style=\"color: var( --e-global-color-text ); letter-spacing: 0px; background-color: var( --e-global-color-87ac5fd );\">\u00a0<\/span><\/p><p>mimoLive verwendet mehrere Voreinstellungen f\u00fcr die wichtigsten Streaming-Plattformen, um Ihnen die Arbeit zu erleichtern und Ihren Workflow so einfach wie m\u00f6glich zu gestalten.<\/p>\t\t\t\t\t\t\t\t<\/div>\n\t\t\t\t<\/div>\n\t\t\t\t<\/div>\n\t\t<div class=\"elementor-element elementor-element-896d0b6 e-con-full e-flex e-con e-child\" data-id=\"896d0b6\" data-element_type=\"container\" data-e-type=\"container\">\n\t\t\t\t<div class=\"elementor-element elementor-element-bd6cd07 elementor-widget elementor-widget-heading\" data-id=\"bd6cd07\" data-element_type=\"widget\" data-e-type=\"widget\" data-widget_type=\"heading.default\">\n\t\t\t\t<div class=\"elementor-widget-container\">\n\t\t\t\t\t<h2 class=\"elementor-heading-title elementor-size-default\">Revolutionieren Sie Ihre Konzert- und Veranstaltungs\u00fcbertragungen mit mimoLive\u00ae<\/h2>\t\t\t\t<\/div>\n\t\t\t\t<\/div>\n\t\t\t\t<\/div>\n\t\t\t\t\t<\/div>\n\t\t\t\t<\/div>\n\t\t\t\t<\/div>","protected":false},"excerpt":{"rendered":"<p>Start Free Trial Broadcast events and concerts easily The Perfect Partner for Any Event Welcome to the ultimate concert streaming solution &#8211; mimoLive\u00ae. Whether it&#8217;s a music concert, stand-up comedy show, company announcement, or online product launch, mimoLive\u2122 is the perfect broadcasting partner for any kind of on-stage event. Easy Production of TV-Quality Live Shows [&hellip;]<\/p>","protected":false},"author":1,"featured_media":15611,"parent":11260,"menu_order":2,"comment_status":"closed","ping_status":"closed","template":"","meta":{"_acf_changed":false,"_angie_page":false,"_lmt_disableupdate":"","_lmt_disable":"","footnotes":""},"class_list":["post-12221","page","type-page","status-publish","has-post-thumbnail","hentry"],"acf":[],"_links":{"self":[{"href":"https:\/\/mimolive.com\/de\/wp-json\/wp\/v2\/pages\/12221","targetHints":{"allow":["GET"]}}],"collection":[{"href":"https:\/\/mimolive.com\/de\/wp-json\/wp\/v2\/pages"}],"about":[{"href":"https:\/\/mimolive.com\/de\/wp-json\/wp\/v2\/types\/page"}],"author":[{"embeddable":true,"href":"https:\/\/mimolive.com\/de\/wp-json\/wp\/v2\/users\/1"}],"replies":[{"embeddable":true,"href":"https:\/\/mimolive.com\/de\/wp-json\/wp\/v2\/comments?post=12221"}],"version-history":[{"count":5,"href":"https:\/\/mimolive.com\/de\/wp-json\/wp\/v2\/pages\/12221\/revisions"}],"predecessor-version":[{"id":37396,"href":"https:\/\/mimolive.com\/de\/wp-json\/wp\/v2\/pages\/12221\/revisions\/37396"}],"up":[{"embeddable":true,"href":"https:\/\/mimolive.com\/de\/wp-json\/wp\/v2\/pages\/11260"}],"wp:featuredmedia":[{"embeddable":true,"href":"https:\/\/mimolive.com\/de\/wp-json\/wp\/v2\/media\/15611"}],"wp:attachment":[{"href":"https:\/\/mimolive.com\/de\/wp-json\/wp\/v2\/media?parent=12221"}],"curies":[{"name":"wp","href":"https:\/\/api.w.org\/{rel}","templated":true}]}}