{"id":12261,"date":"2020-12-02T15:57:16","date_gmt":"2020-12-02T14:57:16","guid":{"rendered":"https:\/\/mimolive.com\/?page_id=12261"},"modified":"2023-04-26T13:50:36","modified_gmt":"2023-04-26T11:50:36","slug":"live-streaming","status":"publish","type":"page","link":"https:\/\/mimolive.com\/de\/solutions\/live-streaming\/","title":{"rendered":"Vlogging"},"content":{"rendered":"<div data-elementor-type=\"wp-page\" data-elementor-id=\"12261\" class=\"elementor elementor-12261\" data-elementor-post-type=\"page\">\n\t\t\t\t<div class=\"elementor-element elementor-element-f9570bf no-lazy-load e-flex e-con-boxed e-con e-parent\" data-id=\"f9570bf\" data-element_type=\"container\" data-e-type=\"container\" data-settings=\"{&quot;background_background&quot;:&quot;video&quot;,&quot;background_video_link&quot;:&quot;https:\\\/\\\/mimolive.com\\\/wp-content\\\/uploads\\\/2022\\\/07\\\/tal-720p-low_silent.mp4&quot;,&quot;background_play_on_mobile&quot;:&quot;yes&quot;}\">\n\t\t\t\t\t<div class=\"e-con-inner\">\n\t\t<div class=\"elementor-background-video-container\">\n\t\t\t\t\t\t\t<video class=\"elementor-background-video-hosted\" role=\"presentation\" autoplay muted playsinline loop><\/video>\n\t\t\t\t\t<\/div><div class=\"elementor-element elementor-element-58737b5 e-con-full e-flex e-con e-parent\" data-id=\"58737b5\" data-element_type=\"container\" data-e-type=\"container\">\n\t\t\t\t<div class=\"elementor-element elementor-element-828dd84 elementor-widget elementor-widget-heading\" data-id=\"828dd84\" data-element_type=\"widget\" data-e-type=\"widget\" data-widget_type=\"heading.default\">\n\t\t\t\t<div class=\"elementor-widget-container\">\n\t\t\t\t\t<h1 class=\"elementor-heading-title elementor-size-default\">Einen LIVE YouTube-Kanal betreiben<\/h1>\t\t\t\t<\/div>\n\t\t\t\t<\/div>\n\t\t\t\t<div class=\"elementor-element elementor-element-9ee48e8 elementor-align-center cta-free-trial elementor-widget-mobile__width-inherit elementor-widget elementor-widget-global elementor-global-27288 elementor-widget-button\" data-id=\"9ee48e8\" data-element_type=\"widget\" data-e-type=\"widget\" data-widget_type=\"button.default\">\n\t\t\t\t<div class=\"elementor-widget-container\">\n\t\t\t\t\t\t\t\t\t<div class=\"elementor-button-wrapper\">\n\t\t\t\t\t<a class=\"elementor-button elementor-button-link elementor-size-md\" href=\"https:\/\/mimolive.com\/de\/herunterladen\/kostenloser-test\/\">\n\t\t\t\t\t\t<span class=\"elementor-button-content-wrapper\">\n\t\t\t\t\t\t\t\t\t<span class=\"elementor-button-text\">   Kostenlose Testversion starten<\/span>\n\t\t\t\t\t<\/span>\n\t\t\t\t\t<\/a>\n\t\t\t\t<\/div>\n\t\t\t\t\t\t\t\t<\/div>\n\t\t\t\t<\/div>\n\t\t\t\t<\/div>\n\t\t\t\t\t<\/div>\n\t\t\t\t<\/div>\n\t\t<div class=\"elementor-element elementor-element-03ffe97 e-flex e-con-boxed e-con e-parent\" data-id=\"03ffe97\" data-element_type=\"container\" data-e-type=\"container\">\n\t\t\t\t\t<div class=\"e-con-inner\">\n\t\t<div class=\"elementor-element elementor-element-1727145 e-con-full e-flex e-con e-parent\" data-id=\"1727145\" data-element_type=\"container\" data-e-type=\"container\">\n\t\t\t\t<div class=\"elementor-element elementor-element-ff0d49d elementor-widget elementor-widget-heading\" data-id=\"ff0d49d\" data-element_type=\"widget\" data-e-type=\"widget\" data-widget_type=\"heading.default\">\n\t\t\t\t<div class=\"elementor-widget-container\">\n\t\t\t\t\t<h2 class=\"elementor-heading-title elementor-size-default\">Live-Vlogging <\/h2>\t\t\t\t<\/div>\n\t\t\t\t<\/div>\n\t\t\t\t<div class=\"elementor-element elementor-element-fce1f22 elementor-widget elementor-widget-text-editor\" data-id=\"fce1f22\" data-element_type=\"widget\" data-e-type=\"widget\" data-widget_type=\"text-editor.default\">\n\t\t\t\t<div class=\"elementor-widget-container\">\n\t\t\t\t\t\t\t\t\t<p>Als kleines Team m\u00fcssen Sie sich beim Vloggen konzentrieren. mimoLive bietet ein H\u00f6chstma\u00df an anpassbaren Kontrollen und Sie k\u00f6nnen sogar einen <a href=\"https:\/\/mimolive.com\/de\/technologie\/merkmale\/#remote_app\">iPad als Fernbedienung<\/a>.<\/p><p>Erstellen Sie ein ausgekl\u00fcgeltes Szenenlayout mit dem <a href=\"https:\/\/mimolive.com\/de\/benutzerhandbuch\/mimolive-verwenden\/ebenen-sets-szenen\/\">Ebenens\u00e4tze<\/a>Erstellen Sie mit der Remote-Oberfl\u00e4chenintegration interaktive Fernbedienungen f\u00fcr Ihr Tablet und f\u00fcgen Sie benutzerdefinierte Tastenkombinationen zu fast jedem \u00dcbergang Ihrer Show hinzu.<\/p><p><strong>mimoLive\u2122 - Die bessere Art, mit dem Live-Streaming zu beginnen.<\/strong><\/p>\t\t\t\t\t\t\t\t<\/div>\n\t\t\t\t<\/div>\n\t\t\t\t<div class=\"elementor-element elementor-element-5aa7ecb elementor-icon-list--layout-traditional elementor-list-item-link-full_width elementor-widget elementor-widget-icon-list\" data-id=\"5aa7ecb\" data-element_type=\"widget\" data-e-type=\"widget\" data-widget_type=\"icon-list.default\">\n\t\t\t\t<div class=\"elementor-widget-container\">\n\t\t\t\t\t\t\t<ul class=\"elementor-icon-list-items\">\n\t\t\t\t\t\t\t<li class=\"elementor-icon-list-item\">\n\t\t\t\t\t\t\t\t\t\t\t<span class=\"elementor-icon-list-icon\">\n\t\t\t\t\t\t\t<svg aria-hidden=\"true\" class=\"e-font-icon-svg e-fas-check\" viewbox=\"0 0 512 512\" xmlns=\"http:\/\/www.w3.org\/2000\/svg\"><path d=\"M173.898 439.404l-166.4-166.4c-9.997-9.997-9.997-26.206 0-36.204l36.203-36.204c9.997-9.998 26.207-9.998 36.204 0L192 312.69 432.095 72.596c9.997-9.997 26.207-9.997 36.204 0l36.203 36.204c9.997 9.997 9.997 26.206 0 36.204l-294.4 294.401c-9.998 9.997-26.207 9.997-36.204-.001z\"><\/path><\/svg>\t\t\t\t\t\t<\/span>\n\t\t\t\t\t\t\t\t\t\t<span class=\"elementor-icon-list-text\">Live-Vlogging<\/span>\n\t\t\t\t\t\t\t\t\t<\/li>\n\t\t\t\t\t\t\t\t<li class=\"elementor-icon-list-item\">\n\t\t\t\t\t\t\t\t\t\t\t<span class=\"elementor-icon-list-icon\">\n\t\t\t\t\t\t\t<svg aria-hidden=\"true\" class=\"e-font-icon-svg e-fas-check\" viewbox=\"0 0 512 512\" xmlns=\"http:\/\/www.w3.org\/2000\/svg\"><path d=\"M173.898 439.404l-166.4-166.4c-9.997-9.997-9.997-26.206 0-36.204l36.203-36.204c9.997-9.998 26.207-9.998 36.204 0L192 312.69 432.095 72.596c9.997-9.997 26.207-9.997 36.204 0l36.203 36.204c9.997 9.997 9.997 26.206 0 36.204l-294.4 294.401c-9.998 9.997-26.207 9.997-36.204-.001z\"><\/path><\/svg>\t\t\t\t\t\t<\/span>\n\t\t\t\t\t\t\t\t\t\t<span class=\"elementor-icon-list-text\">Spiele auf macOS, iOS oder als Aufnahmesystem<\/span>\n\t\t\t\t\t\t\t\t\t<\/li>\n\t\t\t\t\t\t\t\t<li class=\"elementor-icon-list-item\">\n\t\t\t\t\t\t\t\t\t\t\t<span class=\"elementor-icon-list-icon\">\n\t\t\t\t\t\t\t<svg aria-hidden=\"true\" class=\"e-font-icon-svg e-fas-check\" viewbox=\"0 0 512 512\" xmlns=\"http:\/\/www.w3.org\/2000\/svg\"><path d=\"M173.898 439.404l-166.4-166.4c-9.997-9.997-9.997-26.206 0-36.204l36.203-36.204c9.997-9.998 26.207-9.998 36.204 0L192 312.69 432.095 72.596c9.997-9.997 26.207-9.997 36.204 0l36.203 36.204c9.997 9.997 9.997 26.206 0 36.204l-294.4 294.401c-9.998 9.997-26.207 9.997-36.204-.001z\"><\/path><\/svg>\t\t\t\t\t\t<\/span>\n\t\t\t\t\t\t\t\t\t\t<span class=\"elementor-icon-list-text\">Fitness Youtube Kanal<\/span>\n\t\t\t\t\t\t\t\t\t<\/li>\n\t\t\t\t\t\t\t\t<li class=\"elementor-icon-list-item\">\n\t\t\t\t\t\t\t\t\t\t\t<span class=\"elementor-icon-list-icon\">\n\t\t\t\t\t\t\t<svg aria-hidden=\"true\" class=\"e-font-icon-svg e-fas-check\" viewbox=\"0 0 512 512\" xmlns=\"http:\/\/www.w3.org\/2000\/svg\"><path d=\"M173.898 439.404l-166.4-166.4c-9.997-9.997-9.997-26.206 0-36.204l36.203-36.204c9.997-9.998 26.207-9.998 36.204 0L192 312.69 432.095 72.596c9.997-9.997 26.207-9.997 36.204 0l36.203 36.204c9.997 9.997 9.997 26.206 0 36.204l-294.4 294.401c-9.998 9.997-26.207 9.997-36.204-.001z\"><\/path><\/svg>\t\t\t\t\t\t<\/span>\n\t\t\t\t\t\t\t\t\t\t<span class=\"elementor-icon-list-text\">Live-Video-Marketing<\/span>\n\t\t\t\t\t\t\t\t\t<\/li>\n\t\t\t\t\t\t\t\t<li class=\"elementor-icon-list-item\">\n\t\t\t\t\t\t\t\t\t\t\t<span class=\"elementor-icon-list-icon\">\n\t\t\t\t\t\t\t<svg aria-hidden=\"true\" class=\"e-font-icon-svg e-fas-check\" viewbox=\"0 0 512 512\" xmlns=\"http:\/\/www.w3.org\/2000\/svg\"><path d=\"M173.898 439.404l-166.4-166.4c-9.997-9.997-9.997-26.206 0-36.204l36.203-36.204c9.997-9.998 26.207-9.998 36.204 0L192 312.69 432.095 72.596c9.997-9.997 26.207-9.997 36.204 0l36.203 36.204c9.997 9.997 9.997 26.206 0 36.204l-294.4 294.401c-9.998 9.997-26.207 9.997-36.204-.001z\"><\/path><\/svg>\t\t\t\t\t\t<\/span>\n\t\t\t\t\t\t\t\t\t\t<span class=\"elementor-icon-list-text\">Facebook, YouTube, Twitch + mehr - Simulcasting<\/span>\n\t\t\t\t\t\t\t\t\t<\/li>\n\t\t\t\t\t\t\t\t<li class=\"elementor-icon-list-item\">\n\t\t\t\t\t\t\t\t\t\t\t<span class=\"elementor-icon-list-icon\">\n\t\t\t\t\t\t\t<svg aria-hidden=\"true\" class=\"e-font-icon-svg e-fas-check\" viewbox=\"0 0 512 512\" xmlns=\"http:\/\/www.w3.org\/2000\/svg\"><path d=\"M173.898 439.404l-166.4-166.4c-9.997-9.997-9.997-26.206 0-36.204l36.203-36.204c9.997-9.998 26.207-9.998 36.204 0L192 312.69 432.095 72.596c9.997-9.997 26.207-9.997 36.204 0l36.203 36.204c9.997 9.997 9.997 26.206 0 36.204l-294.4 294.401c-9.998 9.997-26.207 9.997-36.204-.001z\"><\/path><\/svg>\t\t\t\t\t\t<\/span>\n\t\t\t\t\t\t\t\t\t\t<span class=\"elementor-icon-list-text\">Online-Spielshows <\/span>\n\t\t\t\t\t\t\t\t\t<\/li>\n\t\t\t\t\t\t<\/ul>\n\t\t\t\t\t\t<\/div>\n\t\t\t\t<\/div>\n\t\t\t\t<\/div>\n\t\t\t\t\t<\/div>\n\t\t\t\t<\/div>\n\t\t<div class=\"elementor-element elementor-element-d6eb12d e-flex e-con-boxed e-con e-parent\" data-id=\"d6eb12d\" data-element_type=\"container\" data-e-type=\"container\">\n\t\t\t\t\t<div class=\"e-con-inner\">\n\t\t<div class=\"elementor-element elementor-element-589860a e-con-full e-flex e-con e-parent\" data-id=\"589860a\" data-element_type=\"container\" data-e-type=\"container\">\n\t\t\t\t<div class=\"elementor-element elementor-element-e60361a elementor-widget elementor-widget-heading\" data-id=\"e60361a\" data-element_type=\"widget\" data-e-type=\"widget\" data-widget_type=\"heading.default\">\n\t\t\t\t<div class=\"elementor-widget-container\">\n\t\t\t\t\t<h2 class=\"elementor-heading-title elementor-size-default\">Fitness YouTube-Kanal<\/h2>\t\t\t\t<\/div>\n\t\t\t\t<\/div>\n\t\t\t\t<\/div>\n\t\t<div class=\"elementor-element elementor-element-cd44e7f e-con-full e-flex e-con e-parent\" data-id=\"cd44e7f\" data-element_type=\"container\" data-e-type=\"container\">\n\t\t\t\t<div class=\"elementor-element elementor-element-d448979 elementor-widget elementor-widget-image\" data-id=\"d448979\" data-element_type=\"widget\" data-e-type=\"widget\" data-widget_type=\"image.default\">\n\t\t\t\t<div class=\"elementor-widget-container\">\n\t\t\t\t\t\t\t\t\t\t\t\t\t\t\t\t<a href=\"https:\/\/www.youtube.com\/channel\/UCVuuZ4WcW-dSApMdfzW4iSw\" target=\"_blank\" rel=\"noopener\">\n\t\t\t\t\t\t\t<img fetchpriority=\"high\" decoding=\"async\" width=\"800\" height=\"308\" src=\"https:\/\/mimolive.com\/wp-content\/uploads\/2021\/01\/maymor-tv-banner.jpg\" class=\"attachment-large size-large wp-image-14846\" alt=\"\" srcset=\"https:\/\/mimolive.com\/wp-content\/uploads\/2021\/01\/maymor-tv-banner.jpg 1000w,  https:\/\/mimolive.com\/wp-content\/uploads\/2021\/01\/maymor-tv-banner-300x116.jpg 300w,  https:\/\/mimolive.com\/wp-content\/uploads\/2021\/01\/maymor-tv-banner-768x296.jpg 768w\" sizes=\"(max-width: 800px) 100vw, 800px\">\t\t\t\t\t\t\t\t<\/a>\n\t\t\t\t\t\t\t\t\t\t\t\t\t\t\t<\/div>\n\t\t\t\t<\/div>\n\t\t<div class=\"elementor-element elementor-element-a6688c8 e-con-full e-flex e-con e-parent\" data-id=\"a6688c8\" data-element_type=\"container\" data-e-type=\"container\">\n\t\t\t\t<div class=\"elementor-element elementor-element-6a59e5f elementor-widget elementor-widget-testimonial\" data-id=\"6a59e5f\" data-element_type=\"widget\" data-e-type=\"widget\" data-widget_type=\"testimonial.default\">\n\t\t\t\t<div class=\"elementor-widget-container\">\n\t\t\t\t\t\t\t<div class=\"elementor-testimonial-wrapper\">\n\t\t\t\t\t\t\t<div class=\"elementor-testimonial-content\">Ich bearbeite unsere Sendung w\u00e4hrend der Live-\u00dcbertragung einfach spontan. Am Ende der Sendung haben wir ein hochwertiges und bearbeitetes Video, das wir in die sozialen Medien hochladen k\u00f6nnen. Es ist unglaublich einfach und macht Spa\u00df, es zu benutzen. Wir sind sehr froh, dass wir mimoLive gefunden haben.<\/div>\n\t\t\t\n\t\t\t\t\t\t<div class=\"elementor-testimonial-meta elementor-has-image elementor-testimonial-image-position-aside\">\n\t\t\t\t<div class=\"elementor-testimonial-meta-inner\">\n\t\t\t\t\t\t\t\t\t\t\t<div class=\"elementor-testimonial-image\">\n\t\t\t\t\t\t\t<a href=\"https:\/\/www.youtube.com\/channel\/UCVuuZ4WcW-dSApMdfzW4iSw\" target=\"_blank\" rel=\"noopener\"><img decoding=\"async\" width=\"176\" height=\"176\" src=\"https:\/\/mimolive.com\/wp-content\/uploads\/2021\/02\/maymor.jpg\" class=\"attachment-full size-full wp-image-17462\" alt=\"\" srcset=\"https:\/\/mimolive.com\/wp-content\/uploads\/2021\/02\/maymor.jpg 176w,  https:\/\/mimolive.com\/wp-content\/uploads\/2021\/02\/maymor-150x150.jpg 150w\" sizes=\"(max-width: 176px) 100vw, 176px\" \/><\/a>\t\t\t\t\t\t<\/div>\n\t\t\t\t\t\n\t\t\t\t\t\t\t\t\t\t<div class=\"elementor-testimonial-details\">\n\t\t\t\t\t\t\t\t\t\t\t\t\t\t<a class=\"elementor-testimonial-name\" href=\"https:\/\/www.youtube.com\/channel\/UCVuuZ4WcW-dSApMdfzW4iSw\" target=\"_blank\" rel=\"noopener\">Tal Mar<\/a>\n\t\t\t\t\t\t\t\t\t\t\t\t\t\t\t\t\t\t\t\t\t\t<a class=\"elementor-testimonial-job\" href=\"https:\/\/www.youtube.com\/channel\/UCVuuZ4WcW-dSApMdfzW4iSw\" target=\"_blank\" rel=\"noopener\">YouTube - Mai Mor<\/a>\n\t\t\t\t\t\t\t\t\t\t\t\t\t<\/div>\n\t\t\t\t\t\t\t\t\t<\/div>\n\t\t\t<\/div>\n\t\t\t\t\t<\/div>\n\t\t\t\t\t\t<\/div>\n\t\t\t\t<\/div>\n\t\t\t\t<\/div>\n\t\t\t\t<\/div>\n\t\t\t\t\t<\/div>\n\t\t\t\t<\/div>\n\t\t<div class=\"elementor-element elementor-element-44b2271 e-flex e-con-boxed e-con e-parent\" data-id=\"44b2271\" data-element_type=\"container\" data-e-type=\"container\">\n\t\t\t\t\t<div class=\"e-con-inner\">\n\t\t<div class=\"elementor-element elementor-element-031a405 e-con-full e-flex e-con e-parent\" data-id=\"031a405\" data-element_type=\"container\" data-e-type=\"container\" data-settings=\"{&quot;background_background&quot;:&quot;classic&quot;}\">\n\t\t\t\t<div class=\"elementor-element elementor-element-656a32e elementor-widget elementor-widget-image\" data-id=\"656a32e\" data-element_type=\"widget\" data-e-type=\"widget\" data-widget_type=\"image.default\">\n\t\t\t\t<div class=\"elementor-widget-container\">\n\t\t\t\t\t\t\t\t\t\t\t\t\t\t\t<img decoding=\"async\" width=\"768\" height=\"281\" src=\"https:\/\/mimolive.com\/wp-content\/uploads\/2021\/03\/mimolive-in-out-800px-768x281.png\" class=\"attachment-medium_large size-medium_large wp-image-18299\" alt=\"professionelles Live-Streaming\" srcset=\"https:\/\/mimolive.com\/wp-content\/uploads\/2021\/03\/mimolive-in-out-800px-768x281.png 768w,  https:\/\/mimolive.com\/wp-content\/uploads\/2021\/03\/mimolive-in-out-800px-300x110.png 300w,  https:\/\/mimolive.com\/wp-content\/uploads\/2021\/03\/mimolive-in-out-800px.png 800w\" sizes=\"(max-width: 768px) 100vw, 768px\" \/>\t\t\t\t\t\t\t\t\t\t\t\t\t\t\t<\/div>\n\t\t\t\t<\/div>\n\t\t\t\t<\/div>\n\t\t\t\t\t<\/div>\n\t\t\t\t<\/div>\n\t\t\t\t<\/div>","protected":false},"excerpt":{"rendered":"<p>Run a LIVE YouTube Channel Start Free Trial Live Vlogging As a small team, you need to stay focused while vlogging. mimoLive brings the highest level of customizable controls &amp; you can even use an iPad as a remote. Create a sophisticated scene layout with the layer sets, create interactive remote controls for your tablet [&hellip;]<\/p>","protected":false},"author":1,"featured_media":0,"parent":11260,"menu_order":8,"comment_status":"closed","ping_status":"closed","template":"elementor_header_footer","meta":{"_acf_changed":false,"_angie_page":false,"_lmt_disableupdate":"","_lmt_disable":"","footnotes":""},"class_list":["post-12261","page","type-page","status-publish","hentry"],"acf":[],"_links":{"self":[{"href":"https:\/\/mimolive.com\/de\/wp-json\/wp\/v2\/pages\/12261","targetHints":{"allow":["GET"]}}],"collection":[{"href":"https:\/\/mimolive.com\/de\/wp-json\/wp\/v2\/pages"}],"about":[{"href":"https:\/\/mimolive.com\/de\/wp-json\/wp\/v2\/types\/page"}],"author":[{"embeddable":true,"href":"https:\/\/mimolive.com\/de\/wp-json\/wp\/v2\/users\/1"}],"replies":[{"embeddable":true,"href":"https:\/\/mimolive.com\/de\/wp-json\/wp\/v2\/comments?post=12261"}],"version-history":[{"count":0,"href":"https:\/\/mimolive.com\/de\/wp-json\/wp\/v2\/pages\/12261\/revisions"}],"up":[{"embeddable":true,"href":"https:\/\/mimolive.com\/de\/wp-json\/wp\/v2\/pages\/11260"}],"wp:attachment":[{"href":"https:\/\/mimolive.com\/de\/wp-json\/wp\/v2\/media?parent=12261"}],"curies":[{"name":"wp","href":"https:\/\/api.w.org\/{rel}","templated":true}]}}