{"id":36075,"date":"2023-12-01T14:23:28","date_gmt":"2023-12-01T13:23:28","guid":{"rendered":"https:\/\/mimolive.com\/?page_id=36075"},"modified":"2023-12-06T19:05:19","modified_gmt":"2023-12-06T18:05:19","slug":"zoomdemo","status":"publish","type":"page","link":"https:\/\/mimolive.com\/de\/zoomdemo\/","title":{"rendered":"Zoom Call Demo - Powered by mimoLive, 24\/7 verf\u00fcgbar"},"content":{"rendered":"<div data-elementor-type=\"wp-page\" data-elementor-id=\"36075\" class=\"elementor elementor-36075\" data-elementor-post-type=\"page\">\n\t\t\t\t<div class=\"elementor-element elementor-element-263f1d42 e-flex e-con-boxed e-con e-parent\" data-id=\"263f1d42\" data-element_type=\"container\" data-e-type=\"container\">\n\t\t\t\t\t<div class=\"e-con-inner\">\n\t\t\t\t<div class=\"elementor-element elementor-element-246c66b elementor-widget elementor-widget-heading\" data-id=\"246c66b\" data-element_type=\"widget\" data-e-type=\"widget\" data-widget_type=\"heading.default\">\n\t\t\t\t<div class=\"elementor-widget-container\">\n\t\t\t\t\t<h1 class=\"elementor-heading-title elementor-size-default\">Zoom Call Demo - Powered by mimoLive, 24\/7 verf\u00fcgbar<\/h1>\t\t\t\t<\/div>\n\t\t\t\t<\/div>\n\t\t\t\t<div class=\"elementor-element elementor-element-bd70566 elementor-widget elementor-widget-heading\" data-id=\"bd70566\" data-element_type=\"widget\" data-e-type=\"widget\" data-widget_type=\"heading.default\">\n\t\t\t\t<div class=\"elementor-widget-container\">\n\t\t\t\t\t<h2 class=\"elementor-heading-title elementor-size-default\">Erleben Sie die Zukunft der Live-TV-\u00dcbertragung<\/h2>\t\t\t\t<\/div>\n\t\t\t\t<\/div>\n\t\t\t\t\t<\/div>\n\t\t\t\t<\/div>\n\t\t<div class=\"elementor-element elementor-element-5a27097 e-flex e-con-boxed e-con e-parent\" data-id=\"5a27097\" data-element_type=\"container\" data-e-type=\"container\">\n\t\t\t\t\t<div class=\"e-con-inner\">\n\t\t<div class=\"elementor-element elementor-element-0acca28 e-flex e-con-boxed e-con e-child\" data-id=\"0acca28\" data-element_type=\"container\" data-e-type=\"container\">\n\t\t\t\t\t<div class=\"e-con-inner\">\n\t\t\t\t<div class=\"elementor-element elementor-element-139658b elementor-widget elementor-widget-text-editor\" data-id=\"139658b\" data-element_type=\"widget\" data-e-type=\"widget\" data-widget_type=\"text-editor.default\">\n\t\t\t\t<div class=\"elementor-widget-container\">\n\t\t\t\t\t\t\t\t\t<p>Willkommen zu unserer hochmodernen Zoom Call Demo, die rund um die Uhr auf einem Cloud-basierten Mac mit der leistungsstarken mimoLive Software l\u00e4uft. Diese Demonstration soll zeigen, wie mimoLive Zoom-Anrufe f\u00fcr TV-\u00dcbertragungen revolutioniert und den Produktionsteams eine beispiellose Kontrolle und Kreativit\u00e4t bietet.<\/p>\n<h4><strong>Wie man an der Demo teilnimmt<\/strong><\/h4>\n<p>Die Teilnahme ist einfach und personalisiert:<\/p>\n<ol>\n<li><strong>F\u00fcllen Sie das Formular aus<\/strong>: Geben Sie Ihren Namen, Vornamen und Ihre E-Mail-Adresse an.<\/li>\n<li><strong>Erhalten Sie Ihren pers\u00f6nlichen Link<\/strong>: Nach der Anmeldung erhalten Sie eine personalisierte E-Mail mit einem Link zu unserer Zoom-Meeting-Demo.<\/li>\n<li><strong>Mitmachen und entdecken<\/strong>: Klicken Sie auf den Link, nehmen Sie an der Sitzung teil und sehen Sie sich die Demo live an.<\/li>\n<\/ol>\n<h4><strong>Was Sie erleben werden<\/strong><\/h4>\n<p>W\u00e4hrend des Zoom-Anrufs werden Sie aus erster Hand erfahren, wie mimoLive ein Standard-Zoom-Meeting in eine professionelle TV-\u00dcbertragung verwandelt:<\/p>\n<ul>\n<li><strong>Live-Bearbeitung<\/strong>: Sehen Sie, wie mimoLive Zoom-Anrufe in Echtzeit bearbeitet und nahtlose \u00dcberg\u00e4nge, \u00dcberlagerungen und mehr bietet.<\/li>\n<li><strong>TV-Broadcasting-Anwendungen<\/strong>: Entdecken Sie die Vielseitigkeit von Zoom, integriert mit mimoLive, f\u00fcr verschiedene \u00dcbertragungsszenarien, einschlie\u00dflich Interviews und virtuelle Diskussionsrunden.<\/li>\n<li><strong>Sch\u00f6pferische Freiheit<\/strong>: Erfahren Sie, wie mimoLive Produktionsteams die kreative Freiheit gibt, einzigartige Live-TV-Erlebnisse zu schaffen.<\/li>\n<\/ul>\t\t\t\t\t\t\t\t<\/div>\n\t\t\t\t<\/div>\n\t\t<div class=\"elementor-element elementor-element-9872ec4 e-flex e-con-boxed e-con e-child\" data-id=\"9872ec4\" data-element_type=\"container\" data-e-type=\"container\">\n\t\t\t\t\t<div class=\"e-con-inner\">\n\t\t\t\t<div class=\"elementor-element elementor-element-0c7d20b elementor-align-center elementor-widget elementor-widget-button\" data-id=\"0c7d20b\" data-element_type=\"widget\" data-e-type=\"widget\" data-widget_type=\"button.default\">\n\t\t\t\t<div class=\"elementor-widget-container\">\n\t\t\t\t\t\t\t\t\t<div class=\"elementor-button-wrapper\">\n\t\t\t\t\t<a class=\"elementor-button elementor-button-link elementor-size-sm\" href=\"#elementor-action%3Aaction%3Dpopup%3Aopen%26settings%3DeyJpZCI6IjM2MTE2IiwidG9nZ2xlIjpmYWxzZX0%3D\">\n\t\t\t\t\t\t<span class=\"elementor-button-content-wrapper\">\n\t\t\t\t\t\t\t\t\t<span class=\"elementor-button-text\">Nehmen Sie jetzt an der Live-Demo von Zoom\u00ae teil!<\/span>\n\t\t\t\t\t<\/span>\n\t\t\t\t\t<\/a>\n\t\t\t\t<\/div>\n\t\t\t\t\t\t\t\t<\/div>\n\t\t\t\t<\/div>\n\t\t\t\t\t<\/div>\n\t\t\t\t<\/div>\n\t\t\t\t<div class=\"elementor-element elementor-element-17ab61b elementor-widget elementor-widget-text-editor\" data-id=\"17ab61b\" data-element_type=\"widget\" data-e-type=\"widget\" data-widget_type=\"text-editor.default\">\n\t\t\t\t<div class=\"elementor-widget-container\">\n\t\t\t\t\t\t\t\t\t<h3>Warum mimoLive?<\/h3>\n<p>mimoLive ist mehr als nur ein Broadcasting-Tool; es ist ein Tor zu unendlichen M\u00f6glichkeiten der Live-TV-Produktion. Durch die Verschmelzung der Zug\u00e4nglichkeit von Zoom mit den professionellen F\u00e4higkeiten einer TV-\u00dcbertragungssoftware setzt mimoLive einen neuen Standard in der Branche.<\/p>\n<p><strong>Nehmen Sie jetzt an unserer 24\/7-Zoom-Call-Demo teil und erleben Sie die Zukunft der Live-TV-\u00dcbertragung!<\/strong><\/p>\t\t\t\t\t\t\t\t<\/div>\n\t\t\t\t<\/div>\n\t\t\t\t\t<\/div>\n\t\t\t\t<\/div>\n\t\t\t\t\t<\/div>\n\t\t\t\t<\/div>\n\t\t\t\t<\/div>","protected":false},"excerpt":{"rendered":"<p>Zoom Call Demo &#8211; Powered by mimoLive, Available 24\/7 Experience the Future of Live TV Broadcasting Welcome to our cutting-edge Zoom Call Demo, a round-the-clock showcase running on a Cloud-based Mac with the powerful mimoLive software. This demonstration is designed to exhibit how mimoLive revolutionizes Zoom calls for TV broadcasting, offering unparalleled control and creativity [&hellip;]<\/p>","protected":false},"author":1,"featured_media":0,"parent":0,"menu_order":0,"comment_status":"closed","ping_status":"closed","template":"","meta":{"_acf_changed":false,"_angie_page":false,"_lmt_disableupdate":"","_lmt_disable":"","footnotes":""},"class_list":["post-36075","page","type-page","status-publish","hentry"],"acf":[],"_links":{"self":[{"href":"https:\/\/mimolive.com\/de\/wp-json\/wp\/v2\/pages\/36075","targetHints":{"allow":["GET"]}}],"collection":[{"href":"https:\/\/mimolive.com\/de\/wp-json\/wp\/v2\/pages"}],"about":[{"href":"https:\/\/mimolive.com\/de\/wp-json\/wp\/v2\/types\/page"}],"author":[{"embeddable":true,"href":"https:\/\/mimolive.com\/de\/wp-json\/wp\/v2\/users\/1"}],"replies":[{"embeddable":true,"href":"https:\/\/mimolive.com\/de\/wp-json\/wp\/v2\/comments?post=36075"}],"version-history":[{"count":5,"href":"https:\/\/mimolive.com\/de\/wp-json\/wp\/v2\/pages\/36075\/revisions"}],"predecessor-version":[{"id":36121,"href":"https:\/\/mimolive.com\/de\/wp-json\/wp\/v2\/pages\/36075\/revisions\/36121"}],"wp:attachment":[{"href":"https:\/\/mimolive.com\/de\/wp-json\/wp\/v2\/media?parent=36075"}],"curies":[{"name":"wp","href":"https:\/\/api.w.org\/{rel}","templated":true}]}}