{"id":12221,"date":"2020-12-02T15:38:24","date_gmt":"2020-12-02T14:38:24","guid":{"rendered":"https:\/\/mimolive.com\/?page_id=12221"},"modified":"2024-03-21T19:11:20","modified_gmt":"2024-03-21T18:11:20","slug":"retransmitir-conciertos-y-eventos-sobre-el-escenario","status":"publish","type":"page","link":"https:\/\/mimolive.com\/es\/solutions\/stream-concerts-and-on-stage-events\/","title":{"rendered":"Software de streaming para conciertos y eventos en directo"},"content":{"rendered":"<div data-elementor-type=\"wp-page\" data-elementor-id=\"12221\" class=\"elementor elementor-12221\" data-elementor-post-type=\"page\">\n\t\t\t\t<div class=\"elementor-element elementor-element-849343b no-lazy-load e-flex e-con-boxed e-con e-parent\" data-id=\"849343b\" data-element_type=\"container\" data-e-type=\"container\" data-settings=\"{&quot;background_background&quot;:&quot;video&quot;,&quot;background_video_link&quot;:&quot;https:\\\/\\\/mimolive.com\\\/wp-content\\\/uploads\\\/2021\\\/03\\\/klan-silent-background-mimolive.mp4&quot;,&quot;background_play_on_mobile&quot;:&quot;yes&quot;}\">\n\t\t\t\t\t<div class=\"e-con-inner\">\n\t\t<div class=\"elementor-background-video-container\">\n\t\t\t\t\t\t\t<video class=\"elementor-background-video-hosted\" role=\"presentation\" autoplay muted playsinline loop><\/video>\n\t\t\t\t\t<\/div>\t\t<div class=\"elementor-element elementor-element-f942ec5 elementor-align-center cta-free-trial elementor-widget-mobile__width-inherit elementor-widget elementor-widget-global elementor-global-27288 elementor-widget-button\" data-id=\"f942ec5\" data-element_type=\"widget\" data-e-type=\"widget\" data-widget_type=\"button.default\">\n\t\t\t\t<div class=\"elementor-widget-container\">\n\t\t\t\t\t\t\t\t\t<div class=\"elementor-button-wrapper\">\n\t\t\t\t\t<a class=\"elementor-button elementor-button-link elementor-size-md\" href=\"https:\/\/mimolive.com\/es\/descargar\/prueba-gratuita\/\">\n\t\t\t\t\t\t<span class=\"elementor-button-content-wrapper\">\n\t\t\t\t\t\t\t\t\t<span class=\"elementor-button-text\">   Iniciar prueba gratuita<\/span>\n\t\t\t\t\t<\/span>\n\t\t\t\t\t<\/a>\n\t\t\t\t<\/div>\n\t\t\t\t\t\t\t\t<\/div>\n\t\t\t\t<\/div>\n\t\t\t\t\t<\/div>\n\t\t\t\t<\/div>\n\t\t<div class=\"elementor-element elementor-element-992ebae e-flex e-con-boxed e-con e-parent\" data-id=\"992ebae\" data-element_type=\"container\" data-e-type=\"container\">\n\t\t\t\t\t<div class=\"e-con-inner\">\n\t\t<div class=\"elementor-element elementor-element-b6c617a e-con-full e-flex e-con e-child\" data-id=\"b6c617a\" data-element_type=\"container\" data-e-type=\"container\">\n\t\t\t\t<div class=\"elementor-element elementor-element-870f475 elementor-widget elementor-widget-heading\" data-id=\"870f475\" data-element_type=\"widget\" data-e-type=\"widget\" data-widget_type=\"heading.default\">\n\t\t\t\t<div class=\"elementor-widget-container\">\n\t\t\t\t\t<h2 class=\"elementor-heading-title elementor-size-default\">Retransmita eventos y conciertos f\u00e1cilmente<\/h2>\t\t\t\t<\/div>\n\t\t\t\t<\/div>\n\t\t\t\t<div class=\"elementor-element elementor-element-0205226 elementor-widget elementor-widget-text-editor\" data-id=\"0205226\" data-element_type=\"widget\" data-e-type=\"widget\" data-widget_type=\"text-editor.default\">\n\t\t\t\t<div class=\"elementor-widget-container\">\n\t\t\t\t\t\t\t\t\t<h4>El socio perfecto para cualquier evento<\/h4><p>Bienvenido a la soluci\u00f3n definitiva para la retransmisi\u00f3n de conciertos: mimoLive\u00ae. Ya sea un concierto de m\u00fasica, un espect\u00e1culo de humor, un anuncio de empresa o el lanzamiento de un producto online, mimoLive\u2122 es el socio de retransmisi\u00f3n perfecto para cualquier tipo de evento sobre el escenario.<\/p><h4>Producci\u00f3n sencilla de programas en directo con calidad televisiva<\/h4><p><span style=\"font-family: -apple-system, BlinkMacSystemFont, 'Segoe UI', Roboto, 'Helvetica Neue', Arial, 'Noto Sans', sans-serif, 'Apple Color Emoji', 'Segoe UI Emoji', 'Segoe UI Symbol', 'Noto Color Emoji'; letter-spacing: 0px;\">Con una configuraci\u00f3n ligera y un equipo reducido, podr\u00e1 producir, grabar y emitir f\u00e1cilmente programas en directo con calidad televisiva desde cualquier lugar del mundo. Adem\u00e1s, gracias a la codificaci\u00f3n directa, tu audiencia podr\u00e1 disfrutar de una experiencia visual excepcional desde cualquier lugar del mundo.<\/span><\/p><h4>TV profesional de calidad est\u00e1ndar<\/h4><p>mimoLive\u2122 sigue los est\u00e1ndares de TV, lo que garantiza que tus retransmisiones de conciertos en directo ser\u00e1n profesionales y de la m\u00e1xima calidad. Consulta las historias de nuestros clientes para ver c\u00f3mo mimoLive\u2122 les ha ayudado a producir incre\u00edbles v\u00eddeos en directo para su audiencia.<\/p><h4>Transmitir es f\u00e1cil: en cualquier momento y lugar<\/h4><p>Nuestra plataforma, f\u00e1cil de usar, le permite crear retransmisiones de conciertos en directo visualmente impresionantes, lo que le permite cautivar e interactuar con sus espectadores como nunca antes.<\/p><p>Tanto si transmite un <a href=\"https:\/\/mimolive.com\/es\/como-retransmitir-en-directo-desde-lugares-remotos\/\">carreras de perros de trineo en Alaska<\/a> o retransmitir un concierto de m\u00fasica en directo de un grupo reci\u00e9n llegado, mimoLive te lo pone f\u00e1cil.<\/p><p>\u00a0<\/p><p>\u00bfEst\u00e1 listo para empezar a producir su propia emisi\u00f3n en directo? Vea nuestro tour entre bastidores y lea m\u00e1s detalles sobre nuestro proceso de producci\u00f3n en nuestro <a href=\"https:\/\/mimolive.com\/es\/academia\/historias-en-directo\/\">blog<\/a>.<\/p><p><span style=\"font-family: -apple-system, BlinkMacSystemFont, 'Segoe UI', Roboto, 'Helvetica Neue', Arial, 'Noto Sans', sans-serif, 'Apple Color Emoji', 'Segoe UI Emoji', 'Segoe UI Symbol', 'Noto Color Emoji'; letter-spacing: 0px;\">\u00a0<\/span><\/p>\t\t\t\t\t\t\t\t<\/div>\n\t\t\t\t<\/div>\n\t\t\t\t<div class=\"elementor-element elementor-element-c13d401 elementor-icon-list--layout-traditional elementor-list-item-link-full_width elementor-widget elementor-widget-icon-list\" data-id=\"c13d401\" data-element_type=\"widget\" data-e-type=\"widget\" data-widget_type=\"icon-list.default\">\n\t\t\t\t<div class=\"elementor-widget-container\">\n\t\t\t\t\t\t\t<ul class=\"elementor-icon-list-items\">\n\t\t\t\t\t\t\t<li class=\"elementor-icon-list-item\">\n\t\t\t\t\t\t\t\t\t\t\t<span class=\"elementor-icon-list-icon\">\n\t\t\t\t\t\t\t<svg aria-hidden=\"true\" class=\"e-font-icon-svg e-fas-plus-circle\" viewbox=\"0 0 512 512\" xmlns=\"http:\/\/www.w3.org\/2000\/svg\"><path d=\"M256 8C119 8 8 119 8 256s111 248 248 248 248-111 248-248S393 8 256 8zm144 276c0 6.6-5.4 12-12 12h-92v92c0 6.6-5.4 12-12 12h-56c-6.6 0-12-5.4-12-12v-92h-92c-6.6 0-12-5.4-12-12v-56c0-6.6 5.4-12 12-12h92v-92c0-6.6 5.4-12 12-12h56c6.6 0 12 5.4 12 12v92h92c6.6 0 12 5.4 12 12v56z\"><\/path><\/svg>\t\t\t\t\t\t<\/span>\n\t\t\t\t\t\t\t\t\t\t<span class=\"elementor-icon-list-text\">Eventos en directo<\/span>\n\t\t\t\t\t\t\t\t\t<\/li>\n\t\t\t\t\t\t\t\t<li class=\"elementor-icon-list-item\">\n\t\t\t\t\t\t\t\t\t\t\t<span class=\"elementor-icon-list-icon\">\n\t\t\t\t\t\t\t<svg aria-hidden=\"true\" class=\"e-font-icon-svg e-fas-plus-circle\" viewbox=\"0 0 512 512\" xmlns=\"http:\/\/www.w3.org\/2000\/svg\"><path d=\"M256 8C119 8 8 119 8 256s111 248 248 248 248-111 248-248S393 8 256 8zm144 276c0 6.6-5.4 12-12 12h-92v92c0 6.6-5.4 12-12 12h-56c-6.6 0-12-5.4-12-12v-92h-92c-6.6 0-12-5.4-12-12v-56c0-6.6 5.4-12 12-12h92v-92c0-6.6 5.4-12 12-12h56c6.6 0 12 5.4 12 12v92h92c6.6 0 12 5.4 12 12v56z\"><\/path><\/svg>\t\t\t\t\t\t<\/span>\n\t\t\t\t\t\t\t\t\t\t<span class=\"elementor-icon-list-text\">M\u00fasica, conciertos, mon\u00f3logos <\/span>\n\t\t\t\t\t\t\t\t\t<\/li>\n\t\t\t\t\t\t\t\t<li class=\"elementor-icon-list-item\">\n\t\t\t\t\t\t\t\t\t\t\t<span class=\"elementor-icon-list-icon\">\n\t\t\t\t\t\t\t<svg aria-hidden=\"true\" class=\"e-font-icon-svg e-fas-plus-circle\" viewbox=\"0 0 512 512\" xmlns=\"http:\/\/www.w3.org\/2000\/svg\"><path d=\"M256 8C119 8 8 119 8 256s111 248 248 248 248-111 248-248S393 8 256 8zm144 276c0 6.6-5.4 12-12 12h-92v92c0 6.6-5.4 12-12 12h-56c-6.6 0-12-5.4-12-12v-92h-92c-6.6 0-12-5.4-12-12v-56c0-6.6 5.4-12 12-12h92v-92c0-6.6 5.4-12 12-12h56c6.6 0 12 5.4 12 12v92h92c6.6 0 12 5.4 12 12v56z\"><\/path><\/svg>\t\t\t\t\t\t<\/span>\n\t\t\t\t\t\t\t\t\t\t<span class=\"elementor-icon-list-text\">Anuncios de empresas<\/span>\n\t\t\t\t\t\t\t\t\t<\/li>\n\t\t\t\t\t\t\t\t<li class=\"elementor-icon-list-item\">\n\t\t\t\t\t\t\t\t\t\t\t<span class=\"elementor-icon-list-icon\">\n\t\t\t\t\t\t\t<svg aria-hidden=\"true\" class=\"e-font-icon-svg e-fas-plus-circle\" viewbox=\"0 0 512 512\" xmlns=\"http:\/\/www.w3.org\/2000\/svg\"><path d=\"M256 8C119 8 8 119 8 256s111 248 248 248 248-111 248-248S393 8 256 8zm144 276c0 6.6-5.4 12-12 12h-92v92c0 6.6-5.4 12-12 12h-56c-6.6 0-12-5.4-12-12v-92h-92c-6.6 0-12-5.4-12-12v-56c0-6.6 5.4-12 12-12h92v-92c0-6.6 5.4-12 12-12h56c6.6 0 12 5.4 12 12v92h92c6.6 0 12 5.4 12 12v56z\"><\/path><\/svg>\t\t\t\t\t\t<\/span>\n\t\t\t\t\t\t\t\t\t\t<span class=\"elementor-icon-list-text\">Lanzamiento de productos en l\u00ednea<\/span>\n\t\t\t\t\t\t\t\t\t<\/li>\n\t\t\t\t\t\t\t\t<li class=\"elementor-icon-list-item\">\n\t\t\t\t\t\t\t\t\t\t\t<span class=\"elementor-icon-list-icon\">\n\t\t\t\t\t\t\t<svg aria-hidden=\"true\" class=\"e-font-icon-svg e-fas-plus-circle\" viewbox=\"0 0 512 512\" xmlns=\"http:\/\/www.w3.org\/2000\/svg\"><path d=\"M256 8C119 8 8 119 8 256s111 248 248 248 248-111 248-248S393 8 256 8zm144 276c0 6.6-5.4 12-12 12h-92v92c0 6.6-5.4 12-12 12h-56c-6.6 0-12-5.4-12-12v-92h-92c-6.6 0-12-5.4-12-12v-56c0-6.6 5.4-12 12-12h92v-92c0-6.6 5.4-12 12-12h56c6.6 0 12 5.4 12 12v92h92c6.6 0 12 5.4 12 12v56z\"><\/path><\/svg>\t\t\t\t\t\t<\/span>\n\t\t\t\t\t\t\t\t\t\t<span class=\"elementor-icon-list-text\">Siga TV-Standards<\/span>\n\t\t\t\t\t\t\t\t\t<\/li>\n\t\t\t\t\t\t<\/ul>\n\t\t\t\t\t\t<\/div>\n\t\t\t\t<\/div>\n\t\t\t\t<div class=\"elementor-element elementor-element-06bbf9f elementor-widget elementor-widget-heading\" data-id=\"06bbf9f\" data-element_type=\"widget\" data-e-type=\"widget\" data-widget_type=\"heading.default\">\n\t\t\t\t<div class=\"elementor-widget-container\">\n\t\t\t\t\t<h3 class=\"elementor-heading-title elementor-size-default\">Historias de nuestros clientes\n\n<\/h3>\t\t\t\t<\/div>\n\t\t\t\t<\/div>\n\t\t\t\t<div class=\"elementor-element elementor-element-0d9a7fe elementor-widget elementor-widget-text-editor\" data-id=\"0d9a7fe\" data-element_type=\"widget\" data-e-type=\"widget\" data-widget_type=\"text-editor.default\">\n\t\t\t\t<div class=\"elementor-widget-container\">\n\t\t\t\t\t\t\t\t\t<ul><li><a href=\"https:\/\/mimolive.com\/es\/retransmision-en-directo-de-un-concierto-con-mimolive\/\">\u00bfC\u00f3mo retransmitir en directo un concierto?<\/a><\/li><li><a href=\"https:\/\/mimolive.com\/es\/como-retransmitir-en-directo-desde-lugares-remotos\/\">Retransmisi\u00f3n de una carrera de perros de trineo en invierno desde Alaska, EE.UU.<\/a><\/li><\/ul>\t\t\t\t\t\t\t\t<\/div>\n\t\t\t\t<\/div>\n\t\t\t\t<\/div>\n\t\t\t\t\t<\/div>\n\t\t\t\t<\/div>\n\t\t<div class=\"elementor-element elementor-element-80bad6a e-flex e-con-boxed e-con e-parent\" data-id=\"80bad6a\" data-element_type=\"container\" data-e-type=\"container\">\n\t\t\t\t\t<div class=\"e-con-inner\">\n\t\t<div class=\"elementor-element elementor-element-d9d1a5c e-con-full e-flex e-con e-child\" data-id=\"d9d1a5c\" data-element_type=\"container\" data-e-type=\"container\">\n\t\t\t\t<div class=\"elementor-element elementor-element-b764dbd elementor-widget elementor-widget-heading\" data-id=\"b764dbd\" data-element_type=\"widget\" data-e-type=\"widget\" data-widget_type=\"heading.default\">\n\t\t\t\t<div class=\"elementor-widget-container\">\n\t\t\t\t\t<h3 class=\"elementor-heading-title elementor-size-default\">Entre bastidores de una producci\u00f3n en directo<\/h3>\t\t\t\t<\/div>\n\t\t\t\t<\/div>\n\t\t\t\t<div class=\"elementor-element elementor-element-dd0f7b6 elementor-widget elementor-widget-text-editor\" data-id=\"dd0f7b6\" data-element_type=\"widget\" data-e-type=\"widget\" data-widget_type=\"text-editor.default\">\n\t\t\t\t<div class=\"elementor-widget-container\">\n\t\t\t\t\t\t\t\t\t<p>Ben Hammer, del colectivo de artistas de colonia Chips &amp; Champagner, se asoci\u00f3 con nuestro\u00a0<span style=\"color: var( --e-global-color-text ); letter-spacing: 0px; background-color: var( --e-global-color-87ac5fd );\">Director de Marketing, Steffen Skopp,<\/span><span style=\"color: var( --e-global-color-text ); letter-spacing: 0px; background-color: var( --e-global-color-87ac5fd );\">\u00a0<\/span><span style=\"color: var( --e-global-color-text ); letter-spacing: 0px; background-color: var( --e-global-color-87ac5fd );\">crear una transmisi\u00f3n en directo para un grupo musical alem\u00e1n\u00a0<\/span><a style=\"letter-spacing: normal;\" href=\"https:\/\/klanmusik.de\/\" target=\"_blank\" rel=\"noopener\">KLAN<\/a><span style=\"background-color: var( --e-global-color-87ac5fd ); color: var( --e-global-color-text ); letter-spacing: 0px;\">. La idea era crear una retransmisi\u00f3n profesional en directo de un concierto en un peque\u00f1o club. <\/span><span style=\"background-color: var( --e-global-color-87ac5fd ); color: var( --e-global-color-text ); letter-spacing: 0px;\">El concierto estaba programado para celebrarse durante la Colonia <a href=\"https:\/\/c-o-pop.de\/festival\/\" target=\"_blank\" rel=\"noopener\">festival co\/pop<\/a>.<\/span><\/p><p>Vea nuestro recorrido entre bastidores de una producci\u00f3n en directo y lea m\u00e1s detalles sobre la producci\u00f3n en su blog.\u00a0<\/p><p>Si usted es un fan de KLAN - por favor ver todo el\u00a0<a href=\"https:\/\/youtu.be\/BxHihYTyLoM?t=1010\" target=\"_blank\" rel=\"noopener\">retransmisi\u00f3n en directo en la p\u00e1gina Youtube de KLAN<\/a>.<\/p>\t\t\t\t\t\t\t\t<\/div>\n\t\t\t\t<\/div>\n\t\t\t\t<div class=\"elementor-element elementor-element-258e629 elementor-widget elementor-widget-image\" data-id=\"258e629\" data-element_type=\"widget\" data-e-type=\"widget\" data-widget_type=\"image.default\">\n\t\t\t\t<div class=\"elementor-widget-container\">\n\t\t\t\t\t\t\t\t\t\t\t\t\t\t\t\t<a href=\"https:\/\/mimolive.com\/es\/retransmision-en-directo-de-un-concierto-con-mimolive\/\">\n\t\t\t\t\t\t\t<img fetchpriority=\"high\" decoding=\"async\" width=\"768\" height=\"433\" src=\"https:\/\/mimolive.com\/wp-content\/uploads\/2021\/07\/luis-morera-stage-768x433.jpg\" class=\"attachment-medium_large size-medium_large wp-image-22793\" alt=\"Operador de c\u00e1mara Estudio\" srcset=\"https:\/\/mimolive.com\/wp-content\/uploads\/2021\/07\/luis-morera-stage-768x433.jpg 768w,  https:\/\/mimolive.com\/wp-content\/uploads\/2021\/07\/luis-morera-stage-300x169.jpg 300w,  https:\/\/mimolive.com\/wp-content\/uploads\/2021\/07\/luis-morera-stage-1024x577.jpg 1024w,  https:\/\/mimolive.com\/wp-content\/uploads\/2021\/07\/luis-morera-stage-1536x866.jpg 1536w,  https:\/\/mimolive.com\/wp-content\/uploads\/2021\/07\/luis-morera-stage.jpg 1600w\" sizes=\"(max-width: 768px) 100vw, 768px\" \/>\t\t\t\t\t\t\t\t<\/a>\n\t\t\t\t\t\t\t\t\t\t\t\t\t\t\t<\/div>\n\t\t\t\t<\/div>\n\t\t\t\t<\/div>\n\t\t\t\t\t<\/div>\n\t\t\t\t<\/div>\n\t\t<div class=\"elementor-element elementor-element-b018009 e-flex e-con-boxed e-con e-parent\" data-id=\"b018009\" data-element_type=\"container\" data-e-type=\"container\">\n\t\t\t\t\t<div class=\"e-con-inner\">\n\t\t<div class=\"elementor-element elementor-element-d620408 e-con-full e-flex e-con e-child\" data-id=\"d620408\" data-element_type=\"container\" data-e-type=\"container\">\n\t\t\t\t<div class=\"elementor-element elementor-element-ab26399 elementor-widget elementor-widget-heading\" data-id=\"ab26399\" data-element_type=\"widget\" data-e-type=\"widget\" data-widget_type=\"heading.default\">\n\t\t\t\t<div class=\"elementor-widget-container\">\n\t\t\t\t\t<h3 class=\"elementor-heading-title elementor-size-default\">Ejemplo de lista de equipos para una producci\u00f3n en directo:<\/h3>\t\t\t\t<\/div>\n\t\t\t\t<\/div>\n\t\t\t\t<div class=\"elementor-element elementor-element-cc10cf6 elementor-widget elementor-widget-text-editor\" data-id=\"cc10cf6\" data-element_type=\"widget\" data-e-type=\"widget\" data-widget_type=\"text-editor.default\">\n\t\t\t\t<div class=\"elementor-widget-container\">\n\t\t\t\t\t\t\t\t\t<ul style=\"list-style-type: circle;\">\n \t<li>Apple iMac Pro 10 n\u00facleos, 3 GHz, 64 GB RAM, Radeon Pro Vega 64<\/li>\n \t<li>mimoLive\u2122, YouTube Live, Facebook Live<\/li>\n \t<li>iPad de Apple como mando a distancia para mimoLive<\/li>\n \t<li>Tarjeta SDI DeckLink Duo 2 de Blackmagic Design<\/li>\n \t<li>Caja de expansi\u00f3n PCIe Sonnet Echo Express SE1 TB3<\/li>\n \t<li>2x Apple iPhone 8+ mimoCall\u2122 a trav\u00e9s de WiFi<\/li>\n \t<li>2 c\u00e1maras Lumens VC-A50PN NDI (c\u00e1maras PTZ en el escenario)<\/li>\n \t<li>2 c\u00e1maras Sony PXW-X70 (c\u00e1maras de hombro delante del escenario)<\/li>\n \t<li>TeraDek Bolt Pro500 - Transmisor inal\u00e1mbrico SDI<\/li>\n \t<li>C\u00e1mara Blackmagic Micro Studio (toma maestra desde atr\u00e1s)<\/li>\n \t<li><span style=\"color: var( --e-global-color-text );\">Grabadora Zoom H5<\/span><\/li>\n \t<li>Conmutador UniFi de 8 puertos de Ubiquiti Networks<\/li>\n \t<li>FRITZ!Box 7530 ac Router WiFi<\/li>\n<\/ul>\t\t\t\t\t\t\t\t<\/div>\n\t\t\t\t<\/div>\n\t\t\t\t<\/div>\n\t\t<div class=\"elementor-element elementor-element-0e6e4ad e-con-full e-flex e-con e-child\" data-id=\"0e6e4ad\" data-element_type=\"container\" data-e-type=\"container\">\n\t\t\t\t<div class=\"elementor-element elementor-element-0dfcc99 elementor-widget elementor-widget-image\" data-id=\"0dfcc99\" data-element_type=\"widget\" data-e-type=\"widget\" data-widget_type=\"image.default\">\n\t\t\t\t<div class=\"elementor-widget-container\">\n\t\t\t\t\t\t\t\t\t\t\t\t\t\t\t<img decoding=\"async\" width=\"768\" height=\"432\" src=\"https:\/\/mimolive.com\/wp-content\/uploads\/2021\/01\/music-klan-4-768x432.jpg\" class=\"attachment-medium_large size-medium_large wp-image-14809\" alt=\"\" srcset=\"https:\/\/mimolive.com\/wp-content\/uploads\/2021\/01\/music-klan-4-768x432.jpg 768w,  https:\/\/mimolive.com\/wp-content\/uploads\/2021\/01\/music-klan-4-300x169.jpg 300w,  https:\/\/mimolive.com\/wp-content\/uploads\/2021\/01\/music-klan-4-1024x576.jpg 1024w,  https:\/\/mimolive.com\/wp-content\/uploads\/2021\/01\/music-klan-4.jpg 1200w\" sizes=\"(max-width: 768px) 100vw, 768px\">\t\t\t\t\t\t\t\t\t\t\t\t\t\t\t<\/div>\n\t\t\t\t<\/div>\n\t\t\t\t<div class=\"elementor-element elementor-element-601a18c elementor-widget elementor-widget-image\" data-id=\"601a18c\" data-element_type=\"widget\" data-e-type=\"widget\" data-widget_type=\"image.default\">\n\t\t\t\t<div class=\"elementor-widget-container\">\n\t\t\t\t\t\t\t\t\t\t\t\t\t\t\t<img decoding=\"async\" width=\"768\" height=\"432\" src=\"https:\/\/mimolive.com\/wp-content\/uploads\/2021\/01\/music-klan-768x432.jpg\" class=\"attachment-medium_large size-medium_large wp-image-14812\" alt=\"\" srcset=\"https:\/\/mimolive.com\/wp-content\/uploads\/2021\/01\/music-klan-768x432.jpg 768w,  https:\/\/mimolive.com\/wp-content\/uploads\/2021\/01\/music-klan-300x169.jpg 300w,  https:\/\/mimolive.com\/wp-content\/uploads\/2021\/01\/music-klan-1024x576.jpg 1024w,  https:\/\/mimolive.com\/wp-content\/uploads\/2021\/01\/music-klan.jpg 1200w\" sizes=\"(max-width: 768px) 100vw, 768px\">\t\t\t\t\t\t\t\t\t\t\t\t\t\t\t<\/div>\n\t\t\t\t<\/div>\n\t\t\t\t<\/div>\n\t\t\t\t\t<\/div>\n\t\t\t\t<\/div>\n\t\t<div class=\"elementor-element elementor-element-359aa99 e-flex e-con-boxed e-con e-parent\" data-id=\"359aa99\" data-element_type=\"container\" data-e-type=\"container\">\n\t\t\t\t\t<div class=\"e-con-inner\">\n\t\t<div class=\"elementor-element elementor-element-f175efd e-con-full e-flex e-con e-child\" data-id=\"f175efd\" data-element_type=\"container\" data-e-type=\"container\">\n\t\t\t\t<div class=\"elementor-element elementor-element-8c7bd76 elementor-widget elementor-widget-image\" data-id=\"8c7bd76\" data-element_type=\"widget\" data-e-type=\"widget\" data-widget_type=\"image.default\">\n\t\t\t\t<div class=\"elementor-widget-container\">\n\t\t\t\t\t\t\t\t\t\t\t\t\t\t\t<img loading=\"lazy\" decoding=\"async\" width=\"768\" height=\"432\" src=\"https:\/\/mimolive.com\/wp-content\/uploads\/2021\/01\/music-klan-3-768x432.jpg\" class=\"attachment-medium_large size-medium_large wp-image-14810\" alt=\"Conciertos y espect\u00e1culos en directo\" srcset=\"https:\/\/mimolive.com\/wp-content\/uploads\/2021\/01\/music-klan-3-768x432.jpg 768w,  https:\/\/mimolive.com\/wp-content\/uploads\/2021\/01\/music-klan-3-300x169.jpg 300w,  https:\/\/mimolive.com\/wp-content\/uploads\/2021\/01\/music-klan-3-1024x576.jpg 1024w,  https:\/\/mimolive.com\/wp-content\/uploads\/2021\/01\/music-klan-3.jpg 1200w\" sizes=\"(max-width: 768px) 100vw, 768px\" \/>\t\t\t\t\t\t\t\t\t\t\t\t\t\t\t<\/div>\n\t\t\t\t<\/div>\n\t\t\t\t<div class=\"elementor-element elementor-element-043f527 elementor-widget elementor-widget-image\" data-id=\"043f527\" data-element_type=\"widget\" data-e-type=\"widget\" data-widget_type=\"image.default\">\n\t\t\t\t<div class=\"elementor-widget-container\">\n\t\t\t\t\t\t\t\t\t\t\t\t\t\t\t<img loading=\"lazy\" decoding=\"async\" width=\"768\" height=\"281\" src=\"https:\/\/mimolive.com\/wp-content\/uploads\/2020\/10\/in-out.svg\" class=\"attachment-medium_large size-medium_large wp-image-256\" alt=\"\">\t\t\t\t\t\t\t\t\t\t\t\t\t\t\t<\/div>\n\t\t\t\t<\/div>\n\t\t\t\t<\/div>\n\t\t<div class=\"elementor-element elementor-element-cbcd841 e-con-full e-flex e-con e-child\" data-id=\"cbcd841\" data-element_type=\"container\" data-e-type=\"container\">\n\t\t\t\t<div class=\"elementor-element elementor-element-f35e942 elementor-widget elementor-widget-heading\" data-id=\"f35e942\" data-element_type=\"widget\" data-e-type=\"widget\" data-widget_type=\"heading.default\">\n\t\t\t\t<div class=\"elementor-widget-container\">\n\t\t\t\t\t<h3 class=\"elementor-heading-title elementor-size-default\">mimoLive - dise\u00f1ado para retransmitir conciertos y eventos en directo<\/h3>\t\t\t\t<\/div>\n\t\t\t\t<\/div>\n\t\t\t\t<div class=\"elementor-element elementor-element-9433486 elementor-widget elementor-widget-text-editor\" data-id=\"9433486\" data-element_type=\"widget\" data-e-type=\"widget\" data-widget_type=\"text-editor.default\">\n\t\t\t\t<div class=\"elementor-widget-container\">\n\t\t\t\t\t\t\t\t\t<p><span style=\"color: var( --e-global-color-text ); letter-spacing: 0px; background-color: var( --e-global-color-87ac5fd );\">Damos a los productores de v\u00eddeo la posibilidad de controlar programas completos en directo realizados por equipos reducidos.<\/span><span style=\"color: var( --e-global-color-text ); letter-spacing: 0px; background-color: var( --e-global-color-87ac5fd );\">\u00a0<\/span><\/p><p>mimoLive utiliza varios preajustes para las principales plataformas de streaming con el fin de simplificar tu vida laboral y facilitar al m\u00e1ximo tu flujo de trabajo.<\/p>\t\t\t\t\t\t\t\t<\/div>\n\t\t\t\t<\/div>\n\t\t\t\t<\/div>\n\t\t<div class=\"elementor-element elementor-element-896d0b6 e-con-full e-flex e-con e-child\" data-id=\"896d0b6\" data-element_type=\"container\" data-e-type=\"container\">\n\t\t\t\t<div class=\"elementor-element elementor-element-bd6cd07 elementor-widget elementor-widget-heading\" data-id=\"bd6cd07\" data-element_type=\"widget\" data-e-type=\"widget\" data-widget_type=\"heading.default\">\n\t\t\t\t<div class=\"elementor-widget-container\">\n\t\t\t\t\t<h2 class=\"elementor-heading-title elementor-size-default\">Revoluciona la retransmisi\u00f3n de conciertos y eventos con mimoLive<\/h2>\t\t\t\t<\/div>\n\t\t\t\t<\/div>\n\t\t\t\t<\/div>\n\t\t\t\t\t<\/div>\n\t\t\t\t<\/div>\n\t\t\t\t<\/div>","protected":false},"excerpt":{"rendered":"<p>Start Free Trial Broadcast events and concerts easily The Perfect Partner for Any Event Welcome to the ultimate concert streaming solution &#8211; mimoLive\u00ae. Whether it&#8217;s a music concert, stand-up comedy show, company announcement, or online product launch, mimoLive\u2122 is the perfect broadcasting partner for any kind of on-stage event. Easy Production of TV-Quality Live Shows [&hellip;]<\/p>","protected":false},"author":1,"featured_media":15611,"parent":11260,"menu_order":2,"comment_status":"closed","ping_status":"closed","template":"","meta":{"_acf_changed":false,"_angie_page":false,"_lmt_disableupdate":"","_lmt_disable":"","footnotes":""},"class_list":["post-12221","page","type-page","status-publish","has-post-thumbnail","hentry"],"acf":[],"_links":{"self":[{"href":"https:\/\/mimolive.com\/es\/wp-json\/wp\/v2\/pages\/12221","targetHints":{"allow":["GET"]}}],"collection":[{"href":"https:\/\/mimolive.com\/es\/wp-json\/wp\/v2\/pages"}],"about":[{"href":"https:\/\/mimolive.com\/es\/wp-json\/wp\/v2\/types\/page"}],"author":[{"embeddable":true,"href":"https:\/\/mimolive.com\/es\/wp-json\/wp\/v2\/users\/1"}],"replies":[{"embeddable":true,"href":"https:\/\/mimolive.com\/es\/wp-json\/wp\/v2\/comments?post=12221"}],"version-history":[{"count":5,"href":"https:\/\/mimolive.com\/es\/wp-json\/wp\/v2\/pages\/12221\/revisions"}],"predecessor-version":[{"id":37396,"href":"https:\/\/mimolive.com\/es\/wp-json\/wp\/v2\/pages\/12221\/revisions\/37396"}],"up":[{"embeddable":true,"href":"https:\/\/mimolive.com\/es\/wp-json\/wp\/v2\/pages\/11260"}],"wp:featuredmedia":[{"embeddable":true,"href":"https:\/\/mimolive.com\/es\/wp-json\/wp\/v2\/media\/15611"}],"wp:attachment":[{"href":"https:\/\/mimolive.com\/es\/wp-json\/wp\/v2\/media?parent=12221"}],"curies":[{"name":"wp","href":"https:\/\/api.w.org\/{rel}","templated":true}]}}