{"id":12226,"date":"2020-12-02T15:40:53","date_gmt":"2020-12-02T14:40:53","guid":{"rendered":"https:\/\/mimolive.com\/?page_id=12226"},"modified":"2024-09-09T07:11:21","modified_gmt":"2024-09-09T05:11:21","slug":"emision-de-tv","status":"publish","type":"page","link":"https:\/\/mimolive.com\/es\/solutions\/tv-broadcast\/","title":{"rendered":"Potente estudio de v\u00eddeo en directo para cadenas de televisi\u00f3n"},"content":{"rendered":"<div data-elementor-type=\"wp-page\" data-elementor-id=\"12226\" class=\"elementor elementor-12226\" data-elementor-post-type=\"page\">\n\t\t\t\t<div class=\"elementor-element elementor-element-96740da no-lazy-load e-con-full e-flex e-con e-parent\" data-id=\"96740da\" data-element_type=\"container\" data-e-type=\"container\" data-settings=\"{&quot;background_background&quot;:&quot;video&quot;,&quot;background_video_link&quot;:&quot;https:\\\/\\\/mimolive.com\\\/wp-content\\\/uploads\\\/2024\\\/05\\\/broadcasting_studio.mp4&quot;,&quot;background_play_on_mobile&quot;:&quot;yes&quot;}\">\n\t\t<div class=\"elementor-background-video-container\">\n\t\t\t\t\t\t\t<video class=\"elementor-background-video-hosted\" role=\"presentation\" autoplay muted playsinline loop><\/video>\n\t\t\t\t\t<\/div><div class=\"elementor-element elementor-element-935ee67 e-flex e-con-boxed e-con e-child\" data-id=\"935ee67\" data-element_type=\"container\" data-e-type=\"container\">\n\t\t\t\t\t<div class=\"e-con-inner\">\n\t\t\t\t<div class=\"elementor-element elementor-element-3cc41a4 elementor-align-center cta-mimolive-download elementor-widget elementor-widget-button\" data-id=\"3cc41a4\" data-element_type=\"widget\" data-e-type=\"widget\" data-widget_type=\"button.default\">\n\t\t\t\t<div class=\"elementor-widget-container\">\n\t\t\t\t\t\t\t\t\t<div class=\"elementor-button-wrapper\">\n\t\t\t\t\t<a class=\"elementor-button elementor-button-link elementor-size-sm\" href=\"https:\/\/mimolive.com\/es\/descargar\/prueba-gratuita\/\">\n\t\t\t\t\t\t<span class=\"elementor-button-content-wrapper\">\n\t\t\t\t\t\t\t\t\t<span class=\"elementor-button-text\">   Iniciar prueba gratuita<\/span>\n\t\t\t\t\t<\/span>\n\t\t\t\t\t<\/a>\n\t\t\t\t<\/div>\n\t\t\t\t\t\t\t\t<\/div>\n\t\t\t\t<\/div>\n\t\t\t\t\t<\/div>\n\t\t\t\t<\/div>\n\t\t\t\t<\/div>\n\t\t<div class=\"elementor-element elementor-element-a589107 e-flex e-con-boxed e-con e-parent\" data-id=\"a589107\" data-element_type=\"container\" data-e-type=\"container\">\n\t\t\t\t\t<div class=\"e-con-inner\">\n\t\t<div class=\"elementor-element elementor-element-a36ffa9 e-con-full e-flex e-con e-child\" data-id=\"a36ffa9\" data-element_type=\"container\" data-e-type=\"container\">\n\t\t\t\t<div class=\"elementor-element elementor-element-e86067d elementor-widget elementor-widget-heading\" data-id=\"e86067d\" data-element_type=\"widget\" data-e-type=\"widget\" data-widget_type=\"heading.default\">\n\t\t\t\t<div class=\"elementor-widget-container\">\n\t\t\t\t\t<h2 class=\"elementor-heading-title elementor-size-default\">Televisi\u00f3n y radiodifusi\u00f3n en transformaci\u00f3n digital<\/h2>\t\t\t\t<\/div>\n\t\t\t\t<\/div>\n\t\t\t\t<div class=\"elementor-element elementor-element-5417a63 ml-intro elementor-widget elementor-widget-text-editor\" data-id=\"5417a63\" data-element_type=\"widget\" data-e-type=\"widget\" data-widget_type=\"text-editor.default\">\n\t\t\t\t<div class=\"elementor-widget-container\">\n\t\t\t\t\t\t\t\t\t<p>El sector de la televisi\u00f3n y la radiodifusi\u00f3n atraviesa una transformaci\u00f3n digital que cambia radicalmente la forma de producir programas de v\u00eddeo en directo. mimoLive ayuda a avanzar y ofrece soluciones desde el primer paso en un flujo de trabajo digital hasta una soluci\u00f3n independiente de producci\u00f3n digital en directo.<\/p>\n<p><strong>Tenemos una soluci\u00f3n para usted.<\/strong><\/p>\t\t\t\t\t\t\t\t<\/div>\n\t\t\t\t<\/div>\n\t\t\t\t<div class=\"elementor-element elementor-element-d63b48d elementor-icon-list--layout-traditional elementor-list-item-link-full_width elementor-widget elementor-widget-icon-list\" data-id=\"d63b48d\" data-element_type=\"widget\" data-e-type=\"widget\" data-widget_type=\"icon-list.default\">\n\t\t\t\t<div class=\"elementor-widget-container\">\n\t\t\t\t\t\t\t<ul class=\"elementor-icon-list-items\">\n\t\t\t\t\t\t\t<li class=\"elementor-icon-list-item\">\n\t\t\t\t\t\t\t\t\t\t\t<span class=\"elementor-icon-list-icon\">\n\t\t\t\t\t\t\t<svg aria-hidden=\"true\" class=\"e-font-icon-svg e-fas-check\" viewbox=\"0 0 512 512\" xmlns=\"http:\/\/www.w3.org\/2000\/svg\"><path d=\"M173.898 439.404l-166.4-166.4c-9.997-9.997-9.997-26.206 0-36.204l36.203-36.204c9.997-9.998 26.207-9.998 36.204 0L192 312.69 432.095 72.596c9.997-9.997 26.207-9.997 36.204 0l36.203 36.204c9.997 9.997 9.997 26.206 0 36.204l-294.4 294.401c-9.998 9.997-26.207 9.997-36.204-.001z\"><\/path><\/svg>\t\t\t\t\t\t<\/span>\n\t\t\t\t\t\t\t\t\t\t<span class=\"elementor-icon-list-text\">Configuraci\u00f3n cero para llamadas de v\u00eddeo en directo<\/span>\n\t\t\t\t\t\t\t\t\t<\/li>\n\t\t\t\t\t\t\t\t<li class=\"elementor-icon-list-item\">\n\t\t\t\t\t\t\t\t\t\t\t<span class=\"elementor-icon-list-icon\">\n\t\t\t\t\t\t\t<svg aria-hidden=\"true\" class=\"e-font-icon-svg e-fas-check\" viewbox=\"0 0 512 512\" xmlns=\"http:\/\/www.w3.org\/2000\/svg\"><path d=\"M173.898 439.404l-166.4-166.4c-9.997-9.997-9.997-26.206 0-36.204l36.203-36.204c9.997-9.998 26.207-9.998 36.204 0L192 312.69 432.095 72.596c9.997-9.997 26.207-9.997 36.204 0l36.203 36.204c9.997 9.997 9.997 26.206 0 36.204l-294.4 294.401c-9.998 9.997-26.207 9.997-36.204-.001z\"><\/path><\/svg>\t\t\t\t\t\t<\/span>\n\t\t\t\t\t\t\t\t\t\t<span class=\"elementor-icon-list-text\">F\u00e1cil manejo y personalizaci\u00f3n<\/span>\n\t\t\t\t\t\t\t\t\t<\/li>\n\t\t\t\t\t\t\t\t<li class=\"elementor-icon-list-item\">\n\t\t\t\t\t\t\t\t\t\t\t<span class=\"elementor-icon-list-icon\">\n\t\t\t\t\t\t\t<svg aria-hidden=\"true\" class=\"e-font-icon-svg e-fas-check\" viewbox=\"0 0 512 512\" xmlns=\"http:\/\/www.w3.org\/2000\/svg\"><path d=\"M173.898 439.404l-166.4-166.4c-9.997-9.997-9.997-26.206 0-36.204l36.203-36.204c9.997-9.998 26.207-9.998 36.204 0L192 312.69 432.095 72.596c9.997-9.997 26.207-9.997 36.204 0l36.203 36.204c9.997 9.997 9.997 26.206 0 36.204l-294.4 294.401c-9.998 9.997-26.207 9.997-36.204-.001z\"><\/path><\/svg>\t\t\t\t\t\t<\/span>\n\t\t\t\t\t\t\t\t\t\t<span class=\"elementor-icon-list-text\">Se integra en los flujos de trabajo existentes<\/span>\n\t\t\t\t\t\t\t\t\t<\/li>\n\t\t\t\t\t\t\t\t<li class=\"elementor-icon-list-item\">\n\t\t\t\t\t\t\t\t\t\t\t<span class=\"elementor-icon-list-icon\">\n\t\t\t\t\t\t\t<svg aria-hidden=\"true\" class=\"e-font-icon-svg e-fas-check\" viewbox=\"0 0 512 512\" xmlns=\"http:\/\/www.w3.org\/2000\/svg\"><path d=\"M173.898 439.404l-166.4-166.4c-9.997-9.997-9.997-26.206 0-36.204l36.203-36.204c9.997-9.998 26.207-9.998 36.204 0L192 312.69 432.095 72.596c9.997-9.997 26.207-9.997 36.204 0l36.203 36.204c9.997 9.997 9.997 26.206 0 36.204l-294.4 294.401c-9.998 9.997-26.207 9.997-36.204-.001z\"><\/path><\/svg>\t\t\t\t\t\t<\/span>\n\t\t\t\t\t\t\t\t\t\t<span class=\"elementor-icon-list-text\">Crece durante el proceso de transformaci\u00f3n<\/span>\n\t\t\t\t\t\t\t\t\t<\/li>\n\t\t\t\t\t\t\t\t<li class=\"elementor-icon-list-item\">\n\t\t\t\t\t\t\t\t\t\t\t<span class=\"elementor-icon-list-icon\">\n\t\t\t\t\t\t\t<svg aria-hidden=\"true\" class=\"e-font-icon-svg e-fas-check\" viewbox=\"0 0 512 512\" xmlns=\"http:\/\/www.w3.org\/2000\/svg\"><path d=\"M173.898 439.404l-166.4-166.4c-9.997-9.997-9.997-26.206 0-36.204l36.203-36.204c9.997-9.998 26.207-9.998 36.204 0L192 312.69 432.095 72.596c9.997-9.997 26.207-9.997 36.204 0l36.203 36.204c9.997 9.997 9.997 26.206 0 36.204l-294.4 294.401c-9.998 9.997-26.207 9.997-36.204-.001z\"><\/path><\/svg>\t\t\t\t\t\t<\/span>\n\t\t\t\t\t\t\t\t\t\t<span class=\"elementor-icon-list-text\">Desarrollo continuo, se mantiene al d\u00eda con las \u00faltimas tecnolog\u00edas<\/span>\n\t\t\t\t\t\t\t\t\t<\/li>\n\t\t\t\t\t\t\t\t<li class=\"elementor-icon-list-item\">\n\t\t\t\t\t\t\t\t\t\t\t<span class=\"elementor-icon-list-icon\">\n\t\t\t\t\t\t\t<svg aria-hidden=\"true\" class=\"e-font-icon-svg e-fas-check\" viewbox=\"0 0 512 512\" xmlns=\"http:\/\/www.w3.org\/2000\/svg\"><path d=\"M173.898 439.404l-166.4-166.4c-9.997-9.997-9.997-26.206 0-36.204l36.203-36.204c9.997-9.998 26.207-9.998 36.204 0L192 312.69 432.095 72.596c9.997-9.997 26.207-9.997 36.204 0l36.203 36.204c9.997 9.997 9.997 26.206 0 36.204l-294.4 294.401c-9.998 9.997-26.207 9.997-36.204-.001z\"><\/path><\/svg>\t\t\t\t\t\t<\/span>\n\t\t\t\t\t\t\t\t\t\t<span class=\"elementor-icon-list-text\">Uso de la potencia de la tarjeta gr\u00e1fica para acelerar el rendimiento<\/span>\n\t\t\t\t\t\t\t\t\t<\/li>\n\t\t\t\t\t\t<\/ul>\n\t\t\t\t\t\t<\/div>\n\t\t\t\t<\/div>\n\t\t\t\t<div class=\"elementor-element elementor-element-3898254 elementor-widget elementor-widget-image\" data-id=\"3898254\" data-element_type=\"widget\" data-e-type=\"widget\" data-widget_type=\"image.default\">\n\t\t\t\t<div class=\"elementor-widget-container\">\n\t\t\t\t\t\t\t\t\t\t\t\t<figure class=\"wp-caption\">\n\t\t\t\t\t\t\t\t\t\t<img fetchpriority=\"high\" decoding=\"async\" width=\"800\" height=\"516\" src=\"https:\/\/mimolive.com\/wp-content\/uploads\/2022\/09\/Screenshot-2022-09-27-at-15.15.41-1024x660.png\" class=\"attachment-large size-large wp-image-29396\" alt=\"Superposici\u00f3n de gr\u00e1ficos mimoLive\" srcset=\"https:\/\/mimolive.com\/wp-content\/uploads\/2022\/09\/Screenshot-2022-09-27-at-15.15.41-1024x660.png 1024w,  https:\/\/mimolive.com\/wp-content\/uploads\/2022\/09\/Screenshot-2022-09-27-at-15.15.41-300x193.png 300w,  https:\/\/mimolive.com\/wp-content\/uploads\/2022\/09\/Screenshot-2022-09-27-at-15.15.41-768x495.png 768w,  https:\/\/mimolive.com\/wp-content\/uploads\/2022\/09\/Screenshot-2022-09-27-at-15.15.41-1536x990.png 1536w,  https:\/\/mimolive.com\/wp-content\/uploads\/2022\/09\/Screenshot-2022-09-27-at-15.15.41.png 1856w\" sizes=\"(max-width: 800px) 100vw, 800px\" \/>\t\t\t\t\t\t\t\t\t\t\t<figcaption class=\"widget-image-caption wp-caption-text\">Plantilla generadora de gr\u00e1ficos superpuestos para principiantes - mimoLive 6.1.1<\/figcaption>\n\t\t\t\t\t\t\t\t\t\t<\/figure>\n\t\t\t\t\t\t\t\t\t<\/div>\n\t\t\t\t<\/div>\n\t\t\t\t<\/div>\n\t\t\t\t\t<\/div>\n\t\t\t\t<\/div>\n\t\t<div class=\"elementor-element elementor-element-4aa4e7f e-flex e-con-boxed e-con e-parent\" data-id=\"4aa4e7f\" data-element_type=\"container\" data-e-type=\"container\" data-settings=\"{&quot;background_background&quot;:&quot;classic&quot;}\">\n\t\t\t\t\t<div class=\"e-con-inner\">\n\t\t<div class=\"elementor-element elementor-element-c78547f e-con-full e-flex e-con e-child\" data-id=\"c78547f\" data-element_type=\"container\" data-e-type=\"container\">\n\t\t\t\t<div class=\"elementor-element elementor-element-d63b1e0 elementor-widget elementor-widget-testimonial\" data-id=\"d63b1e0\" data-element_type=\"widget\" data-e-type=\"widget\" data-widget_type=\"testimonial.default\">\n\t\t\t\t<div class=\"elementor-widget-container\">\n\t\t\t\t\t\t\t<div class=\"elementor-testimonial-wrapper\">\n\t\t\t\t\t\t\t<div class=\"elementor-testimonial-content\">\u00a1Nos encanta mimoLive! Se adapta perfectamente a las necesidades de nuestro programa.\nAcabamos de terminar la temporada del programa <a href=\"https:\/\/www.peacocktv.com\/wilmore\/ \" target=\"_blank\" rel=\"noopener\">https:\/\/www.peacocktv.com\/wilmore\/ <\/a><br>\nTodos los invitados entraban con mimoCall y se enviaban a trav\u00e9s de SDI a una pantalla LED en el plat\u00f3. Tambi\u00e9n utilizamos mimoLive para generar composiciones de pantalla dividida y enviar los gr\u00e1ficos y las im\u00e1genes de c\u00e1mara en directo a Zoom y de vuelta al invitado. <\/div>\n\t\t\t\n\t\t\t\t\t\t<div class=\"elementor-testimonial-meta elementor-has-image elementor-testimonial-image-position-aside\">\n\t\t\t\t<div class=\"elementor-testimonial-meta-inner\">\n\t\t\t\t\t\t\t\t\t\t\t<div class=\"elementor-testimonial-image\">\n\t\t\t\t\t\t\t<a href=\"https:\/\/en.wikipedia.org\/wiki\/Peacock_(streaming_service)\" target=\"_blank\" rel=\"noopener\"><img decoding=\"async\" width=\"255\" height=\"242\" src=\"https:\/\/mimolive.com\/wp-content\/uploads\/2022\/07\/peacock_icon.png\" class=\"attachment-full size-full wp-image-28092\" alt=\"\"><\/a>\t\t\t\t\t\t<\/div>\n\t\t\t\t\t\n\t\t\t\t\t\t\t\t\t\t<div class=\"elementor-testimonial-details\">\n\t\t\t\t\t\t\t\t\t\t\t\t\t\t<a class=\"elementor-testimonial-name\" href=\"https:\/\/en.wikipedia.org\/wiki\/Peacock_(streaming_service)\" target=\"_blank\" rel=\"noopener\">Brian Titen<\/a>\n\t\t\t\t\t\t\t\t\t\t\t\t\t\t\t\t\t\t\t\t\t\t<a class=\"elementor-testimonial-job\" href=\"https:\/\/en.wikipedia.org\/wiki\/Peacock_(streaming_service)\" target=\"_blank\" rel=\"noopener\">Hola! Ayudante t\u00e9cnico para PeacockTV de NBC<\/a>\n\t\t\t\t\t\t\t\t\t\t\t\t\t<\/div>\n\t\t\t\t\t\t\t\t\t<\/div>\n\t\t\t<\/div>\n\t\t\t\t\t<\/div>\n\t\t\t\t\t\t<\/div>\n\t\t\t\t<\/div>\n\t\t\t\t<\/div>\n\t\t\t\t\t<\/div>\n\t\t\t\t<\/div>\n\t\t<div class=\"elementor-element elementor-element-3d25131 e-flex e-con-boxed e-con e-parent\" data-id=\"3d25131\" data-element_type=\"container\" data-e-type=\"container\" data-settings=\"{&quot;background_background&quot;:&quot;classic&quot;}\">\n\t\t\t\t\t<div class=\"e-con-inner\">\n\t\t<div class=\"elementor-element elementor-element-3447541 e-con-full e-flex e-con e-child\" data-id=\"3447541\" data-element_type=\"container\" data-e-type=\"container\">\n\t\t\t\t<div class=\"elementor-element elementor-element-9643af3 elementor-widget elementor-widget-image\" data-id=\"9643af3\" data-element_type=\"widget\" data-e-type=\"widget\" data-widget_type=\"image.default\">\n\t\t\t\t<div class=\"elementor-widget-container\">\n\t\t\t\t\t\t\t\t\t\t\t\t\t\t\t\t<a href=\"https:\/\/bnx.li\/digitalstudio\" target=\"_blank\" rel=\"noopener\">\n\t\t\t\t\t\t\t<img decoding=\"async\" width=\"328\" height=\"66\" src=\"https:\/\/mimolive.com\/wp-content\/uploads\/2021\/04\/DigitalStudioIndia_png1_1.png\" class=\"attachment-medium_large size-medium_large wp-image-20188\" alt=\"\" srcset=\"https:\/\/mimolive.com\/wp-content\/uploads\/2021\/04\/DigitalStudioIndia_png1_1.png 328w,  https:\/\/mimolive.com\/wp-content\/uploads\/2021\/04\/DigitalStudioIndia_png1_1-300x60.png 300w\" sizes=\"(max-width: 328px) 100vw, 328px\">\t\t\t\t\t\t\t\t<\/a>\n\t\t\t\t\t\t\t\t\t\t\t\t\t\t\t<\/div>\n\t\t\t\t<\/div>\n\t\t\t\t<div class=\"elementor-element elementor-element-7d2e870 elementor-widget elementor-widget-heading\" data-id=\"7d2e870\" data-element_type=\"widget\" data-e-type=\"widget\" data-widget_type=\"heading.default\">\n\t\t\t\t<div class=\"elementor-widget-container\">\n\t\t\t\t\t<h2 class=\"elementor-heading-title elementor-size-default\">\u00bfC\u00f3mo emitir y transmitir con un peque\u00f1o equipo de producci\u00f3n?<\/h2>\t\t\t\t<\/div>\n\t\t\t\t<\/div>\n\t\t\t\t<div class=\"elementor-element elementor-element-d221dae elementor-widget elementor-widget-text-editor\" data-id=\"d221dae\" data-element_type=\"widget\" data-e-type=\"widget\" data-widget_type=\"text-editor.default\">\n\t\t\t\t<div class=\"elementor-widget-container\">\n\t\t\t\t\t\t\t\t\t<p><strong>Equipos peque\u00f1os grandes resultados<\/strong> - lea m\u00e1s en la prensa profesional de radiodifusi\u00f3n:<\/p><p><a href=\"https:\/\/bnx.li\/digitalstudio\" target=\"_blank\" rel=\"noopener\">https:\/\/bnx.li\/digitalstudio<\/a><\/p><p>\u00a0<\/p>\t\t\t\t\t\t\t\t<\/div>\n\t\t\t\t<\/div>\n\t\t\t\t<\/div>\n\t\t\t\t\t<\/div>\n\t\t\t\t<\/div>\n\t\t<div class=\"elementor-element elementor-element-1c2c0e8 e-flex e-con-boxed e-con e-parent\" data-id=\"1c2c0e8\" data-element_type=\"container\" data-e-type=\"container\">\n\t\t\t\t\t<div class=\"e-con-inner\">\n\t\t<div class=\"elementor-element elementor-element-247e41b e-con-full e-flex e-con e-child\" data-id=\"247e41b\" data-element_type=\"container\" data-e-type=\"container\" data-settings=\"{&quot;background_background&quot;:&quot;classic&quot;}\">\n\t\t\t\t<div class=\"elementor-element elementor-element-c12655f elementor-widget elementor-widget-image\" data-id=\"c12655f\" data-element_type=\"widget\" data-e-type=\"widget\" data-widget_type=\"image.default\">\n\t\t\t\t<div class=\"elementor-widget-container\">\n\t\t\t\t\t\t\t\t\t\t\t\t\t\t\t<img loading=\"lazy\" decoding=\"async\" width=\"768\" height=\"464\" src=\"https:\/\/mimolive.com\/wp-content\/uploads\/2021\/01\/broadcasting-v2-768x464.jpg\" class=\"attachment-medium_large size-medium_large wp-image-14787\" alt=\"\" srcset=\"https:\/\/mimolive.com\/wp-content\/uploads\/2021\/01\/broadcasting-v2-768x464.jpg 768w,  https:\/\/mimolive.com\/wp-content\/uploads\/2021\/01\/broadcasting-v2-300x181.jpg 300w,  https:\/\/mimolive.com\/wp-content\/uploads\/2021\/01\/broadcasting-v2-1024x618.jpg 1024w,  https:\/\/mimolive.com\/wp-content\/uploads\/2021\/01\/broadcasting-v2.jpg 1202w\" sizes=\"(max-width: 768px) 100vw, 768px\">\t\t\t\t\t\t\t\t\t\t\t\t\t\t\t<\/div>\n\t\t\t\t<\/div>\n\t\t\t\t<div class=\"elementor-element elementor-element-10fd31e elementor-widget elementor-widget-image\" data-id=\"10fd31e\" data-element_type=\"widget\" data-e-type=\"widget\" data-widget_type=\"image.default\">\n\t\t\t\t<div class=\"elementor-widget-container\">\n\t\t\t\t\t\t\t\t\t\t\t\t\t\t\t<img loading=\"lazy\" decoding=\"async\" width=\"768\" height=\"809\" src=\"https:\/\/mimolive.com\/wp-content\/uploads\/2021\/01\/broadcasting-v1-768x809.jpg\" class=\"attachment-medium_large size-medium_large wp-image-14791\" alt=\"\" srcset=\"https:\/\/mimolive.com\/wp-content\/uploads\/2021\/01\/broadcasting-v1-768x809.jpg 768w,  https:\/\/mimolive.com\/wp-content\/uploads\/2021\/01\/broadcasting-v1-285x300.jpg 285w,  https:\/\/mimolive.com\/wp-content\/uploads\/2021\/01\/broadcasting-v1-972x1024.jpg 972w,  https:\/\/mimolive.com\/wp-content\/uploads\/2021\/01\/broadcasting-v1-1458x1536.jpg 1458w,  https:\/\/mimolive.com\/wp-content\/uploads\/2021\/01\/broadcasting-v1-1944x2048.jpg 1944w,  https:\/\/mimolive.com\/wp-content\/uploads\/2021\/01\/broadcasting-v1.jpg 2000w\" sizes=\"(max-width: 768px) 100vw, 768px\">\t\t\t\t\t\t\t\t\t\t\t\t\t\t\t<\/div>\n\t\t\t\t<\/div>\n\t\t\t\t<div class=\"elementor-element elementor-element-5efa471 elementor-widget elementor-widget-image\" data-id=\"5efa471\" data-element_type=\"widget\" data-e-type=\"widget\" data-widget_type=\"image.default\">\n\t\t\t\t<div class=\"elementor-widget-container\">\n\t\t\t\t\t\t\t\t\t\t\t\t\t\t\t<img loading=\"lazy\" decoding=\"async\" width=\"768\" height=\"281\" src=\"https:\/\/mimolive.com\/wp-content\/uploads\/2020\/10\/in-out.svg\" class=\"attachment-medium_large size-medium_large wp-image-256\" alt=\"\">\t\t\t\t\t\t\t\t\t\t\t\t\t\t\t<\/div>\n\t\t\t\t<\/div>\n\t\t\t\t<\/div>\n\t\t<div class=\"elementor-element elementor-element-8068fd9 e-con-full e-flex e-con e-child\" data-id=\"8068fd9\" data-element_type=\"container\" data-e-type=\"container\">\n\t\t\t\t<div class=\"elementor-element elementor-element-46c5173 elementor-widget elementor-widget-heading\" data-id=\"46c5173\" data-element_type=\"widget\" data-e-type=\"widget\" data-widget_type=\"heading.default\">\n\t\t\t\t<div class=\"elementor-widget-container\">\n\t\t\t\t\t<h2 class=\"elementor-heading-title elementor-size-default\">Conmutador de v\u00eddeo profesional para televisi\u00f3n y radiodifusi\u00f3n<\/h2>\t\t\t\t<\/div>\n\t\t\t\t<\/div>\n\t\t\t\t<div class=\"elementor-element elementor-element-73c9bf6 elementor-widget elementor-widget-heading\" data-id=\"73c9bf6\" data-element_type=\"widget\" data-e-type=\"widget\" data-widget_type=\"heading.default\">\n\t\t\t\t<div class=\"elementor-widget-container\">\n\t\t\t\t\t<h3 class=\"elementor-heading-title elementor-size-default\">mimoLive - La mejor forma de hacer televisi\u00f3n y retransmisiones en directo.<\/h3>\t\t\t\t<\/div>\n\t\t\t\t<\/div>\n\t\t\t\t<div class=\"elementor-element elementor-element-971d414 elementor-widget elementor-widget-text-editor\" data-id=\"971d414\" data-element_type=\"widget\" data-e-type=\"widget\" data-widget_type=\"text-editor.default\">\n\t\t\t\t<div class=\"elementor-widget-container\">\n\t\t\t\t\t\t\t\t\tEl flujo de trabajo de v\u00eddeo en directo con mimoLive sigue cuatro pasos principales. En primer lugar, captura tus secuencias de v\u00eddeo con cualquier c\u00e1mara. Seguido del segundo paso, la entrada en el ordenador. Convencionalmente se utilizan tarjetas gr\u00e1ficas profesionales, conversores externos SDI \/ HDMI y, m\u00e1s recientemente, videoc\u00e1maras NDI\u00ae 4. Hoy en d\u00eda creemos en el futuro del est\u00e1ndar de red NDI\u00ae 4, por eso te recomendamos que compruebes si NDI\u00ae 4 ofrece buenos resultados para tu tipo de transmisi\u00f3n de v\u00eddeo en directo.\t\t\t\t\t\t\t\t<\/div>\n\t\t\t\t<\/div>\n\t\t\t\t<div class=\"elementor-element elementor-element-1d1fa73 elementor-widget elementor-widget-heading\" data-id=\"1d1fa73\" data-element_type=\"widget\" data-e-type=\"widget\" data-widget_type=\"heading.default\">\n\t\t\t\t<div class=\"elementor-widget-container\">\n\t\t\t\t\t<h3 class=\"elementor-heading-title elementor-size-default\">Cambiar de c\u00e1mara, realizar llamadas de v\u00eddeo, a\u00f1adir gr\u00e1ficos y descodificar la retransmisi\u00f3n final en directo<\/h3>\t\t\t\t<\/div>\n\t\t\t\t<\/div>\n\t\t\t\t<div class=\"elementor-element elementor-element-0dfa115 elementor-widget elementor-widget-text-editor\" data-id=\"0dfa115\" data-element_type=\"widget\" data-e-type=\"widget\" data-widget_type=\"text-editor.default\">\n\t\t\t\t<div class=\"elementor-widget-container\">\n\t\t\t\t\t\t\t\t\t<p>Una vez que los flujos de v\u00eddeo llegan a tu Mac, es hora de que mimoLive\u2122 se encargue de codificar, cambiar los flujos de v\u00eddeo, a\u00f1adir gr\u00e1ficos y descodificar el flujo final. Este es el tercer gran paso del flujo de trabajo para el director del espect\u00e1culo. Capacitamos a los productores de v\u00eddeo para controlar espect\u00e1culos en directo integrales realizados por peque\u00f1os equipos.<br \/>Por \u00faltimo, mimoLive utiliza varios preajustes para las principales plataformas de streaming con el fin de simplificarte la vida laboral y hacer que el cuarto paso de tu flujo de trabajo sea lo m\u00e1s sencillo posible.<\/p>\t\t\t\t\t\t\t\t<\/div>\n\t\t\t\t<\/div>\n\t\t\t\t<\/div>\n\t\t\t\t\t<\/div>\n\t\t\t\t<\/div>\n\t\t\t\t<\/div>","protected":false},"excerpt":{"rendered":"<p>Start Free Trial TV &amp; Broadcast in digital transformation The TV &amp; broadcast industry goes through a digital transformation that fundamentally changes the way we produce live video shows. mimoLive helps to push forward and offers solutions from the first step into a digital workflow to a standalone digital live production solution. We have a [&hellip;]<\/p>","protected":false},"author":1,"featured_media":37352,"parent":11260,"menu_order":3,"comment_status":"closed","ping_status":"closed","template":"elementor_header_footer","meta":{"_acf_changed":false,"_angie_page":false,"_lmt_disableupdate":"","_lmt_disable":"","footnotes":""},"class_list":["post-12226","page","type-page","status-publish","has-post-thumbnail","hentry"],"acf":[],"_links":{"self":[{"href":"https:\/\/mimolive.com\/es\/wp-json\/wp\/v2\/pages\/12226","targetHints":{"allow":["GET"]}}],"collection":[{"href":"https:\/\/mimolive.com\/es\/wp-json\/wp\/v2\/pages"}],"about":[{"href":"https:\/\/mimolive.com\/es\/wp-json\/wp\/v2\/types\/page"}],"author":[{"embeddable":true,"href":"https:\/\/mimolive.com\/es\/wp-json\/wp\/v2\/users\/1"}],"replies":[{"embeddable":true,"href":"https:\/\/mimolive.com\/es\/wp-json\/wp\/v2\/comments?post=12226"}],"version-history":[{"count":11,"href":"https:\/\/mimolive.com\/es\/wp-json\/wp\/v2\/pages\/12226\/revisions"}],"predecessor-version":[{"id":38990,"href":"https:\/\/mimolive.com\/es\/wp-json\/wp\/v2\/pages\/12226\/revisions\/38990"}],"up":[{"embeddable":true,"href":"https:\/\/mimolive.com\/es\/wp-json\/wp\/v2\/pages\/11260"}],"wp:featuredmedia":[{"embeddable":true,"href":"https:\/\/mimolive.com\/es\/wp-json\/wp\/v2\/media\/37352"}],"wp:attachment":[{"href":"https:\/\/mimolive.com\/es\/wp-json\/wp\/v2\/media?parent=12226"}],"curies":[{"name":"wp","href":"https:\/\/api.w.org\/{rel}","templated":true}]}}