{"id":12703,"date":"2020-12-10T17:03:36","date_gmt":"2020-12-10T16:03:36","guid":{"rendered":"https:\/\/mimolive.com\/?page_id=12703"},"modified":"2024-12-20T04:03:00","modified_gmt":"2024-12-20T03:03:00","slug":"graficos-para-radiodifusion-y-retransmisiones-en-directo","status":"publish","type":"page","link":"https:\/\/mimolive.com\/es\/technology\/graphics-for-broadcasting-and-live-streaming\/","title":{"rendered":"Ventajas de las capas para la radiodifusi\u00f3n"},"content":{"rendered":"<div data-elementor-type=\"wp-page\" data-elementor-id=\"12703\" class=\"elementor elementor-12703\" data-elementor-post-type=\"page\">\n\t\t\t\t<div class=\"elementor-element elementor-element-40ccf98 e-flex e-con-boxed e-con e-parent\" data-id=\"40ccf98\" data-element_type=\"container\" data-e-type=\"container\">\n\t\t\t\t\t<div class=\"e-con-inner\">\n\t\t\t\t<div class=\"elementor-element elementor-element-5011bf2 elementor-widget elementor-widget-heading\" data-id=\"5011bf2\" data-element_type=\"widget\" data-e-type=\"widget\" data-widget_type=\"heading.default\">\n\t\t\t\t<div class=\"elementor-widget-container\">\n\t\t\t\t\t<h1 class=\"elementor-heading-title elementor-size-default\">Ventajas de las capas para la radiodifusi\u00f3n<\/h1>\t\t\t\t<\/div>\n\t\t\t\t<\/div>\n\t\t<div class=\"elementor-element elementor-element-2c8f8c8 e-con-full e-grid e-con e-child\" data-id=\"2c8f8c8\" data-element_type=\"container\" data-e-type=\"container\">\n\t\t<div class=\"elementor-element elementor-element-9d08b56 e-con-full e-flex e-con e-child\" data-id=\"9d08b56\" data-element_type=\"container\" data-e-type=\"container\" data-settings=\"{&quot;background_background&quot;:&quot;classic&quot;}\">\n\t\t\t\t<div class=\"elementor-element elementor-element-488dab3 elementor-widget elementor-widget-heading\" data-id=\"488dab3\" data-element_type=\"widget\" data-e-type=\"widget\" data-widget_type=\"heading.default\">\n\t\t\t\t<div class=\"elementor-widget-container\">\n\t\t\t\t\t<h3 class=\"elementor-heading-title elementor-size-default\">\u00bfCu\u00e1les son las ventajas de las capas para la radiodifusi\u00f3n y la transmisi\u00f3n en directo?<\/h3>\t\t\t\t<\/div>\n\t\t\t\t<\/div>\n\t\t\t\t<div class=\"elementor-element elementor-element-088a215 elementor-widget elementor-widget-text-editor\" data-id=\"088a215\" data-element_type=\"widget\" data-e-type=\"widget\" data-widget_type=\"text-editor.default\">\n\t\t\t\t<div class=\"elementor-widget-container\">\n\t\t\t\t\t\t\t\t\t<p>Las capas proporcionan una forma estructurada y organizada de trabajar en diferentes elementos de su <b>v\u00eddeo.\u00a0<\/b><br \/>Cada capa aporta caracter\u00edsticas y los controles al proyecto.\u00a0<\/p><p>\u00a0<\/p><p>Le permiten <b>aislar<\/b> y <b>manipule<\/b> individual <b>gr\u00e1ficos<\/b>\u00a0sin afectar al resto de la composici\u00f3n, lo que permite realizar ajustes y ediciones precisos.\u00a0<\/p><p>\u00a0<\/p><p>Este<b> flexibilidad<\/b> tambi\u00e9n facilita la experimentaci\u00f3n, ya que puede probar f\u00e1cilmente diferentes elementos visuales y <b>disposiciones<\/b>.\u00a0<\/p><p>\u00a0<\/p><p>Las capas ofrecen un <b>no destructivo<\/b> conservando el contenido original y permiti\u00e9ndole mejorar, perfeccionar o modificar aspectos concretos. Adem\u00e1s, las capas permiten <b>colaboraci\u00f3n<\/b> y control de versiones, por lo que <b>m\u00e1s sencillo<\/b> para compartir su trabajo con los dem\u00e1s y realizar un seguimiento de los cambios.\u00a0<\/p><p>\u00a0<\/p><p>En general, el aprovechamiento de las capas le permite alcanzar un mayor nivel de control, <b>creatividad<\/b>y profesionalidad en sus proyectos de dise\u00f1o.<\/p>\t\t\t\t\t\t\t\t<\/div>\n\t\t\t\t<\/div>\n\t\t\t\t<\/div>\n\t\t<div class=\"elementor-element elementor-element-2326297 e-con-full e-flex e-con e-child\" data-id=\"2326297\" data-element_type=\"container\" data-e-type=\"container\">\n\t\t\t\t<div class=\"elementor-element elementor-element-1c5d2e1 elementor-widget elementor-widget-image\" data-id=\"1c5d2e1\" data-element_type=\"widget\" data-e-type=\"widget\" data-widget_type=\"image.default\">\n\t\t\t\t<div class=\"elementor-widget-container\">\n\t\t\t\t\t\t\t\t\t\t\t\t<figure class=\"wp-caption\">\n\t\t\t\t\t\t\t\t\t\t\t<a href=\"https:\/\/mimolive.com\/wp-content\/uploads\/2022\/01\/WeatherNews_Woman-B.jpg\" data-elementor-open-lightbox=\"yes\" data-elementor-lightbox-title=\"WeatherNews_Woman-B\" data-e-action-hash=\"#elementor-action%3Aaction%3Dlightbox%26settings%3DeyJpZCI6MjQ5MjMsInVybCI6Imh0dHBzOlwvXC9taW1vbGl2ZS5jb21cL3dwLWNvbnRlbnRcL3VwbG9hZHNcLzIwMjJcLzAxXC9XZWF0aGVyTmV3c19Xb21hbi1CLmpwZyJ9\">\n\t\t\t\t\t\t\t<img fetchpriority=\"high\" decoding=\"async\" width=\"768\" height=\"535\" src=\"https:\/\/mimolive.com\/wp-content\/uploads\/2022\/01\/WeatherNews_Woman-B-768x535.jpg\" class=\"attachment-medium_large size-medium_large wp-image-24923\" alt=\"Concepto de croma\" srcset=\"https:\/\/mimolive.com\/wp-content\/uploads\/2022\/01\/WeatherNews_Woman-B-768x535.jpg 768w,  https:\/\/mimolive.com\/wp-content\/uploads\/2022\/01\/WeatherNews_Woman-B-300x209.jpg 300w,  https:\/\/mimolive.com\/wp-content\/uploads\/2022\/01\/WeatherNews_Woman-B-1024x713.jpg 1024w,  https:\/\/mimolive.com\/wp-content\/uploads\/2022\/01\/WeatherNews_Woman-B.jpg 1200w\" sizes=\"(max-width: 768px) 100vw, 768px\" \/>\t\t\t\t\t\t\t\t<\/a>\n\t\t\t\t\t\t\t\t\t\t\t<figcaption class=\"widget-image-caption wp-caption-text\">1. Capa de fondo; 2. Mapa interactivo; 3. Anchorwoman con pantalla verde; 4. Lower Thirds con logotipo y Newsfeed<\/figcaption>\n\t\t\t\t\t\t\t\t\t\t<\/figure>\n\t\t\t\t\t\t\t\t\t<\/div>\n\t\t\t\t<\/div>\n\t\t\t\t<div class=\"elementor-element elementor-element-2c8ca4c elementor-widget elementor-widget-image\" data-id=\"2c8ca4c\" data-element_type=\"widget\" data-e-type=\"widget\" data-widget_type=\"image.default\">\n\t\t\t\t<div class=\"elementor-widget-container\">\n\t\t\t\t\t\t\t\t\t\t\t\t<figure class=\"wp-caption\">\n\t\t\t\t\t\t\t\t\t\t\t<a href=\"https:\/\/mimolive.com\/wp-content\/uploads\/2024\/09\/Screenshot-2024-09-12-at-10.05.15.png\" data-elementor-open-lightbox=\"yes\" data-elementor-lightbox-title=\"Add a layer in mimoLive\" data-e-action-hash=\"#elementor-action%3Aaction%3Dlightbox%26settings%3DeyJpZCI6MzkwNzIsInVybCI6Imh0dHBzOlwvXC9taW1vbGl2ZS5jb21cL3dwLWNvbnRlbnRcL3VwbG9hZHNcLzIwMjRcLzA5XC9TY3JlZW5zaG90LTIwMjQtMDktMTItYXQtMTAuMDUuMTUucG5nIn0%3D\">\n\t\t\t\t\t\t\t<img decoding=\"async\" width=\"768\" height=\"499\" src=\"https:\/\/mimolive.com\/wp-content\/uploads\/2024\/09\/Screenshot-2024-09-12-at-10.05.15-768x499.png\" class=\"attachment-medium_large size-medium_large wp-image-39072\" alt=\"\" srcset=\"https:\/\/mimolive.com\/wp-content\/uploads\/2024\/09\/Screenshot-2024-09-12-at-10.05.15-768x499.png 768w,  https:\/\/mimolive.com\/wp-content\/uploads\/2024\/09\/Screenshot-2024-09-12-at-10.05.15-300x195.png 300w,  https:\/\/mimolive.com\/wp-content\/uploads\/2024\/09\/Screenshot-2024-09-12-at-10.05.15-1024x666.png 1024w,  https:\/\/mimolive.com\/wp-content\/uploads\/2024\/09\/Screenshot-2024-09-12-at-10.05.15-1536x999.png 1536w,  https:\/\/mimolive.com\/wp-content\/uploads\/2024\/09\/Screenshot-2024-09-12-at-10.05.15-2048x1332.png 2048w,  https:\/\/mimolive.com\/wp-content\/uploads\/2024\/09\/Screenshot-2024-09-12-at-10.05.15-18x12.png 18w\" sizes=\"(max-width: 768px) 100vw, 768px\">\t\t\t\t\t\t\t\t<\/a>\n\t\t\t\t\t\t\t\t\t\t\t<figcaption class=\"widget-image-caption wp-caption-text\">A\u00f1adir una nueva capa<\/figcaption>\n\t\t\t\t\t\t\t\t\t\t<\/figure>\n\t\t\t\t\t\t\t\t\t<\/div>\n\t\t\t\t<\/div>\n\t\t\t\t<\/div>\n\t\t\t\t<\/div>\n\t\t<div class=\"elementor-element elementor-element-a7f8ff1 e-flex e-con-boxed e-con e-child\" data-id=\"a7f8ff1\" data-element_type=\"container\" data-e-type=\"container\">\n\t\t\t\t\t<div class=\"e-con-inner\">\n\t\t\t\t<div class=\"elementor-element elementor-element-e66a137 elementor-widget elementor-widget-heading\" data-id=\"e66a137\" data-element_type=\"widget\" data-e-type=\"widget\" data-widget_type=\"heading.default\">\n\t\t\t\t<div class=\"elementor-widget-container\">\n\t\t\t\t\t<h3 class=\"elementor-heading-title elementor-size-default\">La capa de colocaci\u00f3n: la capa m\u00e1s potente de mimoLive<\/h3>\t\t\t\t<\/div>\n\t\t\t\t<\/div>\n\t\t\t\t<div class=\"elementor-element elementor-element-08bfe03 elementor-widget elementor-widget-text-editor\" data-id=\"08bfe03\" data-element_type=\"widget\" data-e-type=\"widget\" data-widget_type=\"text-editor.default\">\n\t\t\t\t<div class=\"elementor-widget-container\">\n\t\t\t\t\t\t\t\t\t<p>Coloque los medios en la pila de capas, sit\u00fae los medios en su flujo, cambie la geometr\u00eda y muchas cosas m\u00e1s. Esta capa es la primera que necesita conocer.<\/p>\t\t\t\t\t\t\t\t<\/div>\n\t\t\t\t<\/div>\n\t\t\t\t<div class=\"elementor-element elementor-element-bb85a20 elementor-widget elementor-widget-video\" data-id=\"bb85a20\" data-element_type=\"widget\" data-e-type=\"widget\" data-settings=\"{&quot;video_type&quot;:&quot;hosted&quot;,&quot;controls&quot;:&quot;yes&quot;}\" data-widget_type=\"video.default\">\n\t\t\t\t<div class=\"elementor-widget-container\">\n\t\t\t\t\t\t\t<div class=\"e-hosted-video elementor-wrapper elementor-open-inline\">\n\t\t\t\t\t<video class=\"elementor-video\" src=\"https:\/\/mimolive.com\/wp-content\/uploads\/2024\/04\/mimoLive-Learn-the-basics-Vol.1-V3.mp4\" controls=\"\" preload=\"metadata\" controlslist=\"nodownload\" poster=\"https:\/\/mimolive.com\/wp-content\/uploads\/2024\/04\/mimoLive-Learn-the-basics-Vol.1-V3-cover-scaled.jpg\"><\/video>\n\t\t\t\t<\/div>\n\t\t\t\t\t\t<\/div>\n\t\t\t\t<\/div>\n\t\t\t\t\t<\/div>\n\t\t\t\t<\/div>\n\t\t\t\t<div class=\"elementor-element elementor-element-fdf88ef elementor-widget elementor-widget-text-editor\" data-id=\"fdf88ef\" data-element_type=\"widget\" data-e-type=\"widget\" data-widget_type=\"text-editor.default\">\n\t\t\t\t<div class=\"elementor-widget-container\">\n\t\t\t\t\t\t\t\t\t<h3><span style=\"color: var( --e-global-color-primary ); font-family: var( --e-global-typography-secondary-font-family ), Sans-serif, Arial; font-size: var( --e-global-typography-secondary-font-size ); font-weight: var( --e-global-typography-secondary-font-weight ); text-align: var(--text-align); letter-spacing: var( --e-global-typography-text-letter-spacing ); word-spacing: var( --e-global-typography-text-word-spacing );\">Control avanzado,\u00a0<\/span>Configuraci\u00f3n de escenas con el juego de capas<\/h3><p>Y si quiere profundizar m\u00e1s, no deje de consultar nuestro <a href=\"https:\/\/mimolive.com\/es\/manual-del-usuario\/uso-de-mimolive\/capas-y-variantes\/\">Capas, ajustes y variantes<\/a> para obtener informaci\u00f3n avanzada sobre c\u00f3mo trabajar con capas y crear variantes para la configuraci\u00f3n de escenas y mucho m\u00e1s. Consulte <a href=\"https:\/\/mimolive.com\/es\/tecnologia\/capa-grafica-mimolive-a-z\/\">Resumen de capas de mimoLive de la A a la Z<\/a>.\u00a0<\/p><p><b>\u00a1Empecemos!<\/b><\/p>\t\t\t\t\t\t\t\t<\/div>\n\t\t\t\t<\/div>\n\t\t\t\t\t<\/div>\n\t\t\t\t<\/div>\n\t\t\t\t<\/div>","protected":false},"excerpt":{"rendered":"<p>Benefits of layers for Broadcasting What are the benefits of Layers for Broadcasting and Live Streaming? Layers provide a structured and organized way to work on different elements of your video.\u00a0Each layer brings features and the controls to the project.\u00a0 \u00a0 They allow you to isolate and manipulate individual graphics\u00a0without affecting the rest of the [&hellip;]<\/p>","protected":false},"author":1,"featured_media":0,"parent":11351,"menu_order":10,"comment_status":"closed","ping_status":"closed","template":"elementor_header_footer","meta":{"_acf_changed":false,"_angie_page":false,"_lmt_disableupdate":"","_lmt_disable":"","footnotes":""},"class_list":["post-12703","page","type-page","status-publish","hentry"],"acf":[],"_links":{"self":[{"href":"https:\/\/mimolive.com\/es\/wp-json\/wp\/v2\/pages\/12703","targetHints":{"allow":["GET"]}}],"collection":[{"href":"https:\/\/mimolive.com\/es\/wp-json\/wp\/v2\/pages"}],"about":[{"href":"https:\/\/mimolive.com\/es\/wp-json\/wp\/v2\/types\/page"}],"author":[{"embeddable":true,"href":"https:\/\/mimolive.com\/es\/wp-json\/wp\/v2\/users\/1"}],"replies":[{"embeddable":true,"href":"https:\/\/mimolive.com\/es\/wp-json\/wp\/v2\/comments?post=12703"}],"version-history":[{"count":25,"href":"https:\/\/mimolive.com\/es\/wp-json\/wp\/v2\/pages\/12703\/revisions"}],"predecessor-version":[{"id":40447,"href":"https:\/\/mimolive.com\/es\/wp-json\/wp\/v2\/pages\/12703\/revisions\/40447"}],"up":[{"embeddable":true,"href":"https:\/\/mimolive.com\/es\/wp-json\/wp\/v2\/pages\/11351"}],"wp:attachment":[{"href":"https:\/\/mimolive.com\/es\/wp-json\/wp\/v2\/media?parent=12703"}],"curies":[{"name":"wp","href":"https:\/\/api.w.org\/{rel}","templated":true}]}}