{"id":36075,"date":"2023-12-01T14:23:28","date_gmt":"2023-12-01T13:23:28","guid":{"rendered":"https:\/\/mimolive.com\/?page_id=36075"},"modified":"2023-12-06T19:05:19","modified_gmt":"2023-12-06T18:05:19","slug":"zoomdemo","status":"publish","type":"page","link":"https:\/\/mimolive.com\/es\/zoomdemo\/","title":{"rendered":"Demostraci\u00f3n de Zoom Call - Powered by mimoLive, Disponible 24\/7"},"content":{"rendered":"<div data-elementor-type=\"wp-page\" data-elementor-id=\"36075\" class=\"elementor elementor-36075\" data-elementor-post-type=\"page\">\n\t\t\t\t<div class=\"elementor-element elementor-element-263f1d42 e-flex e-con-boxed e-con e-parent\" data-id=\"263f1d42\" data-element_type=\"container\" data-e-type=\"container\">\n\t\t\t\t\t<div class=\"e-con-inner\">\n\t\t\t\t<div class=\"elementor-element elementor-element-246c66b elementor-widget elementor-widget-heading\" data-id=\"246c66b\" data-element_type=\"widget\" data-e-type=\"widget\" data-widget_type=\"heading.default\">\n\t\t\t\t<div class=\"elementor-widget-container\">\n\t\t\t\t\t<h1 class=\"elementor-heading-title elementor-size-default\">Demostraci\u00f3n de Zoom Call - Powered by mimoLive, Disponible 24\/7<\/h1>\t\t\t\t<\/div>\n\t\t\t\t<\/div>\n\t\t\t\t<div class=\"elementor-element elementor-element-bd70566 elementor-widget elementor-widget-heading\" data-id=\"bd70566\" data-element_type=\"widget\" data-e-type=\"widget\" data-widget_type=\"heading.default\">\n\t\t\t\t<div class=\"elementor-widget-container\">\n\t\t\t\t\t<h2 class=\"elementor-heading-title elementor-size-default\">Experimente el futuro de la televisi\u00f3n en directo<\/h2>\t\t\t\t<\/div>\n\t\t\t\t<\/div>\n\t\t\t\t\t<\/div>\n\t\t\t\t<\/div>\n\t\t<div class=\"elementor-element elementor-element-5a27097 e-flex e-con-boxed e-con e-parent\" data-id=\"5a27097\" data-element_type=\"container\" data-e-type=\"container\">\n\t\t\t\t\t<div class=\"e-con-inner\">\n\t\t<div class=\"elementor-element elementor-element-0acca28 e-flex e-con-boxed e-con e-child\" data-id=\"0acca28\" data-element_type=\"container\" data-e-type=\"container\">\n\t\t\t\t\t<div class=\"e-con-inner\">\n\t\t\t\t<div class=\"elementor-element elementor-element-139658b elementor-widget elementor-widget-text-editor\" data-id=\"139658b\" data-element_type=\"widget\" data-e-type=\"widget\" data-widget_type=\"text-editor.default\">\n\t\t\t\t<div class=\"elementor-widget-container\">\n\t\t\t\t\t\t\t\t\t<p>Bienvenido a nuestra vanguardista demostraci\u00f3n de llamadas de Zoom, un escaparate que funciona en un Mac basado en la nube con el potente software mimoLive. Esta demostraci\u00f3n est\u00e1 dise\u00f1ada para mostrar c\u00f3mo mimoLive revoluciona las llamadas de Zoom para la retransmisi\u00f3n televisiva, ofreciendo un control y una creatividad sin precedentes a los equipos de producci\u00f3n.<\/p>\n<h4><strong>C\u00f3mo participar en la demostraci\u00f3n<\/strong><\/h4>\n<p>La participaci\u00f3n es sencilla y personalizada:<\/p>\n<ol>\n<li><strong>Rellene el formulario<\/strong>: Indique su nombre, apellidos y direcci\u00f3n de correo electr\u00f3nico.<\/li>\n<li><strong>Reciba su enlace personal<\/strong>: Tras el env\u00edo, recibir\u00e1s un correo electr\u00f3nico personalizado con un enlace exclusivo a nuestra demostraci\u00f3n de reuni\u00f3n de Zoom.<\/li>\n<li><strong>\u00danete y descubre<\/strong>: Haga clic en el enlace, \u00fanase a la reuni\u00f3n y vea c\u00f3mo se desarrolla la demostraci\u00f3n en directo.<\/li>\n<\/ol>\n<h4><strong>Qu\u00e9 experimentar\u00e1<\/strong><\/h4>\n<p>Durante la llamada de Zoom, ser\u00e1s testigo directo de c\u00f3mo mimoLive transforma una reuni\u00f3n est\u00e1ndar de Zoom en una emisi\u00f3n de TV profesional:<\/p>\n<ul>\n<li><strong>Edici\u00f3n en directo<\/strong>: Comprueba c\u00f3mo mimoLive edita las llamadas de Zoom en tiempo real, proporcionando transiciones fluidas, superposiciones y mucho m\u00e1s.<\/li>\n<li><strong>Aplicaciones de radiodifusi\u00f3n televisiva<\/strong>: Descubre la versatilidad de Zoom integrado con mimoLive para diversos escenarios de retransmisi\u00f3n, incluidas entrevistas y mesas redondas virtuales.<\/li>\n<li><strong>Libertad creativa<\/strong>: Descubra c\u00f3mo mimoLive da libertad creativa a los equipos de producci\u00f3n para crear experiencias \u00fanicas de TV en directo.<\/li>\n<\/ul>\t\t\t\t\t\t\t\t<\/div>\n\t\t\t\t<\/div>\n\t\t<div class=\"elementor-element elementor-element-9872ec4 e-flex e-con-boxed e-con e-child\" data-id=\"9872ec4\" data-element_type=\"container\" data-e-type=\"container\">\n\t\t\t\t\t<div class=\"e-con-inner\">\n\t\t\t\t<div class=\"elementor-element elementor-element-0c7d20b elementor-align-center elementor-widget elementor-widget-button\" data-id=\"0c7d20b\" data-element_type=\"widget\" data-e-type=\"widget\" data-widget_type=\"button.default\">\n\t\t\t\t<div class=\"elementor-widget-container\">\n\t\t\t\t\t\t\t\t\t<div class=\"elementor-button-wrapper\">\n\t\t\t\t\t<a class=\"elementor-button elementor-button-link elementor-size-sm\" href=\"#elementor-action%3Aaction%3Dpopup%3Aopen%26settings%3DeyJpZCI6IjM2MTE2IiwidG9nZ2xlIjpmYWxzZX0%3D\">\n\t\t\t\t\t\t<span class=\"elementor-button-content-wrapper\">\n\t\t\t\t\t\t\t\t\t<span class=\"elementor-button-text\">\u00danase ahora a la demostraci\u00f3n en directo de Zoom<\/span>\n\t\t\t\t\t<\/span>\n\t\t\t\t\t<\/a>\n\t\t\t\t<\/div>\n\t\t\t\t\t\t\t\t<\/div>\n\t\t\t\t<\/div>\n\t\t\t\t\t<\/div>\n\t\t\t\t<\/div>\n\t\t\t\t<div class=\"elementor-element elementor-element-17ab61b elementor-widget elementor-widget-text-editor\" data-id=\"17ab61b\" data-element_type=\"widget\" data-e-type=\"widget\" data-widget_type=\"text-editor.default\">\n\t\t\t\t<div class=\"elementor-widget-container\">\n\t\t\t\t\t\t\t\t\t<h3>\u00bfPor qu\u00e9 mimoLive?<\/h3>\n<p>mimoLive es m\u00e1s que una herramienta de emisi\u00f3n; es una puerta a un sinf\u00edn de posibilidades en la producci\u00f3n de TV en directo. Al fusionar la accesibilidad de Zoom con las capacidades profesionales del software de emisi\u00f3n de TV, mimoLive est\u00e1 estableciendo un nuevo est\u00e1ndar en la industria.<\/p>\n<p><strong>\u00danete ahora a nuestra Demo 24\/7 Zoom Call y ad\u00e9ntrate en el futuro de la retransmisi\u00f3n de TV en directo.<\/strong><\/p>\t\t\t\t\t\t\t\t<\/div>\n\t\t\t\t<\/div>\n\t\t\t\t\t<\/div>\n\t\t\t\t<\/div>\n\t\t\t\t\t<\/div>\n\t\t\t\t<\/div>\n\t\t\t\t<\/div>","protected":false},"excerpt":{"rendered":"<p>Zoom Call Demo &#8211; Powered by mimoLive, Available 24\/7 Experience the Future of Live TV Broadcasting Welcome to our cutting-edge Zoom Call Demo, a round-the-clock showcase running on a Cloud-based Mac with the powerful mimoLive software. This demonstration is designed to exhibit how mimoLive revolutionizes Zoom calls for TV broadcasting, offering unparalleled control and creativity [&hellip;]<\/p>","protected":false},"author":1,"featured_media":0,"parent":0,"menu_order":0,"comment_status":"closed","ping_status":"closed","template":"","meta":{"_acf_changed":false,"_angie_page":false,"_lmt_disableupdate":"","_lmt_disable":"","footnotes":""},"class_list":["post-36075","page","type-page","status-publish","hentry"],"acf":[],"_links":{"self":[{"href":"https:\/\/mimolive.com\/es\/wp-json\/wp\/v2\/pages\/36075","targetHints":{"allow":["GET"]}}],"collection":[{"href":"https:\/\/mimolive.com\/es\/wp-json\/wp\/v2\/pages"}],"about":[{"href":"https:\/\/mimolive.com\/es\/wp-json\/wp\/v2\/types\/page"}],"author":[{"embeddable":true,"href":"https:\/\/mimolive.com\/es\/wp-json\/wp\/v2\/users\/1"}],"replies":[{"embeddable":true,"href":"https:\/\/mimolive.com\/es\/wp-json\/wp\/v2\/comments?post=36075"}],"version-history":[{"count":5,"href":"https:\/\/mimolive.com\/es\/wp-json\/wp\/v2\/pages\/36075\/revisions"}],"predecessor-version":[{"id":36121,"href":"https:\/\/mimolive.com\/es\/wp-json\/wp\/v2\/pages\/36075\/revisions\/36121"}],"wp:attachment":[{"href":"https:\/\/mimolive.com\/es\/wp-json\/wp\/v2\/media?parent=36075"}],"curies":[{"name":"wp","href":"https:\/\/api.w.org\/{rel}","templated":true}]}}