{"id":43759,"date":"2026-04-09T15:34:04","date_gmt":"2026-04-09T13:34:04","guid":{"rendered":"https:\/\/mimolive.com\/?page_id=43759"},"modified":"2026-04-09T16:35:31","modified_gmt":"2026-04-09T14:35:31","slug":"nab","status":"publish","type":"page","link":"https:\/\/mimolive.com\/es\/nab\/","title":{"rendered":"mimoLive en la feria NAB 2026"},"content":{"rendered":"<div data-elementor-type=\"wp-page\" data-elementor-id=\"43759\" class=\"elementor elementor-43759\" data-elementor-post-type=\"page\">\n\t\t\t\t<div class=\"elementor-element elementor-element-nab_hero1 e-flex e-con-boxed e-con e-parent\" data-id=\"nab_hero1\" data-element_type=\"container\" data-e-type=\"container\" data-settings=\"{&quot;background_background&quot;:&quot;classic&quot;}\">\n\t\t\t\t\t<div class=\"e-con-inner\">\n\t\t<div class=\"elementor-element elementor-element-nab_logos e-flex e-con-boxed e-con e-child\" data-id=\"nab_logos\" data-element_type=\"container\" data-e-type=\"container\">\n\t\t\t\t\t<div class=\"e-con-inner\">\n\t\t\t\t<div class=\"elementor-element elementor-element-nab_logo_mimo elementor-widget elementor-widget-image\" data-id=\"nab_logo_mimo\" data-element_type=\"widget\" data-e-type=\"widget\" data-widget_type=\"image.default\">\n\t\t\t\t<div class=\"elementor-widget-container\">\n\t\t\t\t\t\t\t\t\t\t\t\t\t\t\t<img decoding=\"async\" src=\"https:\/\/mimolive.com\/wp-content\/uploads\/elementor\/thumbs\/mimoLive-White-rfiw5fujpgn6qr4yloe9mncjv9ci3ad536zrbvvub8.png\" title=\"mimoLive-Blanco\" alt=\"mimoLive\" loading=\"lazy\" \/>\t\t\t\t\t\t\t\t\t\t\t\t\t\t\t<\/div>\n\t\t\t\t<\/div>\n\t\t\t\t<div class=\"elementor-element elementor-element-nab_at_text elementor-widget elementor-widget-heading\" data-id=\"nab_at_text\" data-element_type=\"widget\" data-e-type=\"widget\" data-widget_type=\"heading.default\">\n\t\t\t\t<div class=\"elementor-widget-container\">\n\t\t\t\t\t<div class=\"elementor-heading-title elementor-size-default\">en<\/div>\t\t\t\t<\/div>\n\t\t\t\t<\/div>\n\t\t\t\t<div class=\"elementor-element elementor-element-nab_logo_nab elementor-widget elementor-widget-image\" data-id=\"nab_logo_nab\" data-element_type=\"widget\" data-e-type=\"widget\" data-widget_type=\"image.default\">\n\t\t\t\t<div class=\"elementor-widget-container\">\n\t\t\t\t\t\t\t\t\t\t\t\t\t\t\t<img decoding=\"async\" src=\"https:\/\/mimolive.com\/wp-content\/uploads\/elementor\/thumbs\/NABSHOW_primary_logo_white-rlrbxpti2zudmm9sqjrc6v4lawb3a45honeumhhy6i.png\" title=\"NABSHOW_primary_logo_blanco\" alt=\"NABSHOW_primary_logo_blanco\" loading=\"lazy\" \/>\t\t\t\t\t\t\t\t\t\t\t\t\t\t\t<\/div>\n\t\t\t\t<\/div>\n\t\t\t\t\t<\/div>\n\t\t\t\t<\/div>\n\t\t\t\t<div class=\"elementor-element elementor-element-nab_hero3 elementor-widget__width-initial elementor-widget elementor-widget-heading\" data-id=\"nab_hero3\" data-element_type=\"widget\" data-e-type=\"widget\" data-widget_type=\"heading.default\">\n\t\t\t\t<div class=\"elementor-widget-container\">\n\t\t\t\t\t<h2 class=\"elementor-heading-title elementor-size-default\">Vis\u00edtenos en el espacio Creator Lab Workshop de Las Vegas. Hall Central, Stand C9129<\/h2>\t\t\t\t<\/div>\n\t\t\t\t<\/div>\n\t\t\t\t<div class=\"elementor-element elementor-element-nab_sect2 uael-dual-heading-align-center elementor-widget elementor-widget-uael-dual-color-heading\" data-id=\"nab_sect2\" data-element_type=\"widget\" data-e-type=\"widget\" data-widget_type=\"uael-dual-color-heading.default\">\n\t\t\t\t<div class=\"elementor-widget-container\">\n\t\t\t\t\t\t\t\t\t<div class=\"uael-module-content uael-dual-color-heading uael-stack-desktop-yes uael-heading-stack-\">\n\t\t\t<h3>\n\t\t\t\t\t\t\t\t\t\t\t\t\t\t\t\t<span class=\"uael-before-heading\"><span class=\"elementor-inline-editing uael-dual-heading-text uael-first-text\" data-elementor-setting-key=\"before_heading_text\" data-elementor-inline-editing-toolbar=\"basic\">Qu\u00e9 hay que ver <\/span><\/span><span class=\"uael-adv-heading-stack\"><span class=\"elementor-inline-editing uael-dual-heading-text uael-highlight-text\" data-elementor-setting-key=\"second_heading_text\" data-elementor-inline-editing-toolbar=\"basic\">en la NAB?<\/span><\/span>\t\t\t\t\t\t\t\t\t\t\t\t\t<\/h3>\n\t\t<\/div>\n\t\t\t\t\t\t<\/div>\n\t\t\t\t<\/div>\n\t\t<div class=\"elementor-element elementor-element-nab_grid1 e-grid e-con-boxed e-con e-child\" data-id=\"nab_grid1\" data-element_type=\"container\" data-e-type=\"container\">\n\t\t\t\t\t<div class=\"e-con-inner\">\n\t\t<div class=\"elementor-element elementor-element-nab_box1 e-con-full e-flex e-con e-child\" data-id=\"nab_box1\" data-element_type=\"container\" data-e-type=\"container\" data-settings=\"{&quot;background_background&quot;:&quot;gradient&quot;}\">\n\t\t\t\t<div class=\"elementor-element elementor-element-nab_img1 elementor-widget elementor-widget-image\" data-id=\"nab_img1\" data-element_type=\"widget\" data-e-type=\"widget\" data-widget_type=\"image.default\">\n\t\t\t\t<div class=\"elementor-widget-container\">\n\t\t\t\t\t\t\t\t\t\t\t\t\t\t\t<img fetchpriority=\"high\" decoding=\"async\" width=\"1280\" height=\"750\" src=\"https:\/\/mimolive.com\/wp-content\/uploads\/2025\/10\/thumb-ndi-in-a-box.jpg\" class=\"attachment-full size-full wp-image-42151\" alt=\"Producci\u00f3n m\u00f3vil de v\u00eddeo en directo simplificada\" srcset=\"https:\/\/mimolive.com\/wp-content\/uploads\/2025\/10\/thumb-ndi-in-a-box.jpg 1280w,  https:\/\/mimolive.com\/wp-content\/uploads\/2025\/10\/thumb-ndi-in-a-box-300x176.jpg 300w,  https:\/\/mimolive.com\/wp-content\/uploads\/2025\/10\/thumb-ndi-in-a-box-1024x600.jpg 1024w,  https:\/\/mimolive.com\/wp-content\/uploads\/2025\/10\/thumb-ndi-in-a-box-768x450.jpg 768w,  https:\/\/mimolive.com\/wp-content\/uploads\/2025\/10\/thumb-ndi-in-a-box-18x12.jpg 18w\" sizes=\"(max-width: 1280px) 100vw, 1280px\" \/>\t\t\t\t\t\t\t\t\t\t\t\t\t\t\t<\/div>\n\t\t\t\t<\/div>\n\t\t\t\t<div class=\"elementor-element elementor-element-nab_h1 elementor-widget elementor-widget-heading\" data-id=\"nab_h1\" data-element_type=\"widget\" data-e-type=\"widget\" data-widget_type=\"heading.default\">\n\t\t\t\t<div class=\"elementor-widget-container\">\n\t\t\t\t\t<h3 class=\"elementor-heading-title elementor-size-default\">NDI-en-una-Caja - C9129T<\/h3>\t\t\t\t<\/div>\n\t\t\t\t<\/div>\n\t\t\t\t<div class=\"elementor-element elementor-element-nab_d1 elementor-widget__width-initial elementor-widget elementor-widget-heading\" data-id=\"nab_d1\" data-element_type=\"widget\" data-e-type=\"widget\" data-widget_type=\"heading.default\">\n\t\t\t\t<div class=\"elementor-widget-container\">\n\t\t\t\t\t<div class=\"elementor-heading-title elementor-size-default\">Presentaciones grabadas en v\u00eddeo en directo en el espacio Creator Lab Workshop, impulsadas por mimoLive y NDI-in-a-Box, nuestro compacto kit de producci\u00f3n basado en Mac para la retransmisi\u00f3n profesional multic\u00e1mara en directo.<\/div>\t\t\t\t<\/div>\n\t\t\t\t<\/div>\n\t\t\t\t<div class=\"elementor-element elementor-element-nab_btn1 elementor-align-center elementor-widget elementor-widget-button\" data-id=\"nab_btn1\" data-element_type=\"widget\" data-e-type=\"widget\" data-widget_type=\"button.default\">\n\t\t\t\t<div class=\"elementor-widget-container\">\n\t\t\t\t\t\t\t\t\t<div class=\"elementor-button-wrapper\">\n\t\t\t\t\t<a class=\"elementor-button elementor-button-link elementor-size-sm\" href=\"https:\/\/mimolive.com\/es\/ndi-en-una-caja\/\">\n\t\t\t\t\t\t<span class=\"elementor-button-content-wrapper\">\n\t\t\t\t\t\t<span class=\"elementor-button-icon\">\n\t\t\t\t<svg aria-hidden=\"true\" class=\"e-font-icon-svg e-fas-chevron-right\" viewbox=\"0 0 320 512\" xmlns=\"http:\/\/www.w3.org\/2000\/svg\"><path d=\"M285.476 272.971L91.132 467.314c-9.373 9.373-24.569 9.373-33.941 0l-22.667-22.667c-9.357-9.357-9.375-24.522-.04-33.901L188.505 256 34.484 101.255c-9.335-9.379-9.317-24.544.04-33.901l22.667-22.667c9.373-9.373 24.569-9.373 33.941 0L285.475 239.03c9.373 9.372 9.373 24.568.001 33.941z\"><\/path><\/svg>\t\t\t<\/span>\n\t\t\t\t\t\t\t\t\t<span class=\"elementor-button-text\">M\u00e1s informaci\u00f3n<\/span>\n\t\t\t\t\t<\/span>\n\t\t\t\t\t<\/a>\n\t\t\t\t<\/div>\n\t\t\t\t\t\t\t\t<\/div>\n\t\t\t\t<\/div>\n\t\t\t\t<\/div>\n\t\t<div class=\"elementor-element elementor-element-nab_box2 e-con-full e-flex e-con e-child\" data-id=\"nab_box2\" data-element_type=\"container\" data-e-type=\"container\" data-settings=\"{&quot;background_background&quot;:&quot;gradient&quot;}\">\n\t\t\t\t<div class=\"elementor-element elementor-element-nab_img2 elementor-widget elementor-widget-image\" data-id=\"nab_img2\" data-element_type=\"widget\" data-e-type=\"widget\" data-widget_type=\"image.default\">\n\t\t\t\t<div class=\"elementor-widget-container\">\n\t\t\t\t\t\t\t\t\t\t\t\t\t\t\t<img decoding=\"async\" width=\"1280\" height=\"750\" src=\"https:\/\/mimolive.com\/wp-content\/uploads\/2025\/10\/thumb-one-button-studio.jpg\" class=\"attachment-full size-full wp-image-42152\" alt=\"\" srcset=\"https:\/\/mimolive.com\/wp-content\/uploads\/2025\/10\/thumb-one-button-studio.jpg 1280w,  https:\/\/mimolive.com\/wp-content\/uploads\/2025\/10\/thumb-one-button-studio-300x176.jpg 300w,  https:\/\/mimolive.com\/wp-content\/uploads\/2025\/10\/thumb-one-button-studio-1024x600.jpg 1024w,  https:\/\/mimolive.com\/wp-content\/uploads\/2025\/10\/thumb-one-button-studio-768x450.jpg 768w,  https:\/\/mimolive.com\/wp-content\/uploads\/2025\/10\/thumb-one-button-studio-18x12.jpg 18w\" sizes=\"(max-width: 1280px) 100vw, 1280px\">\t\t\t\t\t\t\t\t\t\t\t\t\t\t\t<\/div>\n\t\t\t\t<\/div>\n\t\t\t\t<div class=\"elementor-element elementor-element-nab_h2 elementor-widget elementor-widget-heading\" data-id=\"nab_h2\" data-element_type=\"widget\" data-e-type=\"widget\" data-widget_type=\"heading.default\">\n\t\t\t\t<div class=\"elementor-widget-container\">\n\t\t\t\t\t<h3 class=\"elementor-heading-title elementor-size-default\">Una Button Studio Go - C9129M<\/h3>\t\t\t\t<\/div>\n\t\t\t\t<\/div>\n\t\t\t\t<div class=\"elementor-element elementor-element-nab_d2 elementor-widget__width-initial elementor-widget elementor-widget-heading\" data-id=\"nab_d2\" data-element_type=\"widget\" data-e-type=\"widget\" data-widget_type=\"heading.default\">\n\t\t\t\t<div class=\"elementor-widget-container\">\n\t\t\t\t\t<div class=\"elementor-heading-title elementor-size-default\">Nuestro socio Studiomatic realizar\u00e1 una demostraci\u00f3n del One Button Studio Go en el espacio Creator Lab, una soluci\u00f3n de grabaci\u00f3n de v\u00eddeo autoservicio llave en mano que pone la producci\u00f3n de v\u00eddeo profesional al alcance de todos.<\/div>\t\t\t\t<\/div>\n\t\t\t\t<\/div>\n\t\t\t\t<div class=\"elementor-element elementor-element-nab_btn2 elementor-align-center elementor-widget elementor-widget-button\" data-id=\"nab_btn2\" data-element_type=\"widget\" data-e-type=\"widget\" data-widget_type=\"button.default\">\n\t\t\t\t<div class=\"elementor-widget-container\">\n\t\t\t\t\t\t\t\t\t<div class=\"elementor-button-wrapper\">\n\t\t\t\t\t<a class=\"elementor-button elementor-button-link elementor-size-sm\" href=\"http:\/\/onebuttonstudio.info\" target=\"_blank\" rel=\"noopener\">\n\t\t\t\t\t\t<span class=\"elementor-button-content-wrapper\">\n\t\t\t\t\t\t<span class=\"elementor-button-icon\">\n\t\t\t\t<svg aria-hidden=\"true\" class=\"e-font-icon-svg e-fas-chevron-right\" viewbox=\"0 0 320 512\" xmlns=\"http:\/\/www.w3.org\/2000\/svg\"><path d=\"M285.476 272.971L91.132 467.314c-9.373 9.373-24.569 9.373-33.941 0l-22.667-22.667c-9.357-9.357-9.375-24.522-.04-33.901L188.505 256 34.484 101.255c-9.335-9.379-9.317-24.544.04-33.901l22.667-22.667c9.373-9.373 24.569-9.373 33.941 0L285.475 239.03c9.373 9.372 9.373 24.568.001 33.941z\"><\/path><\/svg>\t\t\t<\/span>\n\t\t\t\t\t\t\t\t\t<span class=\"elementor-button-text\">M\u00e1s informaci\u00f3n<\/span>\n\t\t\t\t\t<\/span>\n\t\t\t\t\t<\/a>\n\t\t\t\t<\/div>\n\t\t\t\t\t\t\t\t<\/div>\n\t\t\t\t<\/div>\n\t\t\t\t<\/div>\n\t\t\t\t\t<\/div>\n\t\t\t\t<\/div>\n\t\t\t\t\t<\/div>\n\t\t\t\t<\/div>\n\t\t\t\t<\/div>","protected":false},"excerpt":{"rendered":"<p>mimoLive at NAB Show 2026 Visit us at the Creator Lab Workshop space in Las Vegas. Central Hall, Booth C9129 What&#8217;s to see at NAB? NDI-in-a-Box &#8211; C9129T Live video taping presentations at the Creator Lab Workshop space, powered by mimoLive and NDI-in-a-Box \u2014 our compact, Mac-based production kit for professional multi-camera live streaming. Learn [&hellip;]<\/p>","protected":false},"author":0,"featured_media":0,"parent":0,"menu_order":0,"comment_status":"closed","ping_status":"closed","template":"","meta":{"_acf_changed":false,"_angie_page":false,"_lmt_disableupdate":"","_lmt_disable":"","footnotes":""},"class_list":["post-43759","page","type-page","status-publish","hentry"],"acf":[],"_links":{"self":[{"href":"https:\/\/mimolive.com\/es\/wp-json\/wp\/v2\/pages\/43759","targetHints":{"allow":["GET"]}}],"collection":[{"href":"https:\/\/mimolive.com\/es\/wp-json\/wp\/v2\/pages"}],"about":[{"href":"https:\/\/mimolive.com\/es\/wp-json\/wp\/v2\/types\/page"}],"replies":[{"embeddable":true,"href":"https:\/\/mimolive.com\/es\/wp-json\/wp\/v2\/comments?post=43759"}],"version-history":[{"count":5,"href":"https:\/\/mimolive.com\/es\/wp-json\/wp\/v2\/pages\/43759\/revisions"}],"predecessor-version":[{"id":43765,"href":"https:\/\/mimolive.com\/es\/wp-json\/wp\/v2\/pages\/43759\/revisions\/43765"}],"wp:attachment":[{"href":"https:\/\/mimolive.com\/es\/wp-json\/wp\/v2\/media?parent=43759"}],"curies":[{"name":"wp","href":"https:\/\/api.w.org\/{rel}","templated":true}]}}