{"id":11258,"date":"2020-11-17T09:16:04","date_gmt":"2020-11-17T08:16:04","guid":{"rendered":"https:\/\/mimolive.com\/?page_id=11258"},"modified":"2023-01-17T16:56:25","modified_gmt":"2023-01-17T15:56:25","slug":"enregistrer-des-podcasts-a-distance","status":"publish","type":"page","link":"https:\/\/mimolive.com\/fr\/solutions\/record-podcasts-remotely\/","title":{"rendered":"Enregistrer des podcasts \u00e0 distance"},"content":{"rendered":"<div data-elementor-type=\"wp-page\" data-elementor-id=\"11258\" class=\"elementor elementor-11258\" data-elementor-post-type=\"page\">\n\t\t\t\t<div class=\"elementor-element elementor-element-b44dc59 no-lazy-load e-flex e-con-boxed e-con e-parent\" data-id=\"b44dc59\" data-element_type=\"container\" data-e-type=\"container\" data-settings=\"{&quot;background_background&quot;:&quot;video&quot;,&quot;background_video_link&quot;:&quot;https:\\\/\\\/mimolive.com\\\/wp-content\\\/uploads\\\/2021\\\/02\\\/AdobeStock_333466498.mov&quot;,&quot;background_video_start&quot;:0}\">\n\t\t\t\t\t<div class=\"e-con-inner\">\n\t\t<div class=\"elementor-background-video-container elementor-hidden-mobile\">\n\t\t\t\t\t\t\t<video class=\"elementor-background-video-hosted\" role=\"presentation\" autoplay muted playsinline loop><\/video>\n\t\t\t\t\t<\/div><div class=\"elementor-element elementor-element-ed45c48 e-con-full e-flex e-con e-parent\" data-id=\"ed45c48\" data-element_type=\"container\" data-e-type=\"container\">\n\t\t\t\t<div class=\"elementor-element elementor-element-9ad0a3b elementor-align-center cta-free-trial elementor-widget-mobile__width-inherit elementor-widget elementor-widget-global elementor-global-27288 elementor-widget-button\" data-id=\"9ad0a3b\" data-element_type=\"widget\" data-e-type=\"widget\" data-widget_type=\"button.default\">\n\t\t\t\t<div class=\"elementor-widget-container\">\n\t\t\t\t\t\t\t\t\t<div class=\"elementor-button-wrapper\">\n\t\t\t\t\t<a class=\"elementor-button elementor-button-link elementor-size-md\" href=\"https:\/\/mimolive.com\/fr\/telecharger\/essai-gratuit\/\">\n\t\t\t\t\t\t<span class=\"elementor-button-content-wrapper\">\n\t\t\t\t\t\t\t\t\t<span class=\"elementor-button-text\">   D\u00e9marrer l'essai gratuit<\/span>\n\t\t\t\t\t<\/span>\n\t\t\t\t\t<\/a>\n\t\t\t\t<\/div>\n\t\t\t\t\t\t\t\t<\/div>\n\t\t\t\t<\/div>\n\t\t\t\t<\/div>\n\t\t\t\t\t<\/div>\n\t\t\t\t<\/div>\n\t\t<div class=\"elementor-element elementor-element-c28617f e-flex e-con-boxed e-con e-parent\" data-id=\"c28617f\" data-element_type=\"container\" data-e-type=\"container\">\n\t\t\t\t\t<div class=\"e-con-inner\">\n\t\t<div class=\"elementor-element elementor-element-8ec19a5 e-con-full e-flex e-con e-parent\" data-id=\"8ec19a5\" data-element_type=\"container\" data-e-type=\"container\">\n\t\t\t\t<div class=\"elementor-element elementor-element-1a1c2ca elementor-widget elementor-widget-heading\" data-id=\"1a1c2ca\" data-element_type=\"widget\" data-e-type=\"widget\" data-widget_type=\"heading.default\">\n\t\t\t\t<div class=\"elementor-widget-container\">\n\t\t\t\t\t<h2 class=\"elementor-heading-title elementor-size-default\">Enregistrez des podcasts sans effort \u00e0 distance<\/h2>\t\t\t\t<\/div>\n\t\t\t\t<\/div>\n\t\t\t\t<div class=\"elementor-element elementor-element-a580e86 elementor-widget elementor-widget-text-editor\" data-id=\"a580e86\" data-element_type=\"widget\" data-e-type=\"widget\" data-widget_type=\"text-editor.default\">\n\t\t\t\t<div class=\"elementor-widget-container\">\n\t\t\t\t\t\t\t\t\t<p>mimoLive peut enregistrer \u00e0 distance des podcasts avec vos invit\u00e9s du monde entier.<\/p><p>Envoyez \u00e0 vos invit\u00e9s un lien qu'ils peuvent ouvrir dans leur navigateur et ils sont imm\u00e9diatement connect\u00e9s \u00e0 votre studio d'enregistrement.<\/p><p>mimoLive peut vous enregistrer, vous et chacun de vos invit\u00e9s, s\u00e9par\u00e9ment, ce qui vous permet de monter votre \u00e9mission dans le logiciel de montage multipiste de votre choix.<\/p>\t\t\t\t\t\t\t\t<\/div>\n\t\t\t\t<\/div>\n\t\t\t\t<div class=\"elementor-element elementor-element-70ec9f9 elementor-widget elementor-widget-heading\" data-id=\"70ec9f9\" data-element_type=\"widget\" data-e-type=\"widget\" data-widget_type=\"heading.default\">\n\t\t\t\t<div class=\"elementor-widget-container\">\n\t\t\t\t\t<h3 class=\"elementor-heading-title elementor-size-default\">mimoLive - La meilleure fa\u00e7on de podcaster.<\/h3>\t\t\t\t<\/div>\n\t\t\t\t<\/div>\n\t\t\t\t<div class=\"elementor-element elementor-element-6fb70b7 elementor-widget elementor-widget-image\" data-id=\"6fb70b7\" data-element_type=\"widget\" data-e-type=\"widget\" data-widget_type=\"image.default\">\n\t\t\t\t<div class=\"elementor-widget-container\">\n\t\t\t\t\t\t\t\t\t\t\t\t\t\t\t<img fetchpriority=\"high\" decoding=\"async\" width=\"768\" height=\"512\" src=\"https:\/\/mimolive.com\/wp-content\/uploads\/2022\/07\/blake-connally-ipXPK5F7hao-unsplash-768x512.jpg\" class=\"attachment-medium_large size-medium_large wp-image-27847\" alt=\"\" srcset=\"https:\/\/mimolive.com\/wp-content\/uploads\/2022\/07\/blake-connally-ipXPK5F7hao-unsplash-768x512.jpg 768w,  https:\/\/mimolive.com\/wp-content\/uploads\/2022\/07\/blake-connally-ipXPK5F7hao-unsplash-300x200.jpg 300w,  https:\/\/mimolive.com\/wp-content\/uploads\/2022\/07\/blake-connally-ipXPK5F7hao-unsplash-1024x683.jpg 1024w,  https:\/\/mimolive.com\/wp-content\/uploads\/2022\/07\/blake-connally-ipXPK5F7hao-unsplash-1536x1024.jpg 1536w,  https:\/\/mimolive.com\/wp-content\/uploads\/2022\/07\/blake-connally-ipXPK5F7hao-unsplash-2048x1365.jpg 2048w\" sizes=\"(max-width: 768px) 100vw, 768px\">\t\t\t\t\t\t\t\t\t\t\t\t\t\t\t<\/div>\n\t\t\t\t<\/div>\n\t\t\t\t<\/div>\n\t\t\t\t\t<\/div>\n\t\t\t\t<\/div>\n\t\t<div class=\"elementor-element elementor-element-e27e7ff e-flex e-con-boxed e-con e-parent\" data-id=\"e27e7ff\" data-element_type=\"container\" data-e-type=\"container\" data-settings=\"{&quot;background_background&quot;:&quot;classic&quot;}\">\n\t\t\t\t\t<div class=\"e-con-inner\">\n\t\t<div class=\"elementor-element elementor-element-66885bd e-con-full e-flex e-con e-parent\" data-id=\"66885bd\" data-element_type=\"container\" data-e-type=\"container\">\n\t\t\t\t<div class=\"elementor-element elementor-element-4495338 elementor-widget elementor-widget-heading\" data-id=\"4495338\" data-element_type=\"widget\" data-e-type=\"widget\" data-widget_type=\"heading.default\">\n\t\t\t\t<div class=\"elementor-widget-container\">\n\t\t\t\t\t<h2 class=\"elementor-heading-title elementor-size-default\">Les critiques appr\u00e9cient la possibilit\u00e9 d'enregistrer des podcasts \u00e0 distance avec mimoLive :<\/h2>\t\t\t\t<\/div>\n\t\t\t\t<\/div>\n\t\t\t\t<div class=\"elementor-element elementor-element-a0be710 elementor-widget elementor-widget-heading\" data-id=\"a0be710\" data-element_type=\"widget\" data-e-type=\"widget\" data-widget_type=\"heading.default\">\n\t\t\t\t<div class=\"elementor-widget-container\">\n\t\t\t\t\t<h3 class=\"elementor-heading-title elementor-size-default\">Les trois techniciens <\/h3>\t\t\t\t<\/div>\n\t\t\t\t<\/div>\n\t\t\t\t<div class=\"elementor-element elementor-element-6f890d1 elementor-widget elementor-widget-text-editor\" data-id=\"6f890d1\" data-element_type=\"widget\" data-e-type=\"widget\" data-widget_type=\"text-editor.default\">\n\t\t\t\t<div class=\"elementor-widget-container\">\n\t\t\t\t\t\t\t\t\tAvez-vous trouv\u00e9 l'ultime solution pour produire leur... <a href=\"https:\/\/mimolive.com\/fr\/technologie\/appel-video-mimocall\/\">entretiens vid\u00e9o \u00e0 distance<\/a> et les \u00e9missions de podcast ? Regardez cet \u00e9pisode pour apprendre comment mimoLive peut g\u00e9rer <a href=\"https:\/\/mimolive.com\/fr\/technologie\/appel-video-mimocall\/\">appelants \u00e9loign\u00e9s<\/a>, \u00e9cran partag\u00e9 vid\u00e9o et <a href=\"https:\/\/mimolive.com\/fr\/technologie\/caracteristiques\/#video_switcher\">commutation vid\u00e9o<\/a>et les enregistrements ISO.\t\t\t\t\t\t\t\t<\/div>\n\t\t\t\t<\/div>\n\t\t\t\t<\/div>\n\t\t<div class=\"elementor-element elementor-element-6b3deb4 e-con-full e-flex e-con e-parent\" data-id=\"6b3deb4\" data-element_type=\"container\" data-e-type=\"container\" data-settings=\"{&quot;background_background&quot;:&quot;classic&quot;}\">\n\t\t\t\t<div class=\"elementor-element elementor-element-d753e9b elementor-widget elementor-widget-video\" data-id=\"d753e9b\" data-element_type=\"widget\" data-e-type=\"widget\" data-settings=\"{&quot;youtube_url&quot;:&quot;https:\\\/\\\/www.youtube.com\\\/watch?v=1czc8RLkbs8&quot;,&quot;yt_privacy&quot;:&quot;yes&quot;,&quot;show_image_overlay&quot;:&quot;yes&quot;,&quot;image_overlay&quot;:{&quot;url&quot;:&quot;https:\\\/\\\/mimolive.com\\\/wp-content\\\/uploads\\\/2022\\\/08\\\/Screenshot-2022-08-29-at-12.43.jpg&quot;,&quot;id&quot;:29208,&quot;size&quot;:&quot;&quot;,&quot;alt&quot;:&quot;&quot;,&quot;source&quot;:&quot;library&quot;},&quot;video_type&quot;:&quot;youtube&quot;,&quot;controls&quot;:&quot;yes&quot;}\" data-widget_type=\"video.default\">\n\t\t\t\t<div class=\"elementor-widget-container\">\n\t\t\t\t\t\t\t<div class=\"elementor-wrapper elementor-open-inline\">\n\t\t\t<div class=\"elementor-video\"> <div class=\"brlbs-cmpnt-container brlbs-cmpnt-content-blocker brlbs-cmpnt-with-individual-styles\" data-borlabs-cookie-content-blocker-id=\"youtube-content-blocker\" data-borlabs-cookie-content=\"PHNjcmlwdD4KKGZ1bmN0aW9uKCkgewogICAgbGV0IGQgPSBudWxsOwoKICAgIC8vIGlmIHdlIGFyZSBpbiBhIGxvb3AsIHdlIG5lZWQgdG8gc2VsZWN0IHRoZSBjb3JyZWN0IHZpZGVvIGVsZW1lbnQsIHNpbmNlIFdpZGdldCBJRCBvY2N1cnMgbXVsdGlwbGUgdGltZXMgb24gcGFnZQogICAgY29uc3QgZWxlbXNJbkxvb3AgPSBkb2N1bWVudC5xdWVyeVNlbGVjdG9yQWxsKCc6aXMoZGl2W2RhdGEtZWxlbWVudG9yLXR5cGU9Imxvb3AtaXRlbSJdLGRpdltkYXRhLWVsZW1lbnRvci10eXBlPSJqZXQtbGlzdGluZy1pdGVtcyJdLGRpdltkYXRhLXdpZGdldF90eXBlXj0icHJlbWl1bS1hZGRvbi10YWJzLiJdKSBkaXYuZWxlbWVudG9yLWVsZW1lbnQtZDc1M2U5YicpOwogICAgaWYgKGVsZW1zSW5Mb29wLmxlbmd0aCA9PT0gMSkgewogICAgICAgIGQgPSBlbGVtc0luTG9vcFswXTsKICAgIH0gZWxzZSBpZiAoZWxlbXNJbkxvb3AubGVuZ3RoID4gMSkgewogICAgICAgIGlmICh0eXBlb2YgZG9jdW1lbnQuY3VycmVudFNjcmlwdCA9PT0gJ3VuZGVmaW5lZCcgfHwgZG9jdW1lbnQuY3VycmVudFNjcmlwdCA9PSBudWxsKSB7CiAgICAgICAgICAgIHJldHVybjsKICAgICAgICB9CiAgICAgICAgY29uc3QgdG1wVmlkZW9XaWRnZXQgPSBkb2N1bWVudC5jdXJyZW50U2NyaXB0LmNsb3Nlc3QoJ1tkYXRhLXdpZGdldF90eXBlPSJicmxic192aWRlby5kZWZhdWx0Il0nKTsKICAgICAgICBpZiAodG1wVmlkZW9XaWRnZXQpIHsKICAgICAgICAgICAgZCA9IHRtcFZpZGVvV2lkZ2V0OwogICAgICAgIH0KICAgIH0KCiAgICBpZiAoZCA9PSBudWxsKSB7CiAgICAgICAgZCA9IGRvY3VtZW50LnF1ZXJ5U2VsZWN0b3IoJ2Rpdi5lbGVtZW50b3ItZWxlbWVudC1kNzUzZTliJyk7CiAgICB9CgogICAgaWYgKGQgPT0gbnVsbCkgewogICAgICAgIHJldHVybjsKICAgIH0KICAgIGQuZGF0YXNldC53aWRnZXRfdHlwZSA9IGQuZGF0YXNldC53aWRnZXRfdHlwZS5yZXBsYWNlKCdicmxic18nLCAnJyk7CiAgICBkLmRhdGFzZXQuYnJsYnNVbmJsb2NrZWQgPSAndHJ1ZSc7CgogICAgY29uc3QgaW50ZXJ2YWwgPSBzZXRJbnRlcnZhbCgoKSA9PiB7CiAgICAgICAgaWYgKHR5cGVvZiBlbGVtZW50b3JGcm9udGVuZCAhPT0gJ3VuZGVmaW5lZCcgJiYgdHlwZW9mIGVsZW1lbnRvckZyb250ZW5kLmhvb2tzICE9PSAndW5kZWZpbmVkJykgewogICAgICAgICAgICBjbGVhckludGVydmFsKGludGVydmFsKTsKICAgICAgICAgICAgZWxlbWVudG9yRnJvbnRlbmQuaG9va3MuZG9BY3Rpb24oJ2Zyb250ZW5kL2VsZW1lbnRfcmVhZHkvdmlkZW8uZGVmYXVsdCcsIGpRdWVyeShkKSwgalF1ZXJ5KQogICAgICAgIH0KICAgIH0sIDMwKQp9KSgpOwo8L3NjcmlwdD4=\"><div class=\"brlbs-cmpnt-cb-preset-c brlbs-cmpnt-cb-youtube\"> <div class=\"brlbs-cmpnt-cb-thumbnail\" style=\"background-image: url('https:\/\/mimolive.com\/wp-content\/uploads\/2022\/08\/Screenshot-2022-08-29-at-12.43.jpg')\"><\/div> <div class=\"brlbs-cmpnt-cb-main\"> <div class=\"brlbs-cmpnt-cb-play-button\"><\/div> <div class=\"brlbs-cmpnt-cb-content\"> <p class=\"brlbs-cmpnt-cb-description\">Vous \u00eates actuellement en train de consulter le contenu d'un espace r\u00e9serv\u00e9 de <strong>YouTube<\/strong>. Pour acc\u00e9der au contenu r\u00e9el, cliquez sur le bouton ci-dessous. Veuillez noter que ce faisant, des donn\u00e9es seront partag\u00e9es avec des providers tiers.<\/p> <a class=\"brlbs-cmpnt-cb-provider-toggle\" href=\"#\" data-borlabs-cookie-show-provider-information role=\"button\">Plus d'informations<\/a> <\/div> <div class=\"brlbs-cmpnt-cb-buttons\"> <a class=\"brlbs-cmpnt-cb-btn\" href=\"#\" data-borlabs-cookie-unblock role=\"button\">D\u00e9bloquer le contenu<\/a> <a class=\"brlbs-cmpnt-cb-btn\" href=\"#\" data-borlabs-cookie-accept-service role=\"button\" style=\"display: inherit\">Accepter le service requis et d\u00e9bloquer les contenus<\/a> <\/div> <\/div> <\/div><\/div><\/div>\t\t\t\t<div class=\"elementor-custom-embed-image-overlay\" style=\"background-image: url(https:\/\/mimolive.com\/wp-content\/uploads\/2022\/08\/Screenshot-2022-08-29-at-12.43.jpg);\">\n\t\t\t\t\t\t\t\t\t\t\t\t\t\t\t\t<div class=\"elementor-custom-embed-play\" role=\"button\" aria-label=\"Lire la vid\u00e9o\" tabindex=\"0\" data-no-translation-aria-label=\"\">\n\t\t\t\t\t\t\t<svg aria-hidden=\"true\" class=\"e-font-icon-svg e-eicon-play\" viewbox=\"0 0 1000 1000\" xmlns=\"http:\/\/www.w3.org\/2000\/svg\"><path d=\"M838 162C746 71 633 25 500 25 371 25 258 71 163 162 71 254 25 367 25 500 25 633 71 746 163 837 254 929 367 979 500 979 633 979 746 933 838 837 929 746 975 633 975 500 975 367 929 254 838 162M808 192C892 279 933 379 933 500 933 621 892 725 808 808 725 892 621 938 500 938 379 938 279 896 196 808 113 725 67 621 67 500 67 379 108 279 196 192 279 108 383 62 500 62 621 62 721 108 808 192M438 392V642L642 517 438 392Z\"><\/path><\/svg>\t\t\t\t\t\t<\/div>\n\t\t\t\t\t\t\t\t\t<\/div>\n\t\t\t\t\t<\/div>\n\t\t\t\t\t\t<\/div>\n\t\t\t\t<\/div>\n\t\t\t\t<div class=\"elementor-element elementor-element-357d0a9 elementor-widget elementor-widget-html\" data-id=\"357d0a9\" data-element_type=\"widget\" data-e-type=\"widget\" data-widget_type=\"html.default\">\n\t\t\t\t<div class=\"elementor-widget-container\">\n\t\t\t\t\t<script type=\"application\/ld+json\">{\n    \"@context\": \"https:\\\/\\\/schema.org\",\n    \"@type\": \"VideoObject\",\n    \"name\": \"How to record remote podcast video interviews and livestream on YouTube and Facebook with mimoLive\",\n    \"description\": \"Have the guys found the ultimate solution for producing their remote video interview and podcast shows? Watch this episode to learn how mimoLive can handle remote callers, video split screen and switching, and ISO recordings.\",\n    \"thumbnailUrl\": \"https:\\\/\\\/mimolive.com\\\/wp-content\\\/uploads\\\/2022\\\/08\\\/Screenshot-2022-08-29-at-12.43.jpg\",\n    \"uploadDate\": \"2020-05-05\"\n}<\/script>\t\t\t\t<\/div>\n\t\t\t\t<\/div>\n\t\t\t\t<div class=\"elementor-element elementor-element-1132778 elementor-widget elementor-widget-text-editor\" data-id=\"1132778\" data-element_type=\"widget\" data-e-type=\"widget\" data-widget_type=\"text-editor.default\">\n\t\t\t\t<div class=\"elementor-widget-container\">\n\t\t\t\t\t\t\t\t\t<p>Pr\u00e9sent\u00e9 par Bob Fairbairn, Steven Bramson, Tony Tang<\/p>\t\t\t\t\t\t\t\t<\/div>\n\t\t\t\t<\/div>\n\t\t\t\t<\/div>\n\t\t\t\t\t<\/div>\n\t\t\t\t<\/div>\n\t\t<div class=\"elementor-element elementor-element-7d6e168 e-flex e-con-boxed e-con e-parent\" data-id=\"7d6e168\" data-element_type=\"container\" data-e-type=\"container\">\n\t\t\t\t\t<div class=\"e-con-inner\">\n\t\t<div class=\"elementor-element elementor-element-6ec5880 e-con-full e-flex e-con e-parent\" data-id=\"6ec5880\" data-element_type=\"container\" data-e-type=\"container\" data-settings=\"{&quot;background_background&quot;:&quot;classic&quot;}\">\n\t\t\t\t<div class=\"elementor-element elementor-element-9266e70 elementor-widget elementor-widget-image\" data-id=\"9266e70\" data-element_type=\"widget\" data-e-type=\"widget\" data-widget_type=\"image.default\">\n\t\t\t\t<div class=\"elementor-widget-container\">\n\t\t\t\t\t\t\t\t\t\t\t\t\t\t\t<img decoding=\"async\" width=\"768\" height=\"512\" src=\"https:\/\/mimolive.com\/wp-content\/uploads\/2022\/04\/mimoLiveBox-004-768x512.jpg\" class=\"attachment-medium_large size-medium_large wp-image-26325\" alt=\"\" srcset=\"https:\/\/mimolive.com\/wp-content\/uploads\/2022\/04\/mimoLiveBox-004-768x512.jpg 768w,  https:\/\/mimolive.com\/wp-content\/uploads\/2022\/04\/mimoLiveBox-004-300x200.jpg 300w,  https:\/\/mimolive.com\/wp-content\/uploads\/2022\/04\/mimoLiveBox-004-1024x683.jpg 1024w,  https:\/\/mimolive.com\/wp-content\/uploads\/2022\/04\/mimoLiveBox-004-1536x1024.jpg 1536w,  https:\/\/mimolive.com\/wp-content\/uploads\/2022\/04\/mimoLiveBox-004.jpg 1920w\" sizes=\"(max-width: 768px) 100vw, 768px\">\t\t\t\t\t\t\t\t\t\t\t\t\t\t\t<\/div>\n\t\t\t\t<\/div>\n\t\t\t\t<\/div>\n\t\t<div class=\"elementor-element elementor-element-f820fe0 e-con-full e-flex e-con e-parent\" data-id=\"f820fe0\" data-element_type=\"container\" data-e-type=\"container\">\n\t\t\t\t<div class=\"elementor-element elementor-element-ee03e90 elementor-widget elementor-widget-heading\" data-id=\"ee03e90\" data-element_type=\"widget\" data-e-type=\"widget\" data-widget_type=\"heading.default\">\n\t\t\t\t<div class=\"elementor-widget-container\">\n\t\t\t\t\t<h2 class=\"elementor-heading-title elementor-size-default\">Commencez d\u00e8s maintenant !<\/h2>\t\t\t\t<\/div>\n\t\t\t\t<\/div>\n\t\t\t\t<div class=\"elementor-element elementor-element-d1e6018 elementor-widget elementor-widget-text-editor\" data-id=\"d1e6018\" data-element_type=\"widget\" data-e-type=\"widget\" data-widget_type=\"text-editor.default\">\n\t\t\t\t<div class=\"elementor-widget-container\">\n\t\t\t\t\t\t\t\t\t<p>Pour commencer, mimoLive est livr\u00e9 avec un mod\u00e8le de podcast audio dans lequel jusqu'\u00e0 trois invit\u00e9s peuvent se joindre. Il est facile \u00e0 configurer et \u00e0 modifier en fonction de vos besoins.<\/p><p>Invitez votre interlocuteur d'un simple clic dans votre studio d'enregistrement \u00e0 l'aide de notre logiciel <a href=\"https:\/\/mimolive.com\/fr\/technologie\/appel-video-mimocall\/\">Technologie mimoCall\u2122<\/a>.<\/p>\t\t\t\t\t\t\t\t<\/div>\n\t\t\t\t<\/div>\n\t\t\t\t<\/div>\n\t\t\t\t\t<\/div>\n\t\t\t\t<\/div>\n\t\t\t\t<\/div>","protected":false},"excerpt":{"rendered":"<p>Download free trial Record Podcasts Effortlessly from remote locations mimoLive can remotely record podcasts with your guests from around the world. Send your guests a link that they can open in their browser and they are connected immediately to your recording studio. mimoLive can record you and each of the guests separately which lets you [&hellip;]<\/p>","protected":false},"author":1,"featured_media":0,"parent":11260,"menu_order":9,"comment_status":"closed","ping_status":"closed","template":"elementor_header_footer","meta":{"_acf_changed":false,"_angie_page":false,"_lmt_disableupdate":"","_lmt_disable":"","footnotes":""},"class_list":["post-11258","page","type-page","status-publish","hentry"],"acf":[],"_links":{"self":[{"href":"https:\/\/mimolive.com\/fr\/wp-json\/wp\/v2\/pages\/11258","targetHints":{"allow":["GET"]}}],"collection":[{"href":"https:\/\/mimolive.com\/fr\/wp-json\/wp\/v2\/pages"}],"about":[{"href":"https:\/\/mimolive.com\/fr\/wp-json\/wp\/v2\/types\/page"}],"author":[{"embeddable":true,"href":"https:\/\/mimolive.com\/fr\/wp-json\/wp\/v2\/users\/1"}],"replies":[{"embeddable":true,"href":"https:\/\/mimolive.com\/fr\/wp-json\/wp\/v2\/comments?post=11258"}],"version-history":[{"count":0,"href":"https:\/\/mimolive.com\/fr\/wp-json\/wp\/v2\/pages\/11258\/revisions"}],"up":[{"embeddable":true,"href":"https:\/\/mimolive.com\/fr\/wp-json\/wp\/v2\/pages\/11260"}],"wp:attachment":[{"href":"https:\/\/mimolive.com\/fr\/wp-json\/wp\/v2\/media?parent=11258"}],"curies":[{"name":"wp","href":"https:\/\/api.w.org\/{rel}","templated":true}]}}