{"id":11363,"date":"2020-11-19T10:57:29","date_gmt":"2020-11-19T09:57:29","guid":{"rendered":"https:\/\/mimolive.com\/?page_id=11363"},"modified":"2023-01-04T15:55:19","modified_gmt":"2023-01-04T14:55:19","slug":"tiers-inferieurs","status":"publish","type":"page","link":"https:\/\/mimolive.com\/fr\/technology\/lower-thirds\/","title":{"rendered":"Tierces inf\u00e9rieures"},"content":{"rendered":"<div data-elementor-type=\"wp-page\" data-elementor-id=\"11363\" class=\"elementor elementor-11363\" data-elementor-post-type=\"page\">\n\t\t\t\t<div class=\"elementor-element elementor-element-69c6c98 e-flex e-con-boxed e-con e-parent\" data-id=\"69c6c98\" data-element_type=\"container\" data-e-type=\"container\">\n\t\t\t\t\t<div class=\"e-con-inner\">\n\t\t<div class=\"elementor-element elementor-element-e9c4ca4 e-con-full e-flex e-con e-parent\" data-id=\"e9c4ca4\" data-element_type=\"container\" data-e-type=\"container\">\n\t\t\t\t<div class=\"elementor-element elementor-element-2ddee35 elementor-widget elementor-widget-image\" data-id=\"2ddee35\" data-element_type=\"widget\" data-e-type=\"widget\" data-widget_type=\"image.default\">\n\t\t\t\t<div class=\"elementor-widget-container\">\n\t\t\t\t\t\t\t\t\t\t\t\t<figure class=\"wp-caption\">\n\t\t\t\t\t\t\t\t\t\t<img fetchpriority=\"high\" decoding=\"async\" width=\"800\" height=\"480\" src=\"https:\/\/mimolive.com\/wp-content\/uploads\/2022\/02\/Screenshot-2022-02-16-at-16.54.51-1024x615.png\" class=\"attachment-large size-large wp-image-25244\" alt=\"tiers inf\u00e9rieur r\u00e9alis\u00e9 avec mimoLive\" srcset=\"https:\/\/mimolive.com\/wp-content\/uploads\/2022\/02\/Screenshot-2022-02-16-at-16.54.51-1024x615.png 1024w,  https:\/\/mimolive.com\/wp-content\/uploads\/2022\/02\/Screenshot-2022-02-16-at-16.54.51-300x180.png 300w,  https:\/\/mimolive.com\/wp-content\/uploads\/2022\/02\/Screenshot-2022-02-16-at-16.54.51-768x461.png 768w,  https:\/\/mimolive.com\/wp-content\/uploads\/2022\/02\/Screenshot-2022-02-16-at-16.54.51-1536x922.png 1536w,  https:\/\/mimolive.com\/wp-content\/uploads\/2022\/02\/Screenshot-2022-02-16-at-16.54.51-2048x1230.png 2048w\" sizes=\"(max-width: 800px) 100vw, 800px\" \/>\t\t\t\t\t\t\t\t\t\t\t<figcaption class=\"widget-image-caption wp-caption-text\">Lower Third cr\u00e9\u00e9 avec mimoLive\u00ae pour Mac\u00ae<\/figcaption>\n\t\t\t\t\t\t\t\t\t\t<\/figure>\n\t\t\t\t\t\t\t\t\t<\/div>\n\t\t\t\t<\/div>\n\t\t\t\t<\/div>\n\t\t\t\t\t<\/div>\n\t\t\t\t<\/div>\n\t\t<div class=\"elementor-element elementor-element-cfe10a2 e-flex e-con-boxed e-con e-parent\" data-id=\"cfe10a2\" data-element_type=\"container\" data-e-type=\"container\">\n\t\t\t\t\t<div class=\"e-con-inner\">\n\t\t\t\t<div class=\"elementor-element elementor-element-f1a7ebc elementor-widget elementor-widget-heading\" data-id=\"f1a7ebc\" data-element_type=\"widget\" data-e-type=\"widget\" data-widget_type=\"heading.default\">\n\t\t\t\t<div class=\"elementor-widget-container\">\n\t\t\t\t\t<h2 class=\"elementor-heading-title elementor-size-default\">Tierces inf\u00e9rieures<\/h2>\t\t\t\t<\/div>\n\t\t\t\t<\/div>\n\t\t\t\t<div class=\"elementor-element elementor-element-769cee0 elementor-widget elementor-widget-text-editor\" data-id=\"769cee0\" data-element_type=\"widget\" data-e-type=\"widget\" data-widget_type=\"text-editor.default\">\n\t\t\t\t<div class=\"elementor-widget-container\">\n\t\t\t\t\t\t\t\t\t<p>Un tiers inf\u00e9rieur est un \u00e9l\u00e9ment graphique qui appara\u00eet dans la partie inf\u00e9rieure de l'\u00e9cran pendant une vid\u00e9o ou un programme de t\u00e9l\u00e9vision. Les tiers inf\u00e9rieurs affichent g\u00e9n\u00e9ralement des informations sur la personne qui parle ou sur le contenu affich\u00e9 \u00e0 l'\u00e9cran. Il peut s'agir du nom et du titre de l'orateur, d'une br\u00e8ve description de l'objet de la discussion ou d'autres informations pertinentes. Les tiers inf\u00e9rieurs sont souvent utilis\u00e9s pour aider les t\u00e9l\u00e9spectateurs \u00e0 comprendre et \u00e0 suivre le contenu d'une vid\u00e9o ou d'un programme. Ils sont couramment utilis\u00e9s dans les journaux t\u00e9l\u00e9vis\u00e9s, les talk-shows et d'autres types de programmes o\u00f9 il est important de fournir des informations sur les personnes et les sujets abord\u00e9s.<\/p>\t\t\t\t\t\t\t\t<\/div>\n\t\t\t\t<\/div>\n\t\t\t\t\t<\/div>\n\t\t\t\t<\/div>\n\t\t<div class=\"elementor-element elementor-element-9d1cdf8 e-flex e-con-boxed e-con e-parent\" data-id=\"9d1cdf8\" data-element_type=\"container\" data-e-type=\"container\">\n\t\t\t\t\t<div class=\"e-con-inner\">\n\t\t<div class=\"elementor-element elementor-element-3276990 e-con-full e-flex e-con e-parent\" data-id=\"3276990\" data-element_type=\"container\" data-e-type=\"container\">\n\t\t\t\t<div class=\"elementor-element elementor-element-0be93d4 elementor-widget elementor-widget-heading\" data-id=\"0be93d4\" data-element_type=\"widget\" data-e-type=\"widget\" data-widget_type=\"heading.default\">\n\t\t\t\t<div class=\"elementor-widget-container\">\n\t\t\t\t\t<h3 class=\"elementor-heading-title elementor-size-default\">D\u00c9FINITION DU TIERS INF\u00c9RIEUR\n<\/h3>\t\t\t\t<\/div>\n\t\t\t\t<\/div>\n\t\t\t\t<div class=\"elementor-element elementor-element-a1799b3 elementor-grid-2 elementor-grid-tablet-2 elementor-grid-mobile-1 elementor-widget elementor-widget-uael-faq\" data-id=\"a1799b3\" data-element_type=\"widget\" data-e-type=\"widget\" data-widget_type=\"uael-faq.default\">\n\t\t\t\t<div class=\"elementor-widget-container\">\n\t\t\t\t\t\n\t\t\t<div id='uael-faq-wrapper-169' class=\"uael-faq-wrapper\">\n\t\t\t\t<div class=\"uael-faq-container uael-faq-layout-grid elementor-grid\" >\n\t\t\t\t\t\t\t\t\t\t\t\t<div id=\"uael-accordion-5f33626\" class=\"uael-faq-accordion elementor-grid-item\" role=\"tablist\">\n\t\t\t\t\t\t\t\t<div class= \"uael-accordion-title\" aria-expanded=\"false\" role=\"tab\">\n\t\t\t\t\t\t\t\t\t<span class=\"uael-accordion-icon uael-accordion-icon-\">\n\t\t\t\t\t\t\t\t\t\t<span class=\"uael-accordion-icon-closed\"><\/span>\n\t\t\t\t\t\t\t\t\t\t<span class=\"uael-accordion-icon-opened\"><\/span>\n\t\t\t\t\t\t\t\t\t<\/span>\n\t\t\t\t\t\t\t\t\t<h4 class=\"uael-question-5f33626 uael-question-span\" tabindex=\"0\" id=\"uael-faq-1-6a0732c11b856\">Qu'est-ce qu'un Lower Third ?<\/h4>\n\t\t\t\t\t\t\t\t<\/div>\n\t\t\t\t\t\t\t\t<div class=\"uael-accordion-content\" role=\"tabpanel\">\n\t\t\t\t\t\t\t\t\t<span>\n\t\t\t\t\t\t\t\t\t<span><p>Dans le cadre de la\u00a0<a title=\"T\u00e9l\u00e9vision\" href=\"https:\/\/en.wikipedia.org\/wiki\/Television\" target=\"_blank\" rel=\"noopener\">t\u00e9l\u00e9vision<\/a>\u00a0l'industrie, un\u00a0<b>tiers inf\u00e9rieur<\/b>\u00a0est un graphique superpos\u00e9 plac\u00e9 dans le\u00a0<a class=\"mw-redirect\" title=\"Titre s\u00fbr\" href=\"https:\/\/en.wikipedia.org\/wiki\/Title_safe\" target=\"_blank\" rel=\"noopener\">titre-s\u00e9curit\u00e9<\/a>\u00a0zone inf\u00e9rieure de la\u00a0<a title=\"Dispositif d&#039;affichage\" href=\"https:\/\/en.wikipedia.org\/wiki\/Display_device\" target=\"_blank\" rel=\"noopener\">\u00e9cran<\/a>mais pas n\u00e9cessairement tout le tiers inf\u00e9rieur, comme son nom l'indique.<sup id=\"cite_ref-Broad_1-0\" class=\"reference\"><\/sup><\/p><p>Dans sa forme la plus simple, un tiers inf\u00e9rieur peut \u00eatre un texte superpos\u00e9 \u00e0 la vid\u00e9o. Ce texte est souvent blanc avec un\u00a0<a title=\"Ombre port\u00e9e\" href=\"https:\/\/en.wikipedia.org\/wiki\/Drop_shadow\" target=\"_blank\" rel=\"noopener\">ombre port\u00e9e<\/a>\u00a0pour faciliter la lecture des mots. Un tiers inf\u00e9rieur peut \u00e9galement contenir des \u00e9l\u00e9ments graphiques tels que des cases, des images ou des ombres. Certains tiers inf\u00e9rieurs ont\u00a0<a title=\"Animation\" href=\"https:\/\/en.wikipedia.org\/wiki\/Animation\" target=\"_blank\" rel=\"noopener\">anim\u00e9<\/a>\u00a0les arri\u00e8re-plans et le texte.<\/p><\/span>\t\t\t\t\t\t\t\t\t<\/span>\n\t\t\t\t\t\t\t\t<\/div>\n\t\t\t\t\t\t\t<\/div>\n\t\t\t\t\t\t\t\t\t\t\t<\/div>\n\t\t\t<\/div>\n\t\t\t\t\t\t\t<\/div>\n\t\t\t\t<\/div>\n\t\t\t\t<\/div>\n\t\t\t\t\t<\/div>\n\t\t\t\t<\/div>\n\t\t\t\t<\/div>","protected":false},"excerpt":{"rendered":"<p>Lower Third created with mimoLive\u00ae for Mac\u00ae Lower Thirds A lower third is a graphic element that appears in the lower portion of the screen during a video or television program. Lower thirds typically display information about the person speaking or the content being shown on screen. They can include the name and title of [&hellip;]<\/p>","protected":false},"author":1,"featured_media":0,"parent":11351,"menu_order":4,"comment_status":"closed","ping_status":"closed","template":"elementor_header_footer","meta":{"_acf_changed":false,"_angie_page":false,"_lmt_disableupdate":"","_lmt_disable":"","footnotes":""},"class_list":["post-11363","page","type-page","status-publish","hentry"],"acf":[],"_links":{"self":[{"href":"https:\/\/mimolive.com\/fr\/wp-json\/wp\/v2\/pages\/11363","targetHints":{"allow":["GET"]}}],"collection":[{"href":"https:\/\/mimolive.com\/fr\/wp-json\/wp\/v2\/pages"}],"about":[{"href":"https:\/\/mimolive.com\/fr\/wp-json\/wp\/v2\/types\/page"}],"author":[{"embeddable":true,"href":"https:\/\/mimolive.com\/fr\/wp-json\/wp\/v2\/users\/1"}],"replies":[{"embeddable":true,"href":"https:\/\/mimolive.com\/fr\/wp-json\/wp\/v2\/comments?post=11363"}],"version-history":[{"count":0,"href":"https:\/\/mimolive.com\/fr\/wp-json\/wp\/v2\/pages\/11363\/revisions"}],"up":[{"embeddable":true,"href":"https:\/\/mimolive.com\/fr\/wp-json\/wp\/v2\/pages\/11351"}],"wp:attachment":[{"href":"https:\/\/mimolive.com\/fr\/wp-json\/wp\/v2\/media?parent=11363"}],"curies":[{"name":"wp","href":"https:\/\/api.w.org\/{rel}","templated":true}]}}