{"id":12221,"date":"2020-12-02T15:38:24","date_gmt":"2020-12-02T14:38:24","guid":{"rendered":"https:\/\/mimolive.com\/?page_id=12221"},"modified":"2024-03-21T19:11:20","modified_gmt":"2024-03-21T18:11:20","slug":"diffuser-des-concerts-et-des-evenements-sur-scene","status":"publish","type":"page","link":"https:\/\/mimolive.com\/fr\/solutions\/stream-concerts-and-on-stage-events\/","title":{"rendered":"Logiciel de diffusion en continu pour les concerts et les \u00e9v\u00e9nements sur sc\u00e8ne"},"content":{"rendered":"<div data-elementor-type=\"wp-page\" data-elementor-id=\"12221\" class=\"elementor elementor-12221\" data-elementor-post-type=\"page\">\n\t\t\t\t<div class=\"elementor-element elementor-element-849343b no-lazy-load e-flex e-con-boxed e-con e-parent\" data-id=\"849343b\" data-element_type=\"container\" data-e-type=\"container\" data-settings=\"{&quot;background_background&quot;:&quot;video&quot;,&quot;background_video_link&quot;:&quot;https:\\\/\\\/mimolive.com\\\/wp-content\\\/uploads\\\/2021\\\/03\\\/klan-silent-background-mimolive.mp4&quot;,&quot;background_play_on_mobile&quot;:&quot;yes&quot;}\">\n\t\t\t\t\t<div class=\"e-con-inner\">\n\t\t<div class=\"elementor-background-video-container\">\n\t\t\t\t\t\t\t<video class=\"elementor-background-video-hosted\" role=\"presentation\" autoplay muted playsinline loop><\/video>\n\t\t\t\t\t<\/div>\t\t<div class=\"elementor-element elementor-element-f942ec5 elementor-align-center cta-free-trial elementor-widget-mobile__width-inherit elementor-widget elementor-widget-global elementor-global-27288 elementor-widget-button\" data-id=\"f942ec5\" data-element_type=\"widget\" data-e-type=\"widget\" data-widget_type=\"button.default\">\n\t\t\t\t<div class=\"elementor-widget-container\">\n\t\t\t\t\t\t\t\t\t<div class=\"elementor-button-wrapper\">\n\t\t\t\t\t<a class=\"elementor-button elementor-button-link elementor-size-md\" href=\"https:\/\/mimolive.com\/fr\/telecharger\/essai-gratuit\/\">\n\t\t\t\t\t\t<span class=\"elementor-button-content-wrapper\">\n\t\t\t\t\t\t\t\t\t<span class=\"elementor-button-text\">   D\u00e9marrer l'essai gratuit<\/span>\n\t\t\t\t\t<\/span>\n\t\t\t\t\t<\/a>\n\t\t\t\t<\/div>\n\t\t\t\t\t\t\t\t<\/div>\n\t\t\t\t<\/div>\n\t\t\t\t\t<\/div>\n\t\t\t\t<\/div>\n\t\t<div class=\"elementor-element elementor-element-992ebae e-flex e-con-boxed e-con e-parent\" data-id=\"992ebae\" data-element_type=\"container\" data-e-type=\"container\">\n\t\t\t\t\t<div class=\"e-con-inner\">\n\t\t<div class=\"elementor-element elementor-element-b6c617a e-con-full e-flex e-con e-child\" data-id=\"b6c617a\" data-element_type=\"container\" data-e-type=\"container\">\n\t\t\t\t<div class=\"elementor-element elementor-element-870f475 elementor-widget elementor-widget-heading\" data-id=\"870f475\" data-element_type=\"widget\" data-e-type=\"widget\" data-widget_type=\"heading.default\">\n\t\t\t\t<div class=\"elementor-widget-container\">\n\t\t\t\t\t<h2 class=\"elementor-heading-title elementor-size-default\">Diffuser facilement des \u00e9v\u00e9nements et des concerts<\/h2>\t\t\t\t<\/div>\n\t\t\t\t<\/div>\n\t\t\t\t<div class=\"elementor-element elementor-element-0205226 elementor-widget elementor-widget-text-editor\" data-id=\"0205226\" data-element_type=\"widget\" data-e-type=\"widget\" data-widget_type=\"text-editor.default\">\n\t\t\t\t<div class=\"elementor-widget-container\">\n\t\t\t\t\t\t\t\t\t<h4>Le partenaire id\u00e9al pour tout \u00e9v\u00e9nement<\/h4><p>Bienvenue dans la solution ultime de diffusion de concerts en continu - mimoLive\u00ae. Qu'il s'agisse d'un concert de musique, d'un spectacle d'humour, d'une annonce d'entreprise ou du lancement d'un produit en ligne, mimoLive\u2122 est le partenaire de diffusion id\u00e9al pour tout type d'\u00e9v\u00e9nement sur sc\u00e8ne.<\/p><h4>Production facile d'\u00e9missions en direct de qualit\u00e9 t\u00e9l\u00e9visuelle<\/h4><p><span style=\"font-family: -apple-system, BlinkMacSystemFont, 'Segoe UI', Roboto, 'Helvetica Neue', Arial, 'Noto Sans', sans-serif, 'Apple Color Emoji', 'Segoe UI Emoji', 'Segoe UI Symbol', 'Noto Color Emoji'; letter-spacing: 0px;\">Avec une installation l\u00e9g\u00e8re et une petite \u00e9quipe, vous pouvez facilement produire, enregistrer et diffuser des \u00e9missions en direct en qualit\u00e9 t\u00e9l\u00e9visuelle depuis n'importe o\u00f9 dans le monde. De plus, gr\u00e2ce \u00e0 l'encodage direct, votre public peut profiter d'une exp\u00e9rience de visionnage exceptionnelle, o\u00f9 qu'il se trouve dans le monde.<\/span><\/p><h4>TV professionnelle - Qualit\u00e9 standard<\/h4><p>mimoLive\u2122 suit les normes de la t\u00e9l\u00e9vision, ce qui garantit que vos flux de concerts en direct seront professionnels et de la plus haute qualit\u00e9. Consultez les t\u00e9moignages de nos clients pour d\u00e9couvrir comment mimoLive\u2122 les a aid\u00e9s \u00e0 produire des vid\u00e9os en direct incroyables pour leur public.<\/p><h4>La diffusion facilit\u00e9e - partout, \u00e0 tout moment<\/h4><p>Notre plateforme facile \u00e0 utiliser vous permet de cr\u00e9er des flux de concerts en direct visuellement \u00e9poustouflants, ce qui vous permet de captiver et d'engager vos spectateurs comme jamais auparavant.<\/p><p>Que vous diffusiez un <a href=\"https:\/\/mimolive.com\/fr\/comment-diffuser-des-emissions-en-direct-a-partir-de-lieux-eloignes\/\">course de chiens de tra\u00eeneau en Alaska<\/a> ou la diffusion d'un concert de musique en direct pour un nouveau groupe, mimoLive vous couvre.<\/p><p>\u00a0<\/p><p>Pr\u00eat \u00e0 vous lancer dans la production de votre propre flux en direct ? Regardez notre visite guid\u00e9e des coulisses et lisez plus de d\u00e9tails sur notre processus de production sur notre site Web. <a href=\"https:\/\/mimolive.com\/fr\/academie\/histoires-en-direct\/\">blog<\/a>.<\/p><p><span style=\"font-family: -apple-system, BlinkMacSystemFont, 'Segoe UI', Roboto, 'Helvetica Neue', Arial, 'Noto Sans', sans-serif, 'Apple Color Emoji', 'Segoe UI Emoji', 'Segoe UI Symbol', 'Noto Color Emoji'; letter-spacing: 0px;\">\u00a0<\/span><\/p>\t\t\t\t\t\t\t\t<\/div>\n\t\t\t\t<\/div>\n\t\t\t\t<div class=\"elementor-element elementor-element-c13d401 elementor-icon-list--layout-traditional elementor-list-item-link-full_width elementor-widget elementor-widget-icon-list\" data-id=\"c13d401\" data-element_type=\"widget\" data-e-type=\"widget\" data-widget_type=\"icon-list.default\">\n\t\t\t\t<div class=\"elementor-widget-container\">\n\t\t\t\t\t\t\t<ul class=\"elementor-icon-list-items\">\n\t\t\t\t\t\t\t<li class=\"elementor-icon-list-item\">\n\t\t\t\t\t\t\t\t\t\t\t<span class=\"elementor-icon-list-icon\">\n\t\t\t\t\t\t\t<svg aria-hidden=\"true\" class=\"e-font-icon-svg e-fas-plus-circle\" viewbox=\"0 0 512 512\" xmlns=\"http:\/\/www.w3.org\/2000\/svg\"><path d=\"M256 8C119 8 8 119 8 256s111 248 248 248 248-111 248-248S393 8 256 8zm144 276c0 6.6-5.4 12-12 12h-92v92c0 6.6-5.4 12-12 12h-56c-6.6 0-12-5.4-12-12v-92h-92c-6.6 0-12-5.4-12-12v-56c0-6.6 5.4-12 12-12h92v-92c0-6.6 5.4-12 12-12h56c6.6 0 12 5.4 12 12v92h92c6.6 0 12 5.4 12 12v56z\"><\/path><\/svg>\t\t\t\t\t\t<\/span>\n\t\t\t\t\t\t\t\t\t\t<span class=\"elementor-icon-list-text\">\u00c9v\u00e9nements sur sc\u00e8ne<\/span>\n\t\t\t\t\t\t\t\t\t<\/li>\n\t\t\t\t\t\t\t\t<li class=\"elementor-icon-list-item\">\n\t\t\t\t\t\t\t\t\t\t\t<span class=\"elementor-icon-list-icon\">\n\t\t\t\t\t\t\t<svg aria-hidden=\"true\" class=\"e-font-icon-svg e-fas-plus-circle\" viewbox=\"0 0 512 512\" xmlns=\"http:\/\/www.w3.org\/2000\/svg\"><path d=\"M256 8C119 8 8 119 8 256s111 248 248 248 248-111 248-248S393 8 256 8zm144 276c0 6.6-5.4 12-12 12h-92v92c0 6.6-5.4 12-12 12h-56c-6.6 0-12-5.4-12-12v-92h-92c-6.6 0-12-5.4-12-12v-56c0-6.6 5.4-12 12-12h92v-92c0-6.6 5.4-12 12-12h56c6.6 0 12 5.4 12 12v92h92c6.6 0 12 5.4 12 12v56z\"><\/path><\/svg>\t\t\t\t\t\t<\/span>\n\t\t\t\t\t\t\t\t\t\t<span class=\"elementor-icon-list-text\">Musique, concerts, stand-up comedy <\/span>\n\t\t\t\t\t\t\t\t\t<\/li>\n\t\t\t\t\t\t\t\t<li class=\"elementor-icon-list-item\">\n\t\t\t\t\t\t\t\t\t\t\t<span class=\"elementor-icon-list-icon\">\n\t\t\t\t\t\t\t<svg aria-hidden=\"true\" class=\"e-font-icon-svg e-fas-plus-circle\" viewbox=\"0 0 512 512\" xmlns=\"http:\/\/www.w3.org\/2000\/svg\"><path d=\"M256 8C119 8 8 119 8 256s111 248 248 248 248-111 248-248S393 8 256 8zm144 276c0 6.6-5.4 12-12 12h-92v92c0 6.6-5.4 12-12 12h-56c-6.6 0-12-5.4-12-12v-92h-92c-6.6 0-12-5.4-12-12v-56c0-6.6 5.4-12 12-12h92v-92c0-6.6 5.4-12 12-12h56c6.6 0 12 5.4 12 12v92h92c6.6 0 12 5.4 12 12v56z\"><\/path><\/svg>\t\t\t\t\t\t<\/span>\n\t\t\t\t\t\t\t\t\t\t<span class=\"elementor-icon-list-text\">Annonces de l'entreprise<\/span>\n\t\t\t\t\t\t\t\t\t<\/li>\n\t\t\t\t\t\t\t\t<li class=\"elementor-icon-list-item\">\n\t\t\t\t\t\t\t\t\t\t\t<span class=\"elementor-icon-list-icon\">\n\t\t\t\t\t\t\t<svg aria-hidden=\"true\" class=\"e-font-icon-svg e-fas-plus-circle\" viewbox=\"0 0 512 512\" xmlns=\"http:\/\/www.w3.org\/2000\/svg\"><path d=\"M256 8C119 8 8 119 8 256s111 248 248 248 248-111 248-248S393 8 256 8zm144 276c0 6.6-5.4 12-12 12h-92v92c0 6.6-5.4 12-12 12h-56c-6.6 0-12-5.4-12-12v-92h-92c-6.6 0-12-5.4-12-12v-56c0-6.6 5.4-12 12-12h92v-92c0-6.6 5.4-12 12-12h56c6.6 0 12 5.4 12 12v92h92c6.6 0 12 5.4 12 12v56z\"><\/path><\/svg>\t\t\t\t\t\t<\/span>\n\t\t\t\t\t\t\t\t\t\t<span class=\"elementor-icon-list-text\">Lancement de produits en ligne<\/span>\n\t\t\t\t\t\t\t\t\t<\/li>\n\t\t\t\t\t\t\t\t<li class=\"elementor-icon-list-item\">\n\t\t\t\t\t\t\t\t\t\t\t<span class=\"elementor-icon-list-icon\">\n\t\t\t\t\t\t\t<svg aria-hidden=\"true\" class=\"e-font-icon-svg e-fas-plus-circle\" viewbox=\"0 0 512 512\" xmlns=\"http:\/\/www.w3.org\/2000\/svg\"><path d=\"M256 8C119 8 8 119 8 256s111 248 248 248 248-111 248-248S393 8 256 8zm144 276c0 6.6-5.4 12-12 12h-92v92c0 6.6-5.4 12-12 12h-56c-6.6 0-12-5.4-12-12v-92h-92c-6.6 0-12-5.4-12-12v-56c0-6.6 5.4-12 12-12h92v-92c0-6.6 5.4-12 12-12h56c6.6 0 12 5.4 12 12v92h92c6.6 0 12 5.4 12 12v56z\"><\/path><\/svg>\t\t\t\t\t\t<\/span>\n\t\t\t\t\t\t\t\t\t\t<span class=\"elementor-icon-list-text\">Suivre les normes de t\u00e9l\u00e9vision<\/span>\n\t\t\t\t\t\t\t\t\t<\/li>\n\t\t\t\t\t\t<\/ul>\n\t\t\t\t\t\t<\/div>\n\t\t\t\t<\/div>\n\t\t\t\t<div class=\"elementor-element elementor-element-06bbf9f elementor-widget elementor-widget-heading\" data-id=\"06bbf9f\" data-element_type=\"widget\" data-e-type=\"widget\" data-widget_type=\"heading.default\">\n\t\t\t\t<div class=\"elementor-widget-container\">\n\t\t\t\t\t<h3 class=\"elementor-heading-title elementor-size-default\">T\u00e9moignages de nos clients\n\n<\/h3>\t\t\t\t<\/div>\n\t\t\t\t<\/div>\n\t\t\t\t<div class=\"elementor-element elementor-element-0d9a7fe elementor-widget elementor-widget-text-editor\" data-id=\"0d9a7fe\" data-element_type=\"widget\" data-e-type=\"widget\" data-widget_type=\"text-editor.default\">\n\t\t\t\t<div class=\"elementor-widget-container\">\n\t\t\t\t\t\t\t\t\t<ul><li><a href=\"https:\/\/mimolive.com\/fr\/diffusion-en-direct-dun-concert-avec-mimolive\/\">Comment diffuser un concert en direct ?<\/a><\/li><li><a href=\"https:\/\/mimolive.com\/fr\/comment-diffuser-des-emissions-en-direct-a-partir-de-lieux-eloignes\/\">Diffusion d'une course de chiens de tra\u00eeneau en hiver depuis l'Alaska, aux \u00c9tats-Unis.<\/a><\/li><\/ul>\t\t\t\t\t\t\t\t<\/div>\n\t\t\t\t<\/div>\n\t\t\t\t<\/div>\n\t\t\t\t\t<\/div>\n\t\t\t\t<\/div>\n\t\t<div class=\"elementor-element elementor-element-80bad6a e-flex e-con-boxed e-con e-parent\" data-id=\"80bad6a\" data-element_type=\"container\" data-e-type=\"container\">\n\t\t\t\t\t<div class=\"e-con-inner\">\n\t\t<div class=\"elementor-element elementor-element-d9d1a5c e-con-full e-flex e-con e-child\" data-id=\"d9d1a5c\" data-element_type=\"container\" data-e-type=\"container\">\n\t\t\t\t<div class=\"elementor-element elementor-element-b764dbd elementor-widget elementor-widget-heading\" data-id=\"b764dbd\" data-element_type=\"widget\" data-e-type=\"widget\" data-widget_type=\"heading.default\">\n\t\t\t\t<div class=\"elementor-widget-container\">\n\t\t\t\t\t<h3 class=\"elementor-heading-title elementor-size-default\">Visite des coulisses d'une production de flux en direct<\/h3>\t\t\t\t<\/div>\n\t\t\t\t<\/div>\n\t\t\t\t<div class=\"elementor-element elementor-element-dd0f7b6 elementor-widget elementor-widget-text-editor\" data-id=\"dd0f7b6\" data-element_type=\"widget\" data-e-type=\"widget\" data-widget_type=\"text-editor.default\">\n\t\t\t\t<div class=\"elementor-widget-container\">\n\t\t\t\t\t\t\t\t\t<p>Ben Hammer, du collectif d'artistes de l'eau de Cologne Chips &amp; Champagner, a fait \u00e9quipe avec notre \u00e9quipe d'artistes de l'eau de Cologne.\u00a0<span style=\"color: var( --e-global-color-text ); letter-spacing: 0px; background-color: var( --e-global-color-87ac5fd );\">Responsable du marketing, Steffen Skopp,<\/span><span style=\"color: var( --e-global-color-text ); letter-spacing: 0px; background-color: var( --e-global-color-87ac5fd );\">\u00a0<\/span><span style=\"color: var( --e-global-color-text ); letter-spacing: 0px; background-color: var( --e-global-color-87ac5fd );\">cr\u00e9er un flux en direct pour un groupe de musique allemand\u00a0<\/span><a style=\"letter-spacing: normal;\" href=\"https:\/\/klanmusik.de\/\" target=\"_blank\" rel=\"noopener\">KLAN<\/a><span style=\"background-color: var( --e-global-color-87ac5fd ); color: var( --e-global-color-text ); letter-spacing: 0px;\">. L'id\u00e9e \u00e9tait de cr\u00e9er un flux de concert professionnel en direct pendant un petit concert de la taille d'un club. <\/span><span style=\"background-color: var( --e-global-color-87ac5fd ); color: var( --e-global-color-text ); letter-spacing: 0px;\">Le concert devait avoir lieu pendant le festival de Cologne. <a href=\"https:\/\/c-o-pop.de\/festival\/\" target=\"_blank\" rel=\"noopener\">festival co\/pop<\/a>.<\/span><\/p><p>Regardez notre visite des coulisses d'une production en direct et lisez les d\u00e9tails de la production dans votre blog.\u00a0<\/p><p>Si vous \u00eates un KLAN FAN - s'il vous pla\u00eet regarder l'ensemble de la\u00a0<a href=\"https:\/\/youtu.be\/BxHihYTyLoM?t=1010\" target=\"_blank\" rel=\"noopener\">streaming en direct sur la page Youtube de KLAN<\/a>.<\/p>\t\t\t\t\t\t\t\t<\/div>\n\t\t\t\t<\/div>\n\t\t\t\t<div class=\"elementor-element elementor-element-258e629 elementor-widget elementor-widget-image\" data-id=\"258e629\" data-element_type=\"widget\" data-e-type=\"widget\" data-widget_type=\"image.default\">\n\t\t\t\t<div class=\"elementor-widget-container\">\n\t\t\t\t\t\t\t\t\t\t\t\t\t\t\t\t<a href=\"https:\/\/mimolive.com\/fr\/diffusion-en-direct-dun-concert-avec-mimolive\/\">\n\t\t\t\t\t\t\t<img fetchpriority=\"high\" decoding=\"async\" width=\"768\" height=\"433\" src=\"https:\/\/mimolive.com\/wp-content\/uploads\/2021\/07\/luis-morera-stage-768x433.jpg\" class=\"attachment-medium_large size-medium_large wp-image-22793\" alt=\"Cam\u00e9raman Studio\" srcset=\"https:\/\/mimolive.com\/wp-content\/uploads\/2021\/07\/luis-morera-stage-768x433.jpg 768w,  https:\/\/mimolive.com\/wp-content\/uploads\/2021\/07\/luis-morera-stage-300x169.jpg 300w,  https:\/\/mimolive.com\/wp-content\/uploads\/2021\/07\/luis-morera-stage-1024x577.jpg 1024w,  https:\/\/mimolive.com\/wp-content\/uploads\/2021\/07\/luis-morera-stage-1536x866.jpg 1536w,  https:\/\/mimolive.com\/wp-content\/uploads\/2021\/07\/luis-morera-stage.jpg 1600w\" sizes=\"(max-width: 768px) 100vw, 768px\" \/>\t\t\t\t\t\t\t\t<\/a>\n\t\t\t\t\t\t\t\t\t\t\t\t\t\t\t<\/div>\n\t\t\t\t<\/div>\n\t\t\t\t<\/div>\n\t\t\t\t\t<\/div>\n\t\t\t\t<\/div>\n\t\t<div class=\"elementor-element elementor-element-b018009 e-flex e-con-boxed e-con e-parent\" data-id=\"b018009\" data-element_type=\"container\" data-e-type=\"container\">\n\t\t\t\t\t<div class=\"e-con-inner\">\n\t\t<div class=\"elementor-element elementor-element-d620408 e-con-full e-flex e-con e-child\" data-id=\"d620408\" data-element_type=\"container\" data-e-type=\"container\">\n\t\t\t\t<div class=\"elementor-element elementor-element-ab26399 elementor-widget elementor-widget-heading\" data-id=\"ab26399\" data-element_type=\"widget\" data-e-type=\"widget\" data-widget_type=\"heading.default\">\n\t\t\t\t<div class=\"elementor-widget-container\">\n\t\t\t\t\t<h3 class=\"elementor-heading-title elementor-size-default\">Exemple de liste d'\u00e9quipement pour une production en direct :<\/h3>\t\t\t\t<\/div>\n\t\t\t\t<\/div>\n\t\t\t\t<div class=\"elementor-element elementor-element-cc10cf6 elementor-widget elementor-widget-text-editor\" data-id=\"cc10cf6\" data-element_type=\"widget\" data-e-type=\"widget\" data-widget_type=\"text-editor.default\">\n\t\t\t\t<div class=\"elementor-widget-container\">\n\t\t\t\t\t\t\t\t\t<ul style=\"list-style-type: circle;\">\n \t<li>Apple iMac Pro 10 c\u0153urs, 3 GHz, 64 Go de RAM, Radeon Pro Vega 64<\/li>\n \t<li>mimoLive\u2122, YouTube Live, Facebook Live<\/li>\n \t<li>L'iPad d'Apple comme t\u00e9l\u00e9commande pour mimoLive<\/li>\n \t<li>Carte SDI Blackmagic Design DeckLink Duo 2<\/li>\n \t<li>Bo\u00eetier d'extension PCIe Echo Express SE1 TB3 de Sonnet<\/li>\n \t<li>2x Apple iPhone 8+ mimoCall\u2122 sur WiFi<\/li>\n \t<li>2x Lumens VC-A50PN NDI Camera (Cam\u00e9ras PTZ sur sc\u00e8ne)<\/li>\n \t<li>2x cam\u00e9ra Sony PXW-X70 (cam\u00e9ras d'\u00e9paule devant la sc\u00e8ne)<\/li>\n \t<li>TeraDek Bolt Pro500 - Transmetteur sans fil SDI<\/li>\n \t<li>Cam\u00e9ra Blackmagic Micro Studio (plan d'ensemble de l'arri\u00e8re)<\/li>\n \t<li><span style=\"color: var( --e-global-color-text );\">Enregistreur Zoom H5<\/span><\/li>\n \t<li>Ubiquiti Networks 8-Port UniFi Switch<\/li>\n \t<li>FRITZ!Box 7530 ac WiFi Router<\/li>\n<\/ul>\t\t\t\t\t\t\t\t<\/div>\n\t\t\t\t<\/div>\n\t\t\t\t<\/div>\n\t\t<div class=\"elementor-element elementor-element-0e6e4ad e-con-full e-flex e-con e-child\" data-id=\"0e6e4ad\" data-element_type=\"container\" data-e-type=\"container\">\n\t\t\t\t<div class=\"elementor-element elementor-element-0dfcc99 elementor-widget elementor-widget-image\" data-id=\"0dfcc99\" data-element_type=\"widget\" data-e-type=\"widget\" data-widget_type=\"image.default\">\n\t\t\t\t<div class=\"elementor-widget-container\">\n\t\t\t\t\t\t\t\t\t\t\t\t\t\t\t<img decoding=\"async\" width=\"768\" height=\"432\" src=\"https:\/\/mimolive.com\/wp-content\/uploads\/2021\/01\/music-klan-4-768x432.jpg\" class=\"attachment-medium_large size-medium_large wp-image-14809\" alt=\"\" srcset=\"https:\/\/mimolive.com\/wp-content\/uploads\/2021\/01\/music-klan-4-768x432.jpg 768w,  https:\/\/mimolive.com\/wp-content\/uploads\/2021\/01\/music-klan-4-300x169.jpg 300w,  https:\/\/mimolive.com\/wp-content\/uploads\/2021\/01\/music-klan-4-1024x576.jpg 1024w,  https:\/\/mimolive.com\/wp-content\/uploads\/2021\/01\/music-klan-4.jpg 1200w\" sizes=\"(max-width: 768px) 100vw, 768px\">\t\t\t\t\t\t\t\t\t\t\t\t\t\t\t<\/div>\n\t\t\t\t<\/div>\n\t\t\t\t<div class=\"elementor-element elementor-element-601a18c elementor-widget elementor-widget-image\" data-id=\"601a18c\" data-element_type=\"widget\" data-e-type=\"widget\" data-widget_type=\"image.default\">\n\t\t\t\t<div class=\"elementor-widget-container\">\n\t\t\t\t\t\t\t\t\t\t\t\t\t\t\t<img decoding=\"async\" width=\"768\" height=\"432\" src=\"https:\/\/mimolive.com\/wp-content\/uploads\/2021\/01\/music-klan-768x432.jpg\" class=\"attachment-medium_large size-medium_large wp-image-14812\" alt=\"\" srcset=\"https:\/\/mimolive.com\/wp-content\/uploads\/2021\/01\/music-klan-768x432.jpg 768w,  https:\/\/mimolive.com\/wp-content\/uploads\/2021\/01\/music-klan-300x169.jpg 300w,  https:\/\/mimolive.com\/wp-content\/uploads\/2021\/01\/music-klan-1024x576.jpg 1024w,  https:\/\/mimolive.com\/wp-content\/uploads\/2021\/01\/music-klan.jpg 1200w\" sizes=\"(max-width: 768px) 100vw, 768px\">\t\t\t\t\t\t\t\t\t\t\t\t\t\t\t<\/div>\n\t\t\t\t<\/div>\n\t\t\t\t<\/div>\n\t\t\t\t\t<\/div>\n\t\t\t\t<\/div>\n\t\t<div class=\"elementor-element elementor-element-359aa99 e-flex e-con-boxed e-con e-parent\" data-id=\"359aa99\" data-element_type=\"container\" data-e-type=\"container\">\n\t\t\t\t\t<div class=\"e-con-inner\">\n\t\t<div class=\"elementor-element elementor-element-f175efd e-con-full e-flex e-con e-child\" data-id=\"f175efd\" data-element_type=\"container\" data-e-type=\"container\">\n\t\t\t\t<div class=\"elementor-element elementor-element-8c7bd76 elementor-widget elementor-widget-image\" data-id=\"8c7bd76\" data-element_type=\"widget\" data-e-type=\"widget\" data-widget_type=\"image.default\">\n\t\t\t\t<div class=\"elementor-widget-container\">\n\t\t\t\t\t\t\t\t\t\t\t\t\t\t\t<img loading=\"lazy\" decoding=\"async\" width=\"768\" height=\"432\" src=\"https:\/\/mimolive.com\/wp-content\/uploads\/2021\/01\/music-klan-3-768x432.jpg\" class=\"attachment-medium_large size-medium_large wp-image-14810\" alt=\"Diffusion en continu de concerts et d&#039;\u00e9v\u00e9nements sur sc\u00e8ne\" srcset=\"https:\/\/mimolive.com\/wp-content\/uploads\/2021\/01\/music-klan-3-768x432.jpg 768w,  https:\/\/mimolive.com\/wp-content\/uploads\/2021\/01\/music-klan-3-300x169.jpg 300w,  https:\/\/mimolive.com\/wp-content\/uploads\/2021\/01\/music-klan-3-1024x576.jpg 1024w,  https:\/\/mimolive.com\/wp-content\/uploads\/2021\/01\/music-klan-3.jpg 1200w\" sizes=\"(max-width: 768px) 100vw, 768px\" \/>\t\t\t\t\t\t\t\t\t\t\t\t\t\t\t<\/div>\n\t\t\t\t<\/div>\n\t\t\t\t<div class=\"elementor-element elementor-element-043f527 elementor-widget elementor-widget-image\" data-id=\"043f527\" data-element_type=\"widget\" data-e-type=\"widget\" data-widget_type=\"image.default\">\n\t\t\t\t<div class=\"elementor-widget-container\">\n\t\t\t\t\t\t\t\t\t\t\t\t\t\t\t<img loading=\"lazy\" decoding=\"async\" width=\"768\" height=\"281\" src=\"https:\/\/mimolive.com\/wp-content\/uploads\/2020\/10\/in-out.svg\" class=\"attachment-medium_large size-medium_large wp-image-256\" alt=\"\">\t\t\t\t\t\t\t\t\t\t\t\t\t\t\t<\/div>\n\t\t\t\t<\/div>\n\t\t\t\t<\/div>\n\t\t<div class=\"elementor-element elementor-element-cbcd841 e-con-full e-flex e-con e-child\" data-id=\"cbcd841\" data-element_type=\"container\" data-e-type=\"container\">\n\t\t\t\t<div class=\"elementor-element elementor-element-f35e942 elementor-widget elementor-widget-heading\" data-id=\"f35e942\" data-element_type=\"widget\" data-e-type=\"widget\" data-widget_type=\"heading.default\">\n\t\t\t\t<div class=\"elementor-widget-container\">\n\t\t\t\t\t<h3 class=\"elementor-heading-title elementor-size-default\">mimoLive - con\u00e7u pour la diffusion en continu de concerts et d'\u00e9v\u00e9nements sur sc\u00e8ne<\/h3>\t\t\t\t<\/div>\n\t\t\t\t<\/div>\n\t\t\t\t<div class=\"elementor-element elementor-element-9433486 elementor-widget elementor-widget-text-editor\" data-id=\"9433486\" data-element_type=\"widget\" data-e-type=\"widget\" data-widget_type=\"text-editor.default\">\n\t\t\t\t<div class=\"elementor-widget-container\">\n\t\t\t\t\t\t\t\t\t<p><span style=\"color: var( --e-global-color-text ); letter-spacing: 0px; background-color: var( --e-global-color-87ac5fd );\">Nous permettons aux producteurs vid\u00e9o de contr\u00f4ler des \u00e9missions en direct compl\u00e8tes par de petites \u00e9quipes.<\/span><span style=\"color: var( --e-global-color-text ); letter-spacing: 0px; background-color: var( --e-global-color-87ac5fd );\">\u00a0<\/span><\/p><p>mimoLive utilise plusieurs pr\u00e9r\u00e9glages pour les principales plateformes de streaming afin de simplifier votre vie professionnelle et de rendre votre flux de travail aussi facile que possible.<\/p>\t\t\t\t\t\t\t\t<\/div>\n\t\t\t\t<\/div>\n\t\t\t\t<\/div>\n\t\t<div class=\"elementor-element elementor-element-896d0b6 e-con-full e-flex e-con e-child\" data-id=\"896d0b6\" data-element_type=\"container\" data-e-type=\"container\">\n\t\t\t\t<div class=\"elementor-element elementor-element-bd6cd07 elementor-widget elementor-widget-heading\" data-id=\"bd6cd07\" data-element_type=\"widget\" data-e-type=\"widget\" data-widget_type=\"heading.default\">\n\t\t\t\t<div class=\"elementor-widget-container\">\n\t\t\t\t\t<h2 class=\"elementor-heading-title elementor-size-default\">R\u00e9volutionnez la diffusion de vos concerts et \u00e9v\u00e9nements avec mimoLive\u00ae.<\/h2>\t\t\t\t<\/div>\n\t\t\t\t<\/div>\n\t\t\t\t<\/div>\n\t\t\t\t\t<\/div>\n\t\t\t\t<\/div>\n\t\t\t\t<\/div>","protected":false},"excerpt":{"rendered":"<p>Start Free Trial Broadcast events and concerts easily The Perfect Partner for Any Event Welcome to the ultimate concert streaming solution &#8211; mimoLive\u00ae. Whether it&#8217;s a music concert, stand-up comedy show, company announcement, or online product launch, mimoLive\u2122 is the perfect broadcasting partner for any kind of on-stage event. Easy Production of TV-Quality Live Shows [&hellip;]<\/p>","protected":false},"author":1,"featured_media":15611,"parent":11260,"menu_order":2,"comment_status":"closed","ping_status":"closed","template":"","meta":{"_acf_changed":false,"_angie_page":false,"_lmt_disableupdate":"","_lmt_disable":"","footnotes":""},"class_list":["post-12221","page","type-page","status-publish","has-post-thumbnail","hentry"],"acf":[],"_links":{"self":[{"href":"https:\/\/mimolive.com\/fr\/wp-json\/wp\/v2\/pages\/12221","targetHints":{"allow":["GET"]}}],"collection":[{"href":"https:\/\/mimolive.com\/fr\/wp-json\/wp\/v2\/pages"}],"about":[{"href":"https:\/\/mimolive.com\/fr\/wp-json\/wp\/v2\/types\/page"}],"author":[{"embeddable":true,"href":"https:\/\/mimolive.com\/fr\/wp-json\/wp\/v2\/users\/1"}],"replies":[{"embeddable":true,"href":"https:\/\/mimolive.com\/fr\/wp-json\/wp\/v2\/comments?post=12221"}],"version-history":[{"count":5,"href":"https:\/\/mimolive.com\/fr\/wp-json\/wp\/v2\/pages\/12221\/revisions"}],"predecessor-version":[{"id":37396,"href":"https:\/\/mimolive.com\/fr\/wp-json\/wp\/v2\/pages\/12221\/revisions\/37396"}],"up":[{"embeddable":true,"href":"https:\/\/mimolive.com\/fr\/wp-json\/wp\/v2\/pages\/11260"}],"wp:featuredmedia":[{"embeddable":true,"href":"https:\/\/mimolive.com\/fr\/wp-json\/wp\/v2\/media\/15611"}],"wp:attachment":[{"href":"https:\/\/mimolive.com\/fr\/wp-json\/wp\/v2\/media?parent=12221"}],"curies":[{"name":"wp","href":"https:\/\/api.w.org\/{rel}","templated":true}]}}