{"id":12226,"date":"2020-12-02T15:40:53","date_gmt":"2020-12-02T14:40:53","guid":{"rendered":"https:\/\/mimolive.com\/?page_id=12226"},"modified":"2024-09-09T07:11:21","modified_gmt":"2024-09-09T05:11:21","slug":"diffusion-televisuelle","status":"publish","type":"page","link":"https:\/\/mimolive.com\/fr\/solutions\/tv-broadcast\/","title":{"rendered":"Puissant studio vid\u00e9o en direct pour les diffuseurs de t\u00e9l\u00e9vision"},"content":{"rendered":"<div data-elementor-type=\"wp-page\" data-elementor-id=\"12226\" class=\"elementor elementor-12226\" data-elementor-post-type=\"page\">\n\t\t\t\t<div class=\"elementor-element elementor-element-96740da no-lazy-load e-con-full e-flex e-con e-parent\" data-id=\"96740da\" data-element_type=\"container\" data-e-type=\"container\" data-settings=\"{&quot;background_background&quot;:&quot;video&quot;,&quot;background_video_link&quot;:&quot;https:\\\/\\\/mimolive.com\\\/wp-content\\\/uploads\\\/2024\\\/05\\\/broadcasting_studio.mp4&quot;,&quot;background_play_on_mobile&quot;:&quot;yes&quot;}\">\n\t\t<div class=\"elementor-background-video-container\">\n\t\t\t\t\t\t\t<video class=\"elementor-background-video-hosted\" role=\"presentation\" autoplay muted playsinline loop><\/video>\n\t\t\t\t\t<\/div><div class=\"elementor-element elementor-element-935ee67 e-flex e-con-boxed e-con e-child\" data-id=\"935ee67\" data-element_type=\"container\" data-e-type=\"container\">\n\t\t\t\t\t<div class=\"e-con-inner\">\n\t\t\t\t<div class=\"elementor-element elementor-element-3cc41a4 elementor-align-center cta-mimolive-download elementor-widget elementor-widget-button\" data-id=\"3cc41a4\" data-element_type=\"widget\" data-e-type=\"widget\" data-widget_type=\"button.default\">\n\t\t\t\t<div class=\"elementor-widget-container\">\n\t\t\t\t\t\t\t\t\t<div class=\"elementor-button-wrapper\">\n\t\t\t\t\t<a class=\"elementor-button elementor-button-link elementor-size-sm\" href=\"https:\/\/mimolive.com\/fr\/telecharger\/essai-gratuit\/\">\n\t\t\t\t\t\t<span class=\"elementor-button-content-wrapper\">\n\t\t\t\t\t\t\t\t\t<span class=\"elementor-button-text\">   D\u00e9marrer l'essai gratuit<\/span>\n\t\t\t\t\t<\/span>\n\t\t\t\t\t<\/a>\n\t\t\t\t<\/div>\n\t\t\t\t\t\t\t\t<\/div>\n\t\t\t\t<\/div>\n\t\t\t\t\t<\/div>\n\t\t\t\t<\/div>\n\t\t\t\t<\/div>\n\t\t<div class=\"elementor-element elementor-element-a589107 e-flex e-con-boxed e-con e-parent\" data-id=\"a589107\" data-element_type=\"container\" data-e-type=\"container\">\n\t\t\t\t\t<div class=\"e-con-inner\">\n\t\t<div class=\"elementor-element elementor-element-a36ffa9 e-con-full e-flex e-con e-child\" data-id=\"a36ffa9\" data-element_type=\"container\" data-e-type=\"container\">\n\t\t\t\t<div class=\"elementor-element elementor-element-e86067d elementor-widget elementor-widget-heading\" data-id=\"e86067d\" data-element_type=\"widget\" data-e-type=\"widget\" data-widget_type=\"heading.default\">\n\t\t\t\t<div class=\"elementor-widget-container\">\n\t\t\t\t\t<h2 class=\"elementor-heading-title elementor-size-default\">La t\u00e9l\u00e9vision et la radiodiffusion dans la transformation num\u00e9rique<\/h2>\t\t\t\t<\/div>\n\t\t\t\t<\/div>\n\t\t\t\t<div class=\"elementor-element elementor-element-5417a63 ml-intro elementor-widget elementor-widget-text-editor\" data-id=\"5417a63\" data-element_type=\"widget\" data-e-type=\"widget\" data-widget_type=\"text-editor.default\">\n\t\t\t\t<div class=\"elementor-widget-container\">\n\t\t\t\t\t\t\t\t\t<p>Le secteur de la t\u00e9l\u00e9vision et de la radiodiffusion conna\u00eet une transformation num\u00e9rique qui change fondamentalement la fa\u00e7on dont nous produisons des \u00e9missions vid\u00e9o en direct. mimoLive aide \u00e0 aller de l'avant et offre des solutions allant de la premi\u00e8re \u00e9tape d'un flux de travail num\u00e9rique \u00e0 une solution autonome de production num\u00e9rique en direct.<\/p>\n<p><strong>Nous avons une solution pour vous.<\/strong><\/p>\t\t\t\t\t\t\t\t<\/div>\n\t\t\t\t<\/div>\n\t\t\t\t<div class=\"elementor-element elementor-element-d63b48d elementor-icon-list--layout-traditional elementor-list-item-link-full_width elementor-widget elementor-widget-icon-list\" data-id=\"d63b48d\" data-element_type=\"widget\" data-e-type=\"widget\" data-widget_type=\"icon-list.default\">\n\t\t\t\t<div class=\"elementor-widget-container\">\n\t\t\t\t\t\t\t<ul class=\"elementor-icon-list-items\">\n\t\t\t\t\t\t\t<li class=\"elementor-icon-list-item\">\n\t\t\t\t\t\t\t\t\t\t\t<span class=\"elementor-icon-list-icon\">\n\t\t\t\t\t\t\t<svg aria-hidden=\"true\" class=\"e-font-icon-svg e-fas-check\" viewbox=\"0 0 512 512\" xmlns=\"http:\/\/www.w3.org\/2000\/svg\"><path d=\"M173.898 439.404l-166.4-166.4c-9.997-9.997-9.997-26.206 0-36.204l36.203-36.204c9.997-9.998 26.207-9.998 36.204 0L192 312.69 432.095 72.596c9.997-9.997 26.207-9.997 36.204 0l36.203 36.204c9.997 9.997 9.997 26.206 0 36.204l-294.4 294.401c-9.998 9.997-26.207 9.997-36.204-.001z\"><\/path><\/svg>\t\t\t\t\t\t<\/span>\n\t\t\t\t\t\t\t\t\t\t<span class=\"elementor-icon-list-text\">Configuration z\u00e9ro pour les appels vid\u00e9o en direct<\/span>\n\t\t\t\t\t\t\t\t\t<\/li>\n\t\t\t\t\t\t\t\t<li class=\"elementor-icon-list-item\">\n\t\t\t\t\t\t\t\t\t\t\t<span class=\"elementor-icon-list-icon\">\n\t\t\t\t\t\t\t<svg aria-hidden=\"true\" class=\"e-font-icon-svg e-fas-check\" viewbox=\"0 0 512 512\" xmlns=\"http:\/\/www.w3.org\/2000\/svg\"><path d=\"M173.898 439.404l-166.4-166.4c-9.997-9.997-9.997-26.206 0-36.204l36.203-36.204c9.997-9.998 26.207-9.998 36.204 0L192 312.69 432.095 72.596c9.997-9.997 26.207-9.997 36.204 0l36.203 36.204c9.997 9.997 9.997 26.206 0 36.204l-294.4 294.401c-9.998 9.997-26.207 9.997-36.204-.001z\"><\/path><\/svg>\t\t\t\t\t\t<\/span>\n\t\t\t\t\t\t\t\t\t\t<span class=\"elementor-icon-list-text\">Utilisation et personnalisation faciles<\/span>\n\t\t\t\t\t\t\t\t\t<\/li>\n\t\t\t\t\t\t\t\t<li class=\"elementor-icon-list-item\">\n\t\t\t\t\t\t\t\t\t\t\t<span class=\"elementor-icon-list-icon\">\n\t\t\t\t\t\t\t<svg aria-hidden=\"true\" class=\"e-font-icon-svg e-fas-check\" viewbox=\"0 0 512 512\" xmlns=\"http:\/\/www.w3.org\/2000\/svg\"><path d=\"M173.898 439.404l-166.4-166.4c-9.997-9.997-9.997-26.206 0-36.204l36.203-36.204c9.997-9.998 26.207-9.998 36.204 0L192 312.69 432.095 72.596c9.997-9.997 26.207-9.997 36.204 0l36.203 36.204c9.997 9.997 9.997 26.206 0 36.204l-294.4 294.401c-9.998 9.997-26.207 9.997-36.204-.001z\"><\/path><\/svg>\t\t\t\t\t\t<\/span>\n\t\t\t\t\t\t\t\t\t\t<span class=\"elementor-icon-list-text\">S'int\u00e8gre dans les flux de travail existants<\/span>\n\t\t\t\t\t\t\t\t\t<\/li>\n\t\t\t\t\t\t\t\t<li class=\"elementor-icon-list-item\">\n\t\t\t\t\t\t\t\t\t\t\t<span class=\"elementor-icon-list-icon\">\n\t\t\t\t\t\t\t<svg aria-hidden=\"true\" class=\"e-font-icon-svg e-fas-check\" viewbox=\"0 0 512 512\" xmlns=\"http:\/\/www.w3.org\/2000\/svg\"><path d=\"M173.898 439.404l-166.4-166.4c-9.997-9.997-9.997-26.206 0-36.204l36.203-36.204c9.997-9.998 26.207-9.998 36.204 0L192 312.69 432.095 72.596c9.997-9.997 26.207-9.997 36.204 0l36.203 36.204c9.997 9.997 9.997 26.206 0 36.204l-294.4 294.401c-9.998 9.997-26.207 9.997-36.204-.001z\"><\/path><\/svg>\t\t\t\t\t\t<\/span>\n\t\t\t\t\t\t\t\t\t\t<span class=\"elementor-icon-list-text\">Se d\u00e9veloppe pendant le processus de transformation<\/span>\n\t\t\t\t\t\t\t\t\t<\/li>\n\t\t\t\t\t\t\t\t<li class=\"elementor-icon-list-item\">\n\t\t\t\t\t\t\t\t\t\t\t<span class=\"elementor-icon-list-icon\">\n\t\t\t\t\t\t\t<svg aria-hidden=\"true\" class=\"e-font-icon-svg e-fas-check\" viewbox=\"0 0 512 512\" xmlns=\"http:\/\/www.w3.org\/2000\/svg\"><path d=\"M173.898 439.404l-166.4-166.4c-9.997-9.997-9.997-26.206 0-36.204l36.203-36.204c9.997-9.998 26.207-9.998 36.204 0L192 312.69 432.095 72.596c9.997-9.997 26.207-9.997 36.204 0l36.203 36.204c9.997 9.997 9.997 26.206 0 36.204l-294.4 294.401c-9.998 9.997-26.207 9.997-36.204-.001z\"><\/path><\/svg>\t\t\t\t\t\t<\/span>\n\t\t\t\t\t\t\t\t\t\t<span class=\"elementor-icon-list-text\">D\u00e9veloppement continu, mise \u00e0 jour des derni\u00e8res technologies<\/span>\n\t\t\t\t\t\t\t\t\t<\/li>\n\t\t\t\t\t\t\t\t<li class=\"elementor-icon-list-item\">\n\t\t\t\t\t\t\t\t\t\t\t<span class=\"elementor-icon-list-icon\">\n\t\t\t\t\t\t\t<svg aria-hidden=\"true\" class=\"e-font-icon-svg e-fas-check\" viewbox=\"0 0 512 512\" xmlns=\"http:\/\/www.w3.org\/2000\/svg\"><path d=\"M173.898 439.404l-166.4-166.4c-9.997-9.997-9.997-26.206 0-36.204l36.203-36.204c9.997-9.998 26.207-9.998 36.204 0L192 312.69 432.095 72.596c9.997-9.997 26.207-9.997 36.204 0l36.203 36.204c9.997 9.997 9.997 26.206 0 36.204l-294.4 294.401c-9.998 9.997-26.207 9.997-36.204-.001z\"><\/path><\/svg>\t\t\t\t\t\t<\/span>\n\t\t\t\t\t\t\t\t\t\t<span class=\"elementor-icon-list-text\">Utilisation de la puissance de la carte graphique pour acc\u00e9l\u00e9rer les performances<\/span>\n\t\t\t\t\t\t\t\t\t<\/li>\n\t\t\t\t\t\t<\/ul>\n\t\t\t\t\t\t<\/div>\n\t\t\t\t<\/div>\n\t\t\t\t<div class=\"elementor-element elementor-element-3898254 elementor-widget elementor-widget-image\" data-id=\"3898254\" data-element_type=\"widget\" data-e-type=\"widget\" data-widget_type=\"image.default\">\n\t\t\t\t<div class=\"elementor-widget-container\">\n\t\t\t\t\t\t\t\t\t\t\t\t<figure class=\"wp-caption\">\n\t\t\t\t\t\t\t\t\t\t<img fetchpriority=\"high\" decoding=\"async\" width=\"800\" height=\"516\" src=\"https:\/\/mimolive.com\/wp-content\/uploads\/2022\/09\/Screenshot-2022-09-27-at-15.15.41-1024x660.png\" class=\"attachment-large size-large wp-image-29396\" alt=\"Superposition graphique mimoLive\" srcset=\"https:\/\/mimolive.com\/wp-content\/uploads\/2022\/09\/Screenshot-2022-09-27-at-15.15.41-1024x660.png 1024w,  https:\/\/mimolive.com\/wp-content\/uploads\/2022\/09\/Screenshot-2022-09-27-at-15.15.41-300x193.png 300w,  https:\/\/mimolive.com\/wp-content\/uploads\/2022\/09\/Screenshot-2022-09-27-at-15.15.41-768x495.png 768w,  https:\/\/mimolive.com\/wp-content\/uploads\/2022\/09\/Screenshot-2022-09-27-at-15.15.41-1536x990.png 1536w,  https:\/\/mimolive.com\/wp-content\/uploads\/2022\/09\/Screenshot-2022-09-27-at-15.15.41.png 1856w\" sizes=\"(max-width: 800px) 100vw, 800px\" \/>\t\t\t\t\t\t\t\t\t\t\t<figcaption class=\"widget-image-caption wp-caption-text\">Mod\u00e8le de g\u00e9n\u00e9rateur de graphiques superpos\u00e9s pour les d\u00e9butants - mimoLive 6.1.1<\/figcaption>\n\t\t\t\t\t\t\t\t\t\t<\/figure>\n\t\t\t\t\t\t\t\t\t<\/div>\n\t\t\t\t<\/div>\n\t\t\t\t<\/div>\n\t\t\t\t\t<\/div>\n\t\t\t\t<\/div>\n\t\t<div class=\"elementor-element elementor-element-4aa4e7f e-flex e-con-boxed e-con e-parent\" data-id=\"4aa4e7f\" data-element_type=\"container\" data-e-type=\"container\" data-settings=\"{&quot;background_background&quot;:&quot;classic&quot;}\">\n\t\t\t\t\t<div class=\"e-con-inner\">\n\t\t<div class=\"elementor-element elementor-element-c78547f e-con-full e-flex e-con e-child\" data-id=\"c78547f\" data-element_type=\"container\" data-e-type=\"container\">\n\t\t\t\t<div class=\"elementor-element elementor-element-d63b1e0 elementor-widget elementor-widget-testimonial\" data-id=\"d63b1e0\" data-element_type=\"widget\" data-e-type=\"widget\" data-widget_type=\"testimonial.default\">\n\t\t\t\t<div class=\"elementor-widget-container\">\n\t\t\t\t\t\t\t<div class=\"elementor-testimonial-wrapper\">\n\t\t\t\t\t\t\t<div class=\"elementor-testimonial-content\">Nous aimons mimoLive ! Il a parfaitement fonctionn\u00e9 pour les besoins de notre \u00e9mission.\nNous venons de terminer la saison de l'\u00e9mission <a href=\"https:\/\/www.peacocktv.com\/wilmore\/ \" target=\"_blank\" rel=\"noopener\">https:\/\/www.peacocktv.com\/wilmore\/ <\/a><br>\nChaque invit\u00e9 a \u00e9t\u00e9 amen\u00e9 avec mimoCall et envoy\u00e9 par SDI \u00e0 un \u00e9cran LED sur le plateau. Nous avons \u00e9galement utilis\u00e9 mimoLive pour g\u00e9n\u00e9rer des comparaisons sur \u00e9cran partag\u00e9 afin d'envoyer les graphiques et les flux de cam\u00e9ra en direct \u00e0 Zoom, puis \u00e0 l'invit\u00e9. <\/div>\n\t\t\t\n\t\t\t\t\t\t<div class=\"elementor-testimonial-meta elementor-has-image elementor-testimonial-image-position-aside\">\n\t\t\t\t<div class=\"elementor-testimonial-meta-inner\">\n\t\t\t\t\t\t\t\t\t\t\t<div class=\"elementor-testimonial-image\">\n\t\t\t\t\t\t\t<a href=\"https:\/\/en.wikipedia.org\/wiki\/Peacock_(streaming_service)\" target=\"_blank\" rel=\"noopener\"><img decoding=\"async\" width=\"255\" height=\"242\" src=\"https:\/\/mimolive.com\/wp-content\/uploads\/2022\/07\/peacock_icon.png\" class=\"attachment-full size-full wp-image-28092\" alt=\"\"><\/a>\t\t\t\t\t\t<\/div>\n\t\t\t\t\t\n\t\t\t\t\t\t\t\t\t\t<div class=\"elementor-testimonial-details\">\n\t\t\t\t\t\t\t\t\t\t\t\t\t\t<a class=\"elementor-testimonial-name\" href=\"https:\/\/en.wikipedia.org\/wiki\/Peacock_(streaming_service)\" target=\"_blank\" rel=\"noopener\">Brian Titen<\/a>\n\t\t\t\t\t\t\t\t\t\t\t\t\t\t\t\t\t\t\t\t\t\t<a class=\"elementor-testimonial-job\" href=\"https:\/\/en.wikipedia.org\/wiki\/Peacock_(streaming_service)\" target=\"_blank\" rel=\"noopener\">Aide-technicien pour PeacockTV de NBC<\/a>\n\t\t\t\t\t\t\t\t\t\t\t\t\t<\/div>\n\t\t\t\t\t\t\t\t\t<\/div>\n\t\t\t<\/div>\n\t\t\t\t\t<\/div>\n\t\t\t\t\t\t<\/div>\n\t\t\t\t<\/div>\n\t\t\t\t<\/div>\n\t\t\t\t\t<\/div>\n\t\t\t\t<\/div>\n\t\t<div class=\"elementor-element elementor-element-3d25131 e-flex e-con-boxed e-con e-parent\" data-id=\"3d25131\" data-element_type=\"container\" data-e-type=\"container\" data-settings=\"{&quot;background_background&quot;:&quot;classic&quot;}\">\n\t\t\t\t\t<div class=\"e-con-inner\">\n\t\t<div class=\"elementor-element elementor-element-3447541 e-con-full e-flex e-con e-child\" data-id=\"3447541\" data-element_type=\"container\" data-e-type=\"container\">\n\t\t\t\t<div class=\"elementor-element elementor-element-9643af3 elementor-widget elementor-widget-image\" data-id=\"9643af3\" data-element_type=\"widget\" data-e-type=\"widget\" data-widget_type=\"image.default\">\n\t\t\t\t<div class=\"elementor-widget-container\">\n\t\t\t\t\t\t\t\t\t\t\t\t\t\t\t\t<a href=\"https:\/\/bnx.li\/digitalstudio\" target=\"_blank\" rel=\"noopener\">\n\t\t\t\t\t\t\t<img decoding=\"async\" width=\"328\" height=\"66\" src=\"https:\/\/mimolive.com\/wp-content\/uploads\/2021\/04\/DigitalStudioIndia_png1_1.png\" class=\"attachment-medium_large size-medium_large wp-image-20188\" alt=\"\" srcset=\"https:\/\/mimolive.com\/wp-content\/uploads\/2021\/04\/DigitalStudioIndia_png1_1.png 328w,  https:\/\/mimolive.com\/wp-content\/uploads\/2021\/04\/DigitalStudioIndia_png1_1-300x60.png 300w\" sizes=\"(max-width: 328px) 100vw, 328px\">\t\t\t\t\t\t\t\t<\/a>\n\t\t\t\t\t\t\t\t\t\t\t\t\t\t\t<\/div>\n\t\t\t\t<\/div>\n\t\t\t\t<div class=\"elementor-element elementor-element-7d2e870 elementor-widget elementor-widget-heading\" data-id=\"7d2e870\" data-element_type=\"widget\" data-e-type=\"widget\" data-widget_type=\"heading.default\">\n\t\t\t\t<div class=\"elementor-widget-container\">\n\t\t\t\t\t<h2 class=\"elementor-heading-title elementor-size-default\">Comment diffuser et streamer avec une petite \u00e9quipe de production ?<\/h2>\t\t\t\t<\/div>\n\t\t\t\t<\/div>\n\t\t\t\t<div class=\"elementor-element elementor-element-d221dae elementor-widget elementor-widget-text-editor\" data-id=\"d221dae\" data-element_type=\"widget\" data-e-type=\"widget\" data-widget_type=\"text-editor.default\">\n\t\t\t\t<div class=\"elementor-widget-container\">\n\t\t\t\t\t\t\t\t\t<p><strong>De petites \u00e9quipes pour de grands r\u00e9sultats<\/strong> - Pour en savoir plus, consultez le site de la presse audiovisuelle professionnelle :<\/p><p><a href=\"https:\/\/bnx.li\/digitalstudio\" target=\"_blank\" rel=\"noopener\">https:\/\/bnx.li\/digitalstudio<\/a><\/p><p>\u00a0<\/p>\t\t\t\t\t\t\t\t<\/div>\n\t\t\t\t<\/div>\n\t\t\t\t<\/div>\n\t\t\t\t\t<\/div>\n\t\t\t\t<\/div>\n\t\t<div class=\"elementor-element elementor-element-1c2c0e8 e-flex e-con-boxed e-con e-parent\" data-id=\"1c2c0e8\" data-element_type=\"container\" data-e-type=\"container\">\n\t\t\t\t\t<div class=\"e-con-inner\">\n\t\t<div class=\"elementor-element elementor-element-247e41b e-con-full e-flex e-con e-child\" data-id=\"247e41b\" data-element_type=\"container\" data-e-type=\"container\" data-settings=\"{&quot;background_background&quot;:&quot;classic&quot;}\">\n\t\t\t\t<div class=\"elementor-element elementor-element-c12655f elementor-widget elementor-widget-image\" data-id=\"c12655f\" data-element_type=\"widget\" data-e-type=\"widget\" data-widget_type=\"image.default\">\n\t\t\t\t<div class=\"elementor-widget-container\">\n\t\t\t\t\t\t\t\t\t\t\t\t\t\t\t<img loading=\"lazy\" decoding=\"async\" width=\"768\" height=\"464\" src=\"https:\/\/mimolive.com\/wp-content\/uploads\/2021\/01\/broadcasting-v2-768x464.jpg\" class=\"attachment-medium_large size-medium_large wp-image-14787\" alt=\"\" srcset=\"https:\/\/mimolive.com\/wp-content\/uploads\/2021\/01\/broadcasting-v2-768x464.jpg 768w,  https:\/\/mimolive.com\/wp-content\/uploads\/2021\/01\/broadcasting-v2-300x181.jpg 300w,  https:\/\/mimolive.com\/wp-content\/uploads\/2021\/01\/broadcasting-v2-1024x618.jpg 1024w,  https:\/\/mimolive.com\/wp-content\/uploads\/2021\/01\/broadcasting-v2.jpg 1202w\" sizes=\"(max-width: 768px) 100vw, 768px\">\t\t\t\t\t\t\t\t\t\t\t\t\t\t\t<\/div>\n\t\t\t\t<\/div>\n\t\t\t\t<div class=\"elementor-element elementor-element-10fd31e elementor-widget elementor-widget-image\" data-id=\"10fd31e\" data-element_type=\"widget\" data-e-type=\"widget\" data-widget_type=\"image.default\">\n\t\t\t\t<div class=\"elementor-widget-container\">\n\t\t\t\t\t\t\t\t\t\t\t\t\t\t\t<img loading=\"lazy\" decoding=\"async\" width=\"768\" height=\"809\" src=\"https:\/\/mimolive.com\/wp-content\/uploads\/2021\/01\/broadcasting-v1-768x809.jpg\" class=\"attachment-medium_large size-medium_large wp-image-14791\" alt=\"\" srcset=\"https:\/\/mimolive.com\/wp-content\/uploads\/2021\/01\/broadcasting-v1-768x809.jpg 768w,  https:\/\/mimolive.com\/wp-content\/uploads\/2021\/01\/broadcasting-v1-285x300.jpg 285w,  https:\/\/mimolive.com\/wp-content\/uploads\/2021\/01\/broadcasting-v1-972x1024.jpg 972w,  https:\/\/mimolive.com\/wp-content\/uploads\/2021\/01\/broadcasting-v1-1458x1536.jpg 1458w,  https:\/\/mimolive.com\/wp-content\/uploads\/2021\/01\/broadcasting-v1-1944x2048.jpg 1944w,  https:\/\/mimolive.com\/wp-content\/uploads\/2021\/01\/broadcasting-v1.jpg 2000w\" sizes=\"(max-width: 768px) 100vw, 768px\">\t\t\t\t\t\t\t\t\t\t\t\t\t\t\t<\/div>\n\t\t\t\t<\/div>\n\t\t\t\t<div class=\"elementor-element elementor-element-5efa471 elementor-widget elementor-widget-image\" data-id=\"5efa471\" data-element_type=\"widget\" data-e-type=\"widget\" data-widget_type=\"image.default\">\n\t\t\t\t<div class=\"elementor-widget-container\">\n\t\t\t\t\t\t\t\t\t\t\t\t\t\t\t<img loading=\"lazy\" decoding=\"async\" width=\"768\" height=\"281\" src=\"https:\/\/mimolive.com\/wp-content\/uploads\/2020\/10\/in-out.svg\" class=\"attachment-medium_large size-medium_large wp-image-256\" alt=\"\">\t\t\t\t\t\t\t\t\t\t\t\t\t\t\t<\/div>\n\t\t\t\t<\/div>\n\t\t\t\t<\/div>\n\t\t<div class=\"elementor-element elementor-element-8068fd9 e-con-full e-flex e-con e-child\" data-id=\"8068fd9\" data-element_type=\"container\" data-e-type=\"container\">\n\t\t\t\t<div class=\"elementor-element elementor-element-46c5173 elementor-widget elementor-widget-heading\" data-id=\"46c5173\" data-element_type=\"widget\" data-e-type=\"widget\" data-widget_type=\"heading.default\">\n\t\t\t\t<div class=\"elementor-widget-container\">\n\t\t\t\t\t<h2 class=\"elementor-heading-title elementor-size-default\">S\u00e9lecteur vid\u00e9o professionnel pour la t\u00e9l\u00e9vision et la diffusion<\/h2>\t\t\t\t<\/div>\n\t\t\t\t<\/div>\n\t\t\t\t<div class=\"elementor-element elementor-element-73c9bf6 elementor-widget elementor-widget-heading\" data-id=\"73c9bf6\" data-element_type=\"widget\" data-e-type=\"widget\" data-widget_type=\"heading.default\">\n\t\t\t\t<div class=\"elementor-widget-container\">\n\t\t\t\t\t<h3 class=\"elementor-heading-title elementor-size-default\">mimoLive - La meilleure fa\u00e7on de faire de la t\u00e9l\u00e9vision et de la diffusion en direct.<\/h3>\t\t\t\t<\/div>\n\t\t\t\t<\/div>\n\t\t\t\t<div class=\"elementor-element elementor-element-971d414 elementor-widget elementor-widget-text-editor\" data-id=\"971d414\" data-element_type=\"widget\" data-e-type=\"widget\" data-widget_type=\"text-editor.default\">\n\t\t\t\t<div class=\"elementor-widget-container\">\n\t\t\t\t\t\t\t\t\tLe flux de travail de la vid\u00e9o en direct avec mimoLive suit quatre \u00e9tapes principales. Tout d'abord, capturez vos s\u00e9quences vid\u00e9o \u00e0 l'aide d'une cam\u00e9ra donn\u00e9e. Suivie de la deuxi\u00e8me \u00e9tape, l'entr\u00e9e dans l'ordinateur. Conventionnellement, on utilise des cartes graphiques professionnelles, des convertisseurs externes SDI \/ HDMI et plus r\u00e9cemment des cam\u00e9scopes NDI\u00ae 4. Aujourd'hui, nous croyons en l'avenir de la norme r\u00e9seau NDI\u00ae 4, c'est pourquoi nous vous recommandons de v\u00e9rifier si NDI\u00ae 4 donne de bons r\u00e9sultats pour votre type de flux vid\u00e9o en direct.\t\t\t\t\t\t\t\t<\/div>\n\t\t\t\t<\/div>\n\t\t\t\t<div class=\"elementor-element elementor-element-1d1fa73 elementor-widget elementor-widget-heading\" data-id=\"1d1fa73\" data-element_type=\"widget\" data-e-type=\"widget\" data-widget_type=\"heading.default\">\n\t\t\t\t<div class=\"elementor-widget-container\">\n\t\t\t\t\t<h3 class=\"elementor-heading-title elementor-size-default\">Changement de cam\u00e9ra, appels vid\u00e9o, ajout de graphiques et d\u00e9codage du flux final en direct.<\/h3>\t\t\t\t<\/div>\n\t\t\t\t<\/div>\n\t\t\t\t<div class=\"elementor-element elementor-element-0dfa115 elementor-widget elementor-widget-text-editor\" data-id=\"0dfa115\" data-element_type=\"widget\" data-e-type=\"widget\" data-widget_type=\"text-editor.default\">\n\t\t\t\t<div class=\"elementor-widget-container\">\n\t\t\t\t\t\t\t\t\t<p>Une fois que les flux vid\u00e9o arrivent sur votre Mac - il est temps pour mimoLive\u2122 de prendre en charge l'encodage, la commutation des flux vid\u00e9o, l'ajout de graphiques et le d\u00e9codage du flux final. Il s'agit de la troisi\u00e8me \u00e9tape majeure du flux de travail pour le r\u00e9alisateur de l'\u00e9mission. Nous donnons aux producteurs vid\u00e9o les moyens de contr\u00f4ler des spectacles en direct complets par de petites \u00e9quipes.<br \/>Enfin, mimoLive utilise plusieurs pr\u00e9r\u00e9glages pour les principales plateformes de streaming afin de simplifier votre vie professionnelle et de rendre la quatri\u00e8me \u00e9tape de votre flux de travail aussi facile que possible.<\/p>\t\t\t\t\t\t\t\t<\/div>\n\t\t\t\t<\/div>\n\t\t\t\t<\/div>\n\t\t\t\t\t<\/div>\n\t\t\t\t<\/div>\n\t\t\t\t<\/div>","protected":false},"excerpt":{"rendered":"<p>Start Free Trial TV &amp; Broadcast in digital transformation The TV &amp; broadcast industry goes through a digital transformation that fundamentally changes the way we produce live video shows. mimoLive helps to push forward and offers solutions from the first step into a digital workflow to a standalone digital live production solution. We have a [&hellip;]<\/p>","protected":false},"author":1,"featured_media":37352,"parent":11260,"menu_order":3,"comment_status":"closed","ping_status":"closed","template":"elementor_header_footer","meta":{"_acf_changed":false,"_lmt_disableupdate":"","_lmt_disable":"","footnotes":""},"class_list":["post-12226","page","type-page","status-publish","has-post-thumbnail","hentry"],"acf":[],"_links":{"self":[{"href":"https:\/\/mimolive.com\/fr\/wp-json\/wp\/v2\/pages\/12226","targetHints":{"allow":["GET"]}}],"collection":[{"href":"https:\/\/mimolive.com\/fr\/wp-json\/wp\/v2\/pages"}],"about":[{"href":"https:\/\/mimolive.com\/fr\/wp-json\/wp\/v2\/types\/page"}],"author":[{"embeddable":true,"href":"https:\/\/mimolive.com\/fr\/wp-json\/wp\/v2\/users\/1"}],"replies":[{"embeddable":true,"href":"https:\/\/mimolive.com\/fr\/wp-json\/wp\/v2\/comments?post=12226"}],"version-history":[{"count":11,"href":"https:\/\/mimolive.com\/fr\/wp-json\/wp\/v2\/pages\/12226\/revisions"}],"predecessor-version":[{"id":38990,"href":"https:\/\/mimolive.com\/fr\/wp-json\/wp\/v2\/pages\/12226\/revisions\/38990"}],"up":[{"embeddable":true,"href":"https:\/\/mimolive.com\/fr\/wp-json\/wp\/v2\/pages\/11260"}],"wp:featuredmedia":[{"embeddable":true,"href":"https:\/\/mimolive.com\/fr\/wp-json\/wp\/v2\/media\/37352"}],"wp:attachment":[{"href":"https:\/\/mimolive.com\/fr\/wp-json\/wp\/v2\/media?parent=12226"}],"curies":[{"name":"wp","href":"https:\/\/api.w.org\/{rel}","templated":true}]}}