{"id":12703,"date":"2020-12-10T17:03:36","date_gmt":"2020-12-10T16:03:36","guid":{"rendered":"https:\/\/mimolive.com\/?page_id=12703"},"modified":"2024-12-20T04:03:00","modified_gmt":"2024-12-20T03:03:00","slug":"graphiques-pour-la-radiodiffusion-et-la-diffusion-en-direct","status":"publish","type":"page","link":"https:\/\/mimolive.com\/fr\/technology\/graphics-for-broadcasting-and-live-streaming\/","title":{"rendered":"Avantages des couches pour la radiodiffusion"},"content":{"rendered":"<div data-elementor-type=\"wp-page\" data-elementor-id=\"12703\" class=\"elementor elementor-12703\" data-elementor-post-type=\"page\">\n\t\t\t\t<div class=\"elementor-element elementor-element-40ccf98 e-flex e-con-boxed e-con e-parent\" data-id=\"40ccf98\" data-element_type=\"container\" data-e-type=\"container\">\n\t\t\t\t\t<div class=\"e-con-inner\">\n\t\t\t\t<div class=\"elementor-element elementor-element-5011bf2 elementor-widget elementor-widget-heading\" data-id=\"5011bf2\" data-element_type=\"widget\" data-e-type=\"widget\" data-widget_type=\"heading.default\">\n\t\t\t\t<div class=\"elementor-widget-container\">\n\t\t\t\t\t<h1 class=\"elementor-heading-title elementor-size-default\">Avantages des couches pour la radiodiffusion<\/h1>\t\t\t\t<\/div>\n\t\t\t\t<\/div>\n\t\t<div class=\"elementor-element elementor-element-2c8f8c8 e-con-full e-grid e-con e-child\" data-id=\"2c8f8c8\" data-element_type=\"container\" data-e-type=\"container\">\n\t\t<div class=\"elementor-element elementor-element-9d08b56 e-con-full e-flex e-con e-child\" data-id=\"9d08b56\" data-element_type=\"container\" data-e-type=\"container\" data-settings=\"{&quot;background_background&quot;:&quot;classic&quot;}\">\n\t\t\t\t<div class=\"elementor-element elementor-element-488dab3 elementor-widget elementor-widget-heading\" data-id=\"488dab3\" data-element_type=\"widget\" data-e-type=\"widget\" data-widget_type=\"heading.default\">\n\t\t\t\t<div class=\"elementor-widget-container\">\n\t\t\t\t\t<h3 class=\"elementor-heading-title elementor-size-default\">Quels sont les avantages des couches pour la radiodiffusion et la diffusion en direct ?<\/h3>\t\t\t\t<\/div>\n\t\t\t\t<\/div>\n\t\t\t\t<div class=\"elementor-element elementor-element-088a215 elementor-widget elementor-widget-text-editor\" data-id=\"088a215\" data-element_type=\"widget\" data-e-type=\"widget\" data-widget_type=\"text-editor.default\">\n\t\t\t\t<div class=\"elementor-widget-container\">\n\t\t\t\t\t\t\t\t\t<p>Les calques offrent un moyen structur\u00e9 et organis\u00e9 de travailler sur diff\u00e9rents \u00e9l\u00e9ments de votre <b>vid\u00e9o.\u00a0<\/b><br \/>Chaque couche apporte des fonctionnalit\u00e9s et des contr\u00f4les au projet.\u00a0<\/p><p>\u00a0<\/p><p>Ils vous permettent de <b>isoler<\/b> et <b>manipuler<\/b> individuel <b>Graphiques<\/b>\u00a0sans affecter le reste de la composition, ce qui permet d'effectuer des ajustements et des montages pr\u00e9cis.\u00a0<\/p><p>\u00a0<\/p><p>Le pr\u00e9sent<b> flexibilit\u00e9<\/b> L'exp\u00e9rimentation est \u00e9galement facilit\u00e9e, car vous pouvez facilement essayer diff\u00e9rents \u00e9l\u00e9ments visuels et <b>dispositions<\/b>.\u00a0<\/p><p>\u00a0<\/p><p>Les couches offrent une <b>non destructif<\/b> en pr\u00e9servant votre contenu original tout en vous permettant d'am\u00e9liorer, d'affiner ou de modifier des aspects sp\u00e9cifiques. En outre, les calques permettent une <b>collaboration<\/b> et le contr\u00f4le des versions, ce qui le rend <b>plus simple<\/b> pour partager votre travail avec d'autres personnes et suivre les modifications.\u00a0<\/p><p>\u00a0<\/p><p>Dans l'ensemble, l'exploitation des couches vous permet d'atteindre un niveau de contr\u00f4le plus \u00e9lev\u00e9, <b>la cr\u00e9ativit\u00e9<\/b>Les services de l'Union europ\u00e9enne vous offrent un service de qualit\u00e9 et de professionnalisme dans le cadre de vos activit\u00e9s de conception.<\/p>\t\t\t\t\t\t\t\t<\/div>\n\t\t\t\t<\/div>\n\t\t\t\t<\/div>\n\t\t<div class=\"elementor-element elementor-element-2326297 e-con-full e-flex e-con e-child\" data-id=\"2326297\" data-element_type=\"container\" data-e-type=\"container\">\n\t\t\t\t<div class=\"elementor-element elementor-element-1c5d2e1 elementor-widget elementor-widget-image\" data-id=\"1c5d2e1\" data-element_type=\"widget\" data-e-type=\"widget\" data-widget_type=\"image.default\">\n\t\t\t\t<div class=\"elementor-widget-container\">\n\t\t\t\t\t\t\t\t\t\t\t\t<figure class=\"wp-caption\">\n\t\t\t\t\t\t\t\t\t\t\t<a href=\"https:\/\/mimolive.com\/wp-content\/uploads\/2022\/01\/WeatherNews_Woman-B.jpg\" data-elementor-open-lightbox=\"yes\" data-elementor-lightbox-title=\"WeatherNews_Woman-B\" data-e-action-hash=\"#elementor-action%3Aaction%3Dlightbox%26settings%3DeyJpZCI6MjQ5MjMsInVybCI6Imh0dHBzOlwvXC9taW1vbGl2ZS5jb21cL3dwLWNvbnRlbnRcL3VwbG9hZHNcLzIwMjJcLzAxXC9XZWF0aGVyTmV3c19Xb21hbi1CLmpwZyJ9\">\n\t\t\t\t\t\t\t<img fetchpriority=\"high\" decoding=\"async\" width=\"768\" height=\"535\" src=\"https:\/\/mimolive.com\/wp-content\/uploads\/2022\/01\/WeatherNews_Woman-B-768x535.jpg\" class=\"attachment-medium_large size-medium_large wp-image-24923\" alt=\"Concept de cl\u00e9 chromatique\" srcset=\"https:\/\/mimolive.com\/wp-content\/uploads\/2022\/01\/WeatherNews_Woman-B-768x535.jpg 768w,  https:\/\/mimolive.com\/wp-content\/uploads\/2022\/01\/WeatherNews_Woman-B-300x209.jpg 300w,  https:\/\/mimolive.com\/wp-content\/uploads\/2022\/01\/WeatherNews_Woman-B-1024x713.jpg 1024w,  https:\/\/mimolive.com\/wp-content\/uploads\/2022\/01\/WeatherNews_Woman-B.jpg 1200w\" sizes=\"(max-width: 768px) 100vw, 768px\" \/>\t\t\t\t\t\t\t\t<\/a>\n\t\t\t\t\t\t\t\t\t\t\t<figcaption class=\"widget-image-caption wp-caption-text\">1. Couche de fond ; 2. carte interactive ; 3. femme de t\u00eate avec \u00e9cran vert ; 4. Lower Thirds avec logo et Newsfeed<\/figcaption>\n\t\t\t\t\t\t\t\t\t\t<\/figure>\n\t\t\t\t\t\t\t\t\t<\/div>\n\t\t\t\t<\/div>\n\t\t\t\t<div class=\"elementor-element elementor-element-2c8ca4c elementor-widget elementor-widget-image\" data-id=\"2c8ca4c\" data-element_type=\"widget\" data-e-type=\"widget\" data-widget_type=\"image.default\">\n\t\t\t\t<div class=\"elementor-widget-container\">\n\t\t\t\t\t\t\t\t\t\t\t\t<figure class=\"wp-caption\">\n\t\t\t\t\t\t\t\t\t\t\t<a href=\"https:\/\/mimolive.com\/wp-content\/uploads\/2024\/09\/Screenshot-2024-09-12-at-10.05.15.png\" data-elementor-open-lightbox=\"yes\" data-elementor-lightbox-title=\"Add a layer in mimoLive\" data-e-action-hash=\"#elementor-action%3Aaction%3Dlightbox%26settings%3DeyJpZCI6MzkwNzIsInVybCI6Imh0dHBzOlwvXC9taW1vbGl2ZS5jb21cL3dwLWNvbnRlbnRcL3VwbG9hZHNcLzIwMjRcLzA5XC9TY3JlZW5zaG90LTIwMjQtMDktMTItYXQtMTAuMDUuMTUucG5nIn0%3D\">\n\t\t\t\t\t\t\t<img decoding=\"async\" width=\"768\" height=\"499\" src=\"https:\/\/mimolive.com\/wp-content\/uploads\/2024\/09\/Screenshot-2024-09-12-at-10.05.15-768x499.png\" class=\"attachment-medium_large size-medium_large wp-image-39072\" alt=\"\" srcset=\"https:\/\/mimolive.com\/wp-content\/uploads\/2024\/09\/Screenshot-2024-09-12-at-10.05.15-768x499.png 768w,  https:\/\/mimolive.com\/wp-content\/uploads\/2024\/09\/Screenshot-2024-09-12-at-10.05.15-300x195.png 300w,  https:\/\/mimolive.com\/wp-content\/uploads\/2024\/09\/Screenshot-2024-09-12-at-10.05.15-1024x666.png 1024w,  https:\/\/mimolive.com\/wp-content\/uploads\/2024\/09\/Screenshot-2024-09-12-at-10.05.15-1536x999.png 1536w,  https:\/\/mimolive.com\/wp-content\/uploads\/2024\/09\/Screenshot-2024-09-12-at-10.05.15-2048x1332.png 2048w,  https:\/\/mimolive.com\/wp-content\/uploads\/2024\/09\/Screenshot-2024-09-12-at-10.05.15-18x12.png 18w\" sizes=\"(max-width: 768px) 100vw, 768px\">\t\t\t\t\t\t\t\t<\/a>\n\t\t\t\t\t\t\t\t\t\t\t<figcaption class=\"widget-image-caption wp-caption-text\">Ajouter un nouveau calque<\/figcaption>\n\t\t\t\t\t\t\t\t\t\t<\/figure>\n\t\t\t\t\t\t\t\t\t<\/div>\n\t\t\t\t<\/div>\n\t\t\t\t<\/div>\n\t\t\t\t<\/div>\n\t\t<div class=\"elementor-element elementor-element-a7f8ff1 e-flex e-con-boxed e-con e-child\" data-id=\"a7f8ff1\" data-element_type=\"container\" data-e-type=\"container\">\n\t\t\t\t\t<div class=\"e-con-inner\">\n\t\t\t\t<div class=\"elementor-element elementor-element-e66a137 elementor-widget elementor-widget-heading\" data-id=\"e66a137\" data-element_type=\"widget\" data-e-type=\"widget\" data-widget_type=\"heading.default\">\n\t\t\t\t<div class=\"elementor-widget-container\">\n\t\t\t\t\t<h3 class=\"elementor-heading-title elementor-size-default\">Le calque Placer - le calque le plus puissant de mimoLive<\/h3>\t\t\t\t<\/div>\n\t\t\t\t<\/div>\n\t\t\t\t<div class=\"elementor-element elementor-element-08bfe03 elementor-widget elementor-widget-text-editor\" data-id=\"08bfe03\" data-element_type=\"widget\" data-e-type=\"widget\" data-widget_type=\"text-editor.default\">\n\t\t\t\t<div class=\"elementor-widget-container\">\n\t\t\t\t\t\t\t\t\t<p>Placez les m\u00e9dias dans la pile de couches, positionnez les m\u00e9dias dans votre flux, modifiez la g\u00e9om\u00e9trie et bien d'autres choses encore. Cette couche est la premi\u00e8re que vous devez conna\u00eetre.<\/p>\t\t\t\t\t\t\t\t<\/div>\n\t\t\t\t<\/div>\n\t\t\t\t<div class=\"elementor-element elementor-element-bb85a20 elementor-widget elementor-widget-video\" data-id=\"bb85a20\" data-element_type=\"widget\" data-e-type=\"widget\" data-settings=\"{&quot;video_type&quot;:&quot;hosted&quot;,&quot;controls&quot;:&quot;yes&quot;}\" data-widget_type=\"video.default\">\n\t\t\t\t<div class=\"elementor-widget-container\">\n\t\t\t\t\t\t\t<div class=\"e-hosted-video elementor-wrapper elementor-open-inline\">\n\t\t\t\t\t<video class=\"elementor-video\" src=\"https:\/\/mimolive.com\/wp-content\/uploads\/2024\/04\/mimoLive-Learn-the-basics-Vol.1-V3.mp4\" controls=\"\" preload=\"metadata\" controlslist=\"nodownload\" poster=\"https:\/\/mimolive.com\/wp-content\/uploads\/2024\/04\/mimoLive-Learn-the-basics-Vol.1-V3-cover-scaled.jpg\"><\/video>\n\t\t\t\t<\/div>\n\t\t\t\t\t\t<\/div>\n\t\t\t\t<\/div>\n\t\t\t\t\t<\/div>\n\t\t\t\t<\/div>\n\t\t\t\t<div class=\"elementor-element elementor-element-fdf88ef elementor-widget elementor-widget-text-editor\" data-id=\"fdf88ef\" data-element_type=\"widget\" data-e-type=\"widget\" data-widget_type=\"text-editor.default\">\n\t\t\t\t<div class=\"elementor-widget-container\">\n\t\t\t\t\t\t\t\t\t<h3><span style=\"color: var( --e-global-color-primary ); font-family: var( --e-global-typography-secondary-font-family ), Sans-serif, Arial; font-size: var( --e-global-typography-secondary-font-size ); font-weight: var( --e-global-typography-secondary-font-weight ); text-align: var(--text-align); letter-spacing: var( --e-global-typography-text-letter-spacing ); word-spacing: var( --e-global-typography-text-word-spacing );\">Contr\u00f4le avanc\u00e9,\u00a0<\/span>Configurations de sc\u00e8nes avec Layerset<\/h3><p>Et si vous souhaitez aller plus loin, n'h\u00e9sitez pas \u00e0 consulter notre rubrique <a href=\"https:\/\/mimolive.com\/fr\/manuel-de-lutilisateur\/lutilisation-de-mimolive\/couches-et-variantes\/\">Couches, param\u00e8tres et variantes<\/a> pour obtenir des informations avanc\u00e9es sur la fa\u00e7on de travailler avec les calques et de cr\u00e9er des variantes pour les configurations de sc\u00e8ne et bien plus encore. Voir aussi <a href=\"https:\/\/mimolive.com\/fr\/technologie\/couche-graphique-mimolive-a-z\/\">Aper\u00e7u des couches de mimoLive de A \u00e0 Z<\/a>.\u00a0<\/p><p><b>Commen\u00e7ons !<\/b><\/p>\t\t\t\t\t\t\t\t<\/div>\n\t\t\t\t<\/div>\n\t\t\t\t\t<\/div>\n\t\t\t\t<\/div>\n\t\t\t\t<\/div>","protected":false},"excerpt":{"rendered":"<p>Benefits of layers for Broadcasting What are the benefits of Layers for Broadcasting and Live Streaming? Layers provide a structured and organized way to work on different elements of your video.\u00a0Each layer brings features and the controls to the project.\u00a0 \u00a0 They allow you to isolate and manipulate individual graphics\u00a0without affecting the rest of the [&hellip;]<\/p>","protected":false},"author":1,"featured_media":0,"parent":11351,"menu_order":10,"comment_status":"closed","ping_status":"closed","template":"elementor_header_footer","meta":{"_acf_changed":false,"_angie_page":false,"_lmt_disableupdate":"","_lmt_disable":"","footnotes":""},"class_list":["post-12703","page","type-page","status-publish","hentry"],"acf":[],"_links":{"self":[{"href":"https:\/\/mimolive.com\/fr\/wp-json\/wp\/v2\/pages\/12703","targetHints":{"allow":["GET"]}}],"collection":[{"href":"https:\/\/mimolive.com\/fr\/wp-json\/wp\/v2\/pages"}],"about":[{"href":"https:\/\/mimolive.com\/fr\/wp-json\/wp\/v2\/types\/page"}],"author":[{"embeddable":true,"href":"https:\/\/mimolive.com\/fr\/wp-json\/wp\/v2\/users\/1"}],"replies":[{"embeddable":true,"href":"https:\/\/mimolive.com\/fr\/wp-json\/wp\/v2\/comments?post=12703"}],"version-history":[{"count":25,"href":"https:\/\/mimolive.com\/fr\/wp-json\/wp\/v2\/pages\/12703\/revisions"}],"predecessor-version":[{"id":40447,"href":"https:\/\/mimolive.com\/fr\/wp-json\/wp\/v2\/pages\/12703\/revisions\/40447"}],"up":[{"embeddable":true,"href":"https:\/\/mimolive.com\/fr\/wp-json\/wp\/v2\/pages\/11351"}],"wp:attachment":[{"href":"https:\/\/mimolive.com\/fr\/wp-json\/wp\/v2\/media?parent=12703"}],"curies":[{"name":"wp","href":"https:\/\/api.w.org\/{rel}","templated":true}]}}