{"id":36075,"date":"2023-12-01T14:23:28","date_gmt":"2023-12-01T13:23:28","guid":{"rendered":"https:\/\/mimolive.com\/?page_id=36075"},"modified":"2023-12-06T19:05:19","modified_gmt":"2023-12-06T18:05:19","slug":"zoomdemo","status":"publish","type":"page","link":"https:\/\/mimolive.com\/fr\/zoomdemo\/","title":{"rendered":"Zoom Call Demo - Powered by mimoLive, disponible 24\/7"},"content":{"rendered":"<div data-elementor-type=\"wp-page\" data-elementor-id=\"36075\" class=\"elementor elementor-36075\" data-elementor-post-type=\"page\">\n\t\t\t\t<div class=\"elementor-element elementor-element-263f1d42 e-flex e-con-boxed e-con e-parent\" data-id=\"263f1d42\" data-element_type=\"container\" data-e-type=\"container\">\n\t\t\t\t\t<div class=\"e-con-inner\">\n\t\t\t\t<div class=\"elementor-element elementor-element-246c66b elementor-widget elementor-widget-heading\" data-id=\"246c66b\" data-element_type=\"widget\" data-e-type=\"widget\" data-widget_type=\"heading.default\">\n\t\t\t\t<div class=\"elementor-widget-container\">\n\t\t\t\t\t<h1 class=\"elementor-heading-title elementor-size-default\">Zoom Call Demo - Powered by mimoLive, disponible 24\/7<\/h1>\t\t\t\t<\/div>\n\t\t\t\t<\/div>\n\t\t\t\t<div class=\"elementor-element elementor-element-bd70566 elementor-widget elementor-widget-heading\" data-id=\"bd70566\" data-element_type=\"widget\" data-e-type=\"widget\" data-widget_type=\"heading.default\">\n\t\t\t\t<div class=\"elementor-widget-container\">\n\t\t\t\t\t<h2 class=\"elementor-heading-title elementor-size-default\">D\u00e9couvrez l'avenir de la diffusion TV en direct<\/h2>\t\t\t\t<\/div>\n\t\t\t\t<\/div>\n\t\t\t\t\t<\/div>\n\t\t\t\t<\/div>\n\t\t<div class=\"elementor-element elementor-element-5a27097 e-flex e-con-boxed e-con e-parent\" data-id=\"5a27097\" data-element_type=\"container\" data-e-type=\"container\">\n\t\t\t\t\t<div class=\"e-con-inner\">\n\t\t<div class=\"elementor-element elementor-element-0acca28 e-flex e-con-boxed e-con e-child\" data-id=\"0acca28\" data-element_type=\"container\" data-e-type=\"container\">\n\t\t\t\t\t<div class=\"e-con-inner\">\n\t\t\t\t<div class=\"elementor-element elementor-element-139658b elementor-widget elementor-widget-text-editor\" data-id=\"139658b\" data-element_type=\"widget\" data-e-type=\"widget\" data-widget_type=\"text-editor.default\">\n\t\t\t\t<div class=\"elementor-widget-container\">\n\t\t\t\t\t\t\t\t\t<p>Bienvenue dans notre d\u00e9mo Zoom Call de pointe, une vitrine fonctionnant 24 heures sur 24 sur un Mac bas\u00e9 sur le cloud avec le puissant logiciel mimoLive. Cette d\u00e9monstration est con\u00e7ue pour montrer comment mimoLive r\u00e9volutionne les appels Zoom pour la t\u00e9l\u00e9diffusion, en offrant un contr\u00f4le et une cr\u00e9ativit\u00e9 in\u00e9gal\u00e9s aux \u00e9quipes de production.<\/p>\n<h4><strong>Comment participer \u00e0 la d\u00e9mo<\/strong><\/h4>\n<p>La participation est simple et personnalis\u00e9e :<\/p>\n<ol>\n<li><strong>Remplir le formulaire<\/strong>: Indiquez votre nom, votre pr\u00e9nom et votre adresse \u00e9lectronique.<\/li>\n<li><strong>Recevez votre lien personnel<\/strong>: Apr\u00e8s avoir envoy\u00e9 votre demande, vous recevrez un courriel personnalis\u00e9 contenant un lien unique vers notre d\u00e9monstration de r\u00e9union Zoom.<\/li>\n<li><strong>Rejoindre et d\u00e9couvrir<\/strong>: Cliquez sur le lien, participez \u00e0 la r\u00e9union et assistez en direct au d\u00e9roulement de la d\u00e9monstration.<\/li>\n<\/ol>\n<h4><strong>Ce que vous allez vivre<\/strong><\/h4>\n<p>Pendant l'appel Zoom, vous verrez comment mimoLive transforme une r\u00e9union Zoom standard en une \u00e9mission de t\u00e9l\u00e9vision professionnelle :<\/p>\n<ul>\n<li><strong>\u00c9dition en direct<\/strong>: D\u00e9couvrez comment mimoLive \u00e9dite les appels Zoom en temps r\u00e9el, en fournissant des transitions transparentes, des superpositions et bien plus encore.<\/li>\n<li><strong>Applications de t\u00e9l\u00e9diffusion<\/strong>: D\u00e9couvrez la polyvalence de Zoom int\u00e9gr\u00e9 \u00e0 mimoLive pour divers sc\u00e9narios de diffusion, y compris les interviews et les tables rondes virtuelles.<\/li>\n<li><strong>Libert\u00e9 de cr\u00e9ation<\/strong>: D\u00e9couvrez comment mimoLive donne aux \u00e9quipes de production la libert\u00e9 de cr\u00e9er des exp\u00e9riences uniques de t\u00e9l\u00e9vision en direct.<\/li>\n<\/ul>\t\t\t\t\t\t\t\t<\/div>\n\t\t\t\t<\/div>\n\t\t<div class=\"elementor-element elementor-element-9872ec4 e-flex e-con-boxed e-con e-child\" data-id=\"9872ec4\" data-element_type=\"container\" data-e-type=\"container\">\n\t\t\t\t\t<div class=\"e-con-inner\">\n\t\t\t\t<div class=\"elementor-element elementor-element-0c7d20b elementor-align-center elementor-widget elementor-widget-button\" data-id=\"0c7d20b\" data-element_type=\"widget\" data-e-type=\"widget\" data-widget_type=\"button.default\">\n\t\t\t\t<div class=\"elementor-widget-container\">\n\t\t\t\t\t\t\t\t\t<div class=\"elementor-button-wrapper\">\n\t\t\t\t\t<a class=\"elementor-button elementor-button-link elementor-size-sm\" href=\"#elementor-action%3Aaction%3Dpopup%3Aopen%26settings%3DeyJpZCI6IjM2MTE2IiwidG9nZ2xlIjpmYWxzZX0%3D\">\n\t\t\t\t\t\t<span class=\"elementor-button-content-wrapper\">\n\t\t\t\t\t\t\t\t\t<span class=\"elementor-button-text\">Participez \u00e0 la d\u00e9monstration Live Zoom\u00ae maintenant !<\/span>\n\t\t\t\t\t<\/span>\n\t\t\t\t\t<\/a>\n\t\t\t\t<\/div>\n\t\t\t\t\t\t\t\t<\/div>\n\t\t\t\t<\/div>\n\t\t\t\t\t<\/div>\n\t\t\t\t<\/div>\n\t\t\t\t<div class=\"elementor-element elementor-element-17ab61b elementor-widget elementor-widget-text-editor\" data-id=\"17ab61b\" data-element_type=\"widget\" data-e-type=\"widget\" data-widget_type=\"text-editor.default\">\n\t\t\t\t<div class=\"elementor-widget-container\">\n\t\t\t\t\t\t\t\t\t<h3>Pourquoi mimoLive ?<\/h3>\n<p>mimoLive est plus qu'un simple outil de diffusion ; c'est une passerelle vers des possibilit\u00e9s infinies en mati\u00e8re de production t\u00e9l\u00e9visuelle en direct. En fusionnant l'accessibilit\u00e9 de Zoom avec les capacit\u00e9s professionnelles d'un logiciel de diffusion TV, mimoLive \u00e9tablit une nouvelle norme dans l'industrie.<\/p>\n<p><strong>Rejoignez d\u00e8s maintenant notre d\u00e9mo Zoom Call 24\/7 et entrez dans l'avenir de la diffusion TV en direct !<\/strong><\/p>\t\t\t\t\t\t\t\t<\/div>\n\t\t\t\t<\/div>\n\t\t\t\t\t<\/div>\n\t\t\t\t<\/div>\n\t\t\t\t\t<\/div>\n\t\t\t\t<\/div>\n\t\t\t\t<\/div>","protected":false},"excerpt":{"rendered":"<p>Zoom Call Demo &#8211; Powered by mimoLive, Available 24\/7 Experience the Future of Live TV Broadcasting Welcome to our cutting-edge Zoom Call Demo, a round-the-clock showcase running on a Cloud-based Mac with the powerful mimoLive software. This demonstration is designed to exhibit how mimoLive revolutionizes Zoom calls for TV broadcasting, offering unparalleled control and creativity [&hellip;]<\/p>","protected":false},"author":1,"featured_media":0,"parent":0,"menu_order":0,"comment_status":"closed","ping_status":"closed","template":"","meta":{"_acf_changed":false,"_angie_page":false,"_lmt_disableupdate":"","_lmt_disable":"","footnotes":""},"class_list":["post-36075","page","type-page","status-publish","hentry"],"acf":[],"_links":{"self":[{"href":"https:\/\/mimolive.com\/fr\/wp-json\/wp\/v2\/pages\/36075","targetHints":{"allow":["GET"]}}],"collection":[{"href":"https:\/\/mimolive.com\/fr\/wp-json\/wp\/v2\/pages"}],"about":[{"href":"https:\/\/mimolive.com\/fr\/wp-json\/wp\/v2\/types\/page"}],"author":[{"embeddable":true,"href":"https:\/\/mimolive.com\/fr\/wp-json\/wp\/v2\/users\/1"}],"replies":[{"embeddable":true,"href":"https:\/\/mimolive.com\/fr\/wp-json\/wp\/v2\/comments?post=36075"}],"version-history":[{"count":5,"href":"https:\/\/mimolive.com\/fr\/wp-json\/wp\/v2\/pages\/36075\/revisions"}],"predecessor-version":[{"id":36121,"href":"https:\/\/mimolive.com\/fr\/wp-json\/wp\/v2\/pages\/36075\/revisions\/36121"}],"wp:attachment":[{"href":"https:\/\/mimolive.com\/fr\/wp-json\/wp\/v2\/media?parent=36075"}],"curies":[{"name":"wp","href":"https:\/\/api.w.org\/{rel}","templated":true}]}}