{"id":11363,"date":"2020-11-19T10:57:29","date_gmt":"2020-11-19T09:57:29","guid":{"rendered":"https:\/\/mimolive.com\/?page_id=11363"},"modified":"2023-01-04T15:55:19","modified_gmt":"2023-01-04T14:55:19","slug":"terzi-inferiori","status":"publish","type":"page","link":"https:\/\/mimolive.com\/it\/technology\/lower-thirds\/","title":{"rendered":"Terzi inferiori"},"content":{"rendered":"<div data-elementor-type=\"wp-page\" data-elementor-id=\"11363\" class=\"elementor elementor-11363\" data-elementor-post-type=\"page\">\n\t\t\t\t<div class=\"elementor-element elementor-element-69c6c98 e-flex e-con-boxed e-con e-parent\" data-id=\"69c6c98\" data-element_type=\"container\" data-e-type=\"container\">\n\t\t\t\t\t<div class=\"e-con-inner\">\n\t\t<div class=\"elementor-element elementor-element-e9c4ca4 e-con-full e-flex e-con e-parent\" data-id=\"e9c4ca4\" data-element_type=\"container\" data-e-type=\"container\">\n\t\t\t\t<div class=\"elementor-element elementor-element-2ddee35 elementor-widget elementor-widget-image\" data-id=\"2ddee35\" data-element_type=\"widget\" data-e-type=\"widget\" data-widget_type=\"image.default\">\n\t\t\t\t<div class=\"elementor-widget-container\">\n\t\t\t\t\t\t\t\t\t\t\t\t<figure class=\"wp-caption\">\n\t\t\t\t\t\t\t\t\t\t<img fetchpriority=\"high\" decoding=\"async\" width=\"800\" height=\"480\" src=\"https:\/\/mimolive.com\/wp-content\/uploads\/2022\/02\/Screenshot-2022-02-16-at-16.54.51-1024x615.png\" class=\"attachment-large size-large wp-image-25244\" alt=\"terzo inferiore realizzato con mimoLive\u00ae\" srcset=\"https:\/\/mimolive.com\/wp-content\/uploads\/2022\/02\/Screenshot-2022-02-16-at-16.54.51-1024x615.png 1024w,  https:\/\/mimolive.com\/wp-content\/uploads\/2022\/02\/Screenshot-2022-02-16-at-16.54.51-300x180.png 300w,  https:\/\/mimolive.com\/wp-content\/uploads\/2022\/02\/Screenshot-2022-02-16-at-16.54.51-768x461.png 768w,  https:\/\/mimolive.com\/wp-content\/uploads\/2022\/02\/Screenshot-2022-02-16-at-16.54.51-1536x922.png 1536w,  https:\/\/mimolive.com\/wp-content\/uploads\/2022\/02\/Screenshot-2022-02-16-at-16.54.51-2048x1230.png 2048w\" sizes=\"(max-width: 800px) 100vw, 800px\" \/>\t\t\t\t\t\t\t\t\t\t\t<figcaption class=\"widget-image-caption wp-caption-text\">Lower Third creato con mimoLive\u00ae per Mac<\/figcaption>\n\t\t\t\t\t\t\t\t\t\t<\/figure>\n\t\t\t\t\t\t\t\t\t<\/div>\n\t\t\t\t<\/div>\n\t\t\t\t<\/div>\n\t\t\t\t\t<\/div>\n\t\t\t\t<\/div>\n\t\t<div class=\"elementor-element elementor-element-cfe10a2 e-flex e-con-boxed e-con e-parent\" data-id=\"cfe10a2\" data-element_type=\"container\" data-e-type=\"container\">\n\t\t\t\t\t<div class=\"e-con-inner\">\n\t\t\t\t<div class=\"elementor-element elementor-element-f1a7ebc elementor-widget elementor-widget-heading\" data-id=\"f1a7ebc\" data-element_type=\"widget\" data-e-type=\"widget\" data-widget_type=\"heading.default\">\n\t\t\t\t<div class=\"elementor-widget-container\">\n\t\t\t\t\t<h2 class=\"elementor-heading-title elementor-size-default\">Terzi inferiori<\/h2>\t\t\t\t<\/div>\n\t\t\t\t<\/div>\n\t\t\t\t<div class=\"elementor-element elementor-element-769cee0 elementor-widget elementor-widget-text-editor\" data-id=\"769cee0\" data-element_type=\"widget\" data-e-type=\"widget\" data-widget_type=\"text-editor.default\">\n\t\t\t\t<div class=\"elementor-widget-container\">\n\t\t\t\t\t\t\t\t\t<p>Un terzo inferiore \u00e8 un elemento grafico che appare nella parte inferiore dello schermo durante un video o un programma televisivo. In genere, i terzi inferiori visualizzano informazioni sulla persona che parla o sul contenuto che viene mostrato sullo schermo. Possono includere il nome e il titolo dell'oratore, una breve descrizione dell'argomento trattato o altre informazioni rilevanti. Le terze parti inferiori sono spesso utilizzate per aiutare gli spettatori a comprendere e seguire il contenuto di un video o di un programma. Sono comunemente utilizzati nei notiziari, nei talk show e in altri tipi di programmi in cui \u00e8 importante fornire informazioni sulle persone e sugli argomenti trattati.<\/p>\t\t\t\t\t\t\t\t<\/div>\n\t\t\t\t<\/div>\n\t\t\t\t\t<\/div>\n\t\t\t\t<\/div>\n\t\t<div class=\"elementor-element elementor-element-9d1cdf8 e-flex e-con-boxed e-con e-parent\" data-id=\"9d1cdf8\" data-element_type=\"container\" data-e-type=\"container\">\n\t\t\t\t\t<div class=\"e-con-inner\">\n\t\t<div class=\"elementor-element elementor-element-3276990 e-con-full e-flex e-con e-parent\" data-id=\"3276990\" data-element_type=\"container\" data-e-type=\"container\">\n\t\t\t\t<div class=\"elementor-element elementor-element-0be93d4 elementor-widget elementor-widget-heading\" data-id=\"0be93d4\" data-element_type=\"widget\" data-e-type=\"widget\" data-widget_type=\"heading.default\">\n\t\t\t\t<div class=\"elementor-widget-container\">\n\t\t\t\t\t<h3 class=\"elementor-heading-title elementor-size-default\">DEFINIZIONE DI TERZO INFERIORE\n<\/h3>\t\t\t\t<\/div>\n\t\t\t\t<\/div>\n\t\t\t\t<div class=\"elementor-element elementor-element-a1799b3 elementor-grid-2 elementor-grid-tablet-2 elementor-grid-mobile-1 elementor-widget elementor-widget-uael-faq\" data-id=\"a1799b3\" data-element_type=\"widget\" data-e-type=\"widget\" data-widget_type=\"uael-faq.default\">\n\t\t\t\t<div class=\"elementor-widget-container\">\n\t\t\t\t\t\n\t\t\t<div id='uael-faq-wrapper-169' class=\"uael-faq-wrapper\">\n\t\t\t\t<div class=\"uael-faq-container uael-faq-layout-grid elementor-grid\" >\n\t\t\t\t\t\t\t\t\t\t\t\t<div id=\"uael-accordion-5f33626\" class=\"uael-faq-accordion elementor-grid-item\" role=\"tablist\">\n\t\t\t\t\t\t\t\t<div class= \"uael-accordion-title\" aria-expanded=\"false\" role=\"tab\">\n\t\t\t\t\t\t\t\t\t<span class=\"uael-accordion-icon uael-accordion-icon-\">\n\t\t\t\t\t\t\t\t\t\t<span class=\"uael-accordion-icon-closed\"><\/span>\n\t\t\t\t\t\t\t\t\t\t<span class=\"uael-accordion-icon-opened\"><\/span>\n\t\t\t\t\t\t\t\t\t<\/span>\n\t\t\t\t\t\t\t\t\t<h4 class=\"uael-question-5f33626 uael-question-span\" tabindex=\"0\" id=\"uael-faq-1-69ec20bab9c83\">Che cos'\u00e8 un Lower Third?<\/h4>\n\t\t\t\t\t\t\t\t<\/div>\n\t\t\t\t\t\t\t\t<div class=\"uael-accordion-content\" role=\"tabpanel\">\n\t\t\t\t\t\t\t\t\t<span>\n\t\t\t\t\t\t\t\t\t<span><p>Nel\u00a0<a title=\"Televisione\" href=\"https:\/\/en.wikipedia.org\/wiki\/Television\" target=\"_blank\" rel=\"noopener\">televisione<\/a>\u00a0industria, un\u00a0<b>terzo inferiore<\/b>\u00a0\u00e8 una sovrapposizione grafica posizionata nel campo\u00a0<a class=\"mw-redirect\" title=\"Titolo sicuro\" href=\"https:\/\/en.wikipedia.org\/wiki\/Title_safe\" target=\"_blank\" rel=\"noopener\">titolo-sicuro<\/a>\u00a0zona inferiore del\u00a0<a title=\"Dispositivo di visualizzazione\" href=\"https:\/\/en.wikipedia.org\/wiki\/Display_device\" target=\"_blank\" rel=\"noopener\">schermo<\/a>anche se non necessariamente l'intero terzo inferiore, come suggerisce il nome.<sup id=\"cite_ref-Broad_1-0\" class=\"reference\"><\/sup><\/p><p>Nella sua forma pi\u00f9 semplice, un terzo inferiore pu\u00f2 essere semplicemente un testo che si sovrappone al video. Spesso questo testo \u00e8 bianco con un\u00a0<a title=\"Ombra a goccia\" href=\"https:\/\/en.wikipedia.org\/wiki\/Drop_shadow\" target=\"_blank\" rel=\"noopener\">ombra a goccia<\/a>\u00a0per facilitare la lettura delle parole. Un terzo inferiore pu\u00f2 anche contenere elementi grafici come riquadri, immagini o ombreggiature. Alcuni terzi inferiori hanno\u00a0<a title=\"Animazione\" href=\"https:\/\/en.wikipedia.org\/wiki\/Animation\" target=\"_blank\" rel=\"noopener\">animato<\/a>\u00a0sfondi e testo.<\/p><\/span>\t\t\t\t\t\t\t\t\t<\/span>\n\t\t\t\t\t\t\t\t<\/div>\n\t\t\t\t\t\t\t<\/div>\n\t\t\t\t\t\t\t\t\t\t\t<\/div>\n\t\t\t<\/div>\n\t\t\t\t\t\t\t<\/div>\n\t\t\t\t<\/div>\n\t\t\t\t<\/div>\n\t\t\t\t\t<\/div>\n\t\t\t\t<\/div>\n\t\t\t\t<\/div>","protected":false},"excerpt":{"rendered":"<p>Lower Third created with mimoLive\u00ae for Mac\u00ae Lower Thirds A lower third is a graphic element that appears in the lower portion of the screen during a video or television program. Lower thirds typically display information about the person speaking or the content being shown on screen. They can include the name and title of [&hellip;]<\/p>","protected":false},"author":1,"featured_media":0,"parent":11351,"menu_order":4,"comment_status":"closed","ping_status":"closed","template":"elementor_header_footer","meta":{"_acf_changed":false,"_angie_page":false,"_lmt_disableupdate":"","_lmt_disable":"","footnotes":""},"class_list":["post-11363","page","type-page","status-publish","hentry"],"acf":[],"_links":{"self":[{"href":"https:\/\/mimolive.com\/it\/wp-json\/wp\/v2\/pages\/11363","targetHints":{"allow":["GET"]}}],"collection":[{"href":"https:\/\/mimolive.com\/it\/wp-json\/wp\/v2\/pages"}],"about":[{"href":"https:\/\/mimolive.com\/it\/wp-json\/wp\/v2\/types\/page"}],"author":[{"embeddable":true,"href":"https:\/\/mimolive.com\/it\/wp-json\/wp\/v2\/users\/1"}],"replies":[{"embeddable":true,"href":"https:\/\/mimolive.com\/it\/wp-json\/wp\/v2\/comments?post=11363"}],"version-history":[{"count":0,"href":"https:\/\/mimolive.com\/it\/wp-json\/wp\/v2\/pages\/11363\/revisions"}],"up":[{"embeddable":true,"href":"https:\/\/mimolive.com\/it\/wp-json\/wp\/v2\/pages\/11351"}],"wp:attachment":[{"href":"https:\/\/mimolive.com\/it\/wp-json\/wp\/v2\/media?parent=11363"}],"curies":[{"name":"wp","href":"https:\/\/api.w.org\/{rel}","templated":true}]}}