{"id":36075,"date":"2023-12-01T14:23:28","date_gmt":"2023-12-01T13:23:28","guid":{"rendered":"https:\/\/mimolive.com\/?page_id=36075"},"modified":"2023-12-06T19:05:19","modified_gmt":"2023-12-06T18:05:19","slug":"zoomdemo","status":"publish","type":"page","link":"https:\/\/mimolive.com\/it\/zoomdemo\/","title":{"rendered":"Dimostrazione della chiamata Zoom - Alimentato da mimoLive, disponibile 24 ore su 24, 7 giorni su 7"},"content":{"rendered":"<div data-elementor-type=\"wp-page\" data-elementor-id=\"36075\" class=\"elementor elementor-36075\" data-elementor-post-type=\"page\">\n\t\t\t\t<div class=\"elementor-element elementor-element-263f1d42 e-flex e-con-boxed e-con e-parent\" data-id=\"263f1d42\" data-element_type=\"container\" data-e-type=\"container\">\n\t\t\t\t\t<div class=\"e-con-inner\">\n\t\t\t\t<div class=\"elementor-element elementor-element-246c66b elementor-widget elementor-widget-heading\" data-id=\"246c66b\" data-element_type=\"widget\" data-e-type=\"widget\" data-widget_type=\"heading.default\">\n\t\t\t\t<div class=\"elementor-widget-container\">\n\t\t\t\t\t<h1 class=\"elementor-heading-title elementor-size-default\">Dimostrazione della chiamata Zoom - Alimentato da mimoLive, disponibile 24 ore su 24, 7 giorni su 7<\/h1>\t\t\t\t<\/div>\n\t\t\t\t<\/div>\n\t\t\t\t<div class=\"elementor-element elementor-element-bd70566 elementor-widget elementor-widget-heading\" data-id=\"bd70566\" data-element_type=\"widget\" data-e-type=\"widget\" data-widget_type=\"heading.default\">\n\t\t\t\t<div class=\"elementor-widget-container\">\n\t\t\t\t\t<h2 class=\"elementor-heading-title elementor-size-default\">Scoprite il futuro della trasmissione televisiva in diretta<\/h2>\t\t\t\t<\/div>\n\t\t\t\t<\/div>\n\t\t\t\t\t<\/div>\n\t\t\t\t<\/div>\n\t\t<div class=\"elementor-element elementor-element-5a27097 e-flex e-con-boxed e-con e-parent\" data-id=\"5a27097\" data-element_type=\"container\" data-e-type=\"container\">\n\t\t\t\t\t<div class=\"e-con-inner\">\n\t\t<div class=\"elementor-element elementor-element-0acca28 e-flex e-con-boxed e-con e-child\" data-id=\"0acca28\" data-element_type=\"container\" data-e-type=\"container\">\n\t\t\t\t\t<div class=\"e-con-inner\">\n\t\t\t\t<div class=\"elementor-element elementor-element-139658b elementor-widget elementor-widget-text-editor\" data-id=\"139658b\" data-element_type=\"widget\" data-e-type=\"widget\" data-widget_type=\"text-editor.default\">\n\t\t\t\t<div class=\"elementor-widget-container\">\n\t\t\t\t\t\t\t\t\t<p>Benvenuti alla nostra dimostrazione all'avanguardia di Zoom Call, uno showcase attivo 24 ore su 24 su un Mac basato su Cloud con il potente software mimoLive. Questa dimostrazione \u00e8 stata ideata per mostrare come mimoLive rivoluziona le chiamate Zoom per le trasmissioni televisive, offrendo un controllo e una creativit\u00e0 senza precedenti ai team di produzione.<\/p>\n<h4><strong>Come partecipare alla dimostrazione<\/strong><\/h4>\n<p>La partecipazione \u00e8 semplice e personalizzata:<\/p>\n<ol>\n<li><strong>Compilare il modulo<\/strong>: Indicare Nome, Cognome e Email.<\/li>\n<li><strong>Ricevete il vostro link personale<\/strong>: Dopo aver inviato la richiesta, riceverete un'e-mail personalizzata con un link unico alla demo della nostra riunione Zoom.<\/li>\n<li><strong>Partecipa e scopri<\/strong>: Fate clic sul link, partecipate alla riunione e assistete alla dimostrazione in diretta.<\/li>\n<\/ol>\n<h4><strong>Cosa sperimenterete<\/strong><\/h4>\n<p>Durante la chiamata Zoom, sarete testimoni in prima persona di come mimoLive trasforma una riunione Zoom standard in una trasmissione televisiva professionale:<\/p>\n<ul>\n<li><strong>Editing dal vivo<\/strong>: Scoprite come mimoLive modifica le chiamate Zoom in tempo reale, fornendo transizioni, sovrapposizioni e altro ancora.<\/li>\n<li><strong>Applicazioni di trasmissione televisiva<\/strong>: Scoprite la versatilit\u00e0 di Zoom integrato con mimoLive per vari scenari di trasmissione, tra cui interviste e tavole rotonde virtuali.<\/li>\n<li><strong>Libert\u00e0 creativa<\/strong>: Scoprite come mimoLive offre ai team di produzione la libert\u00e0 creativa di creare esperienze televisive dal vivo uniche.<\/li>\n<\/ul>\t\t\t\t\t\t\t\t<\/div>\n\t\t\t\t<\/div>\n\t\t<div class=\"elementor-element elementor-element-9872ec4 e-flex e-con-boxed e-con e-child\" data-id=\"9872ec4\" data-element_type=\"container\" data-e-type=\"container\">\n\t\t\t\t\t<div class=\"e-con-inner\">\n\t\t\t\t<div class=\"elementor-element elementor-element-0c7d20b elementor-align-center elementor-widget elementor-widget-button\" data-id=\"0c7d20b\" data-element_type=\"widget\" data-e-type=\"widget\" data-widget_type=\"button.default\">\n\t\t\t\t<div class=\"elementor-widget-container\">\n\t\t\t\t\t\t\t\t\t<div class=\"elementor-button-wrapper\">\n\t\t\t\t\t<a class=\"elementor-button elementor-button-link elementor-size-sm\" href=\"#elementor-action%3Aaction%3Dpopup%3Aopen%26settings%3DeyJpZCI6IjM2MTE2IiwidG9nZ2xlIjpmYWxzZX0%3D\">\n\t\t\t\t\t\t<span class=\"elementor-button-content-wrapper\">\n\t\t\t\t\t\t\t\t\t<span class=\"elementor-button-text\">Partecipate subito alla dimostrazione in diretta di Zoom\u00ae!<\/span>\n\t\t\t\t\t<\/span>\n\t\t\t\t\t<\/a>\n\t\t\t\t<\/div>\n\t\t\t\t\t\t\t\t<\/div>\n\t\t\t\t<\/div>\n\t\t\t\t\t<\/div>\n\t\t\t\t<\/div>\n\t\t\t\t<div class=\"elementor-element elementor-element-17ab61b elementor-widget elementor-widget-text-editor\" data-id=\"17ab61b\" data-element_type=\"widget\" data-e-type=\"widget\" data-widget_type=\"text-editor.default\">\n\t\t\t\t<div class=\"elementor-widget-container\">\n\t\t\t\t\t\t\t\t\t<h3>Perch\u00e9 mimoLive?<\/h3>\n<p>mimoLive \u00e8 pi\u00f9 di un semplice strumento di trasmissione; \u00e8 una porta d'accesso a infinite possibilit\u00e0 di produzione televisiva dal vivo. Fondendo l'accessibilit\u00e0 di Zoom con le capacit\u00e0 professionali del software di trasmissione televisiva, mimoLive stabilisce un nuovo standard nel settore.<\/p>\n<p><strong>Partecipate subito alla nostra demo Zoom Call 24\/7 e fate un salto nel futuro delle trasmissioni TV in diretta!<\/strong><\/p>\t\t\t\t\t\t\t\t<\/div>\n\t\t\t\t<\/div>\n\t\t\t\t\t<\/div>\n\t\t\t\t<\/div>\n\t\t\t\t\t<\/div>\n\t\t\t\t<\/div>\n\t\t\t\t<\/div>","protected":false},"excerpt":{"rendered":"<p>Zoom Call Demo &#8211; Powered by mimoLive, Available 24\/7 Experience the Future of Live TV Broadcasting Welcome to our cutting-edge Zoom Call Demo, a round-the-clock showcase running on a Cloud-based Mac with the powerful mimoLive software. This demonstration is designed to exhibit how mimoLive revolutionizes Zoom calls for TV broadcasting, offering unparalleled control and creativity [&hellip;]<\/p>","protected":false},"author":1,"featured_media":0,"parent":0,"menu_order":0,"comment_status":"closed","ping_status":"closed","template":"","meta":{"_acf_changed":false,"_angie_page":false,"_lmt_disableupdate":"","_lmt_disable":"","footnotes":""},"class_list":["post-36075","page","type-page","status-publish","hentry"],"acf":[],"_links":{"self":[{"href":"https:\/\/mimolive.com\/it\/wp-json\/wp\/v2\/pages\/36075","targetHints":{"allow":["GET"]}}],"collection":[{"href":"https:\/\/mimolive.com\/it\/wp-json\/wp\/v2\/pages"}],"about":[{"href":"https:\/\/mimolive.com\/it\/wp-json\/wp\/v2\/types\/page"}],"author":[{"embeddable":true,"href":"https:\/\/mimolive.com\/it\/wp-json\/wp\/v2\/users\/1"}],"replies":[{"embeddable":true,"href":"https:\/\/mimolive.com\/it\/wp-json\/wp\/v2\/comments?post=36075"}],"version-history":[{"count":5,"href":"https:\/\/mimolive.com\/it\/wp-json\/wp\/v2\/pages\/36075\/revisions"}],"predecessor-version":[{"id":36121,"href":"https:\/\/mimolive.com\/it\/wp-json\/wp\/v2\/pages\/36075\/revisions\/36121"}],"wp:attachment":[{"href":"https:\/\/mimolive.com\/it\/wp-json\/wp\/v2\/media?parent=36075"}],"curies":[{"name":"wp","href":"https:\/\/api.w.org\/{rel}","templated":true}]}}