{"id":11339,"date":"2020-11-19T10:15:18","date_gmt":"2020-11-19T09:15:18","guid":{"rendered":"https:\/\/mimolive.com\/?page_id=11339"},"modified":"2024-10-01T20:49:32","modified_gmt":"2024-10-01T18:49:32","slug":"%e6%ae%8b%e5%83%8f","status":"publish","type":"page","link":"https:\/\/mimolive.com\/ja\/support\/legal-stuff\/imprint\/","title":{"rendered":"\u30a4\u30f3\u30d7\u30ea\u30f3\u30c8"},"content":{"rendered":"<div data-elementor-type=\"wp-page\" data-elementor-id=\"11339\" class=\"elementor elementor-11339\" data-elementor-post-type=\"page\">\n\t\t\t\t\t\t<section class=\"elementor-section elementor-top-section elementor-element elementor-element-18376078 elementor-section-boxed elementor-section-height-default elementor-section-height-default\" data-id=\"18376078\" data-element_type=\"section\" data-e-type=\"section\">\n\t\t\t\t\t\t<div class=\"elementor-container elementor-column-gap-default\">\n\t\t\t\t\t<div class=\"elementor-column elementor-col-100 elementor-top-column elementor-element elementor-element-557c0fe5\" data-id=\"557c0fe5\" data-element_type=\"column\" data-e-type=\"column\">\n\t\t\t<div class=\"elementor-widget-wrap elementor-element-populated\">\n\t\t\t\t\t\t<div class=\"elementor-element elementor-element-7a372b0f elementor-widget elementor-widget-heading\" data-id=\"7a372b0f\" data-element_type=\"widget\" data-e-type=\"widget\" data-widget_type=\"heading.default\">\n\t\t\t\t<div class=\"elementor-widget-container\">\n\t\t\t\t\t<h2 class=\"elementor-heading-title elementor-size-default\">\u30a4\u30f3\u30d7\u30ea\u30f3\u30c8<\/h2>\t\t\t\t<\/div>\n\t\t\t\t<\/div>\n\t\t\t\t<div class=\"elementor-element elementor-element-5a984920 elementor-widget elementor-widget-text-editor\" data-id=\"5a984920\" data-element_type=\"widget\" data-e-type=\"widget\" data-widget_type=\"text-editor.default\">\n\t\t\t\t<div class=\"elementor-widget-container\">\n\t\t\t\t\t\t\t\t\t<p>\u30dc\u30a4\u30f3\u30af\u30b9\u30fb\u30bd\u30d5\u30c8\u30a6\u30a7\u30a2\u30fb\u30a4\u30f3\u30bf\u30fc\u30ca\u30b7\u30e7\u30ca\u30eb\u30fb\u30b2\u30fc\u30a8\u30e0\u30d9\u30fc\u30cf\u30fc<br>\u30e8\u30fc\u30bc\u30d5\u30fb\u30ad\u30b9\u30c8\u30e9\u30fc\u901a\u308a12\u756a\u5730<br>82110 \u30b2\u30eb\u30de\u30ea\u30f3\u30b0<br>\u30c9\u30a4\u30c4<\/p>\n<p><strong><br>\u30b5\u30dd\u30fc\u30c8<br><\/strong><a href=\"mailto:support@boinx.com\">support@boinx.com<\/a><\/p>\n<p><strong><br>\u30c8\u30ec\u30fc\u30c9\u30ec\u30b8\u30b9\u30bf\u30fc \/ Handelsregister<\/strong><br>\u30df\u30e5\u30f3\u30d8\u30f3\u767b\u9332\u5c40, HRB 247307<br>\u30b2\u30b7\u30a7\u30d5\u30c4\u30d5\u30e5\u30fc\u30e9\u30fc\uff08CEO\uff09\u3002\u30aa\u30ea\u30d0\u30fc\u30fb\u30d6\u30e9\u30a4\u30c7\u30f3\u30d0\u30c3\u30cf<\/p>\n<p><strong><br>\u8457\u4f5c\u6a29\u306b\u3064\u3044\u3066 <br><\/strong>\u3053\u306e\u30b5\u30a4\u30c8\u4e0a\u306e\u3059\u3079\u3066\u306e\u7d20\u6750\u306e\u8457\u4f5c\u6a29\u306fBoinx Software International GmbH\u306b\u5e30\u5c5e\u3057\u307e\u3059\u3002<br>\u7121\u65ad\u8ee2\u8f09\u3092\u7981\u3058\u307e\u3059\u3002<br><strong><br>\u5546\u6a19\u306b\u3064\u3044\u3066<\/strong><\/p>\n<p>Boinx Software\u304a\u3088\u3073Boinx Software Logo\u306f\u3001Boinx Software International GmbH\u306e\u5546\u6a19\u3067\u3059\u3002Mac\u304a\u3088\u3073Mac\u30ed\u30b4\u306f\u3001\u7c73\u56fd\u304a\u3088\u3073\u4ed6\u306e\u56fd\u3005\u3067\u767b\u9332\u3055\u308c\u305fApple Computer, Inc.\u306e\u5546\u6a19\u3067\u3059\u3002Apple\u304a\u3088\u3073Apple\u306e\u30ed\u30b4\u306f\u3001Apple Computer, Inc.\u306e\u5546\u6a19\u3067\u3042\u308a\u3001\u7c73\u56fd\u304a\u3088\u3073\u305d\u306e\u4ed6\u306e\u56fd\u3067\u767b\u9332\u3055\u308c\u3066\u304a\u308a\u3001\u8a31\u53ef\u3092\u53d7\u3051\u3066\u4f7f\u7528\u3057\u3066\u3044\u307e\u3059\u3002<\/p>\t\t\t\t\t\t\t\t<\/div>\n\t\t\t\t<\/div>\n\t\t\t\t\t<\/div>\n\t\t<\/div>\n\t\t\t\t\t<\/div>\n\t\t<\/section>\n\t\t\t\t<section class=\"elementor-section elementor-top-section elementor-element elementor-element-53a1ccfc elementor-section-boxed elementor-section-height-default elementor-section-height-default\" data-id=\"53a1ccfc\" data-element_type=\"section\" data-e-type=\"section\">\n\t\t\t\t\t\t<div class=\"elementor-container elementor-column-gap-default\">\n\t\t\t\t\t<div class=\"elementor-column elementor-col-100 elementor-top-column elementor-element elementor-element-d2d6fda\" data-id=\"d2d6fda\" data-element_type=\"column\" data-e-type=\"column\">\n\t\t\t<div class=\"elementor-widget-wrap elementor-element-populated\">\n\t\t\t\t\t\t<div class=\"elementor-element elementor-element-66093698 elementor-widget elementor-widget-heading\" data-id=\"66093698\" data-element_type=\"widget\" data-e-type=\"widget\" data-widget_type=\"heading.default\">\n\t\t\t\t<div class=\"elementor-widget-container\">\n\t\t\t\t\t<h4 class=\"elementor-heading-title elementor-size-default\">\u30de\u30fc\u30b1\u30c6\u30a3\u30f3\u30b0\u3068\u30b3\u30f3\u30bb\u30d7\u30c8<\/h4>\t\t\t\t<\/div>\n\t\t\t\t<\/div>\n\t\t\t\t<div class=\"elementor-element elementor-element-5e59a63c elementor-position-inline-start elementor-view-default elementor-mobile-position-block-start elementor-widget elementor-widget-icon-box\" data-id=\"5e59a63c\" data-element_type=\"widget\" data-e-type=\"widget\" data-widget_type=\"icon-box.default\">\n\t\t\t\t<div class=\"elementor-widget-container\">\n\t\t\t\t\t\t\t<div class=\"elementor-icon-box-wrapper\">\n\n\t\t\t\t\t\t<div class=\"elementor-icon-box-icon\">\n\t\t\t\t<a href=\"https:\/\/klartext-tacheles.de\" class=\"elementor-icon\" tabindex=\"-1\" aria-label=\"\u30b9\u30c8\u30e9\u30c6\u30b8\u30fc\uff06\u30de\u30fc\u30b1\u30c6\u30a3\u30f3\u30b0\" target=\"_blank\" rel=\"noopener\">\n\t\t\t\t<svg aria-hidden=\"true\" class=\"e-font-icon-svg e-far-lightbulb\" viewbox=\"0 0 352 512\" xmlns=\"http:\/\/www.w3.org\/2000\/svg\"><path d=\"M176 80c-52.94 0-96 43.06-96 96 0 8.84 7.16 16 16 16s16-7.16 16-16c0-35.3 28.72-64 64-64 8.84 0 16-7.16 16-16s-7.16-16-16-16zM96.06 459.17c0 3.15.93 6.22 2.68 8.84l24.51 36.84c2.97 4.46 7.97 7.14 13.32 7.14h78.85c5.36 0 10.36-2.68 13.32-7.14l24.51-36.84c1.74-2.62 2.67-5.7 2.68-8.84l.05-43.18H96.02l.04 43.18zM176 0C73.72 0 0 82.97 0 176c0 44.37 16.45 84.85 43.56 115.78 16.64 18.99 42.74 58.8 52.42 92.16v.06h48v-.12c-.01-4.77-.72-9.51-2.15-14.07-5.59-17.81-22.82-64.77-62.17-109.67-20.54-23.43-31.52-53.15-31.61-84.14-.2-73.64 59.67-128 127.95-128 70.58 0 128 57.42 128 128 0 30.97-11.24 60.85-31.65 84.14-39.11 44.61-56.42 91.47-62.1 109.46a47.507 47.507 0 0 0-2.22 14.3v.1h48v-.05c9.68-33.37 35.78-73.18 52.42-92.16C335.55 260.85 352 220.37 352 176 352 78.8 273.2 0 176 0z\"><\/path><\/svg>\t\t\t\t<\/a>\n\t\t\t<\/div>\n\t\t\t\n\t\t\t\t\t\t<div class=\"elementor-icon-box-content\">\n\n\t\t\t\t\t\t\t\t\t<h4 class=\"elementor-icon-box-title\">\n\t\t\t\t\t\t<a href=\"https:\/\/klartext-tacheles.de\" target=\"_blank\" rel=\"noopener\">\n\t\t\t\t\t\t\t\u6226\u7565\uff06\u30de\u30fc\u30b1\u30c6\u30a3\u30f3\u30b0\t\t\t\t\t\t<\/a>\n\t\t\t\t\t<\/h4>\n\t\t\t\t\n\t\t\t\t\t\t\t\t\t<p class=\"elementor-icon-box-description\">\n\t\t\t\t\t\tklartext-tacheles.de\t\t\t\t\t<\/p>\n\t\t\t\t\n\t\t\t<\/div>\n\t\t\t\n\t\t<\/div>\n\t\t\t\t\t\t<\/div>\n\t\t\t\t<\/div>\n\t\t\t\t<div class=\"elementor-element elementor-element-34bbfbbd elementor-widget elementor-widget-heading\" data-id=\"34bbfbbd\" data-element_type=\"widget\" data-e-type=\"widget\" data-widget_type=\"heading.default\">\n\t\t\t\t<div class=\"elementor-widget-container\">\n\t\t\t\t\t<h5 class=\"elementor-heading-title elementor-size-default\">\u5b9f\u73fe<\/h5>\t\t\t\t<\/div>\n\t\t\t\t<\/div>\n\t\t\t\t<div class=\"elementor-element elementor-element-6b97143f elementor-position-inline-start elementor-view-default elementor-mobile-position-block-start elementor-widget elementor-widget-icon-box\" data-id=\"6b97143f\" data-element_type=\"widget\" data-e-type=\"widget\" data-widget_type=\"icon-box.default\">\n\t\t\t\t<div class=\"elementor-widget-container\">\n\t\t\t\t\t\t\t<div class=\"elementor-icon-box-wrapper\">\n\n\t\t\t\t\t\t<div class=\"elementor-icon-box-icon\">\n\t\t\t\t<a href=\"https:\/\/viatordigital.com\" class=\"elementor-icon\" tabindex=\"-1\" aria-label=\"\u30f4\u30a3\u30a2\u30c8\u30eb\u30fb\u30c7\u30b8\u30bf\u30eb\u30fb\u30bd\u30ea\u30e5\u30fc\u30b7\u30e7\u30f3\u30ba \" target=\"_blank\" rel=\"noopener\">\n\t\t\t\t<svg aria-hidden=\"true\" class=\"e-font-icon-svg e-fas-map-marker-alt\" viewbox=\"0 0 384 512\" xmlns=\"http:\/\/www.w3.org\/2000\/svg\"><path d=\"M172.268 501.67C26.97 291.031 0 269.413 0 192 0 85.961 85.961 0 192 0s192 85.961 192 192c0 77.413-26.97 99.031-172.268 309.67-9.535 13.774-29.93 13.773-39.464 0zM192 272c44.183 0 80-35.817 80-80s-35.817-80-80-80-80 35.817-80 80 35.817 80 80 80z\"><\/path><\/svg>\t\t\t\t<\/a>\n\t\t\t<\/div>\n\t\t\t\n\t\t\t\t\t\t<div class=\"elementor-icon-box-content\">\n\n\t\t\t\t\t\t\t\t\t<h4 class=\"elementor-icon-box-title\">\n\t\t\t\t\t\t<a href=\"https:\/\/viatordigital.com\" target=\"_blank\" rel=\"noopener\">\n\t\t\t\t\t\t\t\u30f4\u30a3\u30a2\u30c8\u30eb\u30fb\u30c7\u30b8\u30bf\u30eb\u30fb\u30bd\u30ea\u30e5\u30fc\u30b7\u30e7\u30f3\u30ba \t\t\t\t\t\t<\/a>\n\t\t\t\t\t<\/h4>\n\t\t\t\t\n\t\t\t\t\t\t\t\t\t<p class=\"elementor-icon-box-description\">\n\t\t\t\t\t\t\u30d5\u30e9\u30a4\u30d6\u30eb\u30af\u30fb\u30a4\u30e0\u30fb\u30d6\u30e9\u30a4\u30b9\u30ac\u30a6\u306e\u30a6\u30a7\u30d6\u30c7\u30b6\u30a4\u30f3\uff06\u30aa\u30f3\u30e9\u30a4\u30f3\u30de\u30fc\u30b1\u30c6\u30a3\u30f3\u30b0\t\t\t\t\t<\/p>\n\t\t\t\t\n\t\t\t<\/div>\n\t\t\t\n\t\t<\/div>\n\t\t\t\t\t\t<\/div>\n\t\t\t\t<\/div>\n\t\t\t\t<div class=\"elementor-element elementor-element-72df5de8 elementor-widget elementor-widget-heading\" data-id=\"72df5de8\" data-element_type=\"widget\" data-e-type=\"widget\" data-widget_type=\"heading.default\">\n\t\t\t\t<div class=\"elementor-widget-container\">\n\t\t\t\t\t<h5 class=\"elementor-heading-title elementor-size-default\">\u30c7\u30b6\u30a4\u30f3<\/h5>\t\t\t\t<\/div>\n\t\t\t\t<\/div>\n\t\t\t\t<div class=\"elementor-element elementor-element-2225f6d3 elementor-position-inline-start elementor-view-default elementor-mobile-position-block-start elementor-widget elementor-widget-icon-box\" data-id=\"2225f6d3\" data-element_type=\"widget\" data-e-type=\"widget\" data-widget_type=\"icon-box.default\">\n\t\t\t\t<div class=\"elementor-widget-container\">\n\t\t\t\t\t\t\t<div class=\"elementor-icon-box-wrapper\">\n\n\t\t\t\t\t\t<div class=\"elementor-icon-box-icon\">\n\t\t\t\t<a href=\"http:\/\/petriografie.de\" class=\"elementor-icon\" tabindex=\"-1\" aria-label=\"\u30da\u30fc\u30bf\u30fc\u30fb\u30b7\u30e5\u30ce\u30b9\u30cb\u30b1\u30eb\" target=\"_blank\" rel=\"noopener\">\n\t\t\t\t<svg aria-hidden=\"true\" class=\"e-font-icon-svg e-fas-paint-brush\" viewbox=\"0 0 512 512\" xmlns=\"http:\/\/www.w3.org\/2000\/svg\"><path d=\"M167.02 309.34c-40.12 2.58-76.53 17.86-97.19 72.3-2.35 6.21-8 9.98-14.59 9.98-11.11 0-45.46-27.67-55.25-34.35C0 439.62 37.93 512 128 512c75.86 0 128-43.77 128-120.19 0-3.11-.65-6.08-.97-9.13l-88.01-73.34zM457.89 0c-15.16 0-29.37 6.71-40.21 16.45C213.27 199.05 192 203.34 192 257.09c0 13.7 3.25 26.76 8.73 38.7l63.82 53.18c7.21 1.8 14.64 3.03 22.39 3.03 62.11 0 98.11-45.47 211.16-256.46 7.38-14.35 13.9-29.85 13.9-45.99C512 20.64 486 0 457.89 0z\"><\/path><\/svg>\t\t\t\t<\/a>\n\t\t\t<\/div>\n\t\t\t\n\t\t\t\t\t\t<div class=\"elementor-icon-box-content\">\n\n\t\t\t\t\t\t\t\t\t<h4 class=\"elementor-icon-box-title\">\n\t\t\t\t\t\t<a href=\"http:\/\/petriografie.de\" target=\"_blank\" rel=\"noopener\">\n\t\t\t\t\t\t\t\u30da\u30fc\u30bf\u30fc\u30fb\u30b7\u30e5\u30ce\u30b9\u30cb\u30b1\u30eb\t\t\t\t\t\t<\/a>\n\t\t\t\t\t<\/h4>\n\t\t\t\t\n\t\t\t\t\t\t\t\t\t<p class=\"elementor-icon-box-description\">\n\t\t\t\t\t\t\u30a6\u30a7\u30d6\u30c7\u30b6\u30a4\u30f3\t\t\t\t\t<\/p>\n\t\t\t\t\n\t\t\t<\/div>\n\t\t\t\n\t\t<\/div>\n\t\t\t\t\t\t<\/div>\n\t\t\t\t<\/div>\n\t\t\t\t\t<\/div>\n\t\t<\/div>\n\t\t\t\t\t<\/div>\n\t\t<\/section>\n\t\t\t\t<\/div>","protected":false},"excerpt":{"rendered":"<p>Boinx Software International GmbHJosef-Kistler Str. 1282110 GermeringGermany Support:support@boinx.com Trade Register \/ HandelsregisterRegistergericht M\u00fcnchen, HRB 247307Gesch\u00e4ftsf\u00fchrer (CEO)\uff1a\u30aa\u30ea\u30d0\u30fc\u30fb\u30d6\u30e9\u30a4\u30c7\u30f3\u30d0\u30c3\u30cf\u8457\u4f5c\u6a29\u3053\u306e\u30b5\u30a4\u30c8\u4e0a\u306e\u3059\u3079\u3066\u306e\u8cc7\u6599\u306e\u8457\u4f5c\u6a29\u306fBoinx Software International GmbH\u306b\u5e30\u5c5e\u3057\u307e\u3059\u3002\u5546\u6a19Boinx Software\u304a\u3088\u3073Boinx Software\u30ed\u30b4\u306fBoinx Software International GmbH\u306e\u5546\u6a19\u3067\u3059\u3002Mac\u304a\u3088\u3073Mac\u30ed\u30b4\u306f\u3001\u7c73\u56fd\u304a\u3088\u3073\u305d\u306e\u4ed6\u306e\u56fd\u3005\u3067\u767b\u9332\u3055\u308c\u305fApple Computer, Inc.\u306e\u5546\u6a19\u3067\u3059\u3002Apple\u304a\u3088\u3073Apple\u306e\u30ed\u30b4\u306f\u3001\u7c73\u56fd\u304a\u3088\u3073\u305d\u306e\u4ed6\u306e\u56fd\u3005\u3067\u767b\u9332\u3055\u308c\u305fApple Computer, Inc.\u306e\u5546\u6a19\u3067\u3042\u308a\u3001\u8a31\u53ef\u3092\u5f97\u3066\u4f7f\u7528\u3057\u3066\u3044\u307e\u3059\u3002\u30de\u30fc\u30b1\u30c6\u30a3\u30f3\u30b0\u3068\u30b3\u30f3\u30bb\u30d7\u30c8 \u6226\u7565\u3068\u30de\u30fc\u30b1\u30c6\u30a3\u30f3\u30b0 klartext-tacheles.de \u5b9f\u73fe Viator Digital Solutions \u30a6\u30a7\u30d6\u30c7\u30b6\u30a4\u30f3\u3068\u30aa\u30f3\u30e9\u30a4\u30f3\u30de\u30fc\u30b1\u30c6\u30a3\u30f3\u30b0 from Freiburg im Breisgau \u30c7\u30b6\u30a4\u30f3 Peter Schnlossnikel \u30a6\u30a7\u30d6\u30c7\u30b6\u30a4\u30f3<\/p>","protected":false},"author":1,"featured_media":0,"parent":11936,"menu_order":2,"comment_status":"closed","ping_status":"closed","template":"elementor_header_footer","meta":{"_acf_changed":false,"_lmt_disableupdate":"","_lmt_disable":"","footnotes":""},"class_list":["post-11339","page","type-page","status-publish","hentry"],"acf":[],"_links":{"self":[{"href":"https:\/\/mimolive.com\/ja\/wp-json\/wp\/v2\/pages\/11339","targetHints":{"allow":["GET"]}}],"collection":[{"href":"https:\/\/mimolive.com\/ja\/wp-json\/wp\/v2\/pages"}],"about":[{"href":"https:\/\/mimolive.com\/ja\/wp-json\/wp\/v2\/types\/page"}],"author":[{"embeddable":true,"href":"https:\/\/mimolive.com\/ja\/wp-json\/wp\/v2\/users\/1"}],"replies":[{"embeddable":true,"href":"https:\/\/mimolive.com\/ja\/wp-json\/wp\/v2\/comments?post=11339"}],"version-history":[{"count":10,"href":"https:\/\/mimolive.com\/ja\/wp-json\/wp\/v2\/pages\/11339\/revisions"}],"predecessor-version":[{"id":39664,"href":"https:\/\/mimolive.com\/ja\/wp-json\/wp\/v2\/pages\/11339\/revisions\/39664"}],"up":[{"embeddable":true,"href":"https:\/\/mimolive.com\/ja\/wp-json\/wp\/v2\/pages\/11936"}],"wp:attachment":[{"href":"https:\/\/mimolive.com\/ja\/wp-json\/wp\/v2\/media?parent=11339"}],"curies":[{"name":"wp","href":"https:\/\/api.w.org\/{rel}","templated":true}]}}