{"id":9994,"date":"2020-10-27T15:41:03","date_gmt":"2020-10-27T14:41:03","guid":{"rendered":"https:\/\/wordpress.boinx.com\/?page_id=9994"},"modified":"2025-06-27T21:13:38","modified_gmt":"2025-06-27T19:13:38","slug":"%ec%9d%b8%ec%83%81","status":"publish","type":"page","link":"https:\/\/mimolive.com\/ko\/support\/legal-stuff\/impressum\/","title":{"rendered":"Impressum"},"content":{"rendered":"<div data-elementor-type=\"wp-page\" data-elementor-id=\"9994\" class=\"elementor elementor-9994\" data-elementor-post-type=\"page\">\n\t\t\t\t\t\t<section class=\"elementor-section elementor-top-section elementor-element elementor-element-d90efdb elementor-section-boxed elementor-section-height-default elementor-section-height-default\" data-id=\"d90efdb\" data-element_type=\"section\" data-e-type=\"section\">\n\t\t\t\t\t\t<div class=\"elementor-container elementor-column-gap-default\">\n\t\t\t\t\t<div class=\"elementor-column elementor-col-100 elementor-top-column elementor-element elementor-element-f31e3c1\" data-id=\"f31e3c1\" data-element_type=\"column\" data-e-type=\"column\">\n\t\t\t<div class=\"elementor-widget-wrap elementor-element-populated\">\n\t\t\t\t\t\t<div class=\"elementor-element elementor-element-000b3c7 elementor-widget elementor-widget-heading\" data-id=\"000b3c7\" data-element_type=\"widget\" data-e-type=\"widget\" data-widget_type=\"heading.default\">\n\t\t\t\t<div class=\"elementor-widget-container\">\n\t\t\t\t\t<h2 class=\"elementor-heading-title elementor-size-default\">Impressum<\/h2>\t\t\t\t<\/div>\n\t\t\t\t<\/div>\n\t\t\t\t<div class=\"elementor-element elementor-element-69ebc95 elementor-widget__width-initial elementor-widget elementor-widget-text-editor\" data-id=\"69ebc95\" data-element_type=\"widget\" data-e-type=\"widget\" data-widget_type=\"text-editor.default\">\n\t\t\t\t<div class=\"elementor-widget-container\">\n\t\t\t\t\t\t\t\t\t<p>Boinx \uc18c\ud504\ud2b8\uc6e8\uc5b4 \uc778\ud130\ub0b4\uc154\ub110 GmbH<br \/>Industriestr. 9<br \/>82110 \ubc1c\uc544<br \/>\ub3c5\uc77c<\/p><p><strong><br \/>\ubb34\uc5ed \ub4f1\ub85d\ubd80 \/ \ud578\ub4dc\uc5d8\uc2a4 \ub808\uc9c0\uc2a4\ud130<\/strong><br \/>\ubb8c\ud5e8 \ub4f1\ub85d \ubc95\uc6d0, HRB 247307<br \/>\ucd5c\uace0 \uacbd\uc601\uc790(CEO): \uc62c\ub9ac\ubc84 \ube0c\ub77c\uc774\ub374\ubc14\ud750<\/p><p><strong><br \/>\uc800\uc791\uad8c <br \/><\/strong>\uc774 \uc0ac\uc774\ud2b8\uc758 \ubaa8\ub4e0 \uc790\ub8cc\ub294 Boinx Software International GmbH\uc758 \uc800\uc791\uad8c\uc785\ub2c8\ub2e4.<br \/>\ubaa8\ub4e0 \uad8c\ub9ac \ubcf4\uc720.<br \/><strong><br \/>\uc0c1\ud45c<\/strong><\/p><p>Boinx \uc18c\ud504\ud2b8\uc6e8\uc5b4 \ubc0f Boinx \uc18c\ud504\ud2b8\uc6e8\uc5b4 \ub85c\uace0\ub294 Boinx \uc18c\ud504\ud2b8\uc6e8\uc5b4 \uc778\ud130\ub0b4\uc154\ub110 GmbH\uc758 \uc0c1\ud45c\uc785\ub2c8\ub2e4. Mac \ubc0f Mac \ub85c\uace0\ub294 \ubbf8\uad6d \ubc0f \uae30\ud0c0 \uad6d\uac00\uc5d0\uc11c \ub4f1\ub85d\ub418\uc5b4 \uc788\ub294 Apple Computer, Inc.\uc758 \uc0c1\ud45c\uc785\ub2c8\ub2e4. Apple \ubc0f Apple \ub85c\uace0\ub294 \ubbf8\uad6d \ubc0f \uae30\ud0c0 \uad6d\uac00\uc5d0\uc11c \ub4f1\ub85d\ub41c Apple Computer, Inc.\uc758 \uc0c1\ud45c\uc774\uba70 \ud5c8\uac00\ub97c \ubc1b\uc544 \uc0ac\uc6a9\ub418\uc5c8\uc2b5\ub2c8\ub2e4.<\/p>\t\t\t\t\t\t\t\t<\/div>\n\t\t\t\t<\/div>\n\t\t\t\t\t<\/div>\n\t\t<\/div>\n\t\t\t\t\t<\/div>\n\t\t<\/section>\n\t\t\t\t<section class=\"elementor-section elementor-top-section elementor-element elementor-element-3258ffd elementor-section-boxed elementor-section-height-default elementor-section-height-default\" data-id=\"3258ffd\" data-element_type=\"section\" data-e-type=\"section\">\n\t\t\t\t\t\t<div class=\"elementor-container elementor-column-gap-default\">\n\t\t\t\t\t<div class=\"elementor-column elementor-col-100 elementor-top-column elementor-element elementor-element-93df00c\" data-id=\"93df00c\" data-element_type=\"column\" data-e-type=\"column\">\n\t\t\t<div class=\"elementor-widget-wrap elementor-element-populated\">\n\t\t\t\t\t\t<div class=\"elementor-element elementor-element-8823151 elementor-widget elementor-widget-heading\" data-id=\"8823151\" data-element_type=\"widget\" data-e-type=\"widget\" data-widget_type=\"heading.default\">\n\t\t\t\t<div class=\"elementor-widget-container\">\n\t\t\t\t\t<h4 class=\"elementor-heading-title elementor-size-default\">\ub9c8\ucf00\ud305 \ubc0f \ucee8\uc149<\/h4>\t\t\t\t<\/div>\n\t\t\t\t<\/div>\n\t\t\t\t<div class=\"elementor-element elementor-element-cb3b6c2 elementor-position-inline-start elementor-view-default elementor-mobile-position-block-start elementor-widget elementor-widget-icon-box\" data-id=\"cb3b6c2\" data-element_type=\"widget\" data-e-type=\"widget\" data-widget_type=\"icon-box.default\">\n\t\t\t\t<div class=\"elementor-widget-container\">\n\t\t\t\t\t\t\t<div class=\"elementor-icon-box-wrapper\">\n\n\t\t\t\t\t\t<div class=\"elementor-icon-box-icon\">\n\t\t\t\t<a href=\"https:\/\/klartext-tacheles.de\" class=\"elementor-icon\" tabindex=\"-1\" aria-label=\"\uc804\ub7b5 \ubc0f \ub9c8\ucf00\ud305\" target=\"_blank\" rel=\"noopener\">\n\t\t\t\t<svg aria-hidden=\"true\" class=\"e-font-icon-svg e-far-lightbulb\" viewbox=\"0 0 352 512\" xmlns=\"http:\/\/www.w3.org\/2000\/svg\"><path d=\"M176 80c-52.94 0-96 43.06-96 96 0 8.84 7.16 16 16 16s16-7.16 16-16c0-35.3 28.72-64 64-64 8.84 0 16-7.16 16-16s-7.16-16-16-16zM96.06 459.17c0 3.15.93 6.22 2.68 8.84l24.51 36.84c2.97 4.46 7.97 7.14 13.32 7.14h78.85c5.36 0 10.36-2.68 13.32-7.14l24.51-36.84c1.74-2.62 2.67-5.7 2.68-8.84l.05-43.18H96.02l.04 43.18zM176 0C73.72 0 0 82.97 0 176c0 44.37 16.45 84.85 43.56 115.78 16.64 18.99 42.74 58.8 52.42 92.16v.06h48v-.12c-.01-4.77-.72-9.51-2.15-14.07-5.59-17.81-22.82-64.77-62.17-109.67-20.54-23.43-31.52-53.15-31.61-84.14-.2-73.64 59.67-128 127.95-128 70.58 0 128 57.42 128 128 0 30.97-11.24 60.85-31.65 84.14-39.11 44.61-56.42 91.47-62.1 109.46a47.507 47.507 0 0 0-2.22 14.3v.1h48v-.05c9.68-33.37 35.78-73.18 52.42-92.16C335.55 260.85 352 220.37 352 176 352 78.8 273.2 0 176 0z\"><\/path><\/svg>\t\t\t\t<\/a>\n\t\t\t<\/div>\n\t\t\t\n\t\t\t\t\t\t<div class=\"elementor-icon-box-content\">\n\n\t\t\t\t\t\t\t\t\t<h4 class=\"elementor-icon-box-title\">\n\t\t\t\t\t\t<a href=\"https:\/\/klartext-tacheles.de\" target=\"_blank\" rel=\"noopener\">\n\t\t\t\t\t\t\t\uc804\ub7b5 \ubc0f \ub9c8\ucf00\ud305\t\t\t\t\t\t<\/a>\n\t\t\t\t\t<\/h4>\n\t\t\t\t\n\t\t\t\t\t\t\t\t\t<p class=\"elementor-icon-box-description\">\n\t\t\t\t\t\tklartext-tacheles.de\t\t\t\t\t<\/p>\n\t\t\t\t\n\t\t\t<\/div>\n\t\t\t\n\t\t<\/div>\n\t\t\t\t\t\t<\/div>\n\t\t\t\t<\/div>\n\t\t\t\t<div class=\"elementor-element elementor-element-3a8eb89 elementor-widget elementor-widget-heading\" data-id=\"3a8eb89\" data-element_type=\"widget\" data-e-type=\"widget\" data-widget_type=\"heading.default\">\n\t\t\t\t<div class=\"elementor-widget-container\">\n\t\t\t\t\t<h5 class=\"elementor-heading-title elementor-size-default\">\uae30\uc220 \uc194\ub8e8\uc158 <\/h5>\t\t\t\t<\/div>\n\t\t\t\t<\/div>\n\t\t\t\t<div class=\"elementor-element elementor-element-1c2af17 elementor-position-inline-start elementor-view-default elementor-mobile-position-block-start elementor-widget elementor-widget-icon-box\" data-id=\"1c2af17\" data-element_type=\"widget\" data-e-type=\"widget\" data-widget_type=\"icon-box.default\">\n\t\t\t\t<div class=\"elementor-widget-container\">\n\t\t\t\t\t\t\t<div class=\"elementor-icon-box-wrapper\">\n\n\t\t\t\t\t\t<div class=\"elementor-icon-box-icon\">\n\t\t\t\t<a href=\"https:\/\/viatordigital.com\" class=\"elementor-icon\" tabindex=\"-1\" aria-label=\"Viator \ub514\uc9c0\ud138 \uc194\ub8e8\uc158 \" target=\"_blank\" rel=\"noopener\">\n\t\t\t\t<svg aria-hidden=\"true\" class=\"e-font-icon-svg e-fas-map-marker-alt\" viewbox=\"0 0 384 512\" xmlns=\"http:\/\/www.w3.org\/2000\/svg\"><path d=\"M172.268 501.67C26.97 291.031 0 269.413 0 192 0 85.961 85.961 0 192 0s192 85.961 192 192c0 77.413-26.97 99.031-172.268 309.67-9.535 13.774-29.93 13.773-39.464 0zM192 272c44.183 0 80-35.817 80-80s-35.817-80-80-80-80 35.817-80 80 35.817 80 80 80z\"><\/path><\/svg>\t\t\t\t<\/a>\n\t\t\t<\/div>\n\t\t\t\n\t\t\t\t\t\t<div class=\"elementor-icon-box-content\">\n\n\t\t\t\t\t\t\t\t\t<h4 class=\"elementor-icon-box-title\">\n\t\t\t\t\t\t<a href=\"https:\/\/viatordigital.com\" target=\"_blank\" rel=\"noopener\">\n\t\t\t\t\t\t\tViator \ub514\uc9c0\ud138 \uc194\ub8e8\uc158 \t\t\t\t\t\t<\/a>\n\t\t\t\t\t<\/h4>\n\t\t\t\t\n\t\t\t\t\t\t\t\t\t<p class=\"elementor-icon-box-description\">\n\t\t\t\t\t\t\ud504\ub77c\uc774\ubd80\ub974\ud06c \uc784 \ube0c\ub808\uc774\uc2a4\uac00\uc6b0\uc758 \uc6f9\ub514\uc790\uc778 \ubc0f \uc628\ub77c\uc778 \ub9c8\ucf00\ud305\t\t\t\t\t<\/p>\n\t\t\t\t\n\t\t\t<\/div>\n\t\t\t\n\t\t<\/div>\n\t\t\t\t\t\t<\/div>\n\t\t\t\t<\/div>\n\t\t\t\t<div class=\"elementor-element elementor-element-60c0ef0 elementor-widget elementor-widget-heading\" data-id=\"60c0ef0\" data-element_type=\"widget\" data-e-type=\"widget\" data-widget_type=\"heading.default\">\n\t\t\t\t<div class=\"elementor-widget-container\">\n\t\t\t\t\t<h5 class=\"elementor-heading-title elementor-size-default\">\ub514\uc790\uc778<\/h5>\t\t\t\t<\/div>\n\t\t\t\t<\/div>\n\t\t\t\t<div class=\"elementor-element elementor-element-fddd186 elementor-position-inline-start elementor-view-default elementor-mobile-position-block-start elementor-widget elementor-widget-icon-box\" data-id=\"fddd186\" data-element_type=\"widget\" data-e-type=\"widget\" data-widget_type=\"icon-box.default\">\n\t\t\t\t<div class=\"elementor-widget-container\">\n\t\t\t\t\t\t\t<div class=\"elementor-icon-box-wrapper\">\n\n\t\t\t\t\t\t<div class=\"elementor-icon-box-icon\">\n\t\t\t\t<a href=\"http:\/\/petriografie.de\" class=\"elementor-icon\" tabindex=\"-1\" aria-label=\"\ud53c\ud130 \uc288\ub85c\uc2a4\ub2c8\ucf08\" target=\"_blank\" rel=\"noopener\">\n\t\t\t\t<svg aria-hidden=\"true\" class=\"e-font-icon-svg e-fas-paint-brush\" viewbox=\"0 0 512 512\" xmlns=\"http:\/\/www.w3.org\/2000\/svg\"><path d=\"M167.02 309.34c-40.12 2.58-76.53 17.86-97.19 72.3-2.35 6.21-8 9.98-14.59 9.98-11.11 0-45.46-27.67-55.25-34.35C0 439.62 37.93 512 128 512c75.86 0 128-43.77 128-120.19 0-3.11-.65-6.08-.97-9.13l-88.01-73.34zM457.89 0c-15.16 0-29.37 6.71-40.21 16.45C213.27 199.05 192 203.34 192 257.09c0 13.7 3.25 26.76 8.73 38.7l63.82 53.18c7.21 1.8 14.64 3.03 22.39 3.03 62.11 0 98.11-45.47 211.16-256.46 7.38-14.35 13.9-29.85 13.9-45.99C512 20.64 486 0 457.89 0z\"><\/path><\/svg>\t\t\t\t<\/a>\n\t\t\t<\/div>\n\t\t\t\n\t\t\t\t\t\t<div class=\"elementor-icon-box-content\">\n\n\t\t\t\t\t\t\t\t\t<h4 class=\"elementor-icon-box-title\">\n\t\t\t\t\t\t<a href=\"http:\/\/petriografie.de\" target=\"_blank\" rel=\"noopener\">\n\t\t\t\t\t\t\t\ud53c\ud130 \uc288\ub85c\uc2a4\ub2c8\ucf08\t\t\t\t\t\t<\/a>\n\t\t\t\t\t<\/h4>\n\t\t\t\t\n\t\t\t\t\t\t\t\t\t<p class=\"elementor-icon-box-description\">\n\t\t\t\t\t\t\uc6f9 \ub514\uc790\uc778\t\t\t\t\t<\/p>\n\t\t\t\t\n\t\t\t<\/div>\n\t\t\t\n\t\t<\/div>\n\t\t\t\t\t\t<\/div>\n\t\t\t\t<\/div>\n\t\t\t\t\t<\/div>\n\t\t<\/div>\n\t\t\t\t\t<\/div>\n\t\t<\/section>\n\t\t\t\t<\/div>","protected":false},"excerpt":{"rendered":"<p>Boinx Software International GmbHIndustriestr. 982110 GermeringGermany Trade Register \/ HandelsregisterRegistergericht M\u00fcnchen, HRB 247307Gesch\u00e4ftsf\u00fchrer (CEO): Oliver Breidenbach Copyright All material on this site is Copyright \u00a9\u00a0 by Boinx Software International GmbH.All rights reserved.Trademarks Boinx Software and the Boinx Software Logo are trademarks of Boinx Software International GmbH. Mac and the Mac logo are trademarks of Apple [&hellip;]<\/p>","protected":false},"author":1,"featured_media":0,"parent":11936,"menu_order":0,"comment_status":"closed","ping_status":"closed","template":"elementor_header_footer","meta":{"_acf_changed":false,"_lmt_disableupdate":"","_lmt_disable":"","footnotes":""},"class_list":["post-9994","page","type-page","status-publish","hentry"],"acf":[],"_links":{"self":[{"href":"https:\/\/mimolive.com\/ko\/wp-json\/wp\/v2\/pages\/9994","targetHints":{"allow":["GET"]}}],"collection":[{"href":"https:\/\/mimolive.com\/ko\/wp-json\/wp\/v2\/pages"}],"about":[{"href":"https:\/\/mimolive.com\/ko\/wp-json\/wp\/v2\/types\/page"}],"author":[{"embeddable":true,"href":"https:\/\/mimolive.com\/ko\/wp-json\/wp\/v2\/users\/1"}],"replies":[{"embeddable":true,"href":"https:\/\/mimolive.com\/ko\/wp-json\/wp\/v2\/comments?post=9994"}],"version-history":[{"count":6,"href":"https:\/\/mimolive.com\/ko\/wp-json\/wp\/v2\/pages\/9994\/revisions"}],"predecessor-version":[{"id":41020,"href":"https:\/\/mimolive.com\/ko\/wp-json\/wp\/v2\/pages\/9994\/revisions\/41020"}],"up":[{"embeddable":true,"href":"https:\/\/mimolive.com\/ko\/wp-json\/wp\/v2\/pages\/11936"}],"wp:attachment":[{"href":"https:\/\/mimolive.com\/ko\/wp-json\/wp\/v2\/media?parent=9994"}],"curies":[{"name":"wp","href":"https:\/\/api.w.org\/{rel}","templated":true}]}}