{"id":12221,"date":"2020-12-02T15:38:24","date_gmt":"2020-12-02T14:38:24","guid":{"rendered":"https:\/\/mimolive.com\/?page_id=12221"},"modified":"2024-03-21T19:11:20","modified_gmt":"2024-03-21T18:11:20","slug":"transmita-concertos-e-eventos-em-palco","status":"publish","type":"page","link":"https:\/\/mimolive.com\/pt\/solutions\/stream-concerts-and-on-stage-events\/","title":{"rendered":"Streaming Software para Concertos e Eventos no Palco"},"content":{"rendered":"<div data-elementor-type=\"wp-page\" data-elementor-id=\"12221\" class=\"elementor elementor-12221\" data-elementor-post-type=\"page\">\n\t\t\t\t<div class=\"elementor-element elementor-element-849343b no-lazy-load e-flex e-con-boxed e-con e-parent\" data-id=\"849343b\" data-element_type=\"container\" data-e-type=\"container\" data-settings=\"{&quot;background_background&quot;:&quot;video&quot;,&quot;background_video_link&quot;:&quot;https:\\\/\\\/mimolive.com\\\/wp-content\\\/uploads\\\/2021\\\/03\\\/klan-silent-background-mimolive.mp4&quot;,&quot;background_play_on_mobile&quot;:&quot;yes&quot;}\">\n\t\t\t\t\t<div class=\"e-con-inner\">\n\t\t<div class=\"elementor-background-video-container\">\n\t\t\t\t\t\t\t<video class=\"elementor-background-video-hosted\" role=\"presentation\" autoplay muted playsinline loop><\/video>\n\t\t\t\t\t<\/div>\t\t<div class=\"elementor-element elementor-element-f942ec5 elementor-align-center cta-free-trial elementor-widget-mobile__width-inherit elementor-widget elementor-widget-global elementor-global-27288 elementor-widget-button\" data-id=\"f942ec5\" data-element_type=\"widget\" data-e-type=\"widget\" data-widget_type=\"button.default\">\n\t\t\t\t<div class=\"elementor-widget-container\">\n\t\t\t\t\t\t\t\t\t<div class=\"elementor-button-wrapper\">\n\t\t\t\t\t<a class=\"elementor-button elementor-button-link elementor-size-md\" href=\"https:\/\/mimolive.com\/pt\/descarregar\/teste-gratuito\/\">\n\t\t\t\t\t\t<span class=\"elementor-button-content-wrapper\">\n\t\t\t\t\t\t\t\t\t<span class=\"elementor-button-text\">   Iniciar o teste gratuito<\/span>\n\t\t\t\t\t<\/span>\n\t\t\t\t\t<\/a>\n\t\t\t\t<\/div>\n\t\t\t\t\t\t\t\t<\/div>\n\t\t\t\t<\/div>\n\t\t\t\t\t<\/div>\n\t\t\t\t<\/div>\n\t\t<div class=\"elementor-element elementor-element-992ebae e-flex e-con-boxed e-con e-parent\" data-id=\"992ebae\" data-element_type=\"container\" data-e-type=\"container\">\n\t\t\t\t\t<div class=\"e-con-inner\">\n\t\t<div class=\"elementor-element elementor-element-b6c617a e-con-full e-flex e-con e-child\" data-id=\"b6c617a\" data-element_type=\"container\" data-e-type=\"container\">\n\t\t\t\t<div class=\"elementor-element elementor-element-870f475 elementor-widget elementor-widget-heading\" data-id=\"870f475\" data-element_type=\"widget\" data-e-type=\"widget\" data-widget_type=\"heading.default\">\n\t\t\t\t<div class=\"elementor-widget-container\">\n\t\t\t\t\t<h2 class=\"elementor-heading-title elementor-size-default\">Transmiss\u00e3o de eventos e concertos facilmente<\/h2>\t\t\t\t<\/div>\n\t\t\t\t<\/div>\n\t\t\t\t<div class=\"elementor-element elementor-element-0205226 elementor-widget elementor-widget-text-editor\" data-id=\"0205226\" data-element_type=\"widget\" data-e-type=\"widget\" data-widget_type=\"text-editor.default\">\n\t\t\t\t<div class=\"elementor-widget-container\">\n\t\t\t\t\t\t\t\t\t<h4>O parceiro perfeito para qualquer evento<\/h4><p>Bem-vindo \u00e0 derradeira solu\u00e7\u00e3o de streaming de concertos - mimoLive\u00ae. Quer seja um concerto musical, um espect\u00e1culo de stand-up comedy, um an\u00fancio da empresa, ou o lan\u00e7amento de um produto online, mimoLive\u2122 \u00e9 o parceiro perfeito de transmiss\u00e3o para qualquer tipo de evento no palco.<\/p><h4>Produ\u00e7\u00e3o f\u00e1cil de programas ao vivo com qualidade de TV<\/h4><p><span style=\"font-family: -apple-system, BlinkMacSystemFont, 'Segoe UI', Roboto, 'Helvetica Neue', Arial, 'Noto Sans', sans-serif, 'Apple Color Emoji', 'Segoe UI Emoji', 'Segoe UI Symbol', 'Noto Color Emoji'; letter-spacing: 0px;\">Com uma configura\u00e7\u00e3o leve e uma pequena equipa, pode facilmente produzir, gravar e transmitir programas ao vivo em qualidade de televis\u00e3o a partir de qualquer parte do mundo. Al\u00e9m disso, com codifica\u00e7\u00e3o directa, o seu p\u00fablico pode desfrutar de uma experi\u00eancia de visualiza\u00e7\u00e3o excepcional a partir de qualquer parte do mundo.<\/span><\/p><h4>Qualidade profissional de qualidade de televis\u00e3o<\/h4><p>mimoLive\u2122 segue as normas da TV, o que garante que as suas transmiss\u00f5es de concertos ao vivo ser\u00e3o profissionais e da mais alta qualidade. Veja as hist\u00f3rias dos nossos clientes para ver como mimoLive\u2122 os tem ajudado a produzir v\u00eddeos surpreendentes ao vivo para o seu p\u00fablico.<\/p><h4>Difus\u00e3o facilitada - Em qualquer lugar, a qualquer hora<\/h4><p>A nossa plataforma de f\u00e1cil utiliza\u00e7\u00e3o permite-lhe criar fluxos de concertos ao vivo visualmente deslumbrantes, permitindo-lhe cativar e envolver-se com os seus espectadores como nunca antes.<\/p><p>Quer esteja a transmitir um <a href=\"https:\/\/mimolive.com\/pt\/como-fazer-livestream-a-partir-de-locais-remotos\/\">evento de corrida de c\u00e3es de tren\u00f3 do Alasca<\/a> ou a transmitir um concerto de m\u00fasica ao vivo para uma banda rec\u00e9m-chegada, o mimoLive tem-no protegido.<\/p><p>\u00a0<\/p><p>Pronto para come\u00e7ar com a sua pr\u00f3pria produ\u00e7\u00e3o ao vivo? Veja a nossa visita aos bastidores e leia mais detalhes sobre o nosso processo de produ\u00e7\u00e3o no nosso <a href=\"https:\/\/mimolive.com\/pt\/academia\/historias-de-transmissao-em-direto\/\">blogue<\/a>.<\/p><p><span style=\"font-family: -apple-system, BlinkMacSystemFont, 'Segoe UI', Roboto, 'Helvetica Neue', Arial, 'Noto Sans', sans-serif, 'Apple Color Emoji', 'Segoe UI Emoji', 'Segoe UI Symbol', 'Noto Color Emoji'; letter-spacing: 0px;\">\u00a0<\/span><\/p>\t\t\t\t\t\t\t\t<\/div>\n\t\t\t\t<\/div>\n\t\t\t\t<div class=\"elementor-element elementor-element-c13d401 elementor-icon-list--layout-traditional elementor-list-item-link-full_width elementor-widget elementor-widget-icon-list\" data-id=\"c13d401\" data-element_type=\"widget\" data-e-type=\"widget\" data-widget_type=\"icon-list.default\">\n\t\t\t\t<div class=\"elementor-widget-container\">\n\t\t\t\t\t\t\t<ul class=\"elementor-icon-list-items\">\n\t\t\t\t\t\t\t<li class=\"elementor-icon-list-item\">\n\t\t\t\t\t\t\t\t\t\t\t<span class=\"elementor-icon-list-icon\">\n\t\t\t\t\t\t\t<svg aria-hidden=\"true\" class=\"e-font-icon-svg e-fas-plus-circle\" viewbox=\"0 0 512 512\" xmlns=\"http:\/\/www.w3.org\/2000\/svg\"><path d=\"M256 8C119 8 8 119 8 256s111 248 248 248 248-111 248-248S393 8 256 8zm144 276c0 6.6-5.4 12-12 12h-92v92c0 6.6-5.4 12-12 12h-56c-6.6 0-12-5.4-12-12v-92h-92c-6.6 0-12-5.4-12-12v-56c0-6.6 5.4-12 12-12h92v-92c0-6.6 5.4-12 12-12h56c6.6 0 12 5.4 12 12v92h92c6.6 0 12 5.4 12 12v56z\"><\/path><\/svg>\t\t\t\t\t\t<\/span>\n\t\t\t\t\t\t\t\t\t\t<span class=\"elementor-icon-list-text\">Eventos no palco<\/span>\n\t\t\t\t\t\t\t\t\t<\/li>\n\t\t\t\t\t\t\t\t<li class=\"elementor-icon-list-item\">\n\t\t\t\t\t\t\t\t\t\t\t<span class=\"elementor-icon-list-icon\">\n\t\t\t\t\t\t\t<svg aria-hidden=\"true\" class=\"e-font-icon-svg e-fas-plus-circle\" viewbox=\"0 0 512 512\" xmlns=\"http:\/\/www.w3.org\/2000\/svg\"><path d=\"M256 8C119 8 8 119 8 256s111 248 248 248 248-111 248-248S393 8 256 8zm144 276c0 6.6-5.4 12-12 12h-92v92c0 6.6-5.4 12-12 12h-56c-6.6 0-12-5.4-12-12v-92h-92c-6.6 0-12-5.4-12-12v-56c0-6.6 5.4-12 12-12h92v-92c0-6.6 5.4-12 12-12h56c6.6 0 12 5.4 12 12v92h92c6.6 0 12 5.4 12 12v56z\"><\/path><\/svg>\t\t\t\t\t\t<\/span>\n\t\t\t\t\t\t\t\t\t\t<span class=\"elementor-icon-list-text\">M\u00fasica, concertos, stand-up comedy <\/span>\n\t\t\t\t\t\t\t\t\t<\/li>\n\t\t\t\t\t\t\t\t<li class=\"elementor-icon-list-item\">\n\t\t\t\t\t\t\t\t\t\t\t<span class=\"elementor-icon-list-icon\">\n\t\t\t\t\t\t\t<svg aria-hidden=\"true\" class=\"e-font-icon-svg e-fas-plus-circle\" viewbox=\"0 0 512 512\" xmlns=\"http:\/\/www.w3.org\/2000\/svg\"><path d=\"M256 8C119 8 8 119 8 256s111 248 248 248 248-111 248-248S393 8 256 8zm144 276c0 6.6-5.4 12-12 12h-92v92c0 6.6-5.4 12-12 12h-56c-6.6 0-12-5.4-12-12v-92h-92c-6.6 0-12-5.4-12-12v-56c0-6.6 5.4-12 12-12h92v-92c0-6.6 5.4-12 12-12h56c6.6 0 12 5.4 12 12v92h92c6.6 0 12 5.4 12 12v56z\"><\/path><\/svg>\t\t\t\t\t\t<\/span>\n\t\t\t\t\t\t\t\t\t\t<span class=\"elementor-icon-list-text\">An\u00fancios da empresa<\/span>\n\t\t\t\t\t\t\t\t\t<\/li>\n\t\t\t\t\t\t\t\t<li class=\"elementor-icon-list-item\">\n\t\t\t\t\t\t\t\t\t\t\t<span class=\"elementor-icon-list-icon\">\n\t\t\t\t\t\t\t<svg aria-hidden=\"true\" class=\"e-font-icon-svg e-fas-plus-circle\" viewbox=\"0 0 512 512\" xmlns=\"http:\/\/www.w3.org\/2000\/svg\"><path d=\"M256 8C119 8 8 119 8 256s111 248 248 248 248-111 248-248S393 8 256 8zm144 276c0 6.6-5.4 12-12 12h-92v92c0 6.6-5.4 12-12 12h-56c-6.6 0-12-5.4-12-12v-92h-92c-6.6 0-12-5.4-12-12v-56c0-6.6 5.4-12 12-12h92v-92c0-6.6 5.4-12 12-12h56c6.6 0 12 5.4 12 12v92h92c6.6 0 12 5.4 12 12v56z\"><\/path><\/svg>\t\t\t\t\t\t<\/span>\n\t\t\t\t\t\t\t\t\t\t<span class=\"elementor-icon-list-text\">Lan\u00e7amentos de produtos online<\/span>\n\t\t\t\t\t\t\t\t\t<\/li>\n\t\t\t\t\t\t\t\t<li class=\"elementor-icon-list-item\">\n\t\t\t\t\t\t\t\t\t\t\t<span class=\"elementor-icon-list-icon\">\n\t\t\t\t\t\t\t<svg aria-hidden=\"true\" class=\"e-font-icon-svg e-fas-plus-circle\" viewbox=\"0 0 512 512\" xmlns=\"http:\/\/www.w3.org\/2000\/svg\"><path d=\"M256 8C119 8 8 119 8 256s111 248 248 248 248-111 248-248S393 8 256 8zm144 276c0 6.6-5.4 12-12 12h-92v92c0 6.6-5.4 12-12 12h-56c-6.6 0-12-5.4-12-12v-92h-92c-6.6 0-12-5.4-12-12v-56c0-6.6 5.4-12 12-12h92v-92c0-6.6 5.4-12 12-12h56c6.6 0 12 5.4 12 12v92h92c6.6 0 12 5.4 12 12v56z\"><\/path><\/svg>\t\t\t\t\t\t<\/span>\n\t\t\t\t\t\t\t\t\t\t<span class=\"elementor-icon-list-text\">Siga os padr\u00f5es de TV<\/span>\n\t\t\t\t\t\t\t\t\t<\/li>\n\t\t\t\t\t\t<\/ul>\n\t\t\t\t\t\t<\/div>\n\t\t\t\t<\/div>\n\t\t\t\t<div class=\"elementor-element elementor-element-06bbf9f elementor-widget elementor-widget-heading\" data-id=\"06bbf9f\" data-element_type=\"widget\" data-e-type=\"widget\" data-widget_type=\"heading.default\">\n\t\t\t\t<div class=\"elementor-widget-container\">\n\t\t\t\t\t<h3 class=\"elementor-heading-title elementor-size-default\">Hist\u00f3rias dos nossos clientes\n\n<\/h3>\t\t\t\t<\/div>\n\t\t\t\t<\/div>\n\t\t\t\t<div class=\"elementor-element elementor-element-0d9a7fe elementor-widget elementor-widget-text-editor\" data-id=\"0d9a7fe\" data-element_type=\"widget\" data-e-type=\"widget\" data-widget_type=\"text-editor.default\">\n\t\t\t\t<div class=\"elementor-widget-container\">\n\t\t\t\t\t\t\t\t\t<ul><li><a href=\"https:\/\/mimolive.com\/pt\/transmissao-em-direto-de-um-concerto-com-a-mimolive\/\">Como transmitir ao vivo um concerto?<\/a><\/li><li><a href=\"https:\/\/mimolive.com\/pt\/como-fazer-livestream-a-partir-de-locais-remotos\/\">Transmita um Sled Dog Racing durante o Inverno a partir do Alasca, EUA<\/a><\/li><\/ul>\t\t\t\t\t\t\t\t<\/div>\n\t\t\t\t<\/div>\n\t\t\t\t<\/div>\n\t\t\t\t\t<\/div>\n\t\t\t\t<\/div>\n\t\t<div class=\"elementor-element elementor-element-80bad6a e-flex e-con-boxed e-con e-parent\" data-id=\"80bad6a\" data-element_type=\"container\" data-e-type=\"container\">\n\t\t\t\t\t<div class=\"e-con-inner\">\n\t\t<div class=\"elementor-element elementor-element-d9d1a5c e-con-full e-flex e-con e-child\" data-id=\"d9d1a5c\" data-element_type=\"container\" data-e-type=\"container\">\n\t\t\t\t<div class=\"elementor-element elementor-element-b764dbd elementor-widget elementor-widget-heading\" data-id=\"b764dbd\" data-element_type=\"widget\" data-e-type=\"widget\" data-widget_type=\"heading.default\">\n\t\t\t\t<div class=\"elementor-widget-container\">\n\t\t\t\t\t<h3 class=\"elementor-heading-title elementor-size-default\">Volta aos Bastidores de uma Produ\u00e7\u00e3o de Fluxo Vivo<\/h3>\t\t\t\t<\/div>\n\t\t\t\t<\/div>\n\t\t\t\t<div class=\"elementor-element elementor-element-dd0f7b6 elementor-widget elementor-widget-text-editor\" data-id=\"dd0f7b6\" data-element_type=\"widget\" data-e-type=\"widget\" data-widget_type=\"text-editor.default\">\n\t\t\t\t<div class=\"elementor-widget-container\">\n\t\t\t\t\t\t\t\t\t<p>Ben Hammer, do colectivo de artistas de col\u00f3nia Chips &amp; Champagner, juntou-se ao nosso\u00a0<span style=\"color: var( --e-global-color-text ); letter-spacing: 0px; background-color: var( --e-global-color-87ac5fd );\">Chefe de Marketing, Steffen Skopp,<\/span><span style=\"color: var( --e-global-color-text ); letter-spacing: 0px; background-color: var( --e-global-color-87ac5fd );\">\u00a0<\/span><span style=\"color: var( --e-global-color-text ); letter-spacing: 0px; background-color: var( --e-global-color-87ac5fd );\">para criar uma transmiss\u00e3o ao vivo para uma banda de m\u00fasica alem\u00e3\u00a0<\/span><a style=\"letter-spacing: normal;\" href=\"https:\/\/klanmusik.de\/\" target=\"_blank\" rel=\"noopener\">KLAN<\/a><span style=\"background-color: var( --e-global-color-87ac5fd ); color: var( --e-global-color-text ); letter-spacing: 0px;\">. A ideia era criar um fluxo de concertos profissionais ao vivo durante um pequeno concerto do tamanho de um clube. <\/span><span style=\"background-color: var( --e-global-color-87ac5fd ); color: var( --e-global-color-text ); letter-spacing: 0px;\">O concerto estava programado para ter lugar durante a Col\u00f3nia <a href=\"https:\/\/c-o-pop.de\/festival\/\" target=\"_blank\" rel=\"noopener\">festival co\/pop<\/a>.<\/span><\/p><p>Veja a nossa visita aos bastidores de uma produ\u00e7\u00e3o em directo e leia mais detalhes sobre a produ\u00e7\u00e3o no seu blogue.\u00a0<\/p><p>Se \u00e9 um KLAN FAN - por favor, assista a todo o\u00a0<a href=\"https:\/\/youtu.be\/BxHihYTyLoM?t=1010\" target=\"_blank\" rel=\"noopener\">transmiss\u00e3o ao vivo na p\u00e1gina do Youtube do KLAN<\/a>.<\/p>\t\t\t\t\t\t\t\t<\/div>\n\t\t\t\t<\/div>\n\t\t\t\t<div class=\"elementor-element elementor-element-258e629 elementor-widget elementor-widget-image\" data-id=\"258e629\" data-element_type=\"widget\" data-e-type=\"widget\" data-widget_type=\"image.default\">\n\t\t\t\t<div class=\"elementor-widget-container\">\n\t\t\t\t\t\t\t\t\t\t\t\t\t\t\t\t<a href=\"https:\/\/mimolive.com\/pt\/transmissao-em-direto-de-um-concerto-com-a-mimolive\/\">\n\t\t\t\t\t\t\t<img fetchpriority=\"high\" decoding=\"async\" width=\"768\" height=\"433\" src=\"https:\/\/mimolive.com\/wp-content\/uploads\/2021\/07\/luis-morera-stage-768x433.jpg\" class=\"attachment-medium_large size-medium_large wp-image-22793\" alt=\"Operador de c\u00e2mara de est\u00fadio\" srcset=\"https:\/\/mimolive.com\/wp-content\/uploads\/2021\/07\/luis-morera-stage-768x433.jpg 768w,  https:\/\/mimolive.com\/wp-content\/uploads\/2021\/07\/luis-morera-stage-300x169.jpg 300w,  https:\/\/mimolive.com\/wp-content\/uploads\/2021\/07\/luis-morera-stage-1024x577.jpg 1024w,  https:\/\/mimolive.com\/wp-content\/uploads\/2021\/07\/luis-morera-stage-1536x866.jpg 1536w,  https:\/\/mimolive.com\/wp-content\/uploads\/2021\/07\/luis-morera-stage.jpg 1600w\" sizes=\"(max-width: 768px) 100vw, 768px\" \/>\t\t\t\t\t\t\t\t<\/a>\n\t\t\t\t\t\t\t\t\t\t\t\t\t\t\t<\/div>\n\t\t\t\t<\/div>\n\t\t\t\t<\/div>\n\t\t\t\t\t<\/div>\n\t\t\t\t<\/div>\n\t\t<div class=\"elementor-element elementor-element-b018009 e-flex e-con-boxed e-con e-parent\" data-id=\"b018009\" data-element_type=\"container\" data-e-type=\"container\">\n\t\t\t\t\t<div class=\"e-con-inner\">\n\t\t<div class=\"elementor-element elementor-element-d620408 e-con-full e-flex e-con e-child\" data-id=\"d620408\" data-element_type=\"container\" data-e-type=\"container\">\n\t\t\t\t<div class=\"elementor-element elementor-element-ab26399 elementor-widget elementor-widget-heading\" data-id=\"ab26399\" data-element_type=\"widget\" data-e-type=\"widget\" data-widget_type=\"heading.default\">\n\t\t\t\t<div class=\"elementor-widget-container\">\n\t\t\t\t\t<h3 class=\"elementor-heading-title elementor-size-default\">Exemplo Lista de equipamentos para uma produ\u00e7\u00e3o ao vivo:<\/h3>\t\t\t\t<\/div>\n\t\t\t\t<\/div>\n\t\t\t\t<div class=\"elementor-element elementor-element-cc10cf6 elementor-widget elementor-widget-text-editor\" data-id=\"cc10cf6\" data-element_type=\"widget\" data-e-type=\"widget\" data-widget_type=\"text-editor.default\">\n\t\t\t\t<div class=\"elementor-widget-container\">\n\t\t\t\t\t\t\t\t\t<ul style=\"list-style-type: circle;\">\n \t<li>Apple iMac Pro 10 core, 3 GHz, 64GB RAM, Radeon Pro Vega 64<\/li>\n \t<li>mimoLive\u2122, YouTube Live, Facebook Live<\/li>\n \t<li>Apple iPad como controlo remoto para mimoLive<\/li>\n \t<li>Cart\u00e3o Blackmagic Design DeckLink Duo 2 SDI<\/li>\n \t<li>Caixa de expans\u00e3o Sonnet Echo Express SE1 TB3 PCIe<\/li>\n \t<li>2x Apple iPhone 8+ mimoCall\u2122 sobre WiFi<\/li>\n \t<li>2x Lumens VC-A50PN C\u00e2mara NDI (C\u00e2maras PTZ no palco)<\/li>\n \t<li>2x C\u00e2mara Sony PXW-X70 (C\u00e2maras de ombro em frente do palco)<\/li>\n \t<li>TeraDek Bolt Pro500 - SDI Transmissor sem fios<\/li>\n \t<li>Blackmagic Micro Studio Camera (Master shot a partir das costas)<\/li>\n \t<li><span style=\"color: var( --e-global-color-text );\">Gravador Zoom H5<\/span><\/li>\n \t<li>Ubiquiti Networks 8-Port UniFi Switch<\/li>\n \t<li>FRITZ!Box 7530 ac WiFi Router<\/li>\n<\/ul>\t\t\t\t\t\t\t\t<\/div>\n\t\t\t\t<\/div>\n\t\t\t\t<\/div>\n\t\t<div class=\"elementor-element elementor-element-0e6e4ad e-con-full e-flex e-con e-child\" data-id=\"0e6e4ad\" data-element_type=\"container\" data-e-type=\"container\">\n\t\t\t\t<div class=\"elementor-element elementor-element-0dfcc99 elementor-widget elementor-widget-image\" data-id=\"0dfcc99\" data-element_type=\"widget\" data-e-type=\"widget\" data-widget_type=\"image.default\">\n\t\t\t\t<div class=\"elementor-widget-container\">\n\t\t\t\t\t\t\t\t\t\t\t\t\t\t\t<img decoding=\"async\" width=\"768\" height=\"432\" src=\"https:\/\/mimolive.com\/wp-content\/uploads\/2021\/01\/music-klan-4-768x432.jpg\" class=\"attachment-medium_large size-medium_large wp-image-14809\" alt=\"\" srcset=\"https:\/\/mimolive.com\/wp-content\/uploads\/2021\/01\/music-klan-4-768x432.jpg 768w,  https:\/\/mimolive.com\/wp-content\/uploads\/2021\/01\/music-klan-4-300x169.jpg 300w,  https:\/\/mimolive.com\/wp-content\/uploads\/2021\/01\/music-klan-4-1024x576.jpg 1024w,  https:\/\/mimolive.com\/wp-content\/uploads\/2021\/01\/music-klan-4.jpg 1200w\" sizes=\"(max-width: 768px) 100vw, 768px\">\t\t\t\t\t\t\t\t\t\t\t\t\t\t\t<\/div>\n\t\t\t\t<\/div>\n\t\t\t\t<div class=\"elementor-element elementor-element-601a18c elementor-widget elementor-widget-image\" data-id=\"601a18c\" data-element_type=\"widget\" data-e-type=\"widget\" data-widget_type=\"image.default\">\n\t\t\t\t<div class=\"elementor-widget-container\">\n\t\t\t\t\t\t\t\t\t\t\t\t\t\t\t<img decoding=\"async\" width=\"768\" height=\"432\" src=\"https:\/\/mimolive.com\/wp-content\/uploads\/2021\/01\/music-klan-768x432.jpg\" class=\"attachment-medium_large size-medium_large wp-image-14812\" alt=\"\" srcset=\"https:\/\/mimolive.com\/wp-content\/uploads\/2021\/01\/music-klan-768x432.jpg 768w,  https:\/\/mimolive.com\/wp-content\/uploads\/2021\/01\/music-klan-300x169.jpg 300w,  https:\/\/mimolive.com\/wp-content\/uploads\/2021\/01\/music-klan-1024x576.jpg 1024w,  https:\/\/mimolive.com\/wp-content\/uploads\/2021\/01\/music-klan.jpg 1200w\" sizes=\"(max-width: 768px) 100vw, 768px\">\t\t\t\t\t\t\t\t\t\t\t\t\t\t\t<\/div>\n\t\t\t\t<\/div>\n\t\t\t\t<\/div>\n\t\t\t\t\t<\/div>\n\t\t\t\t<\/div>\n\t\t<div class=\"elementor-element elementor-element-359aa99 e-flex e-con-boxed e-con e-parent\" data-id=\"359aa99\" data-element_type=\"container\" data-e-type=\"container\">\n\t\t\t\t\t<div class=\"e-con-inner\">\n\t\t<div class=\"elementor-element elementor-element-f175efd e-con-full e-flex e-con e-child\" data-id=\"f175efd\" data-element_type=\"container\" data-e-type=\"container\">\n\t\t\t\t<div class=\"elementor-element elementor-element-8c7bd76 elementor-widget elementor-widget-image\" data-id=\"8c7bd76\" data-element_type=\"widget\" data-e-type=\"widget\" data-widget_type=\"image.default\">\n\t\t\t\t<div class=\"elementor-widget-container\">\n\t\t\t\t\t\t\t\t\t\t\t\t\t\t\t<img loading=\"lazy\" decoding=\"async\" width=\"768\" height=\"432\" src=\"https:\/\/mimolive.com\/wp-content\/uploads\/2021\/01\/music-klan-3-768x432.jpg\" class=\"attachment-medium_large size-medium_large wp-image-14810\" alt=\"Transmitir concertos e eventos em palco\" srcset=\"https:\/\/mimolive.com\/wp-content\/uploads\/2021\/01\/music-klan-3-768x432.jpg 768w,  https:\/\/mimolive.com\/wp-content\/uploads\/2021\/01\/music-klan-3-300x169.jpg 300w,  https:\/\/mimolive.com\/wp-content\/uploads\/2021\/01\/music-klan-3-1024x576.jpg 1024w,  https:\/\/mimolive.com\/wp-content\/uploads\/2021\/01\/music-klan-3.jpg 1200w\" sizes=\"(max-width: 768px) 100vw, 768px\" \/>\t\t\t\t\t\t\t\t\t\t\t\t\t\t\t<\/div>\n\t\t\t\t<\/div>\n\t\t\t\t<div class=\"elementor-element elementor-element-043f527 elementor-widget elementor-widget-image\" data-id=\"043f527\" data-element_type=\"widget\" data-e-type=\"widget\" data-widget_type=\"image.default\">\n\t\t\t\t<div class=\"elementor-widget-container\">\n\t\t\t\t\t\t\t\t\t\t\t\t\t\t\t<img loading=\"lazy\" decoding=\"async\" width=\"768\" height=\"281\" src=\"https:\/\/mimolive.com\/wp-content\/uploads\/2020\/10\/in-out.svg\" class=\"attachment-medium_large size-medium_large wp-image-256\" alt=\"\">\t\t\t\t\t\t\t\t\t\t\t\t\t\t\t<\/div>\n\t\t\t\t<\/div>\n\t\t\t\t<\/div>\n\t\t<div class=\"elementor-element elementor-element-cbcd841 e-con-full e-flex e-con e-child\" data-id=\"cbcd841\" data-element_type=\"container\" data-e-type=\"container\">\n\t\t\t\t<div class=\"elementor-element elementor-element-f35e942 elementor-widget elementor-widget-heading\" data-id=\"f35e942\" data-element_type=\"widget\" data-e-type=\"widget\" data-widget_type=\"heading.default\">\n\t\t\t\t<div class=\"elementor-widget-container\">\n\t\t\t\t\t<h3 class=\"elementor-heading-title elementor-size-default\">mimoLive - concebido para transmitir concertos e eventos em palco<\/h3>\t\t\t\t<\/div>\n\t\t\t\t<\/div>\n\t\t\t\t<div class=\"elementor-element elementor-element-9433486 elementor-widget elementor-widget-text-editor\" data-id=\"9433486\" data-element_type=\"widget\" data-e-type=\"widget\" data-widget_type=\"text-editor.default\">\n\t\t\t\t<div class=\"elementor-widget-container\">\n\t\t\t\t\t\t\t\t\t<p><span style=\"color: var( --e-global-color-text ); letter-spacing: 0px; background-color: var( --e-global-color-87ac5fd );\">Damos poder aos produtores de v\u00eddeo para controlarem espect\u00e1culos ao vivo abrangentes realizados por pequenas equipas.<\/span><span style=\"color: var( --e-global-color-text ); letter-spacing: 0px; background-color: var( --e-global-color-87ac5fd );\">\u00a0<\/span><\/p><p>O mimoLive utiliza v\u00e1rias predefini\u00e7\u00f5es para as principais plataformas de streaming para simplificar a sua vida profissional, e para tornar o seu fluxo de trabalho t\u00e3o f\u00e1cil quanto poss\u00edvel.<\/p>\t\t\t\t\t\t\t\t<\/div>\n\t\t\t\t<\/div>\n\t\t\t\t<\/div>\n\t\t<div class=\"elementor-element elementor-element-896d0b6 e-con-full e-flex e-con e-child\" data-id=\"896d0b6\" data-element_type=\"container\" data-e-type=\"container\">\n\t\t\t\t<div class=\"elementor-element elementor-element-bd6cd07 elementor-widget elementor-widget-heading\" data-id=\"bd6cd07\" data-element_type=\"widget\" data-e-type=\"widget\" data-widget_type=\"heading.default\">\n\t\t\t\t<div class=\"elementor-widget-container\">\n\t\t\t\t\t<h2 class=\"elementor-heading-title elementor-size-default\">Revolucione o seu concerto e transmiss\u00e3o de eventos com mimoLive\u00ae.<\/h2>\t\t\t\t<\/div>\n\t\t\t\t<\/div>\n\t\t\t\t<\/div>\n\t\t\t\t\t<\/div>\n\t\t\t\t<\/div>\n\t\t\t\t<\/div>","protected":false},"excerpt":{"rendered":"<p>Start Free Trial Broadcast events and concerts easily The Perfect Partner for Any Event Welcome to the ultimate concert streaming solution &#8211; mimoLive\u00ae. Whether it&#8217;s a music concert, stand-up comedy show, company announcement, or online product launch, mimoLive\u2122 is the perfect broadcasting partner for any kind of on-stage event. Easy Production of TV-Quality Live Shows [&hellip;]<\/p>","protected":false},"author":1,"featured_media":15611,"parent":11260,"menu_order":2,"comment_status":"closed","ping_status":"closed","template":"","meta":{"_acf_changed":false,"_angie_page":false,"_lmt_disableupdate":"","_lmt_disable":"","footnotes":""},"class_list":["post-12221","page","type-page","status-publish","has-post-thumbnail","hentry"],"acf":[],"_links":{"self":[{"href":"https:\/\/mimolive.com\/pt\/wp-json\/wp\/v2\/pages\/12221","targetHints":{"allow":["GET"]}}],"collection":[{"href":"https:\/\/mimolive.com\/pt\/wp-json\/wp\/v2\/pages"}],"about":[{"href":"https:\/\/mimolive.com\/pt\/wp-json\/wp\/v2\/types\/page"}],"author":[{"embeddable":true,"href":"https:\/\/mimolive.com\/pt\/wp-json\/wp\/v2\/users\/1"}],"replies":[{"embeddable":true,"href":"https:\/\/mimolive.com\/pt\/wp-json\/wp\/v2\/comments?post=12221"}],"version-history":[{"count":5,"href":"https:\/\/mimolive.com\/pt\/wp-json\/wp\/v2\/pages\/12221\/revisions"}],"predecessor-version":[{"id":37396,"href":"https:\/\/mimolive.com\/pt\/wp-json\/wp\/v2\/pages\/12221\/revisions\/37396"}],"up":[{"embeddable":true,"href":"https:\/\/mimolive.com\/pt\/wp-json\/wp\/v2\/pages\/11260"}],"wp:featuredmedia":[{"embeddable":true,"href":"https:\/\/mimolive.com\/pt\/wp-json\/wp\/v2\/media\/15611"}],"wp:attachment":[{"href":"https:\/\/mimolive.com\/pt\/wp-json\/wp\/v2\/media?parent=12221"}],"curies":[{"name":"wp","href":"https:\/\/api.w.org\/{rel}","templated":true}]}}