{"id":12703,"date":"2020-12-10T17:03:36","date_gmt":"2020-12-10T16:03:36","guid":{"rendered":"https:\/\/mimolive.com\/?page_id=12703"},"modified":"2024-12-20T04:03:00","modified_gmt":"2024-12-20T03:03:00","slug":"graficos-para-radiodifusao-e-transmissao-em-direto","status":"publish","type":"page","link":"https:\/\/mimolive.com\/pt\/technology\/graphics-for-broadcasting-and-live-streaming\/","title":{"rendered":"Vantagens das camadas para a radiodifus\u00e3o"},"content":{"rendered":"<div data-elementor-type=\"wp-page\" data-elementor-id=\"12703\" class=\"elementor elementor-12703\" data-elementor-post-type=\"page\">\n\t\t\t\t<div class=\"elementor-element elementor-element-40ccf98 e-flex e-con-boxed e-con e-parent\" data-id=\"40ccf98\" data-element_type=\"container\" data-e-type=\"container\">\n\t\t\t\t\t<div class=\"e-con-inner\">\n\t\t\t\t<div class=\"elementor-element elementor-element-5011bf2 elementor-widget elementor-widget-heading\" data-id=\"5011bf2\" data-element_type=\"widget\" data-e-type=\"widget\" data-widget_type=\"heading.default\">\n\t\t\t\t<div class=\"elementor-widget-container\">\n\t\t\t\t\t<h1 class=\"elementor-heading-title elementor-size-default\">Vantagens das camadas para a radiodifus\u00e3o<\/h1>\t\t\t\t<\/div>\n\t\t\t\t<\/div>\n\t\t<div class=\"elementor-element elementor-element-2c8f8c8 e-con-full e-grid e-con e-child\" data-id=\"2c8f8c8\" data-element_type=\"container\" data-e-type=\"container\">\n\t\t<div class=\"elementor-element elementor-element-9d08b56 e-con-full e-flex e-con e-child\" data-id=\"9d08b56\" data-element_type=\"container\" data-e-type=\"container\" data-settings=\"{&quot;background_background&quot;:&quot;classic&quot;}\">\n\t\t\t\t<div class=\"elementor-element elementor-element-488dab3 elementor-widget elementor-widget-heading\" data-id=\"488dab3\" data-element_type=\"widget\" data-e-type=\"widget\" data-widget_type=\"heading.default\">\n\t\t\t\t<div class=\"elementor-widget-container\">\n\t\t\t\t\t<h3 class=\"elementor-heading-title elementor-size-default\">Quais s\u00e3o as vantagens das camadas para a radiodifus\u00e3o e a transmiss\u00e3o em direto?<\/h3>\t\t\t\t<\/div>\n\t\t\t\t<\/div>\n\t\t\t\t<div class=\"elementor-element elementor-element-088a215 elementor-widget elementor-widget-text-editor\" data-id=\"088a215\" data-element_type=\"widget\" data-e-type=\"widget\" data-widget_type=\"text-editor.default\">\n\t\t\t\t<div class=\"elementor-widget-container\">\n\t\t\t\t\t\t\t\t\t<p>As camadas proporcionam uma forma estruturada e organizada de trabalhar em diferentes elementos da sua <b>v\u00eddeo.\u00a0<\/b><br \/>Cada camada traz carater\u00edsticas e controlos para o projeto.\u00a0<\/p><p>\u00a0<\/p><p>Permitem-lhe <b>isolar<\/b> e <b>manipular<\/b> individual <b>gr\u00e1ficos<\/b>\u00a0sem afetar o resto da composi\u00e7\u00e3o, permitindo ajustes e edi\u00e7\u00f5es precisos.\u00a0<\/p><p>\u00a0<\/p><p>Este<b> flexibilidade<\/b> tamb\u00e9m facilita a experimenta\u00e7\u00e3o, uma vez que pode facilmente experimentar diferentes elementos visuais e <b>disposi\u00e7\u00f5es<\/b>.\u00a0<\/p><p>\u00a0<\/p><p>As camadas oferecem uma <b>n\u00e3o destrutivo<\/b> preservando o seu conte\u00fado original e permitindo-lhe melhorar, aperfei\u00e7oar ou modificar aspectos espec\u00edficos. Para al\u00e9m disso, as camadas permitem <b>colabora\u00e7\u00e3o<\/b> e controlo de vers\u00f5es, tornando-o <b>mais simples<\/b> para partilhar o seu trabalho com outros e acompanhar as altera\u00e7\u00f5es.\u00a0<\/p><p>\u00a0<\/p><p>Em geral, a utiliza\u00e7\u00e3o de camadas permite-lhe alcan\u00e7ar um n\u00edvel de controlo mais elevado, <b>criatividade<\/b>e profissionalismo nos seus projectos de design.<\/p>\t\t\t\t\t\t\t\t<\/div>\n\t\t\t\t<\/div>\n\t\t\t\t<\/div>\n\t\t<div class=\"elementor-element elementor-element-2326297 e-con-full e-flex e-con e-child\" data-id=\"2326297\" data-element_type=\"container\" data-e-type=\"container\">\n\t\t\t\t<div class=\"elementor-element elementor-element-1c5d2e1 elementor-widget elementor-widget-image\" data-id=\"1c5d2e1\" data-element_type=\"widget\" data-e-type=\"widget\" data-widget_type=\"image.default\">\n\t\t\t\t<div class=\"elementor-widget-container\">\n\t\t\t\t\t\t\t\t\t\t\t\t<figure class=\"wp-caption\">\n\t\t\t\t\t\t\t\t\t\t\t<a href=\"https:\/\/mimolive.com\/wp-content\/uploads\/2022\/01\/WeatherNews_Woman-B.jpg\" data-elementor-open-lightbox=\"yes\" data-elementor-lightbox-title=\"WeatherNews_Woman-B\" data-e-action-hash=\"#elementor-action%3Aaction%3Dlightbox%26settings%3DeyJpZCI6MjQ5MjMsInVybCI6Imh0dHBzOlwvXC9taW1vbGl2ZS5jb21cL3dwLWNvbnRlbnRcL3VwbG9hZHNcLzIwMjJcLzAxXC9XZWF0aGVyTmV3c19Xb21hbi1CLmpwZyJ9\">\n\t\t\t\t\t\t\t<img fetchpriority=\"high\" decoding=\"async\" width=\"768\" height=\"535\" src=\"https:\/\/mimolive.com\/wp-content\/uploads\/2022\/01\/WeatherNews_Woman-B-768x535.jpg\" class=\"attachment-medium_large size-medium_large wp-image-24923\" alt=\"Conceito Chroma Key\" srcset=\"https:\/\/mimolive.com\/wp-content\/uploads\/2022\/01\/WeatherNews_Woman-B-768x535.jpg 768w,  https:\/\/mimolive.com\/wp-content\/uploads\/2022\/01\/WeatherNews_Woman-B-300x209.jpg 300w,  https:\/\/mimolive.com\/wp-content\/uploads\/2022\/01\/WeatherNews_Woman-B-1024x713.jpg 1024w,  https:\/\/mimolive.com\/wp-content\/uploads\/2022\/01\/WeatherNews_Woman-B.jpg 1200w\" sizes=\"(max-width: 768px) 100vw, 768px\" \/>\t\t\t\t\t\t\t\t<\/a>\n\t\t\t\t\t\t\t\t\t\t\t<figcaption class=\"widget-image-caption wp-caption-text\">1. Camada de fundo; 2. Mapa interativo; 3. Mulher-\u00e2ncora com ecr\u00e3 verde; 4. Lower Thirds com log\u00f3tipo e Newsfeed<\/figcaption>\n\t\t\t\t\t\t\t\t\t\t<\/figure>\n\t\t\t\t\t\t\t\t\t<\/div>\n\t\t\t\t<\/div>\n\t\t\t\t<div class=\"elementor-element elementor-element-2c8ca4c elementor-widget elementor-widget-image\" data-id=\"2c8ca4c\" data-element_type=\"widget\" data-e-type=\"widget\" data-widget_type=\"image.default\">\n\t\t\t\t<div class=\"elementor-widget-container\">\n\t\t\t\t\t\t\t\t\t\t\t\t<figure class=\"wp-caption\">\n\t\t\t\t\t\t\t\t\t\t\t<a href=\"https:\/\/mimolive.com\/wp-content\/uploads\/2024\/09\/Screenshot-2024-09-12-at-10.05.15.png\" data-elementor-open-lightbox=\"yes\" data-elementor-lightbox-title=\"Add a layer in mimoLive\" data-e-action-hash=\"#elementor-action%3Aaction%3Dlightbox%26settings%3DeyJpZCI6MzkwNzIsInVybCI6Imh0dHBzOlwvXC9taW1vbGl2ZS5jb21cL3dwLWNvbnRlbnRcL3VwbG9hZHNcLzIwMjRcLzA5XC9TY3JlZW5zaG90LTIwMjQtMDktMTItYXQtMTAuMDUuMTUucG5nIn0%3D\">\n\t\t\t\t\t\t\t<img decoding=\"async\" width=\"768\" height=\"499\" src=\"https:\/\/mimolive.com\/wp-content\/uploads\/2024\/09\/Screenshot-2024-09-12-at-10.05.15-768x499.png\" class=\"attachment-medium_large size-medium_large wp-image-39072\" alt=\"\" srcset=\"https:\/\/mimolive.com\/wp-content\/uploads\/2024\/09\/Screenshot-2024-09-12-at-10.05.15-768x499.png 768w,  https:\/\/mimolive.com\/wp-content\/uploads\/2024\/09\/Screenshot-2024-09-12-at-10.05.15-300x195.png 300w,  https:\/\/mimolive.com\/wp-content\/uploads\/2024\/09\/Screenshot-2024-09-12-at-10.05.15-1024x666.png 1024w,  https:\/\/mimolive.com\/wp-content\/uploads\/2024\/09\/Screenshot-2024-09-12-at-10.05.15-1536x999.png 1536w,  https:\/\/mimolive.com\/wp-content\/uploads\/2024\/09\/Screenshot-2024-09-12-at-10.05.15-2048x1332.png 2048w,  https:\/\/mimolive.com\/wp-content\/uploads\/2024\/09\/Screenshot-2024-09-12-at-10.05.15-18x12.png 18w\" sizes=\"(max-width: 768px) 100vw, 768px\">\t\t\t\t\t\t\t\t<\/a>\n\t\t\t\t\t\t\t\t\t\t\t<figcaption class=\"widget-image-caption wp-caption-text\">Adicione uma nova camada<\/figcaption>\n\t\t\t\t\t\t\t\t\t\t<\/figure>\n\t\t\t\t\t\t\t\t\t<\/div>\n\t\t\t\t<\/div>\n\t\t\t\t<\/div>\n\t\t\t\t<\/div>\n\t\t<div class=\"elementor-element elementor-element-a7f8ff1 e-flex e-con-boxed e-con e-child\" data-id=\"a7f8ff1\" data-element_type=\"container\" data-e-type=\"container\">\n\t\t\t\t\t<div class=\"e-con-inner\">\n\t\t\t\t<div class=\"elementor-element elementor-element-e66a137 elementor-widget elementor-widget-heading\" data-id=\"e66a137\" data-element_type=\"widget\" data-e-type=\"widget\" data-widget_type=\"heading.default\">\n\t\t\t\t<div class=\"elementor-widget-container\">\n\t\t\t\t\t<h3 class=\"elementor-heading-title elementor-size-default\">A camada Placer - a camada mais poderosa do mimoLive<\/h3>\t\t\t\t<\/div>\n\t\t\t\t<\/div>\n\t\t\t\t<div class=\"elementor-element elementor-element-08bfe03 elementor-widget elementor-widget-text-editor\" data-id=\"08bfe03\" data-element_type=\"widget\" data-e-type=\"widget\" data-widget_type=\"text-editor.default\">\n\t\t\t\t<div class=\"elementor-widget-container\">\n\t\t\t\t\t\t\t\t\t<p>Coloque suportes na pilha de camadas, posicione os suportes no seu fluxo, altere a geometria e muito mais. Esta camada \u00e9 a primeira que precisa de conhecer.<\/p>\t\t\t\t\t\t\t\t<\/div>\n\t\t\t\t<\/div>\n\t\t\t\t<div class=\"elementor-element elementor-element-bb85a20 elementor-widget elementor-widget-video\" data-id=\"bb85a20\" data-element_type=\"widget\" data-e-type=\"widget\" data-settings=\"{&quot;video_type&quot;:&quot;hosted&quot;,&quot;controls&quot;:&quot;yes&quot;}\" data-widget_type=\"video.default\">\n\t\t\t\t<div class=\"elementor-widget-container\">\n\t\t\t\t\t\t\t<div class=\"e-hosted-video elementor-wrapper elementor-open-inline\">\n\t\t\t\t\t<video class=\"elementor-video\" src=\"https:\/\/mimolive.com\/wp-content\/uploads\/2024\/04\/mimoLive-Learn-the-basics-Vol.1-V3.mp4\" controls=\"\" preload=\"metadata\" controlslist=\"nodownload\" poster=\"https:\/\/mimolive.com\/wp-content\/uploads\/2024\/04\/mimoLive-Learn-the-basics-Vol.1-V3-cover-scaled.jpg\"><\/video>\n\t\t\t\t<\/div>\n\t\t\t\t\t\t<\/div>\n\t\t\t\t<\/div>\n\t\t\t\t\t<\/div>\n\t\t\t\t<\/div>\n\t\t\t\t<div class=\"elementor-element elementor-element-fdf88ef elementor-widget elementor-widget-text-editor\" data-id=\"fdf88ef\" data-element_type=\"widget\" data-e-type=\"widget\" data-widget_type=\"text-editor.default\">\n\t\t\t\t<div class=\"elementor-widget-container\">\n\t\t\t\t\t\t\t\t\t<h3><span style=\"color: var( --e-global-color-primary ); font-family: var( --e-global-typography-secondary-font-family ), Sans-serif, Arial; font-size: var( --e-global-typography-secondary-font-size ); font-weight: var( --e-global-typography-secondary-font-weight ); text-align: var(--text-align); letter-spacing: var( --e-global-typography-text-letter-spacing ); word-spacing: var( --e-global-typography-text-word-spacing );\">Controlo avan\u00e7ado,\u00a0<\/span>Configura\u00e7\u00f5es de cena com conjunto de camadas<\/h3><p>E se quiser ir mais longe, n\u00e3o se esque\u00e7a de consultar a nossa <a href=\"https:\/\/mimolive.com\/pt\/manual-do-utilizador\/utilizacao-de-mimolive\/camadas-e-variantes\/\">Camadas, defini\u00e7\u00f5es e variantes<\/a> para obter informa\u00e7\u00f5es avan\u00e7adas sobre como trabalhar com camadas e criar variantes para configura\u00e7\u00f5es de cenas e muito mais. Consulte a sec\u00e7\u00e3o <a href=\"https:\/\/mimolive.com\/pt\/tecnologia\/camada-grafica-mimolive-a-z\/\">Vis\u00e3o geral das camadas do mimoLive de A-Z<\/a>.\u00a0<\/p><p><b>Vamos l\u00e1 come\u00e7ar!<\/b><\/p>\t\t\t\t\t\t\t\t<\/div>\n\t\t\t\t<\/div>\n\t\t\t\t\t<\/div>\n\t\t\t\t<\/div>\n\t\t\t\t<\/div>","protected":false},"excerpt":{"rendered":"<p>Benefits of layers for Broadcasting What are the benefits of Layers for Broadcasting and Live Streaming? Layers provide a structured and organized way to work on different elements of your video.\u00a0Each layer brings features and the controls to the project.\u00a0 \u00a0 They allow you to isolate and manipulate individual graphics\u00a0without affecting the rest of the [&hellip;]<\/p>","protected":false},"author":1,"featured_media":0,"parent":11351,"menu_order":10,"comment_status":"closed","ping_status":"closed","template":"elementor_header_footer","meta":{"_acf_changed":false,"_lmt_disableupdate":"","_lmt_disable":"","footnotes":""},"class_list":["post-12703","page","type-page","status-publish","hentry"],"acf":[],"_links":{"self":[{"href":"https:\/\/mimolive.com\/pt\/wp-json\/wp\/v2\/pages\/12703","targetHints":{"allow":["GET"]}}],"collection":[{"href":"https:\/\/mimolive.com\/pt\/wp-json\/wp\/v2\/pages"}],"about":[{"href":"https:\/\/mimolive.com\/pt\/wp-json\/wp\/v2\/types\/page"}],"author":[{"embeddable":true,"href":"https:\/\/mimolive.com\/pt\/wp-json\/wp\/v2\/users\/1"}],"replies":[{"embeddable":true,"href":"https:\/\/mimolive.com\/pt\/wp-json\/wp\/v2\/comments?post=12703"}],"version-history":[{"count":25,"href":"https:\/\/mimolive.com\/pt\/wp-json\/wp\/v2\/pages\/12703\/revisions"}],"predecessor-version":[{"id":40447,"href":"https:\/\/mimolive.com\/pt\/wp-json\/wp\/v2\/pages\/12703\/revisions\/40447"}],"up":[{"embeddable":true,"href":"https:\/\/mimolive.com\/pt\/wp-json\/wp\/v2\/pages\/11351"}],"wp:attachment":[{"href":"https:\/\/mimolive.com\/pt\/wp-json\/wp\/v2\/media?parent=12703"}],"curies":[{"name":"wp","href":"https:\/\/api.w.org\/{rel}","templated":true}]}}