{"id":36075,"date":"2023-12-01T14:23:28","date_gmt":"2023-12-01T13:23:28","guid":{"rendered":"https:\/\/mimolive.com\/?page_id=36075"},"modified":"2023-12-06T19:05:19","modified_gmt":"2023-12-06T18:05:19","slug":"zoomdemo","status":"publish","type":"page","link":"https:\/\/mimolive.com\/pt\/zoomdemo\/","title":{"rendered":"Demonstra\u00e7\u00e3o da Chamada Zoom - Com o mimoLive, dispon\u00edvel 24 horas por dia, 7 dias por semana"},"content":{"rendered":"<div data-elementor-type=\"wp-page\" data-elementor-id=\"36075\" class=\"elementor elementor-36075\" data-elementor-post-type=\"page\">\n\t\t\t\t<div class=\"elementor-element elementor-element-263f1d42 e-flex e-con-boxed e-con e-parent\" data-id=\"263f1d42\" data-element_type=\"container\" data-e-type=\"container\">\n\t\t\t\t\t<div class=\"e-con-inner\">\n\t\t\t\t<div class=\"elementor-element elementor-element-246c66b elementor-widget elementor-widget-heading\" data-id=\"246c66b\" data-element_type=\"widget\" data-e-type=\"widget\" data-widget_type=\"heading.default\">\n\t\t\t\t<div class=\"elementor-widget-container\">\n\t\t\t\t\t<h1 class=\"elementor-heading-title elementor-size-default\">Demonstra\u00e7\u00e3o da Chamada Zoom - Com o mimoLive, dispon\u00edvel 24 horas por dia, 7 dias por semana<\/h1>\t\t\t\t<\/div>\n\t\t\t\t<\/div>\n\t\t\t\t<div class=\"elementor-element elementor-element-bd70566 elementor-widget elementor-widget-heading\" data-id=\"bd70566\" data-element_type=\"widget\" data-e-type=\"widget\" data-widget_type=\"heading.default\">\n\t\t\t\t<div class=\"elementor-widget-container\">\n\t\t\t\t\t<h2 class=\"elementor-heading-title elementor-size-default\">Experimente o futuro da transmiss\u00e3o de TV em direto<\/h2>\t\t\t\t<\/div>\n\t\t\t\t<\/div>\n\t\t\t\t\t<\/div>\n\t\t\t\t<\/div>\n\t\t<div class=\"elementor-element elementor-element-5a27097 e-flex e-con-boxed e-con e-parent\" data-id=\"5a27097\" data-element_type=\"container\" data-e-type=\"container\">\n\t\t\t\t\t<div class=\"e-con-inner\">\n\t\t<div class=\"elementor-element elementor-element-0acca28 e-flex e-con-boxed e-con e-child\" data-id=\"0acca28\" data-element_type=\"container\" data-e-type=\"container\">\n\t\t\t\t\t<div class=\"e-con-inner\">\n\t\t\t\t<div class=\"elementor-element elementor-element-139658b elementor-widget elementor-widget-text-editor\" data-id=\"139658b\" data-element_type=\"widget\" data-e-type=\"widget\" data-widget_type=\"text-editor.default\">\n\t\t\t\t<div class=\"elementor-widget-container\">\n\t\t\t\t\t\t\t\t\t<p>Bem-vindo ao nosso inovador Zoom Call Demo, uma demonstra\u00e7\u00e3o que funciona 24 horas por dia num Mac baseado na nuvem com o poderoso software mimoLive. Esta demonstra\u00e7\u00e3o foi concebida para mostrar como o mimoLive revoluciona as chamadas Zoom para transmiss\u00e3o televisiva, oferecendo um controlo e criatividade sem paralelo \u00e0s equipas de produ\u00e7\u00e3o.<\/p>\n<h4><strong>Como participar na demonstra\u00e7\u00e3o<\/strong><\/h4>\n<p>A participa\u00e7\u00e3o \u00e9 simples e personalizada:<\/p>\n<ol>\n<li><strong>Preencher o formul\u00e1rio<\/strong>: Indique o seu Nome, Nome pr\u00f3prio e E-mail.<\/li>\n<li><strong>Receba a sua liga\u00e7\u00e3o pessoal<\/strong>: Ap\u00f3s a submiss\u00e3o, receber\u00e1 um e-mail personalizado com um link exclusivo para a demonstra\u00e7\u00e3o da nossa reuni\u00e3o Zoom.<\/li>\n<li><strong>Participe e descubra<\/strong>: Clique na liga\u00e7\u00e3o, junte-se \u00e0 reuni\u00e3o e veja a demonstra\u00e7\u00e3o em direto.<\/li>\n<\/ol>\n<h4><strong>O que vai experimentar<\/strong><\/h4>\n<p>Durante a chamada Zoom, ver\u00e1 em primeira m\u00e3o como o mimoLive transforma uma reuni\u00e3o Zoom normal numa transmiss\u00e3o televisiva profissional:<\/p>\n<ul>\n<li><strong>Edi\u00e7\u00e3o em direto<\/strong>: Veja como o mimoLive edita chamadas Zoom em tempo real, proporcionando transi\u00e7\u00f5es perfeitas, sobreposi\u00e7\u00f5es e muito mais.<\/li>\n<li><strong>Aplica\u00e7\u00f5es de radiodifus\u00e3o televisiva<\/strong>: Descubra a versatilidade do Zoom integrado com o mimoLive para v\u00e1rios cen\u00e1rios de transmiss\u00e3o, incluindo entrevistas e mesas redondas virtuais.<\/li>\n<li><strong>Liberdade criativa<\/strong>: Saiba como o mimoLive d\u00e1 liberdade criativa \u00e0s equipas de produ\u00e7\u00e3o para criarem experi\u00eancias \u00fanicas de televis\u00e3o em direto.<\/li>\n<\/ul>\t\t\t\t\t\t\t\t<\/div>\n\t\t\t\t<\/div>\n\t\t<div class=\"elementor-element elementor-element-9872ec4 e-flex e-con-boxed e-con e-child\" data-id=\"9872ec4\" data-element_type=\"container\" data-e-type=\"container\">\n\t\t\t\t\t<div class=\"e-con-inner\">\n\t\t\t\t<div class=\"elementor-element elementor-element-0c7d20b elementor-align-center elementor-widget elementor-widget-button\" data-id=\"0c7d20b\" data-element_type=\"widget\" data-e-type=\"widget\" data-widget_type=\"button.default\">\n\t\t\t\t<div class=\"elementor-widget-container\">\n\t\t\t\t\t\t\t\t\t<div class=\"elementor-button-wrapper\">\n\t\t\t\t\t<a class=\"elementor-button elementor-button-link elementor-size-sm\" href=\"#elementor-action%3Aaction%3Dpopup%3Aopen%26settings%3DeyJpZCI6IjM2MTE2IiwidG9nZ2xlIjpmYWxzZX0%3D\">\n\t\t\t\t\t\t<span class=\"elementor-button-content-wrapper\">\n\t\t\t\t\t\t\t\t\t<span class=\"elementor-button-text\">Participe na demonstra\u00e7\u00e3o em direto do Zoom\u00ae agora!<\/span>\n\t\t\t\t\t<\/span>\n\t\t\t\t\t<\/a>\n\t\t\t\t<\/div>\n\t\t\t\t\t\t\t\t<\/div>\n\t\t\t\t<\/div>\n\t\t\t\t\t<\/div>\n\t\t\t\t<\/div>\n\t\t\t\t<div class=\"elementor-element elementor-element-17ab61b elementor-widget elementor-widget-text-editor\" data-id=\"17ab61b\" data-element_type=\"widget\" data-e-type=\"widget\" data-widget_type=\"text-editor.default\">\n\t\t\t\t<div class=\"elementor-widget-container\">\n\t\t\t\t\t\t\t\t\t<h3>Porqu\u00ea o mimoLive?<\/h3>\n<p>O mimoLive \u00e9 mais do que apenas uma ferramenta de transmiss\u00e3o; \u00e9 uma porta de entrada para infinitas possibilidades na produ\u00e7\u00e3o de TV ao vivo. Ao combinar a acessibilidade do Zoom com as capacidades profissionais do software de transmiss\u00e3o de TV, o mimoLive est\u00e1 a estabelecer um novo padr\u00e3o na ind\u00fastria.<\/p>\n<p><strong>Junte-se agora \u00e0 nossa Demonstra\u00e7\u00e3o de Chamada Zoom 24\/7 e entre no futuro da transmiss\u00e3o de TV em direto!<\/strong><\/p>\t\t\t\t\t\t\t\t<\/div>\n\t\t\t\t<\/div>\n\t\t\t\t\t<\/div>\n\t\t\t\t<\/div>\n\t\t\t\t\t<\/div>\n\t\t\t\t<\/div>\n\t\t\t\t<\/div>","protected":false},"excerpt":{"rendered":"<p>Zoom Call Demo &#8211; Powered by mimoLive, Available 24\/7 Experience the Future of Live TV Broadcasting Welcome to our cutting-edge Zoom Call Demo, a round-the-clock showcase running on a Cloud-based Mac with the powerful mimoLive software. This demonstration is designed to exhibit how mimoLive revolutionizes Zoom calls for TV broadcasting, offering unparalleled control and creativity [&hellip;]<\/p>","protected":false},"author":1,"featured_media":0,"parent":0,"menu_order":0,"comment_status":"closed","ping_status":"closed","template":"","meta":{"_acf_changed":false,"_angie_page":false,"_lmt_disableupdate":"","_lmt_disable":"","footnotes":""},"class_list":["post-36075","page","type-page","status-publish","hentry"],"acf":[],"_links":{"self":[{"href":"https:\/\/mimolive.com\/pt\/wp-json\/wp\/v2\/pages\/36075","targetHints":{"allow":["GET"]}}],"collection":[{"href":"https:\/\/mimolive.com\/pt\/wp-json\/wp\/v2\/pages"}],"about":[{"href":"https:\/\/mimolive.com\/pt\/wp-json\/wp\/v2\/types\/page"}],"author":[{"embeddable":true,"href":"https:\/\/mimolive.com\/pt\/wp-json\/wp\/v2\/users\/1"}],"replies":[{"embeddable":true,"href":"https:\/\/mimolive.com\/pt\/wp-json\/wp\/v2\/comments?post=36075"}],"version-history":[{"count":5,"href":"https:\/\/mimolive.com\/pt\/wp-json\/wp\/v2\/pages\/36075\/revisions"}],"predecessor-version":[{"id":36121,"href":"https:\/\/mimolive.com\/pt\/wp-json\/wp\/v2\/pages\/36075\/revisions\/36121"}],"wp:attachment":[{"href":"https:\/\/mimolive.com\/pt\/wp-json\/wp\/v2\/media?parent=36075"}],"curies":[{"name":"wp","href":"https:\/\/api.w.org\/{rel}","templated":true}]}}