{"id":11936,"date":"2020-11-27T13:35:08","date_gmt":"2020-11-27T12:35:08","guid":{"rendered":"https:\/\/mimolive.com\/?page_id=11936"},"modified":"2022-07-29T13:15:41","modified_gmt":"2022-07-29T11:15:41","slug":"juridiska-fragor","status":"publish","type":"page","link":"https:\/\/mimolive.com\/sv\/support\/legal-stuff\/","title":{"rendered":"Juridiska fr\u00e5gor"},"content":{"rendered":"<div data-elementor-type=\"wp-page\" data-elementor-id=\"11936\" class=\"elementor elementor-11936\" data-elementor-post-type=\"page\">\n\t\t\t\t\t\t<section class=\"elementor-section elementor-top-section elementor-element elementor-element-28b7bfbd elementor-section-height-min-height elementor-section-content-middle elementor-section-boxed elementor-section-height-default elementor-section-items-middle\" data-id=\"28b7bfbd\" data-element_type=\"section\" data-e-type=\"section\" data-settings=\"{&quot;background_background&quot;:&quot;classic&quot;}\">\n\t\t\t\t\t\t\t<div class=\"elementor-background-overlay\"><\/div>\n\t\t\t\t\t\t\t<div class=\"elementor-container elementor-column-gap-no\">\n\t\t\t\t\t<div class=\"elementor-column elementor-col-100 elementor-top-column elementor-element elementor-element-79f0a97b\" data-id=\"79f0a97b\" data-element_type=\"column\" data-e-type=\"column\">\n\t\t\t<div class=\"elementor-widget-wrap elementor-element-populated\">\n\t\t\t\t\t\t<div class=\"elementor-element elementor-element-60eedb1 elementor-widget elementor-widget-heading\" data-id=\"60eedb1\" data-element_type=\"widget\" data-e-type=\"widget\" data-widget_type=\"heading.default\">\n\t\t\t\t<div class=\"elementor-widget-container\">\n\t\t\t\t\t<h2 class=\"elementor-heading-title elementor-size-default\">Villkor som \u00e4r s\u00e4rskilt viktiga p\u00e5 mimolive.com<\/h2>\t\t\t\t<\/div>\n\t\t\t\t<\/div>\n\t\t\t\t\t<\/div>\n\t\t<\/div>\n\t\t\t\t\t<\/div>\n\t\t<\/section>\n\t\t\t\t<section class=\"elementor-section elementor-top-section elementor-element elementor-element-def9207 elementor-section-boxed elementor-section-height-default elementor-section-height-default\" data-id=\"def9207\" data-element_type=\"section\" data-e-type=\"section\">\n\t\t\t\t\t\t<div class=\"elementor-container elementor-column-gap-default\">\n\t\t\t\t\t<div class=\"elementor-column elementor-col-100 elementor-top-column elementor-element elementor-element-779551e\" data-id=\"779551e\" data-element_type=\"column\" data-e-type=\"column\">\n\t\t\t<div class=\"elementor-widget-wrap elementor-element-populated\">\n\t\t\t\t\t\t<div class=\"elementor-element elementor-element-fff0709 elementor-widget elementor-widget-heading\" data-id=\"fff0709\" data-element_type=\"widget\" data-e-type=\"widget\" data-widget_type=\"heading.default\">\n\t\t\t\t<div class=\"elementor-widget-container\">\n\t\t\t\t\t<h2 class=\"elementor-heading-title elementor-size-default\">Juridisk<\/h2>\t\t\t\t<\/div>\n\t\t\t\t<\/div>\n\t\t\t\t<div class=\"elementor-element elementor-element-9748f98 elementor-widget elementor-widget-text-editor\" data-id=\"9748f98\" data-element_type=\"widget\" data-e-type=\"widget\" data-widget_type=\"text-editor.default\">\n\t\t\t\t<div class=\"elementor-widget-container\">\n\t\t\t\t\t\t\t\t\t<p>mimoLive\u2122 \u00e4r ett varum\u00e4rke som tillh\u00f6r <a href=\"https:\/\/boinx.com\" target=\"_blank\" rel=\"noopener\">Boinx Software International GmbH<\/a>.\u00a0<\/p>\t\t\t\t\t\t\t\t<\/div>\n\t\t\t\t<\/div>\n\t\t\t\t<div class=\"elementor-element elementor-element-a36d047 elementor-widget elementor-widget-text-editor\" data-id=\"a36d047\" data-element_type=\"widget\" data-e-type=\"widget\" data-widget_type=\"text-editor.default\">\n\t\t\t\t<div class=\"elementor-widget-container\">\n\t\t\t\t\t\t\t\t\t<h3><span style=\"background-color: var( --e-global-color-87ac5fd ); color: var( --e-global-color-text ); font-family: var( --e-global-typography-text-font-family ), Sans-serif; font-size: var( --e-global-typography-text-font-size ); font-weight: var( --e-global-typography-text-font-weight ); letter-spacing: var( --e-global-typography-text-letter-spacing );\">F\u00f6r att g\u00f6ra det enkelt att hitta den information du s\u00f6ker har vi samlat dem alla under ett tak och gett dig en snabb genomg\u00e5ng nedan av vad du hittar i var och en av dem.<\/span><br><\/h3>\t\t\t\t\t\t\t\t<\/div>\n\t\t\t\t<\/div>\n\t\t\t\t<div class=\"elementor-element elementor-element-ce2bd90 elementor-nav-menu--dropdown-none elementor-widget elementor-widget-nav-menu\" data-id=\"ce2bd90\" data-element_type=\"widget\" data-e-type=\"widget\" data-settings=\"{&quot;layout&quot;:&quot;vertical&quot;, &quot;submenu_icon&quot;:{&quot;value&quot;:&quot;&lt;svg aria-hidden=\\&quot;true\\&quot; class=\\&quot;e-font-icon-svg e-fas-caret-down\\&quot; viewBox=\\&quot;0 0 320 512\\&quot; xmlns=\\&quot;http:\\\/\\\/www.w3.org\\\/2000\\\/svg\\&quot;&gt;&lt;path d=\\&quot;M31.3 192h257.3c17.8 0 26.7 21.5 14.1 34.1L174.1 354.8c-7.8 7.8-20.5 7.8-28.3 0L17.2 226.1C4.6 213.5 13.5 192 31.3 192z\\&quot;&gt;&lt;\\\/path&gt;&lt;\\\/svg&gt;&quot;, &quot;library&quot;:&quot;fa-solid&quot;}}\" data-widget_type=\"nav-menu.default\">\n\t\t\t\t<div class=\"elementor-widget-container\">\n\t\t\t\t\t\t\t\t<nav aria-label=\"Meny\" class=\"elementor-nav-menu--main elementor-nav-menu__container elementor-nav-menu--layout-vertical e--pointer-none\">\n\t\t\t\t<ul id=\"menu-1-ce2bd90\" class=\"elementor-nav-menu sm-vertical\"><li class=\"menu-item menu-item-type-post_type menu-item-object-page menu-item-26757\"><a href=\"https:\/\/mimolive.com\/sv\/support\/legal-stuff\/imprint\/\" class=\"elementor-item\">Tryck<\/a><\/li>\n<li class=\"menu-item menu-item-type-post_type menu-item-object-page menu-item-26730\"><a href=\"https:\/\/mimolive.com\/sv\/support\/legal-stuff\/privacy\/\" class=\"elementor-item\">Integritetspolicy<\/a><\/li>\n<li class=\"menu-item menu-item-type-post_type menu-item-object-page menu-item-26776\"><a href=\"https:\/\/mimolive.com\/sv\/support\/legal-stuff\/cookie-policy\/\" class=\"elementor-item\">Cookie-policy<\/a><\/li>\n<li class=\"menu-item menu-item-type-post_type menu-item-object-page menu-item-26728\"><a href=\"https:\/\/mimolive.com\/sv\/support\/legal-stuff\/photo-video-contributors\/\" class=\"elementor-item\">Bidragsgivare f\u00f6r foto och video<\/a><\/li>\n<\/ul>\t\t\t<\/nav>\n\t\t\t\t\t\t<nav class=\"elementor-nav-menu--dropdown elementor-nav-menu__container\" aria-hidden=\"true\">\n\t\t\t\t<ul id=\"menu-2-ce2bd90\" class=\"elementor-nav-menu sm-vertical\"><li class=\"menu-item menu-item-type-post_type menu-item-object-page menu-item-26757\"><a href=\"https:\/\/mimolive.com\/sv\/support\/legal-stuff\/imprint\/\" class=\"elementor-item\" tabindex=\"-1\">Tryck<\/a><\/li>\n<li class=\"menu-item menu-item-type-post_type menu-item-object-page menu-item-26730\"><a href=\"https:\/\/mimolive.com\/sv\/support\/legal-stuff\/privacy\/\" class=\"elementor-item\" tabindex=\"-1\">Integritetspolicy<\/a><\/li>\n<li class=\"menu-item menu-item-type-post_type menu-item-object-page menu-item-26776\"><a href=\"https:\/\/mimolive.com\/sv\/support\/legal-stuff\/cookie-policy\/\" class=\"elementor-item\" tabindex=\"-1\">Cookie-policy<\/a><\/li>\n<li class=\"menu-item menu-item-type-post_type menu-item-object-page menu-item-26728\"><a href=\"https:\/\/mimolive.com\/sv\/support\/legal-stuff\/photo-video-contributors\/\" class=\"elementor-item\" tabindex=\"-1\">Bidragsgivare f\u00f6r foto och video<\/a><\/li>\n<\/ul>\t\t\t<\/nav>\n\t\t\t\t\t\t<\/div>\n\t\t\t\t<\/div>\n\t\t\t\t<div class=\"elementor-element elementor-element-c1a1c28 elementor-widget elementor-widget-spacer\" data-id=\"c1a1c28\" data-element_type=\"widget\" data-e-type=\"widget\" data-widget_type=\"spacer.default\">\n\t\t\t\t<div class=\"elementor-widget-container\">\n\t\t\t\t\t\t\t<div class=\"elementor-spacer\">\n\t\t\t<div class=\"elementor-spacer-inner\"><\/div>\n\t\t<\/div>\n\t\t\t\t\t\t<\/div>\n\t\t\t\t<\/div>\n\t\t\t\t\t<\/div>\n\t\t<\/div>\n\t\t\t\t\t<\/div>\n\t\t<\/section>\n\t\t\t\t<\/div>","protected":false},"excerpt":{"rendered":"<p>Villkor som \u00e4r s\u00e4rskilt viktiga p\u00e5 mimolive.com Legal mimoLive\u2122 \u00e4r ett varum\u00e4rke som tillh\u00f6r Boinx Software International GmbH.  F\u00f6r att g\u00f6ra det enkelt att hitta den information du letar efter har vi samlat dem alla h\u00e4r under ett tak och gett dig en snabb genomg\u00e5ng nedan av vad du hittar i var och en av dem.<\/p>","protected":false},"author":1,"featured_media":0,"parent":11386,"menu_order":2,"comment_status":"closed","ping_status":"closed","template":"elementor_header_footer","meta":{"_acf_changed":false,"_angie_page":false,"_lmt_disableupdate":"","_lmt_disable":"","footnotes":""},"class_list":["post-11936","page","type-page","status-publish","hentry"],"acf":[],"_links":{"self":[{"href":"https:\/\/mimolive.com\/sv\/wp-json\/wp\/v2\/pages\/11936","targetHints":{"allow":["GET"]}}],"collection":[{"href":"https:\/\/mimolive.com\/sv\/wp-json\/wp\/v2\/pages"}],"about":[{"href":"https:\/\/mimolive.com\/sv\/wp-json\/wp\/v2\/types\/page"}],"author":[{"embeddable":true,"href":"https:\/\/mimolive.com\/sv\/wp-json\/wp\/v2\/users\/1"}],"replies":[{"embeddable":true,"href":"https:\/\/mimolive.com\/sv\/wp-json\/wp\/v2\/comments?post=11936"}],"version-history":[{"count":0,"href":"https:\/\/mimolive.com\/sv\/wp-json\/wp\/v2\/pages\/11936\/revisions"}],"up":[{"embeddable":true,"href":"https:\/\/mimolive.com\/sv\/wp-json\/wp\/v2\/pages\/11386"}],"wp:attachment":[{"href":"https:\/\/mimolive.com\/sv\/wp-json\/wp\/v2\/media?parent=11936"}],"curies":[{"name":"wp","href":"https:\/\/api.w.org\/{rel}","templated":true}]}}