{"id":12221,"date":"2020-12-02T15:38:24","date_gmt":"2020-12-02T14:38:24","guid":{"rendered":"https:\/\/mimolive.com\/?page_id=12221"},"modified":"2024-03-21T19:11:20","modified_gmt":"2024-03-21T18:11:20","slug":"streama-konserter-och-evenemang-pa-scen","status":"publish","type":"page","link":"https:\/\/mimolive.com\/sv\/solutions\/stream-concerts-and-on-stage-events\/","title":{"rendered":"Streamingprogramvara f\u00f6r konserter och evenemang p\u00e5 scenen"},"content":{"rendered":"<div data-elementor-type=\"wp-page\" data-elementor-id=\"12221\" class=\"elementor elementor-12221\" data-elementor-post-type=\"page\">\n\t\t\t\t<div class=\"elementor-element elementor-element-849343b no-lazy-load e-flex e-con-boxed e-con e-parent\" data-id=\"849343b\" data-element_type=\"container\" data-e-type=\"container\" data-settings=\"{&quot;background_background&quot;:&quot;video&quot;,&quot;background_video_link&quot;:&quot;https:\\\/\\\/mimolive.com\\\/wp-content\\\/uploads\\\/2021\\\/03\\\/klan-silent-background-mimolive.mp4&quot;,&quot;background_play_on_mobile&quot;:&quot;yes&quot;}\">\n\t\t\t\t\t<div class=\"e-con-inner\">\n\t\t<div class=\"elementor-background-video-container\">\n\t\t\t\t\t\t\t<video class=\"elementor-background-video-hosted\" role=\"presentation\" autoplay muted playsinline loop><\/video>\n\t\t\t\t\t<\/div>\t\t<div class=\"elementor-element elementor-element-f942ec5 elementor-align-center cta-free-trial elementor-widget-mobile__width-inherit elementor-widget elementor-widget-global elementor-global-27288 elementor-widget-button\" data-id=\"f942ec5\" data-element_type=\"widget\" data-e-type=\"widget\" data-widget_type=\"button.default\">\n\t\t\t\t<div class=\"elementor-widget-container\">\n\t\t\t\t\t\t\t\t\t<div class=\"elementor-button-wrapper\">\n\t\t\t\t\t<a class=\"elementor-button elementor-button-link elementor-size-md\" href=\"https:\/\/mimolive.com\/sv\/nedladdning\/gratis-provperiod\/\">\n\t\t\t\t\t\t<span class=\"elementor-button-content-wrapper\">\n\t\t\t\t\t\t\t\t\t<span class=\"elementor-button-text\">   Starta en gratis provperiod<\/span>\n\t\t\t\t\t<\/span>\n\t\t\t\t\t<\/a>\n\t\t\t\t<\/div>\n\t\t\t\t\t\t\t\t<\/div>\n\t\t\t\t<\/div>\n\t\t\t\t\t<\/div>\n\t\t\t\t<\/div>\n\t\t<div class=\"elementor-element elementor-element-992ebae e-flex e-con-boxed e-con e-parent\" data-id=\"992ebae\" data-element_type=\"container\" data-e-type=\"container\">\n\t\t\t\t\t<div class=\"e-con-inner\">\n\t\t<div class=\"elementor-element elementor-element-b6c617a e-con-full e-flex e-con e-child\" data-id=\"b6c617a\" data-element_type=\"container\" data-e-type=\"container\">\n\t\t\t\t<div class=\"elementor-element elementor-element-870f475 elementor-widget elementor-widget-heading\" data-id=\"870f475\" data-element_type=\"widget\" data-e-type=\"widget\" data-widget_type=\"heading.default\">\n\t\t\t\t<div class=\"elementor-widget-container\">\n\t\t\t\t\t<h2 class=\"elementor-heading-title elementor-size-default\">S\u00e4nd evenemang och konserter p\u00e5 ett enkelt s\u00e4tt<\/h2>\t\t\t\t<\/div>\n\t\t\t\t<\/div>\n\t\t\t\t<div class=\"elementor-element elementor-element-0205226 elementor-widget elementor-widget-text-editor\" data-id=\"0205226\" data-element_type=\"widget\" data-e-type=\"widget\" data-widget_type=\"text-editor.default\">\n\t\t\t\t<div class=\"elementor-widget-container\">\n\t\t\t\t\t\t\t\t\t<h4>Den perfekta partnern f\u00f6r alla evenemang<\/h4><p>V\u00e4lkommen till den ultimata l\u00f6sningen f\u00f6r konsertstreaming - mimoLive\u00ae. Oavsett om det \u00e4r en musikkonsert, en stand-up comedy show, ett f\u00f6retags tillk\u00e4nnagivande eller en produktlansering online \u00e4r mimoLive\u2122 den perfekta s\u00e4ndningspartnern f\u00f6r alla typer av evenemang p\u00e5 scenen.<\/p><h4>Enkel produktion av lives\u00e4ndningar av TV-kvalitet<\/h4><p><span style=\"font-family: -apple-system, BlinkMacSystemFont, 'Segoe UI', Roboto, 'Helvetica Neue', Arial, 'Noto Sans', sans-serif, 'Apple Color Emoji', 'Segoe UI Emoji', 'Segoe UI Symbol', 'Noto Color Emoji'; letter-spacing: 0px;\">Med en l\u00e4tt installation och ett litet team kan du enkelt producera, spela in och s\u00e4nda direkts\u00e4ndningar i TV-kvalitet var som helst i v\u00e4rlden. Dessutom kan din publik tack vare direktkodning njuta av en exceptionell tittarupplevelse fr\u00e5n var som helst i v\u00e4rlden.<\/span><\/p><h4>Professionell TV-standardkvalitet<\/h4><p>mimoLive\u2122 f\u00f6ljer TV-standarder, vilket garanterar att dina livekonsertstr\u00f6mmar blir professionella och av h\u00f6gsta kvalitet. Kolla in v\u00e5ra kundber\u00e4ttelser f\u00f6r att se hur mimoLive\u2122 har hj\u00e4lpt dem att producera fantastiska livevideor f\u00f6r sin publik.<\/p><h4>S\u00e4ndningar p\u00e5 ett enkelt s\u00e4tt - var som helst, n\u00e4r som helst<\/h4><p>Med v\u00e5r l\u00e4ttanv\u00e4nda plattform kan du skapa visuellt imponerande livekonsertstr\u00f6mmar som g\u00f6r att du kan f\u00e4ngsla och engagera dina tittare som aldrig f\u00f6rr.<\/p><p>Oavsett om du s\u00e4nder en <a href=\"https:\/\/mimolive.com\/sv\/hur-man-livestreamar-fran-avlagsna-platser\/\">t\u00e4vling med sl\u00e4dhundar fr\u00e5n Alaska<\/a> eller om du vill streama en livekonsert f\u00f6r ett nytt band, har mimoLive allt du beh\u00f6ver.<\/p><p>\u00a0<\/p><p>\u00c4r du redo att komma ig\u00e5ng med din egen live stream-produktion? Titta p\u00e5 v\u00e5r rundtur bakom kulisserna och l\u00e4s mer information om v\u00e5r produktionsprocess p\u00e5 v\u00e5r webbplats <a href=\"https:\/\/mimolive.com\/sv\/akademi\/berattelser-fran-livestream\/\">blogg<\/a>.<\/p><p><span style=\"font-family: -apple-system, BlinkMacSystemFont, 'Segoe UI', Roboto, 'Helvetica Neue', Arial, 'Noto Sans', sans-serif, 'Apple Color Emoji', 'Segoe UI Emoji', 'Segoe UI Symbol', 'Noto Color Emoji'; letter-spacing: 0px;\">\u00a0<\/span><\/p>\t\t\t\t\t\t\t\t<\/div>\n\t\t\t\t<\/div>\n\t\t\t\t<div class=\"elementor-element elementor-element-c13d401 elementor-icon-list--layout-traditional elementor-list-item-link-full_width elementor-widget elementor-widget-icon-list\" data-id=\"c13d401\" data-element_type=\"widget\" data-e-type=\"widget\" data-widget_type=\"icon-list.default\">\n\t\t\t\t<div class=\"elementor-widget-container\">\n\t\t\t\t\t\t\t<ul class=\"elementor-icon-list-items\">\n\t\t\t\t\t\t\t<li class=\"elementor-icon-list-item\">\n\t\t\t\t\t\t\t\t\t\t\t<span class=\"elementor-icon-list-icon\">\n\t\t\t\t\t\t\t<svg aria-hidden=\"true\" class=\"e-font-icon-svg e-fas-plus-circle\" viewbox=\"0 0 512 512\" xmlns=\"http:\/\/www.w3.org\/2000\/svg\"><path d=\"M256 8C119 8 8 119 8 256s111 248 248 248 248-111 248-248S393 8 256 8zm144 276c0 6.6-5.4 12-12 12h-92v92c0 6.6-5.4 12-12 12h-56c-6.6 0-12-5.4-12-12v-92h-92c-6.6 0-12-5.4-12-12v-56c0-6.6 5.4-12 12-12h92v-92c0-6.6 5.4-12 12-12h56c6.6 0 12 5.4 12 12v92h92c6.6 0 12 5.4 12 12v56z\"><\/path><\/svg>\t\t\t\t\t\t<\/span>\n\t\t\t\t\t\t\t\t\t\t<span class=\"elementor-icon-list-text\">Evenemang p\u00e5 scenen<\/span>\n\t\t\t\t\t\t\t\t\t<\/li>\n\t\t\t\t\t\t\t\t<li class=\"elementor-icon-list-item\">\n\t\t\t\t\t\t\t\t\t\t\t<span class=\"elementor-icon-list-icon\">\n\t\t\t\t\t\t\t<svg aria-hidden=\"true\" class=\"e-font-icon-svg e-fas-plus-circle\" viewbox=\"0 0 512 512\" xmlns=\"http:\/\/www.w3.org\/2000\/svg\"><path d=\"M256 8C119 8 8 119 8 256s111 248 248 248 248-111 248-248S393 8 256 8zm144 276c0 6.6-5.4 12-12 12h-92v92c0 6.6-5.4 12-12 12h-56c-6.6 0-12-5.4-12-12v-92h-92c-6.6 0-12-5.4-12-12v-56c0-6.6 5.4-12 12-12h92v-92c0-6.6 5.4-12 12-12h56c6.6 0 12 5.4 12 12v92h92c6.6 0 12 5.4 12 12v56z\"><\/path><\/svg>\t\t\t\t\t\t<\/span>\n\t\t\t\t\t\t\t\t\t\t<span class=\"elementor-icon-list-text\">Musik, konserter, stand-up comedy <\/span>\n\t\t\t\t\t\t\t\t\t<\/li>\n\t\t\t\t\t\t\t\t<li class=\"elementor-icon-list-item\">\n\t\t\t\t\t\t\t\t\t\t\t<span class=\"elementor-icon-list-icon\">\n\t\t\t\t\t\t\t<svg aria-hidden=\"true\" class=\"e-font-icon-svg e-fas-plus-circle\" viewbox=\"0 0 512 512\" xmlns=\"http:\/\/www.w3.org\/2000\/svg\"><path d=\"M256 8C119 8 8 119 8 256s111 248 248 248 248-111 248-248S393 8 256 8zm144 276c0 6.6-5.4 12-12 12h-92v92c0 6.6-5.4 12-12 12h-56c-6.6 0-12-5.4-12-12v-92h-92c-6.6 0-12-5.4-12-12v-56c0-6.6 5.4-12 12-12h92v-92c0-6.6 5.4-12 12-12h56c6.6 0 12 5.4 12 12v92h92c6.6 0 12 5.4 12 12v56z\"><\/path><\/svg>\t\t\t\t\t\t<\/span>\n\t\t\t\t\t\t\t\t\t\t<span class=\"elementor-icon-list-text\">Meddelanden fr\u00e5n f\u00f6retaget<\/span>\n\t\t\t\t\t\t\t\t\t<\/li>\n\t\t\t\t\t\t\t\t<li class=\"elementor-icon-list-item\">\n\t\t\t\t\t\t\t\t\t\t\t<span class=\"elementor-icon-list-icon\">\n\t\t\t\t\t\t\t<svg aria-hidden=\"true\" class=\"e-font-icon-svg e-fas-plus-circle\" viewbox=\"0 0 512 512\" xmlns=\"http:\/\/www.w3.org\/2000\/svg\"><path d=\"M256 8C119 8 8 119 8 256s111 248 248 248 248-111 248-248S393 8 256 8zm144 276c0 6.6-5.4 12-12 12h-92v92c0 6.6-5.4 12-12 12h-56c-6.6 0-12-5.4-12-12v-92h-92c-6.6 0-12-5.4-12-12v-56c0-6.6 5.4-12 12-12h92v-92c0-6.6 5.4-12 12-12h56c6.6 0 12 5.4 12 12v92h92c6.6 0 12 5.4 12 12v56z\"><\/path><\/svg>\t\t\t\t\t\t<\/span>\n\t\t\t\t\t\t\t\t\t\t<span class=\"elementor-icon-list-text\">Lansering av produkter p\u00e5 n\u00e4tet<\/span>\n\t\t\t\t\t\t\t\t\t<\/li>\n\t\t\t\t\t\t\t\t<li class=\"elementor-icon-list-item\">\n\t\t\t\t\t\t\t\t\t\t\t<span class=\"elementor-icon-list-icon\">\n\t\t\t\t\t\t\t<svg aria-hidden=\"true\" class=\"e-font-icon-svg e-fas-plus-circle\" viewbox=\"0 0 512 512\" xmlns=\"http:\/\/www.w3.org\/2000\/svg\"><path d=\"M256 8C119 8 8 119 8 256s111 248 248 248 248-111 248-248S393 8 256 8zm144 276c0 6.6-5.4 12-12 12h-92v92c0 6.6-5.4 12-12 12h-56c-6.6 0-12-5.4-12-12v-92h-92c-6.6 0-12-5.4-12-12v-56c0-6.6 5.4-12 12-12h92v-92c0-6.6 5.4-12 12-12h56c6.6 0 12 5.4 12 12v92h92c6.6 0 12 5.4 12 12v56z\"><\/path><\/svg>\t\t\t\t\t\t<\/span>\n\t\t\t\t\t\t\t\t\t\t<span class=\"elementor-icon-list-text\">F\u00f6lj TV-Standards<\/span>\n\t\t\t\t\t\t\t\t\t<\/li>\n\t\t\t\t\t\t<\/ul>\n\t\t\t\t\t\t<\/div>\n\t\t\t\t<\/div>\n\t\t\t\t<div class=\"elementor-element elementor-element-06bbf9f elementor-widget elementor-widget-heading\" data-id=\"06bbf9f\" data-element_type=\"widget\" data-e-type=\"widget\" data-widget_type=\"heading.default\">\n\t\t\t\t<div class=\"elementor-widget-container\">\n\t\t\t\t\t<h3 class=\"elementor-heading-title elementor-size-default\">Ber\u00e4ttelser fr\u00e5n v\u00e5ra kunder\n\n<\/h3>\t\t\t\t<\/div>\n\t\t\t\t<\/div>\n\t\t\t\t<div class=\"elementor-element elementor-element-0d9a7fe elementor-widget elementor-widget-text-editor\" data-id=\"0d9a7fe\" data-element_type=\"widget\" data-e-type=\"widget\" data-widget_type=\"text-editor.default\">\n\t\t\t\t<div class=\"elementor-widget-container\">\n\t\t\t\t\t\t\t\t\t<ul><li><a href=\"https:\/\/mimolive.com\/sv\/livestreaming-av-en-konsert-med-mimolive\/\">Hur live streamar man en konsert?<\/a><\/li><li><a href=\"https:\/\/mimolive.com\/sv\/hur-man-livestreamar-fran-avlagsna-platser\/\">S\u00e4ndning av en t\u00e4vling med sl\u00e4dhund p\u00e5 vintern fr\u00e5n Alaska, USA<\/a><\/li><\/ul>\t\t\t\t\t\t\t\t<\/div>\n\t\t\t\t<\/div>\n\t\t\t\t<\/div>\n\t\t\t\t\t<\/div>\n\t\t\t\t<\/div>\n\t\t<div class=\"elementor-element elementor-element-80bad6a e-flex e-con-boxed e-con e-parent\" data-id=\"80bad6a\" data-element_type=\"container\" data-e-type=\"container\">\n\t\t\t\t\t<div class=\"e-con-inner\">\n\t\t<div class=\"elementor-element elementor-element-d9d1a5c e-con-full e-flex e-con e-child\" data-id=\"d9d1a5c\" data-element_type=\"container\" data-e-type=\"container\">\n\t\t\t\t<div class=\"elementor-element elementor-element-b764dbd elementor-widget elementor-widget-heading\" data-id=\"b764dbd\" data-element_type=\"widget\" data-e-type=\"widget\" data-widget_type=\"heading.default\">\n\t\t\t\t<div class=\"elementor-widget-container\">\n\t\t\t\t\t<h3 class=\"elementor-heading-title elementor-size-default\">En rundtur bakom kulisserna i en live stream-produktion<\/h3>\t\t\t\t<\/div>\n\t\t\t\t<\/div>\n\t\t\t\t<div class=\"elementor-element elementor-element-dd0f7b6 elementor-widget elementor-widget-text-editor\" data-id=\"dd0f7b6\" data-element_type=\"widget\" data-e-type=\"widget\" data-widget_type=\"text-editor.default\">\n\t\t\t\t<div class=\"elementor-widget-container\">\n\t\t\t\t\t\t\t\t\t<p>Ben Hammer, fr\u00e5n konstn\u00e4rskollektivet Chips &amp; Champagner, har samarbetat med v\u00e5r\u00a0<span style=\"color: var( --e-global-color-text ); letter-spacing: 0px; background-color: var( --e-global-color-87ac5fd );\">Marknadschef Steffen Skopp,<\/span><span style=\"color: var( --e-global-color-text ); letter-spacing: 0px; background-color: var( --e-global-color-87ac5fd );\">\u00a0<\/span><span style=\"color: var( --e-global-color-text ); letter-spacing: 0px; background-color: var( --e-global-color-87ac5fd );\">skapa en live stream f\u00f6r ett tyskt musikband\u00a0<\/span><a style=\"letter-spacing: normal;\" href=\"https:\/\/klanmusik.de\/\" target=\"_blank\" rel=\"noopener\">KLAN<\/a><span style=\"background-color: var( --e-global-color-87ac5fd ); color: var( --e-global-color-text ); letter-spacing: 0px;\">. Tanken var att skapa en professionell live-konsertstr\u00f6m under en liten spelning i klubbstorlek. <\/span><span style=\"background-color: var( --e-global-color-87ac5fd ); color: var( --e-global-color-text ); letter-spacing: 0px;\">Konserten var planerad att \u00e4ga rum under K\u00f6ln <a href=\"https:\/\/c-o-pop.de\/festival\/\" target=\"_blank\" rel=\"noopener\">co\/pop-festivalen<\/a>.<\/span><\/p><p>Titta p\u00e5 v\u00e5r rundtur bakom kulisserna i en live stream-produktion och l\u00e4s mer detaljer om produktionen i din blogg.\u00a0<\/p><p>Om du \u00e4r en KLAN FAN - se hela filmen.\u00a0<a href=\"https:\/\/youtu.be\/BxHihYTyLoM?t=1010\" target=\"_blank\" rel=\"noopener\">direkts\u00e4ndning p\u00e5 KLAN:s Youtube-sida<\/a>.<\/p>\t\t\t\t\t\t\t\t<\/div>\n\t\t\t\t<\/div>\n\t\t\t\t<div class=\"elementor-element elementor-element-258e629 elementor-widget elementor-widget-image\" data-id=\"258e629\" data-element_type=\"widget\" data-e-type=\"widget\" data-widget_type=\"image.default\">\n\t\t\t\t<div class=\"elementor-widget-container\">\n\t\t\t\t\t\t\t\t\t\t\t\t\t\t\t\t<a href=\"https:\/\/mimolive.com\/sv\/livestreaming-av-en-konsert-med-mimolive\/\">\n\t\t\t\t\t\t\t<img fetchpriority=\"high\" decoding=\"async\" width=\"768\" height=\"433\" src=\"https:\/\/mimolive.com\/wp-content\/uploads\/2021\/07\/luis-morera-stage-768x433.jpg\" class=\"attachment-medium_large size-medium_large wp-image-22793\" alt=\"Kameraoperat\u00f6r Studio\" srcset=\"https:\/\/mimolive.com\/wp-content\/uploads\/2021\/07\/luis-morera-stage-768x433.jpg 768w,  https:\/\/mimolive.com\/wp-content\/uploads\/2021\/07\/luis-morera-stage-300x169.jpg 300w,  https:\/\/mimolive.com\/wp-content\/uploads\/2021\/07\/luis-morera-stage-1024x577.jpg 1024w,  https:\/\/mimolive.com\/wp-content\/uploads\/2021\/07\/luis-morera-stage-1536x866.jpg 1536w,  https:\/\/mimolive.com\/wp-content\/uploads\/2021\/07\/luis-morera-stage.jpg 1600w\" sizes=\"(max-width: 768px) 100vw, 768px\" \/>\t\t\t\t\t\t\t\t<\/a>\n\t\t\t\t\t\t\t\t\t\t\t\t\t\t\t<\/div>\n\t\t\t\t<\/div>\n\t\t\t\t<\/div>\n\t\t\t\t\t<\/div>\n\t\t\t\t<\/div>\n\t\t<div class=\"elementor-element elementor-element-b018009 e-flex e-con-boxed e-con e-parent\" data-id=\"b018009\" data-element_type=\"container\" data-e-type=\"container\">\n\t\t\t\t\t<div class=\"e-con-inner\">\n\t\t<div class=\"elementor-element elementor-element-d620408 e-con-full e-flex e-con e-child\" data-id=\"d620408\" data-element_type=\"container\" data-e-type=\"container\">\n\t\t\t\t<div class=\"elementor-element elementor-element-ab26399 elementor-widget elementor-widget-heading\" data-id=\"ab26399\" data-element_type=\"widget\" data-e-type=\"widget\" data-widget_type=\"heading.default\">\n\t\t\t\t<div class=\"elementor-widget-container\">\n\t\t\t\t\t<h3 class=\"elementor-heading-title elementor-size-default\">Exempel p\u00e5 en utrustningslista f\u00f6r en liveproduktion:<\/h3>\t\t\t\t<\/div>\n\t\t\t\t<\/div>\n\t\t\t\t<div class=\"elementor-element elementor-element-cc10cf6 elementor-widget elementor-widget-text-editor\" data-id=\"cc10cf6\" data-element_type=\"widget\" data-e-type=\"widget\" data-widget_type=\"text-editor.default\">\n\t\t\t\t<div class=\"elementor-widget-container\">\n\t\t\t\t\t\t\t\t\t<ul style=\"list-style-type: circle;\">\n \t<li>Apple iMac Pro 10 k\u00e4rnor, 3 GHz, 64 GB RAM, Radeon Pro Vega 64<\/li>\n \t<li>mimoLive\u2122, YouTube Live, Facebook Live<\/li>\n \t<li>Apple iPad som fj\u00e4rrkontroll f\u00f6r mimoLive<\/li>\n \t<li>Blackmagic Design DeckLink Duo 2 SDI-kort<\/li>\n \t<li>Sonnet Echo Express SE1 TB3 PCIe-expansionsl\u00e5da<\/li>\n \t<li>2x Apple iPhone 8+ mimoCall\u2122 \u00f6ver WiFi<\/li>\n \t<li>2x Lumens VC-A50PN NDI-kamera (PTZ-kameror p\u00e5 scenen)<\/li>\n \t<li>2x Sony PXW-X70-kamera (axelkameror framf\u00f6r scenen)<\/li>\n \t<li>TeraDek Bolt Pro500 - Tr\u00e5dl\u00f6s SDI-s\u00e4ndare<\/li>\n \t<li>Blackmagic Micro Studio Camera (huvudbild fr\u00e5n baksidan)<\/li>\n \t<li><span style=\"color: var( --e-global-color-text );\">Zoom H5 inspelare<\/span><\/li>\n \t<li>Ubiquiti Networks UniFi Switch med 8 portar<\/li>\n \t<li>FRITZ!Box 7530 ac WiFi-router<\/li>\n<\/ul>\t\t\t\t\t\t\t\t<\/div>\n\t\t\t\t<\/div>\n\t\t\t\t<\/div>\n\t\t<div class=\"elementor-element elementor-element-0e6e4ad e-con-full e-flex e-con e-child\" data-id=\"0e6e4ad\" data-element_type=\"container\" data-e-type=\"container\">\n\t\t\t\t<div class=\"elementor-element elementor-element-0dfcc99 elementor-widget elementor-widget-image\" data-id=\"0dfcc99\" data-element_type=\"widget\" data-e-type=\"widget\" data-widget_type=\"image.default\">\n\t\t\t\t<div class=\"elementor-widget-container\">\n\t\t\t\t\t\t\t\t\t\t\t\t\t\t\t<img decoding=\"async\" width=\"768\" height=\"432\" src=\"https:\/\/mimolive.com\/wp-content\/uploads\/2021\/01\/music-klan-4-768x432.jpg\" class=\"attachment-medium_large size-medium_large wp-image-14809\" alt=\"\" srcset=\"https:\/\/mimolive.com\/wp-content\/uploads\/2021\/01\/music-klan-4-768x432.jpg 768w,  https:\/\/mimolive.com\/wp-content\/uploads\/2021\/01\/music-klan-4-300x169.jpg 300w,  https:\/\/mimolive.com\/wp-content\/uploads\/2021\/01\/music-klan-4-1024x576.jpg 1024w,  https:\/\/mimolive.com\/wp-content\/uploads\/2021\/01\/music-klan-4.jpg 1200w\" sizes=\"(max-width: 768px) 100vw, 768px\">\t\t\t\t\t\t\t\t\t\t\t\t\t\t\t<\/div>\n\t\t\t\t<\/div>\n\t\t\t\t<div class=\"elementor-element elementor-element-601a18c elementor-widget elementor-widget-image\" data-id=\"601a18c\" data-element_type=\"widget\" data-e-type=\"widget\" data-widget_type=\"image.default\">\n\t\t\t\t<div class=\"elementor-widget-container\">\n\t\t\t\t\t\t\t\t\t\t\t\t\t\t\t<img decoding=\"async\" width=\"768\" height=\"432\" src=\"https:\/\/mimolive.com\/wp-content\/uploads\/2021\/01\/music-klan-768x432.jpg\" class=\"attachment-medium_large size-medium_large wp-image-14812\" alt=\"\" srcset=\"https:\/\/mimolive.com\/wp-content\/uploads\/2021\/01\/music-klan-768x432.jpg 768w,  https:\/\/mimolive.com\/wp-content\/uploads\/2021\/01\/music-klan-300x169.jpg 300w,  https:\/\/mimolive.com\/wp-content\/uploads\/2021\/01\/music-klan-1024x576.jpg 1024w,  https:\/\/mimolive.com\/wp-content\/uploads\/2021\/01\/music-klan.jpg 1200w\" sizes=\"(max-width: 768px) 100vw, 768px\">\t\t\t\t\t\t\t\t\t\t\t\t\t\t\t<\/div>\n\t\t\t\t<\/div>\n\t\t\t\t<\/div>\n\t\t\t\t\t<\/div>\n\t\t\t\t<\/div>\n\t\t<div class=\"elementor-element elementor-element-359aa99 e-flex e-con-boxed e-con e-parent\" data-id=\"359aa99\" data-element_type=\"container\" data-e-type=\"container\">\n\t\t\t\t\t<div class=\"e-con-inner\">\n\t\t<div class=\"elementor-element elementor-element-f175efd e-con-full e-flex e-con e-child\" data-id=\"f175efd\" data-element_type=\"container\" data-e-type=\"container\">\n\t\t\t\t<div class=\"elementor-element elementor-element-8c7bd76 elementor-widget elementor-widget-image\" data-id=\"8c7bd76\" data-element_type=\"widget\" data-e-type=\"widget\" data-widget_type=\"image.default\">\n\t\t\t\t<div class=\"elementor-widget-container\">\n\t\t\t\t\t\t\t\t\t\t\t\t\t\t\t<img loading=\"lazy\" decoding=\"async\" width=\"768\" height=\"432\" src=\"https:\/\/mimolive.com\/wp-content\/uploads\/2021\/01\/music-klan-3-768x432.jpg\" class=\"attachment-medium_large size-medium_large wp-image-14810\" alt=\"Streama konserter och evenemang p\u00e5 scen\" srcset=\"https:\/\/mimolive.com\/wp-content\/uploads\/2021\/01\/music-klan-3-768x432.jpg 768w,  https:\/\/mimolive.com\/wp-content\/uploads\/2021\/01\/music-klan-3-300x169.jpg 300w,  https:\/\/mimolive.com\/wp-content\/uploads\/2021\/01\/music-klan-3-1024x576.jpg 1024w,  https:\/\/mimolive.com\/wp-content\/uploads\/2021\/01\/music-klan-3.jpg 1200w\" sizes=\"(max-width: 768px) 100vw, 768px\" \/>\t\t\t\t\t\t\t\t\t\t\t\t\t\t\t<\/div>\n\t\t\t\t<\/div>\n\t\t\t\t<div class=\"elementor-element elementor-element-043f527 elementor-widget elementor-widget-image\" data-id=\"043f527\" data-element_type=\"widget\" data-e-type=\"widget\" data-widget_type=\"image.default\">\n\t\t\t\t<div class=\"elementor-widget-container\">\n\t\t\t\t\t\t\t\t\t\t\t\t\t\t\t<img loading=\"lazy\" decoding=\"async\" width=\"768\" height=\"281\" src=\"https:\/\/mimolive.com\/wp-content\/uploads\/2020\/10\/in-out.svg\" class=\"attachment-medium_large size-medium_large wp-image-256\" alt=\"\">\t\t\t\t\t\t\t\t\t\t\t\t\t\t\t<\/div>\n\t\t\t\t<\/div>\n\t\t\t\t<\/div>\n\t\t<div class=\"elementor-element elementor-element-cbcd841 e-con-full e-flex e-con e-child\" data-id=\"cbcd841\" data-element_type=\"container\" data-e-type=\"container\">\n\t\t\t\t<div class=\"elementor-element elementor-element-f35e942 elementor-widget elementor-widget-heading\" data-id=\"f35e942\" data-element_type=\"widget\" data-e-type=\"widget\" data-widget_type=\"heading.default\">\n\t\t\t\t<div class=\"elementor-widget-container\">\n\t\t\t\t\t<h3 class=\"elementor-heading-title elementor-size-default\">mimoLive - utformad f\u00f6r att str\u00f6mma konserter och evenemang p\u00e5 scenen<\/h3>\t\t\t\t<\/div>\n\t\t\t\t<\/div>\n\t\t\t\t<div class=\"elementor-element elementor-element-9433486 elementor-widget elementor-widget-text-editor\" data-id=\"9433486\" data-element_type=\"widget\" data-e-type=\"widget\" data-widget_type=\"text-editor.default\">\n\t\t\t\t<div class=\"elementor-widget-container\">\n\t\t\t\t\t\t\t\t\t<p><span style=\"color: var( --e-global-color-text ); letter-spacing: 0px; background-color: var( --e-global-color-87ac5fd );\">Vi ger videoproducenter m\u00f6jlighet att kontrollera omfattande lives\u00e4ndningar med sm\u00e5 team.<\/span><span style=\"color: var( --e-global-color-text ); letter-spacing: 0px; background-color: var( --e-global-color-87ac5fd );\">\u00a0<\/span><\/p><p>mimoLive anv\u00e4nder flera f\u00f6rinst\u00e4llningar f\u00f6r de stora streamingplattformarna f\u00f6r att f\u00f6renkla ditt arbetsliv och g\u00f6ra ditt arbetsfl\u00f6de s\u00e5 enkelt som m\u00f6jligt.<\/p>\t\t\t\t\t\t\t\t<\/div>\n\t\t\t\t<\/div>\n\t\t\t\t<\/div>\n\t\t<div class=\"elementor-element elementor-element-896d0b6 e-con-full e-flex e-con e-child\" data-id=\"896d0b6\" data-element_type=\"container\" data-e-type=\"container\">\n\t\t\t\t<div class=\"elementor-element elementor-element-bd6cd07 elementor-widget elementor-widget-heading\" data-id=\"bd6cd07\" data-element_type=\"widget\" data-e-type=\"widget\" data-widget_type=\"heading.default\">\n\t\t\t\t<div class=\"elementor-widget-container\">\n\t\t\t\t\t<h2 class=\"elementor-heading-title elementor-size-default\">Revolutionera dina konsert- och evenemangss\u00e4ndningar med mimoLive\u00ae<\/h2>\t\t\t\t<\/div>\n\t\t\t\t<\/div>\n\t\t\t\t<\/div>\n\t\t\t\t\t<\/div>\n\t\t\t\t<\/div>\n\t\t\t\t<\/div>","protected":false},"excerpt":{"rendered":"<p>Start Free Trial Broadcast events and concerts easily The Perfect Partner for Any Event Welcome to the ultimate concert streaming solution &#8211; mimoLive\u00ae. Whether it&#8217;s a music concert, stand-up comedy show, company announcement, or online product launch, mimoLive\u2122 is the perfect broadcasting partner for any kind of on-stage event. Easy Production of TV-Quality Live Shows [&hellip;]<\/p>","protected":false},"author":1,"featured_media":15611,"parent":11260,"menu_order":2,"comment_status":"closed","ping_status":"closed","template":"","meta":{"_acf_changed":false,"_angie_page":false,"_lmt_disableupdate":"","_lmt_disable":"","footnotes":""},"class_list":["post-12221","page","type-page","status-publish","has-post-thumbnail","hentry"],"acf":[],"_links":{"self":[{"href":"https:\/\/mimolive.com\/sv\/wp-json\/wp\/v2\/pages\/12221","targetHints":{"allow":["GET"]}}],"collection":[{"href":"https:\/\/mimolive.com\/sv\/wp-json\/wp\/v2\/pages"}],"about":[{"href":"https:\/\/mimolive.com\/sv\/wp-json\/wp\/v2\/types\/page"}],"author":[{"embeddable":true,"href":"https:\/\/mimolive.com\/sv\/wp-json\/wp\/v2\/users\/1"}],"replies":[{"embeddable":true,"href":"https:\/\/mimolive.com\/sv\/wp-json\/wp\/v2\/comments?post=12221"}],"version-history":[{"count":5,"href":"https:\/\/mimolive.com\/sv\/wp-json\/wp\/v2\/pages\/12221\/revisions"}],"predecessor-version":[{"id":37396,"href":"https:\/\/mimolive.com\/sv\/wp-json\/wp\/v2\/pages\/12221\/revisions\/37396"}],"up":[{"embeddable":true,"href":"https:\/\/mimolive.com\/sv\/wp-json\/wp\/v2\/pages\/11260"}],"wp:featuredmedia":[{"embeddable":true,"href":"https:\/\/mimolive.com\/sv\/wp-json\/wp\/v2\/media\/15611"}],"wp:attachment":[{"href":"https:\/\/mimolive.com\/sv\/wp-json\/wp\/v2\/media?parent=12221"}],"curies":[{"name":"wp","href":"https:\/\/api.w.org\/{rel}","templated":true}]}}