{"id":36075,"date":"2023-12-01T14:23:28","date_gmt":"2023-12-01T13:23:28","guid":{"rendered":"https:\/\/mimolive.com\/?page_id=36075"},"modified":"2023-12-06T19:05:19","modified_gmt":"2023-12-06T18:05:19","slug":"zoomdemo","status":"publish","type":"page","link":"https:\/\/mimolive.com\/sv\/zoomdemo\/","title":{"rendered":"Zoom Call Demo - drivs av mimoLive, tillg\u00e4nglig 24\/7"},"content":{"rendered":"<div data-elementor-type=\"wp-page\" data-elementor-id=\"36075\" class=\"elementor elementor-36075\" data-elementor-post-type=\"page\">\n\t\t\t\t<div class=\"elementor-element elementor-element-263f1d42 e-flex e-con-boxed e-con e-parent\" data-id=\"263f1d42\" data-element_type=\"container\" data-e-type=\"container\">\n\t\t\t\t\t<div class=\"e-con-inner\">\n\t\t\t\t<div class=\"elementor-element elementor-element-246c66b elementor-widget elementor-widget-heading\" data-id=\"246c66b\" data-element_type=\"widget\" data-e-type=\"widget\" data-widget_type=\"heading.default\">\n\t\t\t\t<div class=\"elementor-widget-container\">\n\t\t\t\t\t<h1 class=\"elementor-heading-title elementor-size-default\">Zoom Call Demo - drivs av mimoLive, tillg\u00e4nglig 24\/7<\/h1>\t\t\t\t<\/div>\n\t\t\t\t<\/div>\n\t\t\t\t<div class=\"elementor-element elementor-element-bd70566 elementor-widget elementor-widget-heading\" data-id=\"bd70566\" data-element_type=\"widget\" data-e-type=\"widget\" data-widget_type=\"heading.default\">\n\t\t\t\t<div class=\"elementor-widget-container\">\n\t\t\t\t\t<h2 class=\"elementor-heading-title elementor-size-default\">Upplev framtiden f\u00f6r direkts\u00e4nd TV<\/h2>\t\t\t\t<\/div>\n\t\t\t\t<\/div>\n\t\t\t\t\t<\/div>\n\t\t\t\t<\/div>\n\t\t<div class=\"elementor-element elementor-element-5a27097 e-flex e-con-boxed e-con e-parent\" data-id=\"5a27097\" data-element_type=\"container\" data-e-type=\"container\">\n\t\t\t\t\t<div class=\"e-con-inner\">\n\t\t<div class=\"elementor-element elementor-element-0acca28 e-flex e-con-boxed e-con e-child\" data-id=\"0acca28\" data-element_type=\"container\" data-e-type=\"container\">\n\t\t\t\t\t<div class=\"e-con-inner\">\n\t\t\t\t<div class=\"elementor-element elementor-element-139658b elementor-widget elementor-widget-text-editor\" data-id=\"139658b\" data-element_type=\"widget\" data-e-type=\"widget\" data-widget_type=\"text-editor.default\">\n\t\t\t\t<div class=\"elementor-widget-container\">\n\t\t\t\t\t\t\t\t\t<p>V\u00e4lkommen till v\u00e5r banbrytande Zoom Call Demo, ett dygnet runt-\u00f6ppet showcase som k\u00f6rs p\u00e5 en molnbaserad Mac med den kraftfulla programvaran mimoLive. Denna demonstration \u00e4r utformad f\u00f6r att visa hur mimoLive revolutionerar Zoom-samtal f\u00f6r TV-s\u00e4ndningar och erbjuder o\u00f6vertr\u00e4ffad kontroll och kreativitet f\u00f6r produktionsteam.<\/p>\n<h4><strong>Hur man g\u00e5r med i demonstrationen<\/strong><\/h4>\n<p>Deltagandet \u00e4r enkelt och personligt:<\/p>\n<ol>\n<li><strong>Fyll i formul\u00e4ret<\/strong>: Ange ditt namn, f\u00f6rnamn och e-postadress.<\/li>\n<li><strong>F\u00e5 din personliga l\u00e4nk<\/strong>: N\u00e4r du har skickat in din ans\u00f6kan f\u00e5r du ett personligt e-postmeddelande med en unik l\u00e4nk till v\u00e5r Zoom-m\u00f6tesdemo.<\/li>\n<li><strong>G\u00e5 med och uppt\u00e4ck<\/strong>: Klicka p\u00e5 l\u00e4nken, g\u00e5 med i m\u00f6tet och se demonstrationen i direkts\u00e4ndning.<\/li>\n<\/ol>\n<h4><strong>Vad du kommer att f\u00e5 uppleva<\/strong><\/h4>\n<p>Under Zoom-samtalet f\u00e5r du sj\u00e4lv se hur mimoLive f\u00f6rvandlar ett vanligt Zoom-m\u00f6te till en professionell TV-s\u00e4ndning:<\/p>\n<ul>\n<li><strong>Live-redigering<\/strong>: Se hur mimoLive redigerar Zoom-samtal i realtid och ger s\u00f6ml\u00f6sa \u00f6verg\u00e5ngar, \u00f6verlagringar med mera.<\/li>\n<li><strong>Till\u00e4mpningar f\u00f6r TV-s\u00e4ndningar<\/strong>: Uppt\u00e4ck m\u00e5ngsidigheten hos Zoom integrerat med mimoLive f\u00f6r olika s\u00e4ndningsscenarier, inklusive intervjuer och virtuella rundabordssamtal.<\/li>\n<li><strong>Kreativ frihet<\/strong>: L\u00e4r dig hur mimoLive ger produktionsteam kreativ frihet att skapa unika live-TV-upplevelser.<\/li>\n<\/ul>\t\t\t\t\t\t\t\t<\/div>\n\t\t\t\t<\/div>\n\t\t<div class=\"elementor-element elementor-element-9872ec4 e-flex e-con-boxed e-con e-child\" data-id=\"9872ec4\" data-element_type=\"container\" data-e-type=\"container\">\n\t\t\t\t\t<div class=\"e-con-inner\">\n\t\t\t\t<div class=\"elementor-element elementor-element-0c7d20b elementor-align-center elementor-widget elementor-widget-button\" data-id=\"0c7d20b\" data-element_type=\"widget\" data-e-type=\"widget\" data-widget_type=\"button.default\">\n\t\t\t\t<div class=\"elementor-widget-container\">\n\t\t\t\t\t\t\t\t\t<div class=\"elementor-button-wrapper\">\n\t\t\t\t\t<a class=\"elementor-button elementor-button-link elementor-size-sm\" href=\"#elementor-action%3Aaction%3Dpopup%3Aopen%26settings%3DeyJpZCI6IjM2MTE2IiwidG9nZ2xlIjpmYWxzZX0%3D\">\n\t\t\t\t\t\t<span class=\"elementor-button-content-wrapper\">\n\t\t\t\t\t\t\t\t\t<span class=\"elementor-button-text\">G\u00e5 med i Live Zoom\u00ae-demonstrationen nu!<\/span>\n\t\t\t\t\t<\/span>\n\t\t\t\t\t<\/a>\n\t\t\t\t<\/div>\n\t\t\t\t\t\t\t\t<\/div>\n\t\t\t\t<\/div>\n\t\t\t\t\t<\/div>\n\t\t\t\t<\/div>\n\t\t\t\t<div class=\"elementor-element elementor-element-17ab61b elementor-widget elementor-widget-text-editor\" data-id=\"17ab61b\" data-element_type=\"widget\" data-e-type=\"widget\" data-widget_type=\"text-editor.default\">\n\t\t\t\t<div class=\"elementor-widget-container\">\n\t\t\t\t\t\t\t\t\t<h3>Varf\u00f6r mimoLive?<\/h3>\n<p>mimoLive \u00e4r mer \u00e4n bara ett s\u00e4ndningsverktyg - det \u00e4r en ink\u00f6rsport till o\u00e4ndliga m\u00f6jligheter inom live-TV-produktion. Genom att kombinera tillg\u00e4ngligheten hos Zoom med de professionella funktionerna hos programvara f\u00f6r TV-s\u00e4ndningar s\u00e4tter mimoLive en ny standard i branschen.<\/p>\n<p><strong>G\u00e5 med i v\u00e5r 24\/7 Zoom Call Demo nu och ta steget in i framtiden f\u00f6r direkts\u00e4nd TV!<\/strong><\/p>\t\t\t\t\t\t\t\t<\/div>\n\t\t\t\t<\/div>\n\t\t\t\t\t<\/div>\n\t\t\t\t<\/div>\n\t\t\t\t\t<\/div>\n\t\t\t\t<\/div>\n\t\t\t\t<\/div>","protected":false},"excerpt":{"rendered":"<p>Zoom Call Demo &#8211; Powered by mimoLive, Available 24\/7 Experience the Future of Live TV Broadcasting Welcome to our cutting-edge Zoom Call Demo, a round-the-clock showcase running on a Cloud-based Mac with the powerful mimoLive software. This demonstration is designed to exhibit how mimoLive revolutionizes Zoom calls for TV broadcasting, offering unparalleled control and creativity [&hellip;]<\/p>","protected":false},"author":1,"featured_media":0,"parent":0,"menu_order":0,"comment_status":"closed","ping_status":"closed","template":"","meta":{"_acf_changed":false,"_angie_page":false,"_lmt_disableupdate":"","_lmt_disable":"","footnotes":""},"class_list":["post-36075","page","type-page","status-publish","hentry"],"acf":[],"_links":{"self":[{"href":"https:\/\/mimolive.com\/sv\/wp-json\/wp\/v2\/pages\/36075","targetHints":{"allow":["GET"]}}],"collection":[{"href":"https:\/\/mimolive.com\/sv\/wp-json\/wp\/v2\/pages"}],"about":[{"href":"https:\/\/mimolive.com\/sv\/wp-json\/wp\/v2\/types\/page"}],"author":[{"embeddable":true,"href":"https:\/\/mimolive.com\/sv\/wp-json\/wp\/v2\/users\/1"}],"replies":[{"embeddable":true,"href":"https:\/\/mimolive.com\/sv\/wp-json\/wp\/v2\/comments?post=36075"}],"version-history":[{"count":5,"href":"https:\/\/mimolive.com\/sv\/wp-json\/wp\/v2\/pages\/36075\/revisions"}],"predecessor-version":[{"id":36121,"href":"https:\/\/mimolive.com\/sv\/wp-json\/wp\/v2\/pages\/36075\/revisions\/36121"}],"wp:attachment":[{"href":"https:\/\/mimolive.com\/sv\/wp-json\/wp\/v2\/media?parent=36075"}],"curies":[{"name":"wp","href":"https:\/\/api.w.org\/{rel}","templated":true}]}}